{"id":210,"date":"2017-01-17T16:07:12","date_gmt":"2017-01-17T15:07:12","guid":{"rendered":"http:\/\/hikitec.de\/?page_id=210"},"modified":"2020-05-18T12:12:39","modified_gmt":"2020-05-18T10:12:39","slug":"datenbespielung","status":"publish","type":"page","link":"https:\/\/hikitec.de\/de\/datenbespielung\/","title":{"rendered":"Datenbespielung"},"content":{"rendered":"\n<style type=\"text\/css\" id=\"style-css-av-1duggy-4f1643736bc77dd1debbdad9c9106241\">\n#top .flex_column.av-1duggy-4f1643736bc77dd1debbdad9c9106241{\nborder-radius:0px;\n-webkit-border-radius:0px;\n-moz-border-radius:0px;\npadding:0px;\n}\n<\/style>\n<div class='flex_column av-1duggy-4f1643736bc77dd1debbdad9c9106241 av_one_full  avia-builder-el-0  el_before_av_one_full  avia-builder-el-first  first flex_column_div av-zero-column-padding '   ><section class=\"av_textblock_section \"  itemscope=\"itemscope\" itemtype=\"https:\/\/schema.org\/CreativeWork\" ><div class='avia_textblock  '   itemprop=\"text\" ><p><strong>USB- Sticks mit Daten bespielen<br \/>\n<\/strong><\/p>\n<p>USB Sticks lassen sich ohne Probleme von uns mit individuellen Daten (Katalog; Bilder; uvm.) bespielen. Ihr Stick mit individuellen Daten ist eine kosteng\u00fcnstige Alternative zu einem Werbeprospekt aus Papier. Ein USB Stick mit Datenbespielung ist zur Papierbotschaft nachhaltiger, das wenn der Kunde die Daten entfernt nutzt er Ihren USB Stick mit Ihrer Werbebotschaft weiter. Dahingegen wird Papier nach kurzer Zeit im Abfall landen. Wir bieten unseren Kunden auch an, jeden USB-Stick individuell zu bespielen und behandeln Ihre Daten streng vertraulich. Sprechen Sie das Team der HIKITEC GmbH gern an.<\/p>\n<p>Wir laden Ihre Daten auf den von uns hergestellten USB Speicherstick auf <u>oder<\/u> Sie stellen uns Ihren USB Stick zur Verf\u00fcgung und wir bespielen diesen nachtr\u00e4glich. \u00dcbermitteln Sie uns mit Ihrem Auftrag (oder auch ein paar Tage sp\u00e4ter) die Daten per Email\/FTP\/Downloadlink oder <a href=\"https:\/\/wetransfer.com\/\" target=\"_blank\" rel=\"noopener noreferrer\"><img loading=\"lazy\" decoding=\"async\" class=\"alignnone size-full wp-image-9014\" src=\"https:\/\/hikitec.de\/wp-content\/uploads\/2020\/05\/wetransfer.gif\" alt=\"\" width=\"102\" height=\"18\" \/><\/a> und wir betanken Ihren USB-Stick. Einfach, sicher und schnell.<\/p>\n<\/div><\/section><\/div>\n\n<style type=\"text\/css\" id=\"style-css-av-13m7iy-22fa7a734fd720b59842470314828c86\">\n#top .flex_column.av-13m7iy-22fa7a734fd720b59842470314828c86{\nborder-radius:0px;\n-webkit-border-radius:0px;\n-moz-border-radius:0px;\npadding:0px;\n}\n<\/style>\n<div class='flex_column av-13m7iy-22fa7a734fd720b59842470314828c86 av_one_full  avia-builder-el-2  el_after_av_one_full  el_before_av_one_full  first flex_column_div av-zero-column-padding column-top-margin'   ><section class=\"av_textblock_section \"  itemscope=\"itemscope\" itemtype=\"https:\/\/schema.org\/CreativeWork\" ><div class='avia_textblock  '   itemprop=\"text\" ><p><strong>Inhaltsverzeichnis<\/strong><\/p>\n<ul>\n<li><a href=\"#DPC\"><strong>Daten in der Produktion bespielen lassen<\/strong><\/a><\/li>\n<li><a href=\"#DIDBL\"><strong>Daten in Deutschland bespielen lassen<\/strong><\/a><\/li>\n<li><a href=\"#VDD\"><strong>Vertrauliche Daten in Deutschland bespielen lassen<\/strong><\/a><\/li>\n<li><a href=\"#DLA\"><strong>Daten l\u00f6schbar aufspielen<\/strong><\/a><\/li>\n<li><a href=\"#DUA\"><strong>Daten unl\u00f6schbar aufspielen<\/strong><\/a><\/li>\n<li><a href=\"#LWN\"><strong>Laufwerksnamen Kennzeichnung<\/strong><\/a><\/li>\n<\/ul>\n<\/div><\/section><\/div>\n\n<style type=\"text\/css\" id=\"style-css-av-13m7iy-22fa7a734fd720b59842470314828c86\">\n#top .flex_column.av-13m7iy-22fa7a734fd720b59842470314828c86{\nborder-radius:0px;\n-webkit-border-radius:0px;\n-moz-border-radius:0px;\npadding:0px;\n}\n<\/style>\n<div class='flex_column av-13m7iy-22fa7a734fd720b59842470314828c86 av_one_full  avia-builder-el-4  el_after_av_one_full  el_before_av_one_full  first flex_column_div av-zero-column-padding column-top-margin'   ><section class=\"av_textblock_section \"  itemscope=\"itemscope\" itemtype=\"https:\/\/schema.org\/CreativeWork\" ><div class='avia_textblock  '   itemprop=\"text\" ><p id=\"DPC\" class=\"pt-20\"><strong>Daten in der Produktion bespielen<\/strong><\/p>\n<p>\u00dcbermitteln Sie uns mit Ihre Daten (oder auch ein paar Tage sp\u00e4ter) die Daten per Email\/FTP\/Downloadlink oder <a class=\"alignnone\" href=\"https:\/\/wetransfer.com\/\" target=\"_blank\" rel=\"noopener noreferrer\"><img loading=\"lazy\" decoding=\"async\" class=\"alignnone size-full wp-image-9014\" src=\"https:\/\/hikitec.de\/wp-content\/uploads\/2020\/05\/wetransfer.gif\" alt=\"\" width=\"102\" height=\"18\" \/><\/a> und wir betanken Ihren USB-Stick. Einfach, sicher und schnell.<\/p>\n<p><strong>Dauer<\/strong><\/p>\n<p>Das Aufspielen der Daten verl\u00e4ngert <u>nicht<\/u> die Produktionszeit!<\/p>\n<\/div><\/section><\/div>\n\n<style type=\"text\/css\" id=\"style-css-av-13m7iy-22fa7a734fd720b59842470314828c86\">\n#top .flex_column.av-13m7iy-22fa7a734fd720b59842470314828c86{\nborder-radius:0px;\n-webkit-border-radius:0px;\n-moz-border-radius:0px;\npadding:0px;\n}\n<\/style>\n<div class='flex_column av-13m7iy-22fa7a734fd720b59842470314828c86 av_one_full  avia-builder-el-6  el_after_av_one_full  el_before_av_one_full  first flex_column_div av-zero-column-padding column-top-margin'   ><section class=\"av_textblock_section \"  itemscope=\"itemscope\" itemtype=\"https:\/\/schema.org\/CreativeWork\" ><div class='avia_textblock  '   itemprop=\"text\" ><p id=\"DIDBL\" class=\"pt-20\"><strong>Daten in Deutschland bespielen<\/strong><\/p>\n<p>Sie senden uns Ihre USB-Sticks, davon sollte <u>1 St\u00fcck<\/u> bereits mit den gew\u00fcnschten Daten bespielt sein, dem sogenannten <strong>Master USB-Stick<\/strong>. Diesen duplizieren wir auf alle anderen USB Sticks, dabei kontrollieren wir den USB-Stick nochmals auf Korrektheit und Lesbarkeit. Fehlerhafte USB-Sticks sortieren wir entsprechend aus.<\/p>\n<p><strong>Dauer<\/strong><\/p>\n<p>Die regul\u00e4re Bespielzeit betr\u00e4gt ab 3 Werktage je 5000 St\u00fcck (abh\u00e4ngig von Datengr\u00f6\u00dfe und Konfektionierung). Bitte melden Sie unbedingt rechtzeitig anstehende Bespielauftr\u00e4ge an. Expressproduktionen (taggleich) nach Absprache. Regul\u00e4re und kleiner Bespielchargen ben\u00f6tigen in der Regel einen, max. zwei Werktage.<\/p>\n<p>Sie senden uns Ihre eigenen USB-Sticks zu und wir \u00fcberspielen Ihre Daten auf Ihre Speichermedien.<br \/>\nAnschlie\u00dfend werden die Daten mit dem Original abgeglichen (verifiziert). Dabei werden defekte Medien entdeckt, aussortiert und gesondert verpackt.<\/p>\n<p>Produktionsablauf<strong><br \/>\n<\/strong><\/p>\n<p>1. Sie k\u00fcndigen Ihren Auftrag vorher an.<br \/>\n2. Sie senden uns Ihre Datentr\u00e4ger m\u00f6glichst fr\u00fchzeitig zu.<br \/>\n3. Wir packen jeden einzelnen USB-Stick aus.<br \/>\n4. Wir unterziehen 2 bis 3 USB-Sticks einem kurzen Funktionstest.<br \/>\n5. Sie senden uns Ihre Kopierdaten online oder per Post.<br \/>\n6. Wir erstellen ggf. einen Master-USB-Stick.<br \/>\n7. Sie erteilen uns die Freigabe anhand einer Pr\u00fcfdatei oder Datenmusters.<br \/>\n8. Wir kopieren und pr\u00fcfen die Sticks.<br \/>\n9. Wir konfektionieren und verpacken die Sticks.<br \/>\n10. Versand an Sie oder direkt an Ihren Kunden.<\/p>\n<\/div><\/section><\/div>\n\n<style type=\"text\/css\" id=\"style-css-av-zdim2-2cfa4d4eb3959b3e9ca4fc8611307c8d\">\n#top .flex_column.av-zdim2-2cfa4d4eb3959b3e9ca4fc8611307c8d{\nborder-radius:0px;\n-webkit-border-radius:0px;\n-moz-border-radius:0px;\npadding:0px;\n}\n<\/style>\n<div class='flex_column av-zdim2-2cfa4d4eb3959b3e9ca4fc8611307c8d av_one_full  avia-builder-el-8  el_after_av_one_full  el_before_av_one_full  first flex_column_div av-zero-column-padding column-top-margin'   ><section class=\"av_textblock_section \"  itemscope=\"itemscope\" itemtype=\"https:\/\/schema.org\/CreativeWork\" ><div class='avia_textblock  '   itemprop=\"text\" ><p><a id=\"VDD\"><\/a><strong>Vertrauliche Daten in Deutschland bespielen lassen<\/strong><\/p>\n<p>Sie haben vertrauliche und sehr wichtige Daten die auf einen USB-Stick gespielt werden m\u00fcssen? Wir bieten Ihnen gerne diesen speziellen Service an. Sie senden uns Ihre USB-Sticks, davon sollte <u>1 St\u00fcck<\/u> bereits mit den gew\u00fcnschten Daten bespielt sein, dem sogenannten <strong>Master USB-Stick<\/strong>. (nicht per Dropbox, wetransfer oder einem sonstigen \u00f6ffentlichen Dienst). Diesen duplizieren wir auf alle anderen USB Sticks, dabei kontrollieren wir den USB-Stick nochmals auf Korrektheit und Lesbarkeit. Fehlerhafte USB-Sticks sortieren wir entsprechend aus. Wir kopieren Ihre Daten weder lokal auf einen Computer noch erzeugen wir einen Master USB-Stick. Ihre Daten haben keinen Kontakt mit unserem Netzwerk und\/oder werden von uns lokal auf Computer gespeichert. Am Tag der Bespielung wird eine verantwortliche Person ernannt, die f\u00fcr die Bespielung und den Master USB-Stick zust\u00e4ndig ist. Diese Person verfolgt die Bespielung bis hin zum Versand. Damit k\u00f6nnen wir einen l\u00fcckenlose Ablauf unsererseits garantieren. Gerne unterschreiben wir auch eine Geheimhaltungsvereinbarung Ihrerseits.<\/p>\n<p><strong>Dauer<\/strong><\/p>\n<p>Die regul\u00e4re Bespielzeit betr\u00e4gt ab 3 Werktage je 5000 St\u00fcck (abh\u00e4ngig von Datengr\u00f6\u00dfe und Konfektionierung). Bitte melden Sie unbedingt rechtzeitig anstehende Bespielauftr\u00e4ge an. Expressproduktionen (taggleich) nach Absprache. Regul\u00e4re und kleiner Bespielchargen ben\u00f6tigen in der Regel einen, max. zwei Werktage.<\/p>\n<p>Sie senden uns Ihre eigenen USB-Sticks zu und wir \u00fcberspielen Ihre Daten auf Ihre Speichermedien.<br \/>\nAnschlie\u00dfend werden die Daten mit dem Original abgeglichen (verifiziert). Dabei werden defekte Medien entdeckt, aussortiert und gesondert verpackt.<\/p>\n<p><strong>Produktionsablauf<br \/>\n<\/strong><\/p>\n<p>1. Sie k\u00fcndigen Ihren Auftrag vorher an.<br \/>\n2. Sie senden uns Ihre Datentr\u00e4ger m\u00f6glichst fr\u00fchzeitig zu.<br \/>\n3. Wir packen jeden einzelnen USB-Stick aus.<br \/>\n4. Wir unterziehen 2 bis 3 USB-Sticks einem kurzen Funktionstest.<br \/>\n5. Sie senden uns Ihre Master-USB-Stick.<br \/>\n6. Wir kopieren und pr\u00fcfen die Sticks.<br \/>\n7. Wir konfektionieren und verpacken die Sticks.<br \/>\n8. Versand an Sie oder direkt an Ihren Kunden.<\/p>\n<\/div><\/section><\/div>\n\n<style type=\"text\/css\" id=\"style-css-av-qoyaq-c6ce64bab3e42d2b29105200dbaebcf9\">\n#top .flex_column.av-qoyaq-c6ce64bab3e42d2b29105200dbaebcf9{\nborder-radius:0px;\n-webkit-border-radius:0px;\n-moz-border-radius:0px;\npadding:0px;\n}\n<\/style>\n<div class='flex_column av-qoyaq-c6ce64bab3e42d2b29105200dbaebcf9 av_one_full  avia-builder-el-10  el_after_av_one_full  el_before_av_one_full  first flex_column_div av-zero-column-padding column-top-margin'   ><section class=\"av_textblock_section \"  itemscope=\"itemscope\" itemtype=\"https:\/\/schema.org\/CreativeWork\" ><div class='avia_textblock  '   itemprop=\"text\" ><p><a id=\"DLA\"><\/a><strong>Daten l\u00f6schbar aufspielen<\/strong><\/p>\n<p>Der Endnutzer erh\u00e4lt einen Stick, mit Ihren individuellen Daten, \u00fcber die der Kunde frei verf\u00fcgen\/entscheiden kann.<\/p>\n<\/div><\/section><\/div>\n\n<style type=\"text\/css\" id=\"style-css-av-nh4jm-bc85565081e976db16930af39a6652e0\">\n#top .flex_column.av-nh4jm-bc85565081e976db16930af39a6652e0{\nborder-radius:0px;\n-webkit-border-radius:0px;\n-moz-border-radius:0px;\npadding:0px;\n}\n<\/style>\n<div class='flex_column av-nh4jm-bc85565081e976db16930af39a6652e0 av_one_full  avia-builder-el-12  el_after_av_one_full  el_before_av_one_full  first flex_column_div av-zero-column-padding column-top-margin'   ><section class=\"av_textblock_section \"  itemscope=\"itemscope\" itemtype=\"https:\/\/schema.org\/CreativeWork\" ><div class='avia_textblock  '   itemprop=\"text\" ><p><a id=\"DUA\"><\/a><strong>Daten unl\u00f6schbar aufspielen<\/strong><\/p>\n<p>Es werden zwei Partitionen im USB Stick erstellt. Eine Partition wird als reines READ (lesen) Laufwerk erstellt. Dieses Laufwerk hat dieselbe Funktion wie eine CD oder DVD, die auch unter einer Formation gesch\u00fctzt ist.\u00a0 Der restliche freie Speicher wird als Write &amp; Read (schreib &amp; lesen) Laufwerk formatiert, \u00fcber diese zweite Partition kann der Nutzer frei verf\u00fcgen und seine pers\u00f6nlichen Daten speichern, l\u00f6schen und ggf. diese Partition formatieren.<\/p>\n<p>Bitte beachten Sie, dass wir ab Werk USB Sticks mit Daten bespielen und direkt partitionieren. Eine partitionierung nachtr\u00e4glich in Deutschland ist <u>nicht m\u00f6glich<\/u>.<\/p>\n<\/div><\/section><\/div>\n\n<style type=\"text\/css\" id=\"style-css-av-eb78a-94656ec42f31d4e0eb53b968cbf58313\">\n#top .flex_column.av-eb78a-94656ec42f31d4e0eb53b968cbf58313{\nborder-radius:0px;\n-webkit-border-radius:0px;\n-moz-border-radius:0px;\npadding:0px;\n}\n<\/style>\n<div class='flex_column av-eb78a-94656ec42f31d4e0eb53b968cbf58313 av_one_full  avia-builder-el-14  el_after_av_one_full  el_before_av_one_full  first flex_column_div av-zero-column-padding column-top-margin'   ><section class=\"av_textblock_section \"  itemscope=\"itemscope\" itemtype=\"https:\/\/schema.org\/CreativeWork\" ><div class='avia_textblock  '   itemprop=\"text\" ><p><a id=\"LWN\"><\/a><strong>Laufwerkskennzeichnung<\/strong><\/p>\n<p>Bei der Laufwerkskennzeichnung k\u00f6nnen Sie vorab einstellen, wie die USB Sticks auf dem PC als Name angezeigt werden soll. So wei\u00df der Kunde auch bei Nutzung mehrerer Sticks, welcher genau von Ihnen ist. Hierbei ist zu beachten, dass Ihnen nur <strong>11 Zeichen<\/strong> zur Verf\u00fcgung stehen. Die L\u00e4nge resultiert aus alter Namenskonvention zu DOS-Zeiten: 8+3=11 Zeichen. Als einziges Sonderzeichen ist ein Unterstrich \u201c_\u201d erlaubt.<\/p>\n<\/div><\/section><\/div>\n\n<style type=\"text\/css\" id=\"style-css-av-7me8y-939388d2d40753a90d0a46e0acca8803\">\n#top .flex_column.av-7me8y-939388d2d40753a90d0a46e0acca8803{\nborder-radius:0px;\n-webkit-border-radius:0px;\n-moz-border-radius:0px;\npadding:0px;\n}\n<\/style>\n<div class='flex_column av-7me8y-939388d2d40753a90d0a46e0acca8803 av_one_full  avia-builder-el-16  el_after_av_one_full  el_before_av_textblock  first flex_column_div av-zero-column-padding column-top-margin'   ><section class=\"av_textblock_section \"  itemscope=\"itemscope\" itemtype=\"https:\/\/schema.org\/CreativeWork\" ><div class='avia_textblock  '   itemprop=\"text\" ><p><strong>Empfehlung<\/strong><\/p>\n<p>Die Dateinamen \/ -benennung d\u00fcrfen keine Sonderzeichen enthalten, als Sonderzeichen bezeichnet man alle Buchstaben und Zeichen jenseits der 26 Grundbuchstaben des lateinischen Alphabets. Das bezieht sich sowohl auf Symbole (\u00a7 \/ # $ % [ } + @ \u20ac \u2026) als auch auf zus\u00e4tzliche Buchstaben (\u00f0 ? ? ? \u00fe \u2026), Ligaturen aus zwei Buchstaben (&amp; \u00df \u00e6 \u0153 \u2026) und besonders auf Buchstaben mit so genannten diakritischen Zeichen (\u00fc \u00e1 \u00f4 \u00e8 \u00f1 \u00e5 \u00e7 \u00f8 \u0161 ? ? ? ? ? \u2026). Bitte beachten Sie, dass die Daten Multisprachf\u00e4hig sein m\u00fcssen!<\/p>\n<\/div><\/section><\/div>\n<section class=\"av_textblock_section \"  itemscope=\"itemscope\" itemtype=\"https:\/\/schema.org\/CreativeWork\" ><div class='avia_textblock  '   itemprop=\"text\" ><input type=\"button\" value=\"Zur\u00fcck\" class=\"alg_back_button_input \" style=\"\" onclick=\"window.history.back()\" \/>\n<\/div><\/section>\n","protected":false},"excerpt":{"rendered":"","protected":false},"author":2,"featured_media":0,"parent":0,"menu_order":0,"comment_status":"closed","ping_status":"closed","template":"","meta":{"footnotes":""},"class_list":["post-210","page","type-page","status-publish","hentry"],"_links":{"self":[{"href":"https:\/\/hikitec.de\/de\/wp-json\/wp\/v2\/pages\/210","targetHints":{"allow":["GET"]}}],"collection":[{"href":"https:\/\/hikitec.de\/de\/wp-json\/wp\/v2\/pages"}],"about":[{"href":"https:\/\/hikitec.de\/de\/wp-json\/wp\/v2\/types\/page"}],"author":[{"embeddable":true,"href":"https:\/\/hikitec.de\/de\/wp-json\/wp\/v2\/users\/2"}],"replies":[{"embeddable":true,"href":"https:\/\/hikitec.de\/de\/wp-json\/wp\/v2\/comments?post=210"}],"version-history":[{"count":37,"href":"https:\/\/hikitec.de\/de\/wp-json\/wp\/v2\/pages\/210\/revisions"}],"predecessor-version":[{"id":669898,"href":"https:\/\/hikitec.de\/de\/wp-json\/wp\/v2\/pages\/210\/revisions\/669898"}],"wp:attachment":[{"href":"https:\/\/hikitec.de\/de\/wp-json\/wp\/v2\/media?parent=210"}],"curies":[{"name":"wp","href":"https:\/\/api.w.org\/{rel}","templated":true}]}}