{"id":21739,"date":"2021-02-04T09:47:50","date_gmt":"2021-02-04T08:47:50","guid":{"rendered":"https:\/\/hikitec.de\/?page_id=21739"},"modified":"2021-03-23T15:46:21","modified_gmt":"2021-03-23T14:46:21","slug":"shopanbindung","status":"publish","type":"page","link":"https:\/\/hikitec.de\/de\/shopanbindung\/","title":{"rendered":"Shopanbindung"},"content":{"rendered":"\n<style type=\"text\/css\" id=\"style-css-av-4tsi39n-6bcf9f9e7c8997be6d1e91cbda745bc3\">\n#top .flex_column.av-4tsi39n-6bcf9f9e7c8997be6d1e91cbda745bc3{\nborder-radius:0px;\n-webkit-border-radius:0px;\n-moz-border-radius:0px;\npadding:0px;\n}\n<\/style>\n<div class='flex_column av-4tsi39n-6bcf9f9e7c8997be6d1e91cbda745bc3 av_one_full  avia-builder-el-0  el_before_av_one_half  avia-builder-el-first  first flex_column_div av-zero-column-padding '   ><section class=\"av_textblock_section \"  itemscope=\"itemscope\" itemtype=\"https:\/\/schema.org\/CreativeWork\" ><div class='avia_textblock  '   itemprop=\"text\" ><p><strong>Implementierung unserer Produkte in Ihrem Webshop!<\/strong><\/p>\n<p>Sie betreiben einen Onlineshop und m\u00f6chten diesen mit unseren Artikeln erg\u00e4nzen? Sie sehen die h\u00e4ufig wechselnden Preise als eine Herausforderung an, die Sie personalseitig nur schwer alleine bew\u00e4ltigen k\u00f6nnten?<br \/>\n<strong>U<\/strong><strong>nsere professionellen Techniker helfen Ihnen gerne bei der Umsetzung Ihrer Ideen oder Implementierung unserer Produkte in Ihrem Webshop!<\/strong> \u2013 damit beide Seiten optimal performen und ihre Vorteile ausspielen k\u00f6nnen. W\u00e4hlen Sie aus mehreren fertigen CSV f\u00fcr den Webshop-Import oder lassen Sie sich Ihre eigene Schnittstelle von uns programmieren.<\/p>\n<\/div><\/section><\/div>\n<style type=\"text\/css\" id=\"style-css-av-4jx4ga3-18a013b116f794b3b4b6f991bed71822\">\n#top .flex_column.av-4jx4ga3-18a013b116f794b3b4b6f991bed71822{\nborder-radius:0px;\n-webkit-border-radius:0px;\n-moz-border-radius:0px;\npadding:0px;\n}\n<\/style>\n<div class='flex_column av-4jx4ga3-18a013b116f794b3b4b6f991bed71822 av_one_half  avia-builder-el-2  el_after_av_one_full  el_before_av_one_half  first flex_column_div av-zero-column-padding column-top-margin'   ><section class=\"av_textblock_section \"  itemscope=\"itemscope\" itemtype=\"https:\/\/schema.org\/CreativeWork\" ><div class='avia_textblock  '   itemprop=\"text\" ><p><img decoding=\"async\" id=\"imi\" class=\"n3VNCb\" src=\"https:\/\/www.dsconsult.de\/wp-content\/uploads\/2020\/09\/photocase_3378584.jpg\" alt=\"Bildergebnis f\u00fcr shopanbindung\" data-deferred=\"1\" data-w=\"2450\" data-h=\"1633\" data-atf=\"true\" data-iml=\"1028\" \/><\/p>\n<\/div><\/section><\/div><\/p>\n\n<style type=\"text\/css\" id=\"style-css-av-3u6d417-a6d3f434f213fd7d2b63c985a9ba8cfa\">\n#top .flex_column.av-3u6d417-a6d3f434f213fd7d2b63c985a9ba8cfa{\nborder-radius:0px;\n-webkit-border-radius:0px;\n-moz-border-radius:0px;\npadding:0px;\n}\n<\/style>\n<div class='flex_column av-3u6d417-a6d3f434f213fd7d2b63c985a9ba8cfa av_one_half  avia-builder-el-4  el_after_av_one_half  el_before_av_one_half  flex_column_div av-zero-column-padding column-top-margin'   ><section class=\"av_textblock_section \"  itemscope=\"itemscope\" itemtype=\"https:\/\/schema.org\/CreativeWork\" ><div class='avia_textblock  '   itemprop=\"text\" ><p class=\"hl-wawi\"><strong>Nutzen Sie alle Vorteile!<\/strong><\/p>\n<p>Unsere Anbindung verschafft Ihnen Zugang zu unserem gesamten Produktportfolio. Die Schnittstelle versetzt Sie in die Lage, weitere Schritte in Ihrem Arbeitsalltag zu optimieren \u2013 sei es im Verkauf, in der Angebotserstellung oder in der Shopdarstellung. Vielf\u00e4ltige Automatisierungsm\u00f6glichkeiten helfen Ihnen, wiederkehrende Aufgaben effizient zu l\u00f6sen. So schaffen Sie sich Freiraum f\u00fcr anspruchsvolle, strategische T\u00e4tigkeiten.<\/p>\n<p>Der Datenaustausch zwischen Ihrem System und unserem Produktportfolio kann komplett automatisiert werden. Wir liefern dabei die Produktdaten als CSV- oder XML-Datenfeed per FTP oder als URL.<\/p>\n<p>Damit k\u00f6nnen direkte Verbindungen zu verschiedenen Systemen wie Onlineshops, Warenwirtschaft oder Marktpl\u00e4tzen geschaffen werden, um Lieferantenanbindungen zu realisieren.<\/p>\n<p>plentymarkets<br \/>\nMagento<br \/>\nShopware<br \/>\nVeloconnect<br \/>\nPriceminister<br \/>\nRepricing Dienste zur automatisierten Preisoptimierung<br \/>\nAnbindung beliebiger Systeme \u00fcber die API-Connector Tools (z.B. f\u00fcr alle API, CSV- oder XML-Anbindungen)<\/p>\n<\/div><\/section><\/div>\n<style type=\"text\/css\" id=\"style-css-av-1azttd7-8d290d0f63a478e7fef4c53484856741\">\n#top .flex_column.av-1azttd7-8d290d0f63a478e7fef4c53484856741{\nborder-radius:0px;\n-webkit-border-radius:0px;\n-moz-border-radius:0px;\npadding:0px;\n}\n<\/style>\n<div class='flex_column av-1azttd7-8d290d0f63a478e7fef4c53484856741 av_one_half  avia-builder-el-6  el_after_av_one_half  el_before_av_one_half  first flex_column_div av-zero-column-padding column-top-margin'   ><section class=\"av_textblock_section \"  itemscope=\"itemscope\" itemtype=\"https:\/\/schema.org\/CreativeWork\" ><div class='avia_textblock  '   itemprop=\"text\" ><p class=\"display-4\"><strong>Haben wie Ihr Interesse geweckt?<\/strong><\/p>\n<p>Melden Sie sich jetzt kostenlos an. Nutzen Sie kostenfrei alle verf\u00fcgbaren Schnittstellen und Funktionen.<\/p>\n<\/div><\/section><\/div>\n<style type=\"text\/css\" id=\"style-css-av-mp81pn-c09501cdc96b2638634489734cab2388\">\n#top .flex_column.av-mp81pn-c09501cdc96b2638634489734cab2388{\nborder-radius:0px;\n-webkit-border-radius:0px;\n-moz-border-radius:0px;\npadding:0px;\n}\n<\/style>\n<div class='flex_column av-mp81pn-c09501cdc96b2638634489734cab2388 av_one_half  avia-builder-el-8  el_after_av_one_half  el_before_av_one_full  flex_column_div av-zero-column-padding column-top-margin'   ><\/div><\/p>\n\n<style type=\"text\/css\" id=\"style-css-av-2w92mtn-d0ad08941405190dd19c32dc9e2c65ec\">\n#top .flex_column.av-2w92mtn-d0ad08941405190dd19c32dc9e2c65ec{\nborder-radius:0px;\n-webkit-border-radius:0px;\n-moz-border-radius:0px;\npadding:0px;\n}\n<\/style>\n<div class='flex_column av-2w92mtn-d0ad08941405190dd19c32dc9e2c65ec av_one_full  avia-builder-el-9  el_after_av_one_half  el_before_av_one_full  first flex_column_div av-zero-column-padding column-top-margin'   ><form action=\"https:\/\/hikitec.de\/de\/shopanbindung\/\" method=\"post\"  class=\"avia_ajax_form av-form-labels-visible   avia-builder-el-10  avia-builder-el-no-sibling   \" data-avia-form-id=\"1\" data-avia-redirect='' ><fieldset><p class='  first_form  form_element form_fullwidth' id='element_avia_1_1'><label for=\"avia_1_1\">Name <abbr class=\"required\" title=\"ben\u00f6tigt\">*<\/abbr><\/label> <input name=\"avia_1_1\" class=\"text_input is_empty\" type=\"text\" id=\"avia_1_1\" value=\"\" \/><\/p><p class='  first_form  form_element form_fullwidth' id='element_avia_2_1'><label for=\"avia_2_1\">E-Mail <abbr class=\"required\" title=\"ben\u00f6tigt\">*<\/abbr><\/label> <input name=\"avia_2_1\" class=\"text_input is_email\" type=\"text\" id=\"avia_2_1\" value=\"\" \/><\/p><div id='avia_3_1' class='av-form-text'><p>\nShop Anbindung<\/p>\n<\/div><p class='  first_form  form_element form_fullwidth' id='element_avia_4_1'><label for=\"avia_4_1\" class=\"textare_label hidden textare_label_avia_4_1\">Nachricht <abbr class=\"required\" title=\"ben\u00f6tigt\">*<\/abbr><\/label><textarea  name=\"avia_4_1\" class=\"text_area is_empty\" cols=\"40\" rows=\"7\" id=\"avia_4_1\" ><\/textarea><\/p><p class=\"hidden\"><input type=\"text\" name=\"avia_5_1\" class=\"hidden \" id=\"avia_5_1\" value=\"\" \/><\/p><p class='   form_element form_fullwidth' id='element_avia_6_1'><span class='value_verifier_label'>4 + 1 = ?<\/span><input name=\"avia_6_1_verifier\" type=\"hidden\" id=\"avia_6_1_verifier\" value=\"425373182\"\/><label for=\"avia_6_1\">Bitte l\u00f6se die Gleichung. Diese Ma\u00dfnahme dient der Abwehr von Spam <abbr class=\"required\" title=\"ben\u00f6tigt\">*<\/abbr><\/label><input name=\"avia_6_1\" class=\"text_input captcha\" type=\"text\" id=\"avia_6_1\" value=\"\"\/><\/p><p class=\"form_element \"><input type=\"hidden\" value=\"1\" name=\"avia_generated_form1\" \/><input type=\"submit\" value=\"Senden\" class=\"button\"  data-sending-label=\"Sende\"\/><\/p><\/fieldset><\/form><div id=\"ajaxresponse_1\" class=\"ajaxresponse ajaxresponse_1 hidden\"><\/div><\/div>\n\n<style type=\"text\/css\" id=\"style-css-av-p411pn-f626285fd8ce9d12826db4fe914e8ba8\">\n#top .flex_column.av-p411pn-f626285fd8ce9d12826db4fe914e8ba8{\nborder-radius:0px;\n-webkit-border-radius:0px;\n-moz-border-radius:0px;\npadding:0px;\n}\n<\/style>\n<div class='flex_column av-p411pn-f626285fd8ce9d12826db4fe914e8ba8 av_one_full  avia-builder-el-11  el_after_av_one_full  avia-builder-el-last  first flex_column_div av-zero-column-padding column-top-margin'   ><section class=\"av_textblock_section \"  itemscope=\"itemscope\" itemtype=\"https:\/\/schema.org\/CreativeWork\" ><div class='avia_textblock  '   itemprop=\"text\" ><input type=\"button\" value=\"Zur\u00fcck\" class=\"alg_back_button_input \" style=\"\" onclick=\"window.history.back()\" \/>\n<\/div><\/section><\/div>\n","protected":false},"excerpt":{"rendered":"","protected":false},"author":2,"featured_media":0,"parent":0,"menu_order":0,"comment_status":"closed","ping_status":"closed","template":"","meta":{"footnotes":""},"class_list":["post-21739","page","type-page","status-publish","hentry"],"_links":{"self":[{"href":"https:\/\/hikitec.de\/de\/wp-json\/wp\/v2\/pages\/21739","targetHints":{"allow":["GET"]}}],"collection":[{"href":"https:\/\/hikitec.de\/de\/wp-json\/wp\/v2\/pages"}],"about":[{"href":"https:\/\/hikitec.de\/de\/wp-json\/wp\/v2\/types\/page"}],"author":[{"embeddable":true,"href":"https:\/\/hikitec.de\/de\/wp-json\/wp\/v2\/users\/2"}],"replies":[{"embeddable":true,"href":"https:\/\/hikitec.de\/de\/wp-json\/wp\/v2\/comments?post=21739"}],"version-history":[{"count":9,"href":"https:\/\/hikitec.de\/de\/wp-json\/wp\/v2\/pages\/21739\/revisions"}],"predecessor-version":[{"id":750273,"href":"https:\/\/hikitec.de\/de\/wp-json\/wp\/v2\/pages\/21739\/revisions\/750273"}],"wp:attachment":[{"href":"https:\/\/hikitec.de\/de\/wp-json\/wp\/v2\/media?parent=21739"}],"curies":[{"name":"wp","href":"https:\/\/api.w.org\/{rel}","templated":true}]}}