{"id":23964,"date":"2021-03-04T09:44:51","date_gmt":"2021-03-04T08:44:51","guid":{"rendered":"https:\/\/hikitec.de\/?page_id=23964"},"modified":"2021-03-23T15:35:39","modified_gmt":"2021-03-23T14:35:39","slug":"versandkosten-und-lieferzeit","status":"publish","type":"page","link":"https:\/\/hikitec.de\/de\/versandkosten-und-lieferzeit\/","title":{"rendered":"Versandkosten und Lieferzeit"},"content":{"rendered":"<p><strong>Versand innerhalb von Deutschland<\/strong><\/p>\n<p>Der Versand innerhalb Deutschlands erfolgt \u00fcber den von uns beauftragten Paketdienst.<\/p>\n<p>Die Frachtkosten berechnen wir nach Aufwand \/ St\u00fcckzahl zuz\u00fcglich der Transportversicherung.<\/p>\n<p>Wir liefern entweder direkt an Ihre Firmenanschrift oder neutral an eine von Ihnen gew\u00fcnschte Lieferadresse mit einem von Ihnen zur Verf\u00fcgung gestellten Lieferschein.<\/p>\n<p>F\u00fcr die Zustellung der Ware ben\u00f6tigen wir eine Postanschrift, unter der Sie bzw. Ihr Kunde tats\u00e4chlich anzutreffen sind und die Ware pers\u00f6nlich in Empfang nehmen k\u00f6nnen. Nur so kann die Zustellung garantiert werden. Eine Zustellung an Packstationen ist leider nicht m\u00f6glich. Die direkte Messe-Zustellung muss vorher abgestimmt werden und ist nur bedingt m\u00f6glich, dabei k\u00f6nnen zus\u00e4tzliche Kosten anfallen.<\/p>\n<p>Da eine mehrmalige Zustellung durch den Versanddienstleister weitere Kosten verursachen kann, bitten wir unsere Kunden unbedingt darum, die Empfangsbereitschaft f\u00fcr die Zustellung zu gew\u00e4hrleisten. Zu Ihrer Information erhalten Sie von uns gleichzeitig mit dem Versand der Ware eine Trackingnummer, aus der Sie den jeweiligen Lieferstatus und den voraussichtlichen Liefertermin verfolgen k\u00f6nnen.<\/p>\n<p>&nbsp;<\/p>\n<p><strong>Besonderheiten beim Versand innerhalb der EU<\/strong><\/p>\n<p>Innerhalb der EU erfolgt unser Warenversand ebenfalls durch den Lieferdienst UPS. Die Frachtkosten sind dabei abh\u00e4ngig von der UPS-Tarifzone des jeweiligen Lieferlandes und in der Regel h\u00f6her als beim Versand innerhalb von Deutschland. Hier berechnen wir die Kosten nach Aufwand \/ St\u00fcckzahl zuz\u00fcglich einer Transport-Versicherung.<\/p>\n<p>F\u00fcr die Zustellung der Ware gelten ansonsten die gleichen Voraussetzungen wie f\u00fcr den Versand innerhalb von Deutschland.<\/p>\n<p><strong>\u00a0<\/strong><\/p>\n<p><strong>Lieferung in die Schweiz und andere L\u00e4nder au\u00dferhalb der EU<\/strong><\/p>\n<p>Wir liefern auch in die Schweiz und gegebenenfalls andere Lieferl\u00e4nder au\u00dferhalb der EU. Hier gilt es einige Besonderheiten zu beachten. Die Versandkosten sind in der Regel h\u00f6her, da gesonderte Geb\u00fchren und ein h\u00f6her Aufwand bei der Versandabfertigung zu ber\u00fccksichtigen ist. F\u00fcr den Warenversand in diese L\u00e4nder ben\u00f6tigen wir eine Proforma-Rechnung von unseren Kunden. Es gilt, dass der Exporteur grunds\u00e4tzlich ab einem Warenwert von 1.000 Euro oder einem Gewicht von 1.000 Kilogramm eine Ausfuhranmeldung erstellen muss.<\/p>\n<p>&nbsp;<\/p>\n<p><strong>Lieferung als Neutraler Versand direkt an Ihre Kunden<\/strong><\/p>\n<p>Gerne \u00fcbernehmen wir f\u00fcr Sie den Versand der Ware direkt und neutral an Ihren Kunden mit Ihrem Lieferschein und in Ihrem Namen. Alles was wir daf\u00fcr von Ihnen ben\u00f6tigen, ist die Versandanschrift sowie den von Ihnen erstellten Lieferschein in Form einer pdf.Datei. Der Direktversand erspart Zeit und Kosten, da zus\u00e4tzliche Transportwege entfallen und die Ware ist schneller bei Ihrem Kunden. Ein weiterer positiver Nebeneffekt ist, dass dies den CO<sub>2<\/sub>-Aussto\u00df senkt und wir somit einen Beitrag f\u00fcr unsere Umwelt leisten. Noch ein Hinweis: Der Ware werden beim Versand keine Werbe-Prospekte beigelegt.<\/p>\n<p>&nbsp;<\/p>\n<p><strong>Expressversand<\/strong><\/p>\n<p>Sollten Sie die Ware mit einer beschleunigten Versandlaufzeit ben\u00f6tigen, k\u00f6nnen wir Ihnen auf Wunsch auch den Expressversand anbieten. Die Preise hierf\u00fcr richten sich nach dem Paketgewicht, der gew\u00fcnschten Zustellzeit und dem Zustellort. Bitte nehmen Sie dazu direkten Kontakt mit uns auf.<\/p>\n<p>&nbsp;<\/p>\n<p><strong>Lieferzeiten<\/strong><\/p>\n<p>Unsere Regellieferzeit f\u00fcr Standard-Produkte betr\u00e4gt ca. 10 Werktage nach Auftragsklarheit ab Lager Deutschland, d. h. ab Kl\u00e4rung aller f\u00fcr die Produktion notwendigen Voraussetzungen wie zum Beispiel der Druckfreigabe. Die Lieferzeit ist produktabh\u00e4ngig, bei bestimmten Produkten wie zum Beispiel Beton-USB Sticks oder Powerbanks kann es zu l\u00e4ngeren Lieferzeiten kommen. Daher bitten wir Sie, sich rechtzeitig \u00fcber die Lieferzeit bei dem von Ihnen gew\u00fcnschten Produkt zu informieren.<\/p>\n<p>Bedingt durch die andauernde Corona-Pandemie kann es derzeit zu Lieferverz\u00f6gerungen von bis zu ca. 10 Werktagen kommen.<\/p>\n<p>Bitte beachten Sie f\u00fcr den Versand, dass die damit gegebenenfalls verbundenen Zollprozesse, sowie auch Feiertage, zeitlich zus\u00e4tzlich ber\u00fccksichtigt werden m\u00fcssen. Dies gilt im Besonderen f\u00fcr Lieferungen ins Ausland.<\/p>\n<p>F\u00fcr Verz\u00f6gerungen der Laufzeit durch Verschulden des Versanddienstleisters und h\u00f6here Gewalt k\u00f6nnen wir leider keine Haftung \u00fcbernehmen.<\/p>\n<p>Wir geben unser Bestes, die Ware stets rechtzeitig zu versenden und somit eine m\u00f6glichst kurze Lieferzeit zu erm\u00f6glichen.<\/p>\n","protected":false},"excerpt":{"rendered":"<p>Versand innerhalb von Deutschland Der Versand innerhalb Deutschlands erfolgt \u00fcber den von uns beauftragten Paketdienst. Die Frachtkosten berechnen wir nach Aufwand \/ St\u00fcckzahl zuz\u00fcglich der Transportversicherung. Wir liefern entweder direkt an Ihre Firmenanschrift oder neutral an eine von Ihnen gew\u00fcnschte Lieferadresse mit einem von Ihnen zur Verf\u00fcgung gestellten Lieferschein. F\u00fcr die Zustellung der Ware ben\u00f6tigen [&hellip;]<\/p>\n","protected":false},"author":2,"featured_media":0,"parent":0,"menu_order":0,"comment_status":"closed","ping_status":"closed","template":"","meta":{"footnotes":""},"class_list":["post-23964","page","type-page","status-publish","hentry"],"_links":{"self":[{"href":"https:\/\/hikitec.de\/de\/wp-json\/wp\/v2\/pages\/23964","targetHints":{"allow":["GET"]}}],"collection":[{"href":"https:\/\/hikitec.de\/de\/wp-json\/wp\/v2\/pages"}],"about":[{"href":"https:\/\/hikitec.de\/de\/wp-json\/wp\/v2\/types\/page"}],"author":[{"embeddable":true,"href":"https:\/\/hikitec.de\/de\/wp-json\/wp\/v2\/users\/2"}],"replies":[{"embeddable":true,"href":"https:\/\/hikitec.de\/de\/wp-json\/wp\/v2\/comments?post=23964"}],"version-history":[{"count":1,"href":"https:\/\/hikitec.de\/de\/wp-json\/wp\/v2\/pages\/23964\/revisions"}],"predecessor-version":[{"id":23966,"href":"https:\/\/hikitec.de\/de\/wp-json\/wp\/v2\/pages\/23964\/revisions\/23966"}],"wp:attachment":[{"href":"https:\/\/hikitec.de\/de\/wp-json\/wp\/v2\/media?parent=23964"}],"curies":[{"name":"wp","href":"https:\/\/api.w.org\/{rel}","templated":true}]}}