{"id":23972,"date":"2021-03-04T11:09:13","date_gmt":"2021-03-04T10:09:13","guid":{"rendered":"https:\/\/hikitec.de\/?page_id=23972"},"modified":"2021-03-23T15:32:39","modified_gmt":"2021-03-23T14:32:39","slug":"usb-stick-qualitaet","status":"publish","type":"page","link":"https:\/\/hikitec.de\/de\/usb-stick-qualitaet\/","title":{"rendered":"USB-Stick Qualit\u00e4t"},"content":{"rendered":"\n<style type=\"text\/css\" id=\"style-css-av-3p2w78-24049acaa6a2e0701469b1ca0f45ebc2\">\n#top .flex_column.av-3p2w78-24049acaa6a2e0701469b1ca0f45ebc2{\nborder-radius:0px;\n-webkit-border-radius:0px;\n-moz-border-radius:0px;\npadding:0px;\n}\n<\/style>\n<div class='flex_column av-3p2w78-24049acaa6a2e0701469b1ca0f45ebc2 av_one_full  avia-builder-el-0  el_before_av_one_full  avia-builder-el-first  first flex_column_div av-zero-column-padding '   ><section class=\"av_textblock_section \"  itemscope=\"itemscope\" itemtype=\"https:\/\/schema.org\/CreativeWork\" ><div class='avia_textblock  '   itemprop=\"text\" ><p>Die HIKITEC GmbH nutzt ausschlie\u00dflich Markenqualit\u00e4t. Es werden sogenannte NAND Flash Speicher von beispielsweise Micron, Hynix, Samsung, <em><span style=\"font-family: 'Calibri',sans-serif; font-style: normal;\">Toshiba<\/span><\/em>, Sandisk oder Intel genutzt. Da USB-Sticks nicht nur aus dem NAND Flash Speicher Baustein bestehen, sondern der USB Controller eine weitere Schl\u00fcsselkomponente darstellt, um sicherzustellen, dass eine USB-basierte NAND-Flash-L\u00f6sung erfolgreich eingesetzt werden kann, nutzen wir nat\u00fcrlich auch f\u00fcr den Controller Markenqualit\u00e4t wie beispielsweise SMI, Chipsbank oder Alcor. Wenn wir Ihren Auftrag ausf\u00fchren, werden die entsprechenden Markenbausteine f\u00fcr Sie ausgew\u00e4hlt, welche zu diesem Zeitpunkt die beste Kombination f\u00fcr Ihr <span class=\"hgkelc\"><b>Preis<\/b>\u2013<b>Leistungs-Verh\u00e4ltnis<\/b><\/span> darstellen.<br \/>\nSollten Sie USB-Sticks f\u00fcr besondere Anforderungen ben\u00f6tigen, ist es zwingend notwendig, dass Sie uns diese im Voraus mit Ihrer Anfrage mitteilen. Bei speziellen Herausforderungen kann es Sinn machen, dass ein Vorabmuster zum Test bestellt wird.<\/p>\n<\/div><\/section><\/div>\n<style type=\"text\/css\" id=\"style-css-av-o7ejhg-a231903f4c15badd27b1592e27b23bc3\">\n#top .flex_column.av-o7ejhg-a231903f4c15badd27b1592e27b23bc3{\nborder-radius:0px;\n-webkit-border-radius:0px;\n-moz-border-radius:0px;\npadding:0px;\n}\n<\/style>\n<div class='flex_column av-o7ejhg-a231903f4c15badd27b1592e27b23bc3 av_one_full  avia-builder-el-2  el_after_av_one_full  avia-builder-el-last  first flex_column_div av-zero-column-padding column-top-margin'   ><section class=\"av_textblock_section \"  itemscope=\"itemscope\" itemtype=\"https:\/\/schema.org\/CreativeWork\" ><div class='avia_textblock  '   itemprop=\"text\" ><input type=\"button\" value=\"Zur\u00fcck\" class=\"alg_back_button_input \" style=\"\" onclick=\"window.history.back()\" \/>\n<\/div><\/section><\/div><\/p>\n","protected":false},"excerpt":{"rendered":"","protected":false},"author":2,"featured_media":0,"parent":0,"menu_order":0,"comment_status":"closed","ping_status":"closed","template":"","meta":{"footnotes":""},"class_list":["post-23972","page","type-page","status-publish","hentry"],"_links":{"self":[{"href":"https:\/\/hikitec.de\/de\/wp-json\/wp\/v2\/pages\/23972","targetHints":{"allow":["GET"]}}],"collection":[{"href":"https:\/\/hikitec.de\/de\/wp-json\/wp\/v2\/pages"}],"about":[{"href":"https:\/\/hikitec.de\/de\/wp-json\/wp\/v2\/types\/page"}],"author":[{"embeddable":true,"href":"https:\/\/hikitec.de\/de\/wp-json\/wp\/v2\/users\/2"}],"replies":[{"embeddable":true,"href":"https:\/\/hikitec.de\/de\/wp-json\/wp\/v2\/comments?post=23972"}],"version-history":[{"count":5,"href":"https:\/\/hikitec.de\/de\/wp-json\/wp\/v2\/pages\/23972\/revisions"}],"predecessor-version":[{"id":23991,"href":"https:\/\/hikitec.de\/de\/wp-json\/wp\/v2\/pages\/23972\/revisions\/23991"}],"wp:attachment":[{"href":"https:\/\/hikitec.de\/de\/wp-json\/wp\/v2\/media?parent=23972"}],"curies":[{"name":"wp","href":"https:\/\/api.w.org\/{rel}","templated":true}]}}