{"id":24870,"date":"2021-03-10T09:47:51","date_gmt":"2021-03-10T08:47:51","guid":{"rendered":"https:\/\/hikitec.de\/?page_id=24870"},"modified":"2021-03-23T15:47:35","modified_gmt":"2021-03-23T14:47:35","slug":"usb-stick-formatieren","status":"publish","type":"page","link":"https:\/\/hikitec.de\/de\/usb-stick-formatieren\/","title":{"rendered":"USB-Stick formatieren"},"content":{"rendered":"\n<style type=\"text\/css\" id=\"style-css-av-1ktlnfq-04948dae7bde043c5b8726394724d6ab\">\n#top .flex_column.av-1ktlnfq-04948dae7bde043c5b8726394724d6ab{\nborder-radius:0px;\n-webkit-border-radius:0px;\n-moz-border-radius:0px;\npadding:0px;\n}\n<\/style>\n<div class='flex_column av-1ktlnfq-04948dae7bde043c5b8726394724d6ab av_one_full  avia-builder-el-0  el_before_av_one_full  avia-builder-el-first  first flex_column_div av-zero-column-padding '   ><section class=\"av_textblock_section \"  itemscope=\"itemscope\" itemtype=\"https:\/\/schema.org\/CreativeWork\" ><div class='avia_textblock  '   itemprop=\"text\" ><\/div><\/section><\/div>\n\n<style type=\"text\/css\" id=\"style-css-av-1ktlnfq-04948dae7bde043c5b8726394724d6ab\">\n#top .flex_column.av-1ktlnfq-04948dae7bde043c5b8726394724d6ab{\nborder-radius:0px;\n-webkit-border-radius:0px;\n-moz-border-radius:0px;\npadding:0px;\n}\n<\/style>\n<div class='flex_column av-1ktlnfq-04948dae7bde043c5b8726394724d6ab av_one_full  avia-builder-el-2  el_after_av_one_full  el_before_av_one_full  first flex_column_div av-zero-column-padding column-top-margin'   ><section class=\"av_textblock_section \"  itemscope=\"itemscope\" itemtype=\"https:\/\/schema.org\/CreativeWork\" ><div class='avia_textblock  '   itemprop=\"text\" ><p><strong>Was ist exFat?<\/strong><\/p>\n<p>exFAT wurde in erster Linie dazu entwickelt FAT32 auf Flashdatentr\u00e4gern abzul\u00f6sen, um die Limitierungen von FAT \/ FAT32 in Bezug auf die Einzeldateigr\u00f6\u00dfe (max. ca. 4GB je Datei) und die maximale Partitionsgr\u00f6\u00dfe aufzuheben und dabei m\u00f6glichst die Kompatibilit\u00e4t zu vielen verschiedenen Host-Ger\u00e4ten beizubehalten.<\/p>\n<p>Vorteile von exFat:<img loading=\"lazy\" decoding=\"async\" class=\"size-medium wp-image-24892 alignright\" src=\"https:\/\/hikitec.de\/wp-content\/uploads\/2021\/03\/exfat-226x300.jpg\" alt=\"\" width=\"226\" height=\"300\" srcset=\"https:\/\/hikitec.de\/wp-content\/uploads\/2021\/03\/exfat-226x300.jpg 226w, https:\/\/hikitec.de\/wp-content\/uploads\/2021\/03\/exfat.jpg 363w\" sizes=\"auto, (max-width: 226px) 100vw, 226px\" \/><\/p>\n<p><img loading=\"lazy\" decoding=\"async\" class=\"transparent\" src=\"https:\/\/hikitec.de\/wp-content\/uploads\/2016\/12\/zzz_HIKITEC_Favicon_32.png\" alt=\"https:\/\/hikitec.de\/wp-content\/uploads\/2016\/12\/zzz_HIKITEC_Favicon_32.png\" width=\"11\" height=\"12\" \/> Nahezu alle Betriebssysteme k\u00f6nnen darauf zugreifen<br \/>\n<img loading=\"lazy\" decoding=\"async\" class=\"transparent\" src=\"https:\/\/hikitec.de\/wp-content\/uploads\/2016\/12\/zzz_HIKITEC_Favicon_32.png\" alt=\"https:\/\/hikitec.de\/wp-content\/uploads\/2016\/12\/zzz_HIKITEC_Favicon_32.png\" width=\"11\" height=\"12\" \/> keine Limitierungen von Dateingr\u00f6\u00dfen<\/p>\n<p>Nachteile von exFat:<\/p>\n<p><img loading=\"lazy\" decoding=\"async\" class=\"transparent\" src=\"https:\/\/hikitec.de\/wp-content\/uploads\/2016\/12\/zzz_HIKITEC_Favicon_32.png\" alt=\"https:\/\/hikitec.de\/wp-content\/uploads\/2016\/12\/zzz_HIKITEC_Favicon_32.png\" width=\"11\" height=\"12\" \/> etwas langsamer als NTFS<\/p>\n<div><\/div>\n<\/div><\/section><\/div>\n\n<style type=\"text\/css\" id=\"style-css-av-1ktlnfq-04948dae7bde043c5b8726394724d6ab\">\n#top .flex_column.av-1ktlnfq-04948dae7bde043c5b8726394724d6ab{\nborder-radius:0px;\n-webkit-border-radius:0px;\n-moz-border-radius:0px;\npadding:0px;\n}\n<\/style>\n<div class='flex_column av-1ktlnfq-04948dae7bde043c5b8726394724d6ab av_one_full  avia-builder-el-4  el_after_av_one_full  el_before_av_one_full  first flex_column_div av-zero-column-padding column-top-margin'   ><section class=\"av_textblock_section \"  itemscope=\"itemscope\" itemtype=\"https:\/\/schema.org\/CreativeWork\" ><div class='avia_textblock  '   itemprop=\"text\" ><p><strong>Was ist NTFS?<\/strong><\/p>\n<p>Im Vergleich zum Dateisystem FAT bietet NTFS unter anderem einen gezielten Zugriffsschutz auf Dateiebene sowie gr\u00f6\u00dfere Datensicherheit durch Journaling. Allerdings ist keine so breite Kompatibilit\u00e4t gegeben wie bei FAT. Ein weiterer Vorteil von NTFS ist, dass die Dateigr\u00f6\u00dfe nicht wie bei FAT16\/32 auf ca. 4 GB beschr\u00e4nkt ist.<\/p>\n<p>Vorteile von NTFS:<strong><img loading=\"lazy\" decoding=\"async\" class=\"size-medium wp-image-24881 alignright\" src=\"https:\/\/hikitec.de\/wp-content\/uploads\/2021\/03\/NTFS-222x300.jpg\" alt=\"\" width=\"222\" height=\"300\" srcset=\"https:\/\/hikitec.de\/wp-content\/uploads\/2021\/03\/NTFS-222x300.jpg 222w, https:\/\/hikitec.de\/wp-content\/uploads\/2021\/03\/NTFS.jpg 365w\" sizes=\"auto, (max-width: 222px) 100vw, 222px\" \/><\/strong><\/p>\n<p><img loading=\"lazy\" decoding=\"async\" class=\"transparent\" src=\"https:\/\/hikitec.de\/wp-content\/uploads\/2016\/12\/zzz_HIKITEC_Favicon_32.png\" alt=\"https:\/\/hikitec.de\/wp-content\/uploads\/2016\/12\/zzz_HIKITEC_Favicon_32.png\" width=\"11\" height=\"12\" \/> neue Betriebssysteme k\u00f6nnen darauf installiert werden<br \/>\n<img loading=\"lazy\" decoding=\"async\" class=\"transparent\" src=\"https:\/\/hikitec.de\/wp-content\/uploads\/2016\/12\/zzz_HIKITEC_Favicon_32.png\" alt=\"https:\/\/hikitec.de\/wp-content\/uploads\/2016\/12\/zzz_HIKITEC_Favicon_32.png\" width=\"11\" height=\"12\" \/> h\u00f6here Datenraten<br \/>\n<img loading=\"lazy\" decoding=\"async\" class=\"transparent\" src=\"https:\/\/hikitec.de\/wp-content\/uploads\/2016\/12\/zzz_HIKITEC_Favicon_32.png\" alt=\"https:\/\/hikitec.de\/wp-content\/uploads\/2016\/12\/zzz_HIKITEC_Favicon_32.png\" width=\"11\" height=\"12\" \/> Dateigr\u00f6\u00dfen bis 16 TB m\u00f6glich<br \/>\n<img loading=\"lazy\" decoding=\"async\" class=\"transparent\" src=\"https:\/\/hikitec.de\/wp-content\/uploads\/2016\/12\/zzz_HIKITEC_Favicon_32.png\" alt=\"https:\/\/hikitec.de\/wp-content\/uploads\/2016\/12\/zzz_HIKITEC_Favicon_32.png\" width=\"11\" height=\"12\" \/> Partitionsgr\u00f6\u00dfen bis 256 TB<br \/>\n<img loading=\"lazy\" decoding=\"async\" class=\"transparent\" src=\"https:\/\/hikitec.de\/wp-content\/uploads\/2016\/12\/zzz_HIKITEC_Favicon_32.png\" alt=\"https:\/\/hikitec.de\/wp-content\/uploads\/2016\/12\/zzz_HIKITEC_Favicon_32.png\" width=\"11\" height=\"12\" \/> schreibt Dateien \u201eintelligent\u201c, um Fragmentierung zu vermeiden<br \/>\n<img loading=\"lazy\" decoding=\"async\" class=\"transparent\" src=\"https:\/\/hikitec.de\/wp-content\/uploads\/2016\/12\/zzz_HIKITEC_Favicon_32.png\" alt=\"https:\/\/hikitec.de\/wp-content\/uploads\/2016\/12\/zzz_HIKITEC_Favicon_32.png\" width=\"11\" height=\"12\" \/> loggt bei Abst\u00fcrzen Datei\u00e4nderungen mit um Datenverluste zu vermeiden<br \/>\n<img loading=\"lazy\" decoding=\"async\" class=\"transparent\" src=\"https:\/\/hikitec.de\/wp-content\/uploads\/2016\/12\/zzz_HIKITEC_Favicon_32.png\" alt=\"https:\/\/hikitec.de\/wp-content\/uploads\/2016\/12\/zzz_HIKITEC_Favicon_32.png\" width=\"11\" height=\"12\" \/> Dateien lassen sich verschl\u00fcsseln<br \/>\n<img loading=\"lazy\" decoding=\"async\" class=\"transparent\" src=\"https:\/\/hikitec.de\/wp-content\/uploads\/2016\/12\/zzz_HIKITEC_Favicon_32.png\" alt=\"https:\/\/hikitec.de\/wp-content\/uploads\/2016\/12\/zzz_HIKITEC_Favicon_32.png\" width=\"11\" height=\"12\" \/> Komprimieren von Dateien und Datentr\u00e4gern m\u00f6glich<br \/>\n<img loading=\"lazy\" decoding=\"async\" class=\"transparent\" src=\"https:\/\/hikitec.de\/wp-content\/uploads\/2016\/12\/zzz_HIKITEC_Favicon_32.png\" alt=\"https:\/\/hikitec.de\/wp-content\/uploads\/2016\/12\/zzz_HIKITEC_Favicon_32.png\" width=\"11\" height=\"12\" \/> schnellere Defragmentierung<br \/>\n<img loading=\"lazy\" decoding=\"async\" class=\"transparent\" src=\"https:\/\/hikitec.de\/wp-content\/uploads\/2016\/12\/zzz_HIKITEC_Favicon_32.png\" alt=\"https:\/\/hikitec.de\/wp-content\/uploads\/2016\/12\/zzz_HIKITEC_Favicon_32.png\" width=\"11\" height=\"12\" \/> Dateizugriffe lassen sich \u00fcberwachen<br \/>\n<img loading=\"lazy\" decoding=\"async\" class=\"transparent\" src=\"https:\/\/hikitec.de\/wp-content\/uploads\/2016\/12\/zzz_HIKITEC_Favicon_32.png\" alt=\"https:\/\/hikitec.de\/wp-content\/uploads\/2016\/12\/zzz_HIKITEC_Favicon_32.png\" width=\"11\" height=\"12\" \/> Benutzern k\u00f6nnen Speicherkontingente zugewiesen werden<\/p>\n<p>Nachteile von NTFS:<\/p>\n<p><img loading=\"lazy\" decoding=\"async\" class=\"transparent\" src=\"https:\/\/hikitec.de\/wp-content\/uploads\/2016\/12\/zzz_HIKITEC_Favicon_32.png\" alt=\"https:\/\/hikitec.de\/wp-content\/uploads\/2016\/12\/zzz_HIKITEC_Favicon_32.png\" width=\"11\" height=\"12\" \/> vollst\u00e4ndige Unterst\u00fctzung nur unter Windows-Betriebssystemen<br \/>\n<img loading=\"lazy\" decoding=\"async\" class=\"transparent\" src=\"https:\/\/hikitec.de\/wp-content\/uploads\/2016\/12\/zzz_HIKITEC_Favicon_32.png\" alt=\"https:\/\/hikitec.de\/wp-content\/uploads\/2016\/12\/zzz_HIKITEC_Favicon_32.png\" width=\"11\" height=\"12\" \/> von vielen Ger\u00e4ten nicht lesbar<\/p>\n<\/div><\/section><\/div>\n\n<style type=\"text\/css\" id=\"style-css-av-ediejra-939f81adbc998a6793d30a432c5f62c2\">\n#top .flex_column.av-ediejra-939f81adbc998a6793d30a432c5f62c2{\nborder-radius:0px;\n-webkit-border-radius:0px;\n-moz-border-radius:0px;\npadding:0px;\n}\n<\/style>\n<div class='flex_column av-ediejra-939f81adbc998a6793d30a432c5f62c2 av_one_full  avia-builder-el-6  el_after_av_one_full  el_before_av_one_full  first flex_column_div av-zero-column-padding column-top-margin'   ><p><section class=\"av_textblock_section \"  itemscope=\"itemscope\" itemtype=\"https:\/\/schema.org\/CreativeWork\" ><div class='avia_textblock  '   itemprop=\"text\" ><p><strong>Was sind die wichtigsten Dateisysteme unter Windows?<\/strong><\/p>\n<\/div><\/section><br \/>\n<div  class='avia-table av-1eju2ue-2b5fe5b31460b7aa97f1cf1e99b10fdc main_color avia-pricing-table-container avia_pricing_default  avia-builder-el-8  el_after_av_textblock  avia-builder-el-last  avia-table-1 '  itemscope=\"itemscope\" itemtype=\"https:\/\/schema.org\/Table\" ><div class=\"pricing-table-wrap\"><ul class='pricing-table '><li class=''><div class='first-table-item'>Dateisystem<\/div><span class='pricing-extra'><\/span><\/li><li class=''>FAT32<\/li><li class=''>exFAT<\/li><li class=''>NTFS 1.0, 1.1, 2<\/li><li class=''>NTFS 3.0, 3.1, TxF<\/li><\/ul><\/div><div class=\"pricing-table-wrap\"><ul class='pricing-table '><li class=''><div class='first-table-item'>max. Partition<\/div><span class='pricing-extra'><\/span><\/li><li class=''>8 TB<\/li><li class=''>&gt;8 TB<\/li><li class=''>&gt;8 TB<\/li><li class=''>&gt;8 TB<\/li><\/ul><\/div><div class=\"pricing-table-wrap\"><ul class='pricing-table '><li class=''><div class='first-table-item'>Verwendung<\/div><span class='pricing-extra'><\/span><\/li><li class=''>Windows 95b, Windows 98, Windows ME<\/li><li class=''>Windows CE, Flash-Speichermedien<\/li><li class=''>Windows NT 3.1 bis Windows NT 4.0<\/li><li class=''>Windows 2000, Windowx XP, Windows Vista, Windows 7<\/li><\/ul><\/div><\/div><\/p><\/div>\n\n<style type=\"text\/css\" id=\"style-css-av-jjkgqu-9ad277fd797eabb3d092612aad3559f3\">\n#top .flex_column.av-jjkgqu-9ad277fd797eabb3d092612aad3559f3{\nborder-radius:0px;\n-webkit-border-radius:0px;\n-moz-border-radius:0px;\npadding:0px;\n}\n<\/style>\n<div class='flex_column av-jjkgqu-9ad277fd797eabb3d092612aad3559f3 av_one_full  avia-builder-el-9  el_after_av_one_full  el_before_av_one_full  first flex_column_div av-zero-column-padding column-top-margin'   ><section class=\"av_textblock_section \"  itemscope=\"itemscope\" itemtype=\"https:\/\/schema.org\/CreativeWork\" ><div class='avia_textblock  '   itemprop=\"text\" ><p><strong>Wie formatiere ich einen USB-Stick unter Windows:<\/strong><\/p>\n<p><img loading=\"lazy\" decoding=\"async\" class=\"transparent\" src=\"https:\/\/hikitec.de\/wp-content\/uploads\/2016\/12\/zzz_HIKITEC_Favicon_32.png\" alt=\"https:\/\/hikitec.de\/wp-content\/uploads\/2016\/12\/zzz_HIKITEC_Favicon_32.png\" width=\"11\" height=\"12\" \/> Schlie\u00dfen Sie den USB-Stick an Ihren PC\/Laptop an, indem Sie ihn in einen freien USB-Anschluss stecken.<strong><img loading=\"lazy\" decoding=\"async\" class=\"size-medium wp-image-24884 alignright\" src=\"https:\/\/hikitec.de\/wp-content\/uploads\/2021\/03\/Wie-formatieren-ueber-explorer-167x300.jpg\" alt=\"\" width=\"167\" height=\"300\" srcset=\"https:\/\/hikitec.de\/wp-content\/uploads\/2021\/03\/Wie-formatieren-ueber-explorer-167x300.jpg 167w, https:\/\/hikitec.de\/wp-content\/uploads\/2021\/03\/Wie-formatieren-ueber-explorer.jpg 254w\" sizes=\"auto, (max-width: 167px) 100vw, 167px\" \/><\/strong><br \/>\n<img loading=\"lazy\" decoding=\"async\" class=\"transparent\" src=\"https:\/\/hikitec.de\/wp-content\/uploads\/2016\/12\/zzz_HIKITEC_Favicon_32.png\" alt=\"https:\/\/hikitec.de\/wp-content\/uploads\/2016\/12\/zzz_HIKITEC_Favicon_32.png\" width=\"11\" height=\"12\" \/> Klicken Sie unten links auf das Windows-Start-Symbol und anschlie\u00dfend auf &#8222;Computer&#8220;. Hier sehen Sie den verbundenen Wechseldatentr\u00e4ger.<br \/>\n<img loading=\"lazy\" decoding=\"async\" class=\"transparent\" src=\"https:\/\/hikitec.de\/wp-content\/uploads\/2016\/12\/zzz_HIKITEC_Favicon_32.png\" alt=\"https:\/\/hikitec.de\/wp-content\/uploads\/2016\/12\/zzz_HIKITEC_Favicon_32.png\" width=\"11\" height=\"12\" \/> Klicken Sie mit der rechten Maustaste auf den USB-Stick und w\u00e4hlen Sie per linkem Mausklick &#8222;Formatieren &#8230;&#8220; aus. Ein neues Fenster \u00f6ffnet sich.<br \/>\n<img loading=\"lazy\" decoding=\"async\" class=\"transparent\" src=\"https:\/\/hikitec.de\/wp-content\/uploads\/2016\/12\/zzz_HIKITEC_Favicon_32.png\" alt=\"https:\/\/hikitec.de\/wp-content\/uploads\/2016\/12\/zzz_HIKITEC_Favicon_32.png\" width=\"11\" height=\"12\" \/> Hier k\u00f6nnen Sie das gew\u00fcnschte Dateisystem ausw\u00e4hlen. M\u00f6chten Sie Ihren USB-Stick auch in Verbindung mit anderen Betriebssystemen nutzen, empfehlen wir Ihnen die Standardeinstellung &#8222;NTFS&#8220;.<br \/>\n<img loading=\"lazy\" decoding=\"async\" class=\"transparent\" src=\"https:\/\/hikitec.de\/wp-content\/uploads\/2016\/12\/zzz_HIKITEC_Favicon_32.png\" alt=\"https:\/\/hikitec.de\/wp-content\/uploads\/2016\/12\/zzz_HIKITEC_Favicon_32.png\" width=\"11\" height=\"12\" \/> M\u00f6chten Sie Ihren Stick ohnehin nur mit Windows-Systemen koppeln, k\u00f6nnen Sie die Einstellung &#8222;FAT32&#8220; ausw\u00e4hlen. Dieses Dateisystem ist jedoch lediglich an USB-Sticks mit bis zu 32 GByte anwendbar.<br \/>\n<img loading=\"lazy\" decoding=\"async\" class=\"transparent\" src=\"https:\/\/hikitec.de\/wp-content\/uploads\/2016\/12\/zzz_HIKITEC_Favicon_32.png\" alt=\"https:\/\/hikitec.de\/wp-content\/uploads\/2016\/12\/zzz_HIKITEC_Favicon_32.png\" width=\"11\" height=\"12\" \/> Um einen Datentr\u00e4ger \u00fcber 32 GByte mit FAT32 zu formatieren, ben\u00f6tigen Sie ein zus\u00e4tzliches Programm, wie zum Beispiel FAT32Formatter.<br \/>\n<img loading=\"lazy\" decoding=\"async\" class=\"transparent\" src=\"https:\/\/hikitec.de\/wp-content\/uploads\/2016\/12\/zzz_HIKITEC_Favicon_32.png\" alt=\"https:\/\/hikitec.de\/wp-content\/uploads\/2016\/12\/zzz_HIKITEC_Favicon_32.png\" width=\"11\" height=\"12\" \/> Die &#8222;Speicherkapazit\u00e4t&#8220; und die &#8222;Gr\u00f6\u00dfe der Zuordnungseinheiten&#8220; k\u00f6nnen Sie unver\u00e4ndert lassen.<br \/>\n<img loading=\"lazy\" decoding=\"async\" class=\"transparent\" src=\"https:\/\/hikitec.de\/wp-content\/uploads\/2016\/12\/zzz_HIKITEC_Favicon_32.png\" alt=\"https:\/\/hikitec.de\/wp-content\/uploads\/2016\/12\/zzz_HIKITEC_Favicon_32.png\" width=\"11\" height=\"12\" \/> Hinter &#8222;Volumebezeichnung&#8220; k\u00f6nnen Sie einen Namen f\u00fcr den USB-Stick festlegen. Diesen k\u00f6nnen Sie auch nach der Formatierung noch jederzeit \u00e4ndern.<br \/>\n<img loading=\"lazy\" decoding=\"async\" class=\"transparent\" src=\"https:\/\/hikitec.de\/wp-content\/uploads\/2016\/12\/zzz_HIKITEC_Favicon_32.png\" alt=\"https:\/\/hikitec.de\/wp-content\/uploads\/2016\/12\/zzz_HIKITEC_Favicon_32.png\" width=\"11\" height=\"12\" \/> In der Regel k\u00f6nnen Sie den Haken vor &#8222;Schnellformatierung&#8220; gesetzt lassen beziehungsweise setzen, da diese Art der Formatierung in den meisten F\u00e4llen v\u00f6llig gen\u00fcgt. Wollen Sie bei der Datenl\u00f6schung jedoch auf Nummer sicher gehen, k\u00f6nnen Sie den Haken entfernen.<br \/>\n<img loading=\"lazy\" decoding=\"async\" class=\"transparent\" src=\"https:\/\/hikitec.de\/wp-content\/uploads\/2016\/12\/zzz_HIKITEC_Favicon_32.png\" alt=\"https:\/\/hikitec.de\/wp-content\/uploads\/2016\/12\/zzz_HIKITEC_Favicon_32.png\" width=\"11\" height=\"12\" \/> Klicken Sie auf &#8222;Starten&#8220; und best\u00e4tigen Sie die Sicherheitsabfrage. Anschlie\u00dfend wird Ihr USB-Stick formatiert.<\/p>\n<\/div><\/section><\/div>\n\n<style type=\"text\/css\" id=\"style-css-av-jjkgqu-9ad277fd797eabb3d092612aad3559f3\">\n#top .flex_column.av-jjkgqu-9ad277fd797eabb3d092612aad3559f3{\nborder-radius:0px;\n-webkit-border-radius:0px;\n-moz-border-radius:0px;\npadding:0px;\n}\n<\/style>\n<div class='flex_column av-jjkgqu-9ad277fd797eabb3d092612aad3559f3 av_one_full  avia-builder-el-11  el_after_av_one_full  el_before_av_one_full  first flex_column_div av-zero-column-padding column-top-margin'   ><section class=\"av_textblock_section \"  itemscope=\"itemscope\" itemtype=\"https:\/\/schema.org\/CreativeWork\" ><div class='avia_textblock  '   itemprop=\"text\" ><p><strong>Wie formatiere ich einen USB-Stick unter CDM*:<\/strong><\/p>\n<p><img loading=\"lazy\" decoding=\"async\" class=\"transparent\" src=\"https:\/\/hikitec.de\/wp-content\/uploads\/2016\/12\/zzz_HIKITEC_Favicon_32.png\" alt=\"https:\/\/hikitec.de\/wp-content\/uploads\/2016\/12\/zzz_HIKITEC_Favicon_32.png\" width=\"11\" height=\"12\" \/> Schlie\u00dfen Sie den USB-Stick an Ihren PC an, indem Sie ihn in einen freien USB-Anschluss stecken.<img loading=\"lazy\" decoding=\"async\" class=\"size-medium wp-image-24888 alignright\" src=\"https:\/\/hikitec.de\/wp-content\/uploads\/2021\/03\/Formatierung-unter-CDM-300x156.jpg\" alt=\"\" width=\"300\" height=\"156\" srcset=\"https:\/\/hikitec.de\/wp-content\/uploads\/2021\/03\/Formatierung-unter-CDM-300x156.jpg 300w, https:\/\/hikitec.de\/wp-content\/uploads\/2021\/03\/Formatierung-unter-CDM-768x400.jpg 768w, https:\/\/hikitec.de\/wp-content\/uploads\/2021\/03\/Formatierung-unter-CDM-705x368.jpg 705w, https:\/\/hikitec.de\/wp-content\/uploads\/2021\/03\/Formatierung-unter-CDM-450x235.jpg 450w, https:\/\/hikitec.de\/wp-content\/uploads\/2021\/03\/Formatierung-unter-CDM.jpg 980w\" sizes=\"auto, (max-width: 300px) 100vw, 300px\" \/><br \/>\n<img loading=\"lazy\" decoding=\"async\" class=\"transparent\" src=\"https:\/\/hikitec.de\/wp-content\/uploads\/2016\/12\/zzz_HIKITEC_Favicon_32.png\" alt=\"https:\/\/hikitec.de\/wp-content\/uploads\/2016\/12\/zzz_HIKITEC_Favicon_32.png\" width=\"11\" height=\"12\" \/> Dr\u00fccken Sie die WINDOWS-Taste + R<br \/>\n<img loading=\"lazy\" decoding=\"async\" class=\"transparent\" src=\"https:\/\/hikitec.de\/wp-content\/uploads\/2016\/12\/zzz_HIKITEC_Favicon_32.png\" alt=\"https:\/\/hikitec.de\/wp-content\/uploads\/2016\/12\/zzz_HIKITEC_Favicon_32.png\" width=\"11\" height=\"12\" \/> Tippen Sie \u201eCMD\u201c und dr\u00fccken Sie Enter. Ein neues schwarzes Fenster (Konsole) \u00f6ffnet sich.<br \/>\n<img loading=\"lazy\" decoding=\"async\" class=\"transparent\" src=\"https:\/\/hikitec.de\/wp-content\/uploads\/2016\/12\/zzz_HIKITEC_Favicon_32.png\" alt=\"https:\/\/hikitec.de\/wp-content\/uploads\/2016\/12\/zzz_HIKITEC_Favicon_32.png\" width=\"11\" height=\"12\" \/> Hier m\u00fcssen Sie \u201eformat\u201c, dann den Laufwerksbuchstaben eingeben hier im Beispiel \u201eE:\u201c dann \u201e\/FS\u201c f\u00fcr Formatierung und dann das Format hier im Beispiel \u201eFAT32\u201c. Best\u00e4tigen Sie Ihre Eingabe mit Enter. \u201eformat E: \/FS:FAT32\u201c ) Hier erhalten Sie weitere Informationen: https:\/\/ss64.com\/nt\/format.html<br \/>\n<img loading=\"lazy\" decoding=\"async\" class=\"transparent\" src=\"https:\/\/hikitec.de\/wp-content\/uploads\/2016\/12\/zzz_HIKITEC_Favicon_32.png\" alt=\"https:\/\/hikitec.de\/wp-content\/uploads\/2016\/12\/zzz_HIKITEC_Favicon_32.png\" width=\"11\" height=\"12\" \/> Sie erhalten nun noch einmal eine \u00dcbersicht des USB-Sticks hier im Beispiel \u201d Der TYP des Dateisystems\u201d, die Speichergr\u00f6\u00dfe und welche Formatierung ausgew\u00e4hlt wurde. Wenn alles korrekt ist best\u00e4tigen Sie dieses mit J + Enter dr\u00fccken.<br \/>\n<img loading=\"lazy\" decoding=\"async\" class=\"transparent\" src=\"https:\/\/hikitec.de\/wp-content\/uploads\/2016\/12\/zzz_HIKITEC_Favicon_32.png\" alt=\"https:\/\/hikitec.de\/wp-content\/uploads\/2016\/12\/zzz_HIKITEC_Favicon_32.png\" width=\"11\" height=\"12\" \/> Dann k\u00f6nnen Sie dem USB-Stick noch eine Laufwerksbezeichnung (11 Zeichen) eingeben und mit Enter best\u00e4tigen.<br \/>\n<img loading=\"lazy\" decoding=\"async\" class=\"transparent\" src=\"https:\/\/hikitec.de\/wp-content\/uploads\/2016\/12\/zzz_HIKITEC_Favicon_32.png\" alt=\"https:\/\/hikitec.de\/wp-content\/uploads\/2016\/12\/zzz_HIKITEC_Favicon_32.png\" width=\"11\" height=\"12\" \/> Anschlie\u00dfend wird Ihr USB-Stick formatiert.<\/p>\n<p><strong>*Verwendung auf eigene Gefahr! Bei falscher Verwendung l\u00f6schen Sie ggf. ungewollt wichtige Daten<\/strong><\/p>\n<\/div><\/section><\/div>\n<style type=\"text\/css\" id=\"style-css-av-quhhhi-f9b08ee2d3bece9668d7bba6309792b5\">\n#top .flex_column.av-quhhhi-f9b08ee2d3bece9668d7bba6309792b5{\nborder-radius:0px;\n-webkit-border-radius:0px;\n-moz-border-radius:0px;\npadding:0px;\n}\n<\/style>\n<div class='flex_column av-quhhhi-f9b08ee2d3bece9668d7bba6309792b5 av_one_full  avia-builder-el-13  el_after_av_one_full  avia-builder-el-last  first flex_column_div av-zero-column-padding column-top-margin'   ><section class=\"av_textblock_section \"  itemscope=\"itemscope\" itemtype=\"https:\/\/schema.org\/CreativeWork\" ><div class='avia_textblock  '   itemprop=\"text\" ><input type=\"button\" value=\"Zur\u00fcck\" class=\"alg_back_button_input \" style=\"\" onclick=\"window.history.back()\" \/>\n<\/div><\/section><\/div><\/p>\n","protected":false},"excerpt":{"rendered":"","protected":false},"author":2,"featured_media":0,"parent":0,"menu_order":0,"comment_status":"closed","ping_status":"closed","template":"","meta":{"footnotes":""},"class_list":["post-24870","page","type-page","status-publish","hentry"],"_links":{"self":[{"href":"https:\/\/hikitec.de\/de\/wp-json\/wp\/v2\/pages\/24870","targetHints":{"allow":["GET"]}}],"collection":[{"href":"https:\/\/hikitec.de\/de\/wp-json\/wp\/v2\/pages"}],"about":[{"href":"https:\/\/hikitec.de\/de\/wp-json\/wp\/v2\/types\/page"}],"author":[{"embeddable":true,"href":"https:\/\/hikitec.de\/de\/wp-json\/wp\/v2\/users\/2"}],"replies":[{"embeddable":true,"href":"https:\/\/hikitec.de\/de\/wp-json\/wp\/v2\/comments?post=24870"}],"version-history":[{"count":14,"href":"https:\/\/hikitec.de\/de\/wp-json\/wp\/v2\/pages\/24870\/revisions"}],"predecessor-version":[{"id":27751,"href":"https:\/\/hikitec.de\/de\/wp-json\/wp\/v2\/pages\/24870\/revisions\/27751"}],"wp:attachment":[{"href":"https:\/\/hikitec.de\/de\/wp-json\/wp\/v2\/media?parent=24870"}],"curies":[{"name":"wp","href":"https:\/\/api.w.org\/{rel}","templated":true}]}}