{"id":24895,"date":"2021-03-10T11:04:53","date_gmt":"2021-03-10T10:04:53","guid":{"rendered":"https:\/\/hikitec.de\/?page_id=24895"},"modified":"2021-04-13T09:53:36","modified_gmt":"2021-04-13T07:53:36","slug":"kopierservice","status":"publish","type":"page","link":"https:\/\/hikitec.de\/de\/kopierservice\/","title":{"rendered":"Kopierservice"},"content":{"rendered":"\n<style type=\"text\/css\" id=\"style-css-av-28be1fj-d1796febf94d07585edf9cb482946c7f\">\n#top .flex_column.av-28be1fj-d1796febf94d07585edf9cb482946c7f{\nborder-radius:0px;\n-webkit-border-radius:0px;\n-moz-border-radius:0px;\npadding:0px;\n}\n<\/style>\n<div class='flex_column av-28be1fj-d1796febf94d07585edf9cb482946c7f av_one_full  avia-builder-el-0  el_before_av_one_half  avia-builder-el-first  first flex_column_div av-zero-column-padding '   ><section class=\"av_textblock_section \"  itemscope=\"itemscope\" itemtype=\"https:\/\/schema.org\/CreativeWork\" ><div class='avia_textblock  '   itemprop=\"text\" ><p><strong>USB-KOPIERSERVICE \u2013 1:1 Klonen &#8211; Duplikation -Datenaufspielung<\/strong><\/p>\n<p><span style=\"font-size: 10.0pt; font-family: inherit; color: #666666;\">Sie m\u00f6chten Daten auf Ihre USB-Sticks kopiert haben? M\u00f6chten nicht jeden Sticks einzeln auspacken und Zeit investieren um alle USB-Sticks zu bespielen? Die Firma HIKITEC GmbH kopiert Ihre Daten auf USB-Sticks mit einer St\u00fcckzahl von bis zu mehreren Tausend St\u00fcck. Durch unsere professionellen Anlagen findet eine exakte Duplikation entsprechend Ihrem Master Stick (100% Verify) statt. Egal ob PDF, Bilder oder Software, die Kopien entsprechen durch den nachtr\u00e4glichen bitweisen Verifizierungsvorgang \u00a0jeder einzelnen USB-Kopie zu 100% dem Original. Die nachtr\u00e4glichen bitweisen Verifizierungsvorg\u00e4nge gew\u00e4hrleisten den Inhaltsvergleich vom Master Stick und Ziel-Stick. So werden fehlerhafte Sticks und fehlerhafte Daten\u00fcbertragungen erkannt und von unserem Personal aussortiert und gepr\u00fcft.\u00a0 Sollten defekte USB-Sticks erkannt werden, werden diese aussortiert und gesondert verpackt.<\/span><\/p>\n<\/div><\/section><\/div>\n\n<style type=\"text\/css\" id=\"style-css-av-566s2n-0c19b9fdbae566645db54869c3378ecd\">\n#top .flex_column.av-566s2n-0c19b9fdbae566645db54869c3378ecd{\nborder-radius:0px;\n-webkit-border-radius:0px;\n-moz-border-radius:0px;\npadding:0px;\n}\n<\/style>\n<div class='flex_column av-566s2n-0c19b9fdbae566645db54869c3378ecd av_one_half  avia-builder-el-2  el_after_av_one_full  el_before_av_one_half  first flex_column_div av-zero-column-padding column-top-margin'   ><p><section class=\"av_textblock_section \"  itemscope=\"itemscope\" itemtype=\"https:\/\/schema.org\/CreativeWork\" ><div class='avia_textblock  '   itemprop=\"text\" ><p><strong>ABLAUF<\/strong><\/p>\n<p style=\"line-height: 19.8pt; background: white; vertical-align: baseline; margin: 10.2pt 0cm 10.2pt 0cm;\"><span style=\"font-size: 10.0pt; font-family: inherit; color: #666666;\">Sie senden uns Ihre eigenen USB-Sticks zu und wir \u00fcberspielen Ihre Daten auf Ihre Speichermedien. Anschlie\u00dfend werden die Daten mit dem Original abgeglichen (verifiziert). Dabei werden defekte Medien entdeckt, aussortiert und gesondert verpackt.<\/span><\/p>\n<\/div><\/section><br \/>\n\n<style type=\"text\/css\" id=\"style-css-av-km39vrcy-91cc20ad1a452a079bd1fa37e0e64620\">\n.togglecontainer.av-km39vrcy-91cc20ad1a452a079bd1fa37e0e64620 p.toggler{\ncolor:#ffffff;\nbackground-color:#0039a6;\nborder-color:#745f7e;\n}\n.togglecontainer.av-km39vrcy-91cc20ad1a452a079bd1fa37e0e64620 p.toggler .toggle_icon{\nborder-color:#ffffff;\n}\n.togglecontainer.av-km39vrcy-91cc20ad1a452a079bd1fa37e0e64620 .toggle_wrap .toggle_content{\ncolor:#ffffff;\nbackground-color:#0039a6;\nborder-color:#745f7e;\n}\n<\/style>\n<div  class='togglecontainer av-km39vrcy-91cc20ad1a452a079bd1fa37e0e64620  avia-builder-el-4  el_after_av_textblock  avia-builder-el-last  toggle_close_all ' >\n<section class='av_toggle_section av-14omvcv-bfbb8cd1e079c727d7c76ed30fba485f'  itemscope=\"itemscope\" itemtype=\"https:\/\/schema.org\/CreativeWork\" ><div role=\"tablist\" class=\"single_toggle\" data-tags=\"{Alle} \"  ><p data-fake-id='#toggle-id-1' class='toggler hasCustomColor  av-inherit-font-color av-inherit-border-color'  itemprop=\"headline\"  role='tab' tabindex='0' aria-controls='toggle-id-1'>Produktionsablauf<span class=\"toggle_icon\"><span class=\"vert_icon\"><\/span><span class=\"hor_icon\"><\/span><\/span><\/p><div id='toggle-id-1' class='toggle_wrap  '  ><div class='toggle_content invers-color av-inherit-font-color av-inherit-border-color'  itemprop=\"text\" ><p><img loading=\"lazy\" decoding=\"async\" class=\"transparent\" src=\"https:\/\/hikitec.de\/wp-content\/uploads\/2021\/04\/zzz_HIKITEC_Favicon_weiss_32.png\" alt=\"https:\/\/hikitec.de\/wp-content\/uploads\/2021\/04\/zzz_HIKITEC_Favicon_weiss_32.png\" width=\"11\" height=\"12\" \/> Sie k\u00fcndigen Ihren Auftrag vorher an.<br \/>\n<img loading=\"lazy\" decoding=\"async\" class=\"transparent\" src=\"https:\/\/hikitec.de\/wp-content\/uploads\/2021\/04\/zzz_HIKITEC_Favicon_weiss_32.png\" alt=\"https:\/\/hikitec.de\/wp-content\/uploads\/2021\/04\/zzz_HIKITEC_Favicon_weiss_32.png\" width=\"11\" height=\"12\" \/> Sie senden uns Ihre Datentr\u00e4ger m\u00f6glichst fr\u00fchzeitig zu.<br \/>\n<img loading=\"lazy\" decoding=\"async\" class=\"transparent\" src=\"https:\/\/hikitec.de\/wp-content\/uploads\/2021\/04\/zzz_HIKITEC_Favicon_weiss_32.png\" alt=\"https:\/\/hikitec.de\/wp-content\/uploads\/2021\/04\/zzz_HIKITEC_Favicon_weiss_32.png\" width=\"11\" height=\"12\" \/> Wir packen jeden einzelnen USB-Stick aus.<br \/>\n<img loading=\"lazy\" decoding=\"async\" class=\"transparent\" src=\"https:\/\/hikitec.de\/wp-content\/uploads\/2021\/04\/zzz_HIKITEC_Favicon_weiss_32.png\" alt=\"https:\/\/hikitec.de\/wp-content\/uploads\/2021\/04\/zzz_HIKITEC_Favicon_weiss_32.png\" width=\"11\" height=\"12\" \/> Wir unterziehen 2 bis 3 USB-Sticks einem kurzen Funktionstest.<br \/>\n<img loading=\"lazy\" decoding=\"async\" class=\"transparent\" src=\"https:\/\/hikitec.de\/wp-content\/uploads\/2021\/04\/zzz_HIKITEC_Favicon_weiss_32.png\" alt=\"https:\/\/hikitec.de\/wp-content\/uploads\/2021\/04\/zzz_HIKITEC_Favicon_weiss_32.png\" width=\"11\" height=\"12\" \/> Sie senden uns Ihre Kopierdaten online oder per Post.<br \/>\n<img loading=\"lazy\" decoding=\"async\" class=\"transparent\" src=\"https:\/\/hikitec.de\/wp-content\/uploads\/2021\/04\/zzz_HIKITEC_Favicon_weiss_32.png\" alt=\"https:\/\/hikitec.de\/wp-content\/uploads\/2021\/04\/zzz_HIKITEC_Favicon_weiss_32.png\" width=\"11\" height=\"12\" \/> Wir erstellen einen Master-USB-Stick.<br \/>\n<img loading=\"lazy\" decoding=\"async\" class=\"transparent\" src=\"https:\/\/hikitec.de\/wp-content\/uploads\/2021\/04\/zzz_HIKITEC_Favicon_weiss_32.png\" alt=\"https:\/\/hikitec.de\/wp-content\/uploads\/2021\/04\/zzz_HIKITEC_Favicon_weiss_32.png\" width=\"11\" height=\"12\" \/> Sie erteilen uns die Freigabe anhand einer Pr\u00fcfdatei oder Datenmusters.<br \/>\n<img loading=\"lazy\" decoding=\"async\" class=\"transparent\" src=\"https:\/\/hikitec.de\/wp-content\/uploads\/2021\/04\/zzz_HIKITEC_Favicon_weiss_32.png\" alt=\"https:\/\/hikitec.de\/wp-content\/uploads\/2021\/04\/zzz_HIKITEC_Favicon_weiss_32.png\" width=\"11\" height=\"12\" \/> Wir kopieren und pr\u00fcfen die Sticks.<br \/>\n<img loading=\"lazy\" decoding=\"async\" class=\"transparent\" src=\"https:\/\/hikitec.de\/wp-content\/uploads\/2021\/04\/zzz_HIKITEC_Favicon_weiss_32.png\" alt=\"https:\/\/hikitec.de\/wp-content\/uploads\/2021\/04\/zzz_HIKITEC_Favicon_weiss_32.png\" width=\"11\" height=\"12\" \/> Wir konfektionieren und verpacken die Sticks.<br \/>\n<img loading=\"lazy\" decoding=\"async\" class=\"transparent\" src=\"https:\/\/hikitec.de\/wp-content\/uploads\/2021\/04\/zzz_HIKITEC_Favicon_weiss_32.png\" alt=\"https:\/\/hikitec.de\/wp-content\/uploads\/2021\/04\/zzz_HIKITEC_Favicon_weiss_32.png\" width=\"11\" height=\"12\" \/> Versand erfolgt an Sie oder direkt neutral an Ihren Kunden.<\/p>\n<\/div><\/div><\/div><\/section>\n<\/div><\/p><\/div>\n<style type=\"text\/css\" id=\"style-css-av-566s2n-7c088c33459d6a730e0cf8c21a795181\">\n#top .flex_column.av-566s2n-7c088c33459d6a730e0cf8c21a795181{\nborder-radius:0px;\n-webkit-border-radius:0px;\n-moz-border-radius:0px;\npadding:0px;\n}\n<\/style>\n<div class='flex_column av-566s2n-7c088c33459d6a730e0cf8c21a795181 av_one_half  avia-builder-el-5  el_after_av_one_half  el_before_av_one_half  flex_column_div av-zero-column-padding column-top-margin'   ><section class=\"av_textblock_section \"  itemscope=\"itemscope\" itemtype=\"https:\/\/schema.org\/CreativeWork\" ><div class='avia_textblock  '   itemprop=\"text\" ><p><img loading=\"lazy\" decoding=\"async\" class=\"aligncenter wp-image-24930 size-medium\" src=\"https:\/\/hikitec.de\/wp-content\/uploads\/2021\/03\/Datenservice-e1615380861293-300x300.jpg\" alt=\"\" width=\"300\" height=\"300\" srcset=\"https:\/\/hikitec.de\/wp-content\/uploads\/2021\/03\/Datenservice-e1615380861293.jpg 300w, https:\/\/hikitec.de\/wp-content\/uploads\/2021\/03\/Datenservice-e1615380861293-80x80.jpg 80w, https:\/\/hikitec.de\/wp-content\/uploads\/2021\/03\/Datenservice-e1615380861293-36x36.jpg 36w, https:\/\/hikitec.de\/wp-content\/uploads\/2021\/03\/Datenservice-e1615380861293-180x180.jpg 180w, https:\/\/hikitec.de\/wp-content\/uploads\/2021\/03\/Datenservice-e1615380861293-120x120.jpg 120w\" sizes=\"auto, (max-width: 300px) 100vw, 300px\" \/><\/p>\n<\/div><\/section><\/div><\/p>\n\n<style type=\"text\/css\" id=\"style-css-av-l7zynz-5fe7c979f90293e46f176a744e701721\">\n#top .flex_column.av-l7zynz-5fe7c979f90293e46f176a744e701721{\nborder-radius:0px;\n-webkit-border-radius:0px;\n-moz-border-radius:0px;\npadding:0px;\n}\n<\/style>\n<div class='flex_column av-l7zynz-5fe7c979f90293e46f176a744e701721 av_one_half  avia-builder-el-7  el_after_av_one_half  el_before_av_one_half  first flex_column_div av-zero-column-padding column-top-margin'   ><\/div>\n\n<style type=\"text\/css\" id=\"style-css-av-l7zynz-974dfb4ffbd9dc8b6b43182f36e79b47\">\n#top .flex_column.av-l7zynz-974dfb4ffbd9dc8b6b43182f36e79b47{\nborder-radius:0px;\n-webkit-border-radius:0px;\n-moz-border-radius:0px;\npadding:0px;\n}\n<\/style>\n<div class='flex_column av-l7zynz-974dfb4ffbd9dc8b6b43182f36e79b47 av_one_half  avia-builder-el-8  el_after_av_one_half  el_before_av_one_half  flex_column_div av-zero-column-padding column-top-margin'   ><section class=\"av_textblock_section \"  itemscope=\"itemscope\" itemtype=\"https:\/\/schema.org\/CreativeWork\" ><div class='avia_textblock  '   itemprop=\"text\" ><p><strong>Ihre Vorteile:<\/strong><\/p>\n<p><img loading=\"lazy\" decoding=\"async\" class=\"transparent\" src=\"https:\/\/hikitec.de\/wp-content\/uploads\/2016\/12\/zzz_HIKITEC_Favicon_32.png\" alt=\"https:\/\/hikitec.de\/wp-content\/uploads\/2016\/12\/zzz_HIKITEC_Favicon_32.png\" width=\"11\" height=\"12\" \/>\u00a0 Service Made in Germany<br \/>\n<img loading=\"lazy\" decoding=\"async\" class=\"transparent\" src=\"https:\/\/hikitec.de\/wp-content\/uploads\/2016\/12\/zzz_HIKITEC_Favicon_32.png\" alt=\"https:\/\/hikitec.de\/wp-content\/uploads\/2016\/12\/zzz_HIKITEC_Favicon_32.png\" width=\"11\" height=\"12\" \/>\u00a0 100% Pr\u00fcfung<br \/>\n<img loading=\"lazy\" decoding=\"async\" class=\"transparent\" src=\"https:\/\/hikitec.de\/wp-content\/uploads\/2016\/12\/zzz_HIKITEC_Favicon_32.png\" alt=\"https:\/\/hikitec.de\/wp-content\/uploads\/2016\/12\/zzz_HIKITEC_Favicon_32.png\" width=\"11\" height=\"12\" \/>\u00a0 Schnelle Produktionszeit<br \/>\n<img loading=\"lazy\" decoding=\"async\" class=\"transparent\" src=\"https:\/\/hikitec.de\/wp-content\/uploads\/2016\/12\/zzz_HIKITEC_Favicon_32.png\" alt=\"https:\/\/hikitec.de\/wp-content\/uploads\/2016\/12\/zzz_HIKITEC_Favicon_32.png\" width=\"11\" height=\"12\" \/>\u00a0 Individeulle Konfektionierung<br \/>\n<img loading=\"lazy\" decoding=\"async\" class=\"transparent\" src=\"https:\/\/hikitec.de\/wp-content\/uploads\/2016\/12\/zzz_HIKITEC_Favicon_32.png\" alt=\"https:\/\/hikitec.de\/wp-content\/uploads\/2016\/12\/zzz_HIKITEC_Favicon_32.png\" width=\"11\" height=\"12\" \/>\u00a0 Neutraler Versand an Ihren Kunden<\/p>\n<\/div><\/section><\/div>\n\n<style type=\"text\/css\" id=\"style-css-av-l7zynz-5fe7c979f90293e46f176a744e701721\">\n#top .flex_column.av-l7zynz-5fe7c979f90293e46f176a744e701721{\nborder-radius:0px;\n-webkit-border-radius:0px;\n-moz-border-radius:0px;\npadding:0px;\n}\n<\/style>\n<div class='flex_column av-l7zynz-5fe7c979f90293e46f176a744e701721 av_one_half  avia-builder-el-10  el_after_av_one_half  el_before_av_one_half  first flex_column_div av-zero-column-padding column-top-margin'   ><section class=\"av_textblock_section \"  itemscope=\"itemscope\" itemtype=\"https:\/\/schema.org\/CreativeWork\" ><div class='avia_textblock  '   itemprop=\"text\" ><p><strong>DAUER<\/strong><\/p>\n<p style=\"background: white; vertical-align: baseline; margin: 10.2pt 0cm 10.2pt 0cm;\"><span style=\"font-size: 10.0pt; font-family: inherit; color: #666666;\">Die regul\u00e4re Bespielzeit betr\u00e4gt ab 3 Werktage je 5000 St\u00fcck (abh\u00e4ngig von Datengr\u00f6\u00dfe und Konfektionierung). Bitte melden Sie unbedingt rechtzeitig anstehende Kopierauftr\u00e4ge an. Expressproduktionen (taggleich) sind nach Absprache m\u00f6glich. Regul\u00e4re und kleinere Bespielchargen ben\u00f6tigen in der Regel einen, max. zwei Werktage.<\/span><\/p>\n<p style=\"background: white; vertical-align: baseline; box-sizing: border-box; font-variant-ligatures: normal; font-variant-caps: normal; font-variant-numeric: inherit; font-variant-east-asian: inherit; font-stretch: inherit; line-height: inherit; orphans: 2; text-align: start; widows: 2; -webkit-text-stroke-width: 0px; text-decoration-thickness: initial; text-decoration-style: initial; text-decoration-color: initial; word-spacing: 0px; margin: 10.2pt 0cm 10.2pt 0cm;\"><span style=\"font-size: 10.0pt; font-family: inherit; color: #666666;\">Sie senden uns Ihre eigenen USB-Sticks zu und wir \u00fcberspielen Ihre Daten auf Ihre Speichermedien.<br \/>\nAnschlie\u00dfend werden die Daten mit dem Original abgeglichen (verifiziert). Dabei werden defekte Medien entdeckt, aussortiert und gesondert verpackt.<\/span><\/p>\n<\/div><\/section><\/div>\n\n<style type=\"text\/css\" id=\"style-css-av-l7zynz-974dfb4ffbd9dc8b6b43182f36e79b47\">\n#top .flex_column.av-l7zynz-974dfb4ffbd9dc8b6b43182f36e79b47{\nborder-radius:0px;\n-webkit-border-radius:0px;\n-moz-border-radius:0px;\npadding:0px;\n}\n<\/style>\n<div class='flex_column av-l7zynz-974dfb4ffbd9dc8b6b43182f36e79b47 av_one_half  avia-builder-el-12  el_after_av_one_half  el_before_av_one_full  flex_column_div av-zero-column-padding column-top-margin'   ><section class=\"av_textblock_section \"  itemscope=\"itemscope\" itemtype=\"https:\/\/schema.org\/CreativeWork\" ><div class='avia_textblock  '   itemprop=\"text\" ><p><img loading=\"lazy\" decoding=\"async\" class=\"aligncenter wp-image-24934 size-medium\" src=\"https:\/\/hikitec.de\/wp-content\/uploads\/2021\/03\/Lieferung-e1615381415663-300x232.jpg\" alt=\"\" width=\"300\" height=\"232\" srcset=\"https:\/\/hikitec.de\/wp-content\/uploads\/2021\/03\/Lieferung-e1615381415663-300x232.jpg 300w, https:\/\/hikitec.de\/wp-content\/uploads\/2021\/03\/Lieferung-e1615381415663-768x594.jpg 768w, https:\/\/hikitec.de\/wp-content\/uploads\/2021\/03\/Lieferung-e1615381415663-705x546.jpg 705w, https:\/\/hikitec.de\/wp-content\/uploads\/2021\/03\/Lieferung-e1615381415663-450x348.jpg 450w, https:\/\/hikitec.de\/wp-content\/uploads\/2021\/03\/Lieferung-e1615381415663.jpg 801w\" sizes=\"auto, (max-width: 300px) 100vw, 300px\" \/><\/p>\n<\/div><\/section><\/div>\n\n<style type=\"text\/css\" id=\"style-css-av-av_one_full-53b0b300fb3685750664fb085c5ad19d\">\n#top .flex_column.av-av_one_full-53b0b300fb3685750664fb085c5ad19d{\nborder-radius:0px;\n-webkit-border-radius:0px;\n-moz-border-radius:0px;\npadding:0px;\n}\n<\/style>\n<div class='flex_column av-av_one_full-53b0b300fb3685750664fb085c5ad19d av_one_full  avia-builder-el-14  el_after_av_one_half  el_before_av_one_half  first flex_column_div av-zero-column-padding column-top-margin'   ><form action=\"https:\/\/hikitec.de\/de\/kopierservice\/\" method=\"post\"  class=\"avia_ajax_form av-form-labels-visible   avia-builder-el-15  avia-builder-el-no-sibling   \" data-avia-form-id=\"1\" data-avia-redirect='' ><h3 class=''>Anfrage Kopierservice<\/h3><fieldset><p class='  first_form  form_element form_fullwidth' id='element_avia_1_1'><label for=\"avia_1_1\">Firma<\/label> <input name=\"avia_1_1\" class=\"text_input \" type=\"text\" id=\"avia_1_1\" value=\"\" \/><\/p><p class='  first_form  form_element form_element_third' id='element_avia_2_1'><label for=\"avia_2_1\">Anrede<\/label> <input name=\"avia_2_1\" class=\"text_input \" type=\"text\" id=\"avia_2_1\" value=\"\" \/><\/p><p class='  form_element form_element_third' id='element_avia_3_1'><label for=\"avia_3_1\">Vorname<\/label> <input name=\"avia_3_1\" class=\"text_input \" type=\"text\" id=\"avia_3_1\" value=\"\" \/><\/p><p class='  form_element form_element_third' id='element_avia_4_1'><label for=\"avia_4_1\">Nachmane<\/label> <input name=\"avia_4_1\" class=\"text_input \" type=\"text\" id=\"avia_4_1\" value=\"\" \/><\/p><p class='  first_form  form_element form_fullwidth' id='element_avia_5_1'><label for=\"avia_5_1\">E-Mail <abbr class=\"required\" title=\"ben\u00f6tigt\">*<\/abbr><\/label> <input name=\"avia_5_1\" class=\"text_input is_email\" type=\"text\" id=\"avia_5_1\" value=\"\" \/><\/p><p class='  first_form  form_element form_fullwidth' id='element_avia_6_1'><label for=\"avia_6_1\" class=\"textare_label hidden textare_label_avia_6_1\">Nachricht<\/label><textarea  name=\"avia_6_1\" class=\"text_area \" cols=\"40\" rows=\"7\" id=\"avia_6_1\" ><\/textarea><\/p><p class=' first_form  form_element form_fullwidth' id='element_avia_7_1'>    <input  name=\"avia_7_1\" class=\"input_checkbox is_empty\" type=\"checkbox\" id=\"avia_7_1\" value=\"true\"\/><label class=\"input_checkbox_label\" for=\"avia_7_1\">Ich habe die Datenschutzhinweis gelesen und zur Kenntnis genommen. <abbr class=\"required\" title=\"ben\u00f6tigt\">*<\/abbr><\/label><\/p><div id='avia_8_1' class='av-form-text'><p>\n* Die <a href=\"http:\/\/hikitec.de\/datenschutz\/\" target=\"_blank\" rel=\"noopener\">Datenschutzhinweise<\/a> sowie Hinweise zum Widerruf habe ich zur Kenntnis genommen und stimme diesen zu.Kompakt: Hinweise zum Datenschutz Ihre E-Mail-Adresse wird nur f\u00fcr den Zweck der Erbringung Ihrer Anfrage der Firma HIKITEC verwendet. Dieser enth\u00e4lt Informationen zu Produkten, saisonalen Aktionen oder Neuerscheinungen. Ihre E-Mail-Adresse wird niemals f\u00fcr Werbezwecke an Dritte weitergegeben und nur im Rahmen des Newsletter-Versands genutzt.<\/p>\n<p>Hinweise zur Widerrufbarkeit Sie k\u00f6nnen diese Einwilligung jederzeit widerrufen, indem Sie sich aus der Liste austragen. Hinweise zur Abmeldung sind in jedem Newsletter enthalten.<\/p>\n<\/div><p class=\"hidden\"><input type=\"text\" name=\"avia_9_1\" class=\"hidden \" id=\"avia_9_1\" value=\"\" \/><\/p><p class='   form_element form_fullwidth' id='element_avia_10_1'><span class='value_verifier_label'>3 + 2 = ?<\/span><input name=\"avia_10_1_verifier\" type=\"hidden\" id=\"avia_10_1_verifier\" value=\"843151784\"\/><label for=\"avia_10_1\">Bitte l\u00f6se die Gleichung. Diese Ma\u00dfnahme dient der Abwehr von Spam <abbr class=\"required\" title=\"ben\u00f6tigt\">*<\/abbr><\/label><input name=\"avia_10_1\" class=\"text_input captcha\" type=\"text\" id=\"avia_10_1\" value=\"\"\/><\/p><p class=\"form_element \"><input type=\"hidden\" value=\"1\" name=\"avia_generated_form1\" \/><input type=\"submit\" value=\"Anfragen\" class=\"button\"  data-sending-label=\"Sende\"\/><\/p><\/fieldset><\/form><div id=\"ajaxresponse_1\" class=\"ajaxresponse ajaxresponse_1 hidden\"><\/div><\/div>\n\n<style type=\"text\/css\" id=\"style-css-av-l7zynz-5fe7c979f90293e46f176a744e701721\">\n#top .flex_column.av-l7zynz-5fe7c979f90293e46f176a744e701721{\nborder-radius:0px;\n-webkit-border-radius:0px;\n-moz-border-radius:0px;\npadding:0px;\n}\n<\/style>\n<div class='flex_column av-l7zynz-5fe7c979f90293e46f176a744e701721 av_one_half  avia-builder-el-16  el_after_av_one_full  el_before_av_one_half  first flex_column_div av-zero-column-padding column-top-margin'   ><section class=\"av_textblock_section \"  itemscope=\"itemscope\" itemtype=\"https:\/\/schema.org\/CreativeWork\" ><div class='avia_textblock  '   itemprop=\"text\" ><p><strong>SICHERHEIT<\/strong><\/p>\n<p>Alle uns bereitgestellten Daten (via Online-Dienste, CDs, DVDs, SD-Cards, Hard-Disks, USB-Stick etc.) werden grunds\u00e4tzlich direkt nach Eingang bei uns von verschiedenen Virenscanner-Programmen (in jeweils aktueller Version) gepr\u00fcft. Erst dann erstellen bzw. nutzen wir im Zuge des &#8222;Mastering&#8220; einen fehlerfreien Datentr\u00e4ger.<\/p>\n<\/div><\/section><\/div>\n\n<style type=\"text\/css\" id=\"style-css-av-l7zynz-974dfb4ffbd9dc8b6b43182f36e79b47\">\n#top .flex_column.av-l7zynz-974dfb4ffbd9dc8b6b43182f36e79b47{\nborder-radius:0px;\n-webkit-border-radius:0px;\n-moz-border-radius:0px;\npadding:0px;\n}\n<\/style>\n<div class='flex_column av-l7zynz-974dfb4ffbd9dc8b6b43182f36e79b47 av_one_half  avia-builder-el-18  el_after_av_one_half  el_before_av_one_full  flex_column_div av-zero-column-padding column-top-margin'   ><section class=\"av_textblock_section \"  itemscope=\"itemscope\" itemtype=\"https:\/\/schema.org\/CreativeWork\" ><div class='avia_textblock  '   itemprop=\"text\" ><p><img loading=\"lazy\" decoding=\"async\" class=\"aligncenter size-medium wp-image-24946\" src=\"https:\/\/hikitec.de\/wp-content\/uploads\/2021\/03\/Kopieren-1-300x300.jpeg\" alt=\"\" width=\"300\" height=\"300\" srcset=\"https:\/\/hikitec.de\/wp-content\/uploads\/2021\/03\/Kopieren-1-300x300.jpeg 300w, https:\/\/hikitec.de\/wp-content\/uploads\/2021\/03\/Kopieren-1-1030x1030.jpeg 1030w, https:\/\/hikitec.de\/wp-content\/uploads\/2021\/03\/Kopieren-1-80x80.jpeg 80w, https:\/\/hikitec.de\/wp-content\/uploads\/2021\/03\/Kopieren-1-768x768.jpeg 768w, https:\/\/hikitec.de\/wp-content\/uploads\/2021\/03\/Kopieren-1-36x36.jpeg 36w, https:\/\/hikitec.de\/wp-content\/uploads\/2021\/03\/Kopieren-1-180x180.jpeg 180w, https:\/\/hikitec.de\/wp-content\/uploads\/2021\/03\/Kopieren-1-1500x1500.jpeg 1500w, https:\/\/hikitec.de\/wp-content\/uploads\/2021\/03\/Kopieren-1-705x705.jpeg 705w, https:\/\/hikitec.de\/wp-content\/uploads\/2021\/03\/Kopieren-1-120x120.jpeg 120w, https:\/\/hikitec.de\/wp-content\/uploads\/2021\/03\/Kopieren-1-450x450.jpeg 450w, https:\/\/hikitec.de\/wp-content\/uploads\/2021\/03\/Kopieren-1.jpeg 1512w\" sizes=\"auto, (max-width: 300px) 100vw, 300px\" \/><\/p>\n<\/div><\/section><\/div>\n\n<style type=\"text\/css\" id=\"style-css-av-lpqohr-c2ca4ad580623b4af8e91243df6e01c7\">\n#top .flex_column.av-lpqohr-c2ca4ad580623b4af8e91243df6e01c7{\nborder-radius:0px;\n-webkit-border-radius:0px;\n-moz-border-radius:0px;\npadding:0px;\n}\n<\/style>\n<div class='flex_column av-lpqohr-c2ca4ad580623b4af8e91243df6e01c7 av_one_full  avia-builder-el-20  el_after_av_one_half  avia-builder-el-last  first flex_column_div av-zero-column-padding column-top-margin'   ><section class=\"av_textblock_section \"  itemscope=\"itemscope\" itemtype=\"https:\/\/schema.org\/CreativeWork\" ><div class='avia_textblock  '   itemprop=\"text\" ><input type=\"button\" value=\"Zur\u00fcck\" class=\"alg_back_button_input \" style=\"\" onclick=\"window.history.back()\" \/>\n<\/div><\/section><\/div>\n","protected":false},"excerpt":{"rendered":"","protected":false},"author":2,"featured_media":0,"parent":0,"menu_order":0,"comment_status":"closed","ping_status":"closed","template":"","meta":{"footnotes":""},"class_list":["post-24895","page","type-page","status-publish","hentry"],"_links":{"self":[{"href":"https:\/\/hikitec.de\/de\/wp-json\/wp\/v2\/pages\/24895","targetHints":{"allow":["GET"]}}],"collection":[{"href":"https:\/\/hikitec.de\/de\/wp-json\/wp\/v2\/pages"}],"about":[{"href":"https:\/\/hikitec.de\/de\/wp-json\/wp\/v2\/types\/page"}],"author":[{"embeddable":true,"href":"https:\/\/hikitec.de\/de\/wp-json\/wp\/v2\/users\/2"}],"replies":[{"embeddable":true,"href":"https:\/\/hikitec.de\/de\/wp-json\/wp\/v2\/comments?post=24895"}],"version-history":[{"count":19,"href":"https:\/\/hikitec.de\/de\/wp-json\/wp\/v2\/pages\/24895\/revisions"}],"predecessor-version":[{"id":669900,"href":"https:\/\/hikitec.de\/de\/wp-json\/wp\/v2\/pages\/24895\/revisions\/669900"}],"wp:attachment":[{"href":"https:\/\/hikitec.de\/de\/wp-json\/wp\/v2\/media?parent=24895"}],"curies":[{"name":"wp","href":"https:\/\/api.w.org\/{rel}","templated":true}]}}