{"id":53,"date":"2017-01-16T09:23:57","date_gmt":"2017-01-16T08:23:57","guid":{"rendered":"http:\/\/hikitec.de\/?page_id=53"},"modified":"2020-05-18T12:25:02","modified_gmt":"2020-05-18T10:25:02","slug":"ueber-uns","status":"publish","type":"page","link":"https:\/\/hikitec.de\/de\/ueber-uns\/","title":{"rendered":"\u00dcber uns"},"content":{"rendered":"<section class=\"av_textblock_section \"  itemscope=\"itemscope\" itemtype=\"https:\/\/schema.org\/CreativeWork\" ><div class='avia_textblock  '   itemprop=\"text\" ><p><strong>HIKITEC GmbH<\/strong> ist ein auf USB-Sticks, Powerbanks und weitere USB-Produkte spezialisiertes Gro\u00dfhandelsunternehmen. Dabei konzentriert sich HIKITEC auf die Lieferung von Produkten f\u00fcr den Werbemittelhandel.<\/p>\n<p>Die Qualit\u00e4t all unserer Produkte unterliegen sehr hohen Standards! Die Produktqualit\u00e4t und -Sicherheit entsprechen den Anforderungen des Europ\u00e4ischen Marktes. Unsere Produktion wird stets Qualit\u00e4tskontrollen unterzogen und \u00fcberpr\u00fcfen s\u00e4mtliche Produkte in den verschiedenen Herstellungsprozessen vom Rohmaterial bis zum ausgelieferten Produkt.<\/p>\n<p>Unsere Produkte werden in den Herstellungsprozessen vom Rohmaterial bis hin zur Auslieferung des Produkts strengen Qualit\u00e4tskontrollen unterzogen und \u00fcberpr\u00fcft.<\/p>\n<p>Eine mehrmalige \u00dcberpr\u00fcfung der Artikel wird durch unser Fachpersonal gew\u00e4hrleistet.<\/p>\n<p>Durch unsere Zertifizierungen und l\u00fcckenlose Einhaltung aller Richtlinien und Normen, k\u00f6nnen wir den Erfolg Ihrer Werbeartikel mit bestem Gewissen garantieren.<\/p>\n<\/div><\/section>\n<section class=\"av_textblock_section \"  itemscope=\"itemscope\" itemtype=\"https:\/\/schema.org\/CreativeWork\" ><div class='avia_textblock  '   itemprop=\"text\" ><input type=\"button\" value=\"Zur\u00fcck\" class=\"alg_back_button_input \" style=\"\" onclick=\"window.history.back()\" \/>\n<\/div><\/section>\n","protected":false},"excerpt":{"rendered":"","protected":false},"author":2,"featured_media":0,"parent":0,"menu_order":0,"comment_status":"closed","ping_status":"closed","template":"","meta":{"footnotes":""},"class_list":["post-53","page","type-page","status-publish","hentry"],"_links":{"self":[{"href":"https:\/\/hikitec.de\/de\/wp-json\/wp\/v2\/pages\/53","targetHints":{"allow":["GET"]}}],"collection":[{"href":"https:\/\/hikitec.de\/de\/wp-json\/wp\/v2\/pages"}],"about":[{"href":"https:\/\/hikitec.de\/de\/wp-json\/wp\/v2\/types\/page"}],"author":[{"embeddable":true,"href":"https:\/\/hikitec.de\/de\/wp-json\/wp\/v2\/users\/2"}],"replies":[{"embeddable":true,"href":"https:\/\/hikitec.de\/de\/wp-json\/wp\/v2\/comments?post=53"}],"version-history":[{"count":13,"href":"https:\/\/hikitec.de\/de\/wp-json\/wp\/v2\/pages\/53\/revisions"}],"predecessor-version":[{"id":286815,"href":"https:\/\/hikitec.de\/de\/wp-json\/wp\/v2\/pages\/53\/revisions\/286815"}],"wp:attachment":[{"href":"https:\/\/hikitec.de\/de\/wp-json\/wp\/v2\/media?parent=53"}],"curies":[{"name":"wp","href":"https:\/\/api.w.org\/{rel}","templated":true}]}}