{"id":535208,"date":"2021-08-04T14:18:55","date_gmt":"2021-08-04T12:18:55","guid":{"rendered":"https:\/\/hikitec.de\/?page_id=535208"},"modified":"2021-10-01T13:02:37","modified_gmt":"2021-10-01T11:02:37","slug":"preisliste-neuer-link","status":"publish","type":"page","link":"https:\/\/hikitec.de\/de\/preisliste-neuer-link\/","title":{"rendered":"Preisliste neuer Link"},"content":{"rendered":"<section class=\"av_textblock_section \"  itemscope=\"itemscope\" itemtype=\"https:\/\/schema.org\/CreativeWork\" ><div class='avia_textblock  '   itemprop=\"text\" ><p>Sehr geehrte\/r Gesch\u00e4ftspartner\/in,<\/p>\n<p>Sie haben versucht eine HIKITEC Preisliste mit einem nicht mehr aktuellen Link herunterzuladen.<\/p>\n<p>Zum Schutz der Preislisten vor unbefugtem Zugriff, aktualisieren wir einmal in der Woche den Download-Link.<br \/>\nSobald wir die Linkstruktur \u00e4ndern, erhalten Sie von uns, als registrierter H\u00e4ndler, einen Newsletter mit dem neuen Download-Links.<\/p>\n<\/div><\/section>\n\n<style type=\"text\/css\" id=\"style-css-av-1an71grs-00719d2f76f77e7536ddae2e31f537cb\">\n#top .flex_column.av-1an71grs-00719d2f76f77e7536ddae2e31f537cb{\nborder-radius:0px;\n-webkit-border-radius:0px;\n-moz-border-radius:0px;\npadding:0px;\n}\n<\/style>\n<div class='flex_column av-1an71grs-00719d2f76f77e7536ddae2e31f537cb av_one_half  avia-builder-el-1  el_after_av_textblock  el_before_av_one_half  first flex_column_div av-zero-column-padding column-top-margin'   ><p><section class=\"av_textblock_section \"  itemscope=\"itemscope\" itemtype=\"https:\/\/schema.org\/CreativeWork\" ><div class='avia_textblock  '   itemprop=\"text\" ><p>Sollen Sie Interesse an unserem Newsletter haben, k\u00f6nnen Sie sich hier kostenlos registrieren:<\/p>\n<p><a href=\"https:\/\/hikitec.de\/newsletter\/\" target=\"_blank\" rel=\"noopener\">https:\/\/hikitec.de\/newsletter\/<\/a><\/p>\n<p>Wir verstehen nat\u00fcrlich, dass dies im ersten Moment etwas aufw\u00e4ndig wirken mag, aber der Schutz Ihrer EK- und VK-Preise is es in jedem Fall wert.<br \/>\nDieses Vorgehen, hat auch einen gro\u00dfen Vorteil in der t\u00e4glichen Verwendung. Sie ben\u00f6tigen f\u00fcr den Zugriff kein Passwort und sind durch unseren Newsletter auch immer informiert, dasss neue Preise vorliegen.<\/p>\n<\/div><\/section><br \/>\n<section class=\"av_textblock_section \"  itemscope=\"itemscope\" itemtype=\"https:\/\/schema.org\/CreativeWork\" ><div class='avia_textblock  '   itemprop=\"text\" ><p>Viele Gr\u00fc\u00dfe<\/p>\n<p>Ihr Team der HIKITEC GmbH<\/p>\n<\/div><\/section><\/p><\/div>\n\n<style type=\"text\/css\" id=\"style-css-av-17em8xk8-5cc8712c3bbbf86ed3654d2915d3d929\">\n#top .flex_column.av-17em8xk8-5cc8712c3bbbf86ed3654d2915d3d929{\nborder-radius:0px;\n-webkit-border-radius:0px;\n-moz-border-radius:0px;\npadding:0px;\n}\n<\/style>\n<div class='flex_column av-17em8xk8-5cc8712c3bbbf86ed3654d2915d3d929 av_one_half  avia-builder-el-4  el_after_av_one_half  avia-builder-el-last  flex_column_div av-zero-column-padding column-top-margin'   ><form action=\"https:\/\/hikitec.de\/de\/preisliste-neuer-link\/\" method=\"post\"  class=\"avia_ajax_form av-form-labels-visible   avia-builder-el-5  avia-builder-el-no-sibling   \" data-avia-form-id=\"1\" data-avia-redirect='' ><h3 class=''>Newsletter-Link Anfordern<\/h3><fieldset><p class='  first_form  form_element form_fullwidth' id='element_avia_1_1'><label for=\"avia_1_1\">Firma<\/label> <input name=\"avia_1_1\" class=\"text_input \" type=\"text\" id=\"avia_1_1\" value=\"\" \/><\/p><p class=' first_form  form_element form_element_third' id='element_avia_2_1'><label for=\"avia_2_1\">Anrede<\/label> <select  name=\"avia_2_1\" class=\"select \" id=\"avia_2_1\"><option  value ='Herr'>Herr<\/option><option  value ='Frau'>Frau<\/option><\/select><\/p><p class='  form_element form_element_third' id='element_avia_3_1'><label for=\"avia_3_1\">Vorname<\/label> <input name=\"avia_3_1\" class=\"text_input \" type=\"text\" id=\"avia_3_1\" value=\"\" \/><\/p><p class='  form_element form_element_third' id='element_avia_4_1'><label for=\"avia_4_1\">Nachname<\/label> <input name=\"avia_4_1\" class=\"text_input \" type=\"text\" id=\"avia_4_1\" value=\"\" \/><\/p><p class='  first_form  form_element form_fullwidth' id='element_avia_5_1'><label for=\"avia_5_1\">E-Mail <abbr class=\"required\" title=\"ben\u00f6tigt\">*<\/abbr><\/label> <input name=\"avia_5_1\" class=\"text_input is_email\" type=\"text\" id=\"avia_5_1\" value=\"\" \/><\/p><p class=' first_form  form_element form_fullwidth' id='element_avia_6_1'>    <input checked=\"checked\" name=\"avia_6_1\" class=\"input_checkbox \" type=\"checkbox\" id=\"avia_6_1\" value=\"true\"\/><label class=\"input_checkbox_label\" for=\"avia_6_1\">Ich habe die Datenschutzhinweis gelesen und zur Kenntnis genommen. *<\/label><\/p><div id='avia_7_1' class='av-form-text'><\/p>\n<div id=\"avia_9_1\" class=\"av-form-text\">\n<div id=\"avia_14_1\" class=\"av-form-text\">\n<p>* Die <a href=\"https:\/\/hikitec.de\/datenschutz\/\" target=\"_blank\" rel=\"noopener\">Datenschutzhinweise<\/a> sowie Hinweise zum Widerruf habe ich zur Kenntnis genommen und stimme diesen zu.Kompakt: Hinweise zum Datenschutz Ihre E-Mail-Adresse wird nur f\u00fcr den Zweck der Erbringung Ihrer Anfrage der Firma HIKITEC verwendet. Dieser enth\u00e4lt Informationen zu Produkten, saisonalen Aktionen oder Neuerscheinungen. Ihre E-Mail-Adresse wird niemals f\u00fcr Werbezwecke an Dritte weitergegeben und nur im Rahmen des Newsletter-Versands genutzt.<\/p>\n<p>Hinweise zur Widerrufbarkeit Sie k\u00f6nnen diese Einwilligung jederzeit widerrufen, indem Sie sich aus der Liste austragen. Hinweise zur Abmeldung sind in jedem Newsletter enthalten.<\/p>\n<\/div>\n<\/div>\n<p>\n<\/div><p class=\"hidden\"><input type=\"text\" name=\"avia_8_1\" class=\"hidden \" id=\"avia_8_1\" value=\"\" \/><\/p><p class=\"form_element \"><input type=\"hidden\" value=\"1\" name=\"avia_generated_form1\" \/><input type=\"submit\" value=\"Anfordern\" class=\"button\"  data-sending-label=\"Sende\"\/><\/p><\/fieldset><\/form><div id=\"ajaxresponse_1\" class=\"ajaxresponse ajaxresponse_1 hidden\"><\/div><\/div>\n","protected":false},"excerpt":{"rendered":"","protected":false},"author":2,"featured_media":0,"parent":0,"menu_order":0,"comment_status":"closed","ping_status":"closed","template":"","meta":{"footnotes":""},"class_list":["post-535208","page","type-page","status-publish","hentry"],"_links":{"self":[{"href":"https:\/\/hikitec.de\/de\/wp-json\/wp\/v2\/pages\/535208","targetHints":{"allow":["GET"]}}],"collection":[{"href":"https:\/\/hikitec.de\/de\/wp-json\/wp\/v2\/pages"}],"about":[{"href":"https:\/\/hikitec.de\/de\/wp-json\/wp\/v2\/types\/page"}],"author":[{"embeddable":true,"href":"https:\/\/hikitec.de\/de\/wp-json\/wp\/v2\/users\/2"}],"replies":[{"embeddable":true,"href":"https:\/\/hikitec.de\/de\/wp-json\/wp\/v2\/comments?post=535208"}],"version-history":[{"count":12,"href":"https:\/\/hikitec.de\/de\/wp-json\/wp\/v2\/pages\/535208\/revisions"}],"predecessor-version":[{"id":640739,"href":"https:\/\/hikitec.de\/de\/wp-json\/wp\/v2\/pages\/535208\/revisions\/640739"}],"wp:attachment":[{"href":"https:\/\/hikitec.de\/de\/wp-json\/wp\/v2\/media?parent=535208"}],"curies":[{"name":"wp","href":"https:\/\/api.w.org\/{rel}","templated":true}]}}