{"id":55,"date":"2017-01-16T09:24:05","date_gmt":"2017-01-16T08:24:05","guid":{"rendered":"http:\/\/hikitec.de\/?page_id=55"},"modified":"2020-12-02T09:27:35","modified_gmt":"2020-12-02T08:27:35","slug":"veredelungsservice","status":"publish","type":"page","link":"https:\/\/hikitec.de\/de\/veredelungsservice\/","title":{"rendered":"Veredelungsservice"},"content":{"rendered":"<section class=\"av_textblock_section \"  itemscope=\"itemscope\" itemtype=\"https:\/\/schema.org\/CreativeWork\" ><div class='avia_textblock  '   itemprop=\"text\" ><p><strong>Welche Veredelungsarten gibt es?<\/strong><\/p>\n<\/div><\/section>\n<section class=\"av_textblock_section \"  itemscope=\"itemscope\" itemtype=\"https:\/\/schema.org\/CreativeWork\" ><div class='avia_textblock  '   itemprop=\"text\" ><p><strong>Veredelung sind verschiedene Varianten unsere Produkte individuell zu personalisieren. Je nach Beschaffenheit der Oberfl\u00e4che sind verschiedene Arten m\u00f6glich:<\/strong><\/p>\n<p><strong>Siebdruck<\/strong><\/p>\n<p>Bei diesem Druck handelt es sich um ein direktes Druckverfahren bei dem die Farbe durch ein Gewebe direkt auf das zu bedruckende Produkt gepresst wird. An den Stellen, an denen keine Farbe durchkommen soll, werden die \u00d6ffnungen im Gewebe farbundurchl\u00e4ssig gemacht. Die Druckform wird in einer Maschine befestigt und die Druckfarbe wird aufgetragen..<\/p>\n<p><strong>Tampondruck<\/strong><\/p>\n<p>Der Tampondruck ist ein indirektes Druckverfahren, bei dem zuerst eine Druckform erstellt und das Druckmotiv anschlie\u00dfend \u00fcber einen Stempel aus Silikonkautschuk auf das Produkt \u00fcbertragen wird. Aufgrund der Elastizit\u00e4t des Stempels, lassen sich mit diesem Verfahren auch leicht gew\u00f6lbte Fl\u00e4chen gut bedrucken.<\/p>\n<p><strong>Gravur<\/strong><\/p>\n<p>Die Gravur oder auch Laserbeschriftung sind Veredelungen, die mit Hilfe eines intensiven Laserstrahls Ihr Logo auf metallische Oberfl\u00e4chen aufbringt. Durch das Abtragen von Material sind Laserbeschriftungen wasser-, wischfest und sehr dauerhaft.<\/p>\n<p><strong>Doming<\/strong><\/p>\n<p>Doming ist die Umschreibung f\u00fcr eine Technologie zur Herstellung eines 3D Aufkleber mit einer Oberfl\u00e4chenbeschichtung, die in der Regel eine gl\u00e4serne, hochtransparente Optik besitzt. Diese Beschichtung kann zur effektvollen Verst\u00e4rkung der \u00e4sthetischen Wirkung auf vielen Oberfl\u00e4chen eingesetzt werden.<\/p>\n<p><strong>Digitaldruck ( C M Y K)<\/strong><\/p>\n<p>Bei diesem Druckverfahren wird das Druckbild direkt von einem Computer in eine Druckmaschine \u00fcbertragen, ohne dass eine statische Druckform benutzt wird. Bei dem Drucksystem handelt es sich meist um ein elektrografisches Drucksystem wie ein Laserdrucker, der f\u00fcr hohe Auflagezahlen konstruiert ist.<\/p>\n<p><strong>UV Digitaldruck ( W + C M Y K)<\/strong><\/p>\n<p>Der wesentliche Unterschied zum herk\u00f6mmlichen Digitaldruck ist, dass die Farbe nicht vollst\u00e4ndig in das Material eindringt, sondern auf dem bedruckenden Material liegt. Dieses erm\u00f6glicht nahezu alle Materialen zu bedrucken. Die Farbe wird mit ultraviolettem Licht geh\u00e4rtet, somit ist hier auch wei\u00df als f\u00fcnfte Mischfarbe m\u00f6glich.<\/p>\n<p><a href=\"https:\/\/hikitec.de\/cmyk-druckverfahren-datengroesse-und-richtiger-beschnitt\/\">Weitere Informationen zu &#8222;Datengr\u00f6\u00dfe und richtiger Beschnitt&#8220; finden Sie hier<\/a><\/p>\n<p><strong>Blindpr\u00e4gung<\/strong><\/p>\n<p>Hierbei handelt es sich um einen Pr\u00e4gedruck ohne Farbe. Die Blindpr\u00e4gung eignet sich f\u00fcr weiche Grundmaterialien wie z.b. Leder bzw. Kunstleder und l\u00e4sst ein Druckmotiv edel und unaufdringlich erscheinen.<\/p>\n<p><strong>Hei\u00dfpr\u00e4gung<\/strong><\/p>\n<p>Beim Hei\u00dfpr\u00e4gen handelt es sich um eine &#8222;Hotstamping&#8220; ohne Farbe, der Unterschied zur herk\u00f6mmlichen Blindpr\u00e4gung ist, dass der Pr\u00e4gestempel hei\u00df ins Material eingespresst wird.<\/p>\n<p><a href=\"https:\/\/hikitec.de\/vektor-vs-pixel-daten\/\">Informationen zu Vektor- &amp; Pixeldateien<\/a><\/p>\n<\/div><\/section>\n<section class=\"av_textblock_section \"  itemscope=\"itemscope\" itemtype=\"https:\/\/schema.org\/CreativeWork\" ><div class='avia_textblock  '   itemprop=\"text\" ><input type=\"button\" value=\"Zur\u00fcck\" class=\"alg_back_button_input \" style=\"\" onclick=\"window.history.back()\" \/>\n<\/div><\/section>\n","protected":false},"excerpt":{"rendered":"","protected":false},"author":2,"featured_media":0,"parent":0,"menu_order":0,"comment_status":"closed","ping_status":"closed","template":"","meta":{"footnotes":""},"class_list":["post-55","page","type-page","status-publish","hentry"],"_links":{"self":[{"href":"https:\/\/hikitec.de\/de\/wp-json\/wp\/v2\/pages\/55","targetHints":{"allow":["GET"]}}],"collection":[{"href":"https:\/\/hikitec.de\/de\/wp-json\/wp\/v2\/pages"}],"about":[{"href":"https:\/\/hikitec.de\/de\/wp-json\/wp\/v2\/types\/page"}],"author":[{"embeddable":true,"href":"https:\/\/hikitec.de\/de\/wp-json\/wp\/v2\/users\/2"}],"replies":[{"embeddable":true,"href":"https:\/\/hikitec.de\/de\/wp-json\/wp\/v2\/comments?post=55"}],"version-history":[{"count":52,"href":"https:\/\/hikitec.de\/de\/wp-json\/wp\/v2\/pages\/55\/revisions"}],"predecessor-version":[{"id":24871,"href":"https:\/\/hikitec.de\/de\/wp-json\/wp\/v2\/pages\/55\/revisions\/24871"}],"wp:attachment":[{"href":"https:\/\/hikitec.de\/de\/wp-json\/wp\/v2\/media?parent=55"}],"curies":[{"name":"wp","href":"https:\/\/api.w.org\/{rel}","templated":true}]}}