{"id":57,"date":"2017-01-16T09:23:48","date_gmt":"2017-01-16T08:23:48","guid":{"rendered":"http:\/\/hikitec.de\/?page_id=57"},"modified":"2025-12-10T07:57:13","modified_gmt":"2025-12-10T06:57:13","slug":"datenschutz","status":"publish","type":"page","link":"https:\/\/hikitec.de\/de\/datenschutz\/","title":{"rendered":"Datenschutz"},"content":{"rendered":"<section class=\"av_textblock_section \"  itemscope=\"itemscope\" itemtype=\"https:\/\/schema.org\/CreativeWork\" ><div class='avia_textblock  '   itemprop=\"text\" ><p><strong>Datenschutzerkl\u00e4rung<\/strong><\/p>\n<p>Wir, die HIKITEC GmbH, freuen uns \u00fcber Ihren Besuch auf unserer Internetseite www.hikitec.de und Ihrem Interesse an unserem Unternehmen. Es ist uns ein wichtiges Anliegen, Ihre personenbezogenen Daten zu sch\u00fctzen. Die Personenbezogenen Daten sind Einzelangaben \u00fcber pers\u00f6nliche oder sachliche Verh\u00e4ltnisse einer bestimmten oder bestimmbaren nat\u00fcrlichen Person. Hierzu geh\u00f6ren Informationen wie der b\u00fcrgerliche Name, die Anschrift, die Telefonnummer und das Geburtsdatum.<\/p>\n<p>Diese Daten unterstehen einem besonderen Schutz und werden bei uns nur im technisch erforderlichen Umfang erhoben.Wir werden Ihnen entsprechend unserer Pflicht, nachfolgend erl\u00e4utern welche Informationen wir w\u00e4hrend Ihres Besuches auf unserer Internetseite genutzt werden.<\/p>\n<p>Unsere Datenschutzpraxis steht im Einklang mit den Regelungen des Bundesdatenschutzgesetzes (BDSG) und des Telemediengesetzes (TMG). Wir werden Ihre personenbezogenen Daten ausschlie\u00dflich zur Bearbeitung von Anfragen und ggf. zur Abwicklung von Bestellungen \/ Vertr\u00e4gen erheben, verarbeiten und speichern. Es erfolgt nur eine Nutzung Ihrer Daten, wenn Sie zuvor Ihre Einwilligung gesondert und eine weitergehende Einwilligung f\u00fcr genau bestimmte Zwecke z.B. f\u00fcr Informationen \u00fcber Angebote per Newsletter etc. erteilt haben.<\/p>\n<p><strong>Verantwortliche Stelle i.S.d. \u00a7 13 Abs. 1 TMG<\/strong><\/p>\n<p>Verantwortliche Stelle im Sinne des Datenschutzrechts ist:<\/p>\n<p>HIKITEC GmbH \u2022 Dornumer Stra\u00dfe 125 \u2022 D \u2022 26607 Aurich \u2022 E-Mail: anfrage@hikitec.de \u2022 Telefon:+49 (0) 2171 79 26 668<\/p>\n<p><strong>Pseudonymisierte Nutzung der Internetseite<\/strong><\/p>\n<p>Sie k\u00f6nnen ohne uns personenbezogene Daten mitzuteilen , grunds\u00e4tzlich unsere Internetseite besuchen. Pseudonymisierte Nutzungsdaten werden nicht mit den Daten des Tr\u00e4gers des Pseudonyms zusammengef\u00fchrt. Es findet keine Erstellung von pseudonymen Nutzungsprofilen statt.<\/p>\n<p><strong>Besondere Funktionen der Internetseite<\/strong><\/p>\n<p>Es werden Ihnen verschiedene Funktionen auf unserer Internetseite geboten. Bei der Nutzung werden von uns personenbezogene Daten erhoben , verarbeitet und gespeichert. Nachfolgend erkl\u00e4ren wir, was mit diesen Daten geschieht:<\/p>\n<p><strong>Kontaktformular<\/strong><\/p>\n<p>Die Daten die \u00fcber unser Kontaktformular aufgenommen wurden, werden nur f\u00fcr die Bearbeitung von Anfragen die durch das Kontaktformular eingehen verwendet. Die erhobenen Daten werden nach Bearbeitung der Anfrage auf Wunsch innerhalb sechs Monaten gel\u00f6scht.<\/p>\n<p><strong>Newsletter<\/strong><\/p>\n<p>Die aufgenommenen Daten in der Anmeldemaske unseres Newsletters, werden von uns ausschlie\u00dflich f\u00fcr den Versand unseres Newsletters verwendet. In diesem werden Sie \u00fcber unsere Leistungen informiert. Um die Anmeldung abzuschlie\u00dfen, erhalten Sie von uns eine Best\u00e4tigungs-E-Mail. In dieser ist ein Link enthalten, den Sie anklicken m\u00fcssen , um die Anmeldung zu unserem Newsletter abzuschlie\u00dfen (Double-Opt-In). Sie k\u00f6nnen den Newsletter jederzeit durch eine Abmelden-E-Mail abbestellen. Nach der Abmeldung werden Ihre Daten innerhalb von sechs Monaten gel\u00f6scht.<\/p>\n<p>Wir verwenden die uns \u00fcberlassenen Daten f\u00fcr Werbezwecke f\u00fcr Produkte von HIKITEC und verbundenen Unternehmen, wenn der Besteller unseren kostenlosen Newsletter abonniert hat. Der Besteller kann jederzeit der weiteren Verwendung seiner Daten f\u00fcr diesen Zweck durch einfache Mitteilung an uns per E-Mail (anfrage@hikitec.de) widersprechen.<\/p>\n<p><strong>Statistische Auswertung der Besuche dieser Internetseite<\/strong><\/p>\n<p>Folgende Daten oder einzelne Dateien werden bei dem Aufruf der Internetseite erhoben, verarbeitet und gespeichert: IP-Adresse, Webseite, von der aus die Datei abgerufen wurde, Name der Datei, Datum und Uhrzeit des Abrufs, \u00fcbertragene Datenmenge und Meldung \u00fcber den Erfolg des Abrufs (sog. Web-Log). F\u00fcr die stetige Verbesserung unseres Internetangebots und zu statistischen Zwecken, verwenden wir diese Zugriffsdaten ausschlie\u00dflich in nicht personaliesierter Form.<\/p>\n<p><strong>Google Analytics<\/strong><\/p>\n<p>Wir verwenden kein Google Analytics auf dieser Webseite<\/p>\n<p><strong>Externe Inhalte \/ Verarbeitung von Daten au\u00dferhalb der EU<\/strong><\/p>\n<p>Auf unserer Internetseite verwenden wir aktive Java-Script Inhalte von externen Anbietern. Durch Aufruf unserer Internetseite erhalten diese externen Anbieter ggf. personenbezogene Informationen \u00fcber Ihren Besuch auf unserer Internetseite. Sie k\u00f6nnen dies verhindern, indem Sie einen Java-Script-Blocker wie z.B. das Browser-Plugin &#8218;NoScript&#8216; installieren (www.noscript.net) oder Java-Script in Ihrem Browser deaktivieren. Hierdurch kann es zu Funktionseinschr\u00e4nkungen auf Internetseiten kommen, die Sie besuchen.<\/p>\n<p><strong>Datenschutzerkl\u00e4rung f\u00fcr die Nutzung von Facebook-Plugins<\/strong><\/p>\n<p>Wir verwenden keine Facebook-Plugins auf dieser Webseite.<\/p>\n<p><strong>Datenschutzerkl\u00e4rung f\u00fcr die Nutzung von Twitter-Plugins<\/strong><\/p>\n<p>Wir verwenden keine Twitter-Plugins auf dieser Webseite.<\/p>\n<p><strong>Datenschutzerkl\u00e4rung f\u00fcr die Nutzung von YouTube-Plugins<\/strong><\/p>\n<p>Wir verwenden keine YouTube-Plugins auf dieser Webseite.<\/p>\n<p><strong>Unterrichtung \u00fcber die Nutzung von Cookies<\/strong><\/p>\n<p>Wir verwenden keine Cookies auf dieser Webseite (<a href=\"https:\/\/www.cookiebot.com\/de\/\" target=\"_blank\" rel=\"noopener\">Cookiebot<\/a> Pr\u00fcfung vom 22.09.2020)<\/p>\n<p><strong>Datensicherheit und Datenschutz, Kommunikation per E-Mail<\/strong><\/p>\n<p>Durch die Ergreifung aller technischen und organisatorischen M\u00f6glichkeiten werden Ihre personenbezogenen Daten so gespeichert, dass diese f\u00fcr Dritte unzug\u00e4nglich sind. Es kann bei der Kommunikation per E-Mail keine vollst\u00e4ndige Datensicherheit von unserer Seite gew\u00e4hrleistet werden,sodass wir Ihnen bei Informationen die einem hohem Geheimhaltngsbed\u00fcrfnis unterliegen den Postweg empfehlen.<\/p>\n<p><strong>Ansprechpartner f\u00fcr Fragen des Datenschutzes \u2013 Datenschutzbeauftragter<\/strong><br \/>\nIn Fragen des Datenschutzes steht Ihnen unsere Zentrale zur Verf\u00fcgung:<\/p>\n<p>Fon:+49 (0) 2103 \u2013 71 54 \u2013 260 \u2022 E-Mail: anfrage@hikitec.de<\/p>\n<p><strong>Widerruf von Einwilligungen \u2013 Datenausk\u00fcnfte und \u00c4nderungsw\u00fcnsche<\/strong><\/p>\n<p>Nach dem Bundesdatenschutzgesetz haben Sie ein Recht auf unentgeltliche Auskunft \u00fcber Ihre gespeicherten Daten sowie ggf. ein Recht auf Berichtigung, Sperrung oder L\u00f6schung dieser Daten.<\/p>\n<p>Falls keine gesetzlichen Regelungen entgegenstehen, werden Ihre Daten dann gel\u00f6scht. Eine von Ihnen erteilte Erlaubnis , Ihre pers\u00f6nlichen Daten zu nutzen, k\u00f6nnen Sie jederzeit widerrufen. Ihre Auskunfts-, L\u00f6schungs- und Berechtigungsw\u00fcnsche zu Ihren Daten sowie Anregungen k\u00f6nnen Sie jederzeit an folgende Adresse senden:<\/p>\n<p>HIKITEC GmbH \u2022 Dornumer Stra\u00dfe 125 \u2022 D \u2022 26607 Aurich<\/p>\n<p><strong>RECHTLICHES<\/strong><\/p>\n<p><strong>Inhalt des Onlineangebotes<\/strong><\/p>\n<p>Der Autor \u00fcbernimmt keinerlei Gew\u00e4hr f\u00fcr die Aktualit\u00e4t, Korrektheit, Vollst\u00e4ndigkeit oder Qualit\u00e4t der bereitgestellten Informationen. Haftungsanspr\u00fcche gegen den Autor, welche sich auf Sch\u00e4den materieller oder ideeller Art beziehen, die durch die Nutzung oder Nichtnutzung der dargebotenen Informationen bzw. durch die Nutzung fehlerhafter und unvollst\u00e4ndiger Informationen verursacht wurden, sind grunds\u00e4tzlich ausgeschlossen, sofern seitens des Autors kein nachweislich vors\u00e4tzliches oder grob fahrl\u00e4ssiges Verschulden vorliegt.<\/p>\n<p>Alle Angebote sind freibleibend und unverbindlich. Der Autor beh\u00e4lt es sich ausdr\u00fccklich vor, Teile der Seiten oder das gesamte Angebot ohne gesonderte Ank\u00fcndigung zu ver\u00e4ndern, zu erg\u00e4nzen, zu l\u00f6schen oder die Ver\u00f6ffentlichung zeitweise oder endg\u00fcltig einzustellen.<\/p>\n<p><strong>Links zu anderen Websites<\/strong><\/p>\n<p>Diese Webseite enth\u00e4lt Links zu anderen Websites. Die HIKITEC GmbH \u00fcbernimmt f\u00fcr die Datenschutzstrategien oder den Inhalt dieser anderen Websites keine Verantwortung.<\/p>\n<p><strong>Urheber- und Kennzeichenrecht<\/strong><\/p>\n<p>Der Autor ist bestrebt, in allen Publikationen die Urheberrechte der verwendeten Grafiken, Tondokumente, Videosequenzen und Texte zu beachten, von ihm selbst erstellte Grafiken, Tondokumente, Videosequenzen und Texte zu nutzen oder auf lizenzfreie Grafiken, Tondokumente, Videosequenzen und Texte zur\u00fcckzugreifen.<\/p>\n<p>Alle innerhalb des Internetangebots genannten und ggf. durch Dritte gesch\u00fctzten Marken- und Warenzeichen unterliegen uneingeschr\u00e4nkt den Bestimmungen des jeweils g\u00fcltigen Kennzeichenrechts und den Besitzrechten der jeweiligen eingetragenen Eigent\u00fcmer. Allein aufgrund der blo\u00dfen Nennung ist nicht der Schluss zu ziehen, dass Markenzeichen nicht durch Rechte Dritter gesch\u00fctzt sind!<\/p>\n<p>Das Copyright f\u00fcr ver\u00f6ffentlichte, vom Autor selbst erstellte Objekte bleibt allein beim Autor der Seiten. Eine Vervielf\u00e4ltigung oder Verwendung solcher Grafiken, Tondokumente, Videosequenzen und Texte in anderen elektronischen oder gedruckten Publikationen ist ohne ausdr\u00fcckliche Zustimmung des Autors nicht gestattet.<\/p>\n<p><strong>Download von Daten, Dateien und Programmen<\/strong><\/p>\n<p>Die Benutzung der vom Autor bereitgestellten Daten, Dateien und Programme erfolgt auf eigene Gefahr. Dies bezieht sich insbesondere auf die Funktionalit\u00e4t und Virenfreiheit von Daten und Programmen, die sich von dieser Webseite laden lassen. Leider kann keine 100%ige Vertraulichkeit und Sicherheit bei der \u00dcbertragung mittels Internet gegeben werden. Wir \u00fcbernehmen keine Haftung f\u00fcr Sch\u00e4den, die Sie als Folge von Unterbrechung, Manipulation oder Missbrauch der \u00fcber Internet \u00fcbertragenen Informationen erleiden k\u00f6nnen.<\/p>\n<p>Der Autor kann nicht f\u00fcr Sch\u00e4den an Soft- oder Hardware verantwortlich gemacht werden. Jegliche Verantwortung der auf dieser Webseite angebotenen Software geht auf den Benutzer der Software zur\u00fcck.<\/p>\n<p><strong>Rechtswirksamkeit dieses Haftungsausschlusses<\/strong><\/p>\n<p>Sofern Teile oder einzelne Formulierungen dieses Textes der geltenden Rechtslage nicht, nicht mehr oder nicht vollst\u00e4ndig entsprechen sollten, bleiben die \u00fcbrigen Teile des Dokumentes in ihrem Inhalt und ihrer G\u00fcltigkeit davon unber\u00fchrt.<\/p>\n<p><strong>Kinder<\/strong><\/p>\n<p>Bitte achten Sie darauf, dass Kinder ohne die Zustimmung ihrer Eltern oder der Aufsichtsperson keine personenbezogenen Daten an diese Webseite \u00fcbermitteln. Wir die HIKITEC GmbH empfiehlt allen Eltern und Aufsichtspersonen, ihre Kinder auf den sicheren und verantwortungsbewussten Umgang mit personenbezogenen Daten im Internet hinzuweisen. Auf jeden Fall wird\u00a0HIKITEC nicht wissentlich personenbezogene Daten von Kindern speichern oder irgendwie nutzen oder ohne Berechtigung an Dritte weitergeben.<\/p>\n<\/div><\/section>\n<section class=\"av_textblock_section \"  itemscope=\"itemscope\" itemtype=\"https:\/\/schema.org\/CreativeWork\" ><div class='avia_textblock  '   itemprop=\"text\" ><input type=\"button\" value=\"Zur\u00fcck\" class=\"alg_back_button_input \" style=\"\" onclick=\"window.history.back()\" \/>\n<\/div><\/section>\n","protected":false},"excerpt":{"rendered":"","protected":false},"author":2,"featured_media":0,"parent":0,"menu_order":0,"comment_status":"closed","ping_status":"closed","template":"","meta":{"footnotes":""},"class_list":["post-57","page","type-page","status-publish","hentry"],"_links":{"self":[{"href":"https:\/\/hikitec.de\/de\/wp-json\/wp\/v2\/pages\/57","targetHints":{"allow":["GET"]}}],"collection":[{"href":"https:\/\/hikitec.de\/de\/wp-json\/wp\/v2\/pages"}],"about":[{"href":"https:\/\/hikitec.de\/de\/wp-json\/wp\/v2\/types\/page"}],"author":[{"embeddable":true,"href":"https:\/\/hikitec.de\/de\/wp-json\/wp\/v2\/users\/2"}],"replies":[{"embeddable":true,"href":"https:\/\/hikitec.de\/de\/wp-json\/wp\/v2\/comments?post=57"}],"version-history":[{"count":11,"href":"https:\/\/hikitec.de\/de\/wp-json\/wp\/v2\/pages\/57\/revisions"}],"predecessor-version":[{"id":750371,"href":"https:\/\/hikitec.de\/de\/wp-json\/wp\/v2\/pages\/57\/revisions\/750371"}],"wp:attachment":[{"href":"https:\/\/hikitec.de\/de\/wp-json\/wp\/v2\/media?parent=57"}],"curies":[{"name":"wp","href":"https:\/\/api.w.org\/{rel}","templated":true}]}}