{"id":59,"date":"2017-01-16T09:23:39","date_gmt":"2017-01-16T08:23:39","guid":{"rendered":"http:\/\/hikitec.de\/?page_id=59"},"modified":"2022-05-05T08:32:55","modified_gmt":"2022-05-05T06:32:55","slug":"agb","status":"publish","type":"page","link":"https:\/\/hikitec.de\/de\/agb\/","title":{"rendered":"AGB"},"content":{"rendered":"<section class=\"av_textblock_section \"  itemscope=\"itemscope\" itemtype=\"https:\/\/schema.org\/CreativeWork\" ><div class='avia_textblock  '   itemprop=\"text\" ><p><strong>Allgemeine Vertrags- und Gesch\u00e4ftsbedingungen der HIKITEC GmbH (Stand 10\/2021)<\/strong><\/p>\n<p><strong>1. Allgemeines<\/strong><\/p>\n<p>Die von der Firma HIKITEC GmbH gemachten Preisangaben und die von ihr erteilten Auftragsbedingungen erfolgen ausschlie\u00dflich auf Grund der nachstehenden Bedingungen. Jegliche \u00c4nderungen dieser Bedingungen bed\u00fcrfen der schriftlichen Zustimmung durch HIKITEC GmbH. Zudem beh\u00e4lt sich HIKITEC GmbH das Recht vor, Auftr\u00e4ge anzunehmen oder abzulehnen. Die Auftragserteilung im Anschluss an eine von HIKITEC GmbH gemachte Preisangabe ist f\u00fcr HIKITEC GmbH erst bindend, wenn eine schriftliche Auftragsbest\u00e4tigung vorliegt.<\/p>\n<p><strong> 2. Preise<\/strong><\/p>\n<p>Die angegebenen Preise gelten ab Werk, zuz\u00fcglich gesetzlicher Mehrwertsteuer, Fracht, Versicherung, Verpackung, sowie Daten\u00fcbernahme. Pakete werden mit einem Paketdienst versendet. Gro\u00dfe Lieferungen erfolgen durch einen von uns beauftragten Spediteur frei Bordsteinkante. Sollte eine weitere Anlieferung bzw. eine Lieferung an eine andere Adresse erfolgen, werden die hieraus resultierenden Kosten nachberechnet. Unsere Preise beinhalten keine Entsorgungskosten, sofern nicht gesondert ausgewiesen.<\/p>\n<p><strong> 3. Preisschwankungen<\/strong><\/p>\n<p>Die angegebenen Preise sind bei Fernostimporten Tagespreise und unterliegen W\u00e4hrungs- und Marktschwankungen. Wir behalten uns vor, die Preise (auch bereits best\u00e4tigte Preise) bei starken Schwankungen gegebenenfalls anzupassen.<\/p>\n<p><strong> 4. Schadensersatzanspr\u00fcche<\/strong><\/p>\n<p>Anspr\u00fcche des Auftraggebers sind in jedem Falle ausgeschlossen. Bei Nichtabnahme von bestellter Ware, sind 25% Schadensersatz zu leisten.<\/p>\n<p><strong> 5. Eigentumsvorbehalt<\/strong><\/p>\n<p>Alle gelieferten Waren bleiben bis zur Erf\u00fcllung unserer s\u00e4mtlichen Forderungen unser Eigentum (Vorbehaltsware), auch wenn Zahlungen f\u00fcr besonders bezeichnete Forderungen geleistet werden. Der K\u00e4ufer verpflichtet sich, die Vorbehaltsware nur im gew\u00f6hnlichen Gesch\u00e4ftsverkehr nach Ma\u00dfgabe der folgenden Bestimmungen zu seinen normalen Gesch\u00e4ftsbedingungen zu ver\u00e4u\u00dfern, und zwar so lange er nicht im Verzug ist. Der K\u00e4ufer tritt seine Forderung aus einer Weiterver\u00e4u\u00dferung bereits jetzt an uns ab. Er ist berechtigt, die abgetretenen Forderungen bis zu unserem jederzeit m\u00f6glichen Widerruf einzuziehen. Soweit unsere Forderungen f\u00e4llig sind, ist der K\u00e4ufer verpflichtet, die eingezogenen Forderungen unverz\u00fcglich an uns abzuf\u00fchren. Zur Abtretung der Forderung ist der K\u00e4ufer in keinem Fall berechtigt. Auf unser Verlangen hat der K\u00e4ufer seinem Abnehmer die Abtretung unverz\u00fcglich bekanntzugeben und uns die Benachrichtigung nachzuweisen, sowie die zur Einziehung notwendigen Ausk\u00fcnfte und Unterlagen mit dieser Benachrichtigung zu \u00fcbersenden. Der K\u00e4ufer hat uns von allen Zugriffen Dritter auf die Ware oder Forderung mittels Einschreiben zu unterrichten. Wir sind jederzeit berechtigt, die Weiterver\u00e4u\u00dferung von Vorbehaltsware<\/p>\n<p>zu untersagen und die Einzugserm\u00e4chtigung zu widerrufen, sofern der K\u00e4ufer in Verzug ist oder Umst\u00e4nde bekannt werden, die geeignet sind, seine Kreditw\u00fcrdigkeit zu mindern. In diesem Fall sind wir berechtigt, die R\u00fcckgabe der Ware auf Kosten des K\u00e4ufers zu verlangen, diese wegzunehmen oder, falls die Ware bereits weiterver\u00e4u\u00dfert wurde. Aber noch nicht vollst\u00e4ndig bezahlt ist, die Zahlung direkt vom Abnehmer des K\u00e4ufers zu verlangen.<\/p>\n<p><strong> 6. Produktion<\/strong><\/p>\n<p>Geringe Abweichungen in Qualit\u00e4t oder Ausf\u00fchrung, sind gestattet. Technische \u00c4nderungen zur Artikelverbesserung beh\u00e4lt sich die Firma HIKITEC GmbH vor. Aufgrund der in den Herstellerl\u00e4ndern gegebenen Herstellungsm\u00f6glichkeiten insbesondere bei Massenproduktionen, gilt als Qualit\u00e4tsma\u00dfstab herk\u00f6mmliche &#8222;Sortierung&#8220;. Generell sind nachfolgende leichte Fehler im Endprodukt vom Besteller zu akzeptieren und stellen keinen Reklamationsgrund dar. Druckfarben werden nach Pantone oder HKS Skalen hergestellt. Sie lassen sich lediglich aufgrund des Untergrundes an diese bedingt angleichen und m\u00fcssen akzeptiert werden.<\/p>\n<p><strong> 7. Toleranzen<\/strong><\/p>\n<p>Da in einer Produktion Differenzen nicht verhindert werden k\u00f6nnen, werden f\u00fcr die zu erwartende Qualit\u00e4t maximale Abweichungen in Toleranzwerten festgelegt.<\/p>\n<p>Unter einer Toleranz von \u00b10.1 mm wird eine Schwankungsbreite von 0.2 mm verstanden. In der Regel werden Materialien zu Endprodukten verarbeitet, welche in sich und durch den Druck schon vor der Druckweiterverarbeitung Differenzen aufweisen. Es wird deshalb unterschieden zwischen:<\/p>\n<p>Importierten Differenzen<\/p>\n<p>Toleranzen in der Druckweiterverarbeitung<\/p>\n<p><strong>8 .Speicher<\/strong><\/p>\n<p>Geringf\u00fcgige Abweichungen bei angegebenen Speicherkapazit\u00e4ten (z. B. USB-Sticks) sind technisch bedingt und m\u00fcssen akzeptiert werden. Sie stellen keinen Reklamationsgrund dar.<\/p>\n<p><strong> 9. Liefer- und Leistungsumpfang<\/strong><\/p>\n<p>Mehr- oder Minderlieferungen bis zu 10 % (produktions- und artikelabh\u00e4ngig) sind technisch bedingt und m\u00fcssen akzeptiert werden. Mehr- oder Minderlieferungen werden mit dem Kunden abgerechnet. Mehr- oder Minderlieferungen berechtigen grunds\u00e4tzlich nicht zur Annahmeverweigerung oder zum R\u00fccktritt vom Vertrag.<\/p>\n<p><strong>10. M\u00e4ngelmeldung<\/strong><\/p>\n<p>M\u00e4ngelr\u00fcgen hat der K\u00e4ufer innerhalb von 10 Tagen nach Eingang der Ware bei uns eingehend schriftlich geltend zu machen. Beanstandete Ware ist auf Aufforderung auf Kosten und Gefahr des K\u00e4ufers an uns zu \u00fcbersenden. Von uns als mangelhaft anerkannte Ware wird nach unserer Wahl kostenfrei instandgesetzt, ausgetauscht oder gegen Gutschrift des Rechnungsbetrages zur\u00fcckgenommen. Stattdessen k\u00f6nnen wir auch den Minderwert ersetzen. Weitergehende Anspr\u00fcche des K\u00e4ufers sind ausgeschlossen. Die Gew\u00e4hrleistungsrechte des K\u00e4ufers entfallen, solange der K\u00e4ufer in Verzug ist oder die Ware unsachgem\u00e4\u00df behandelt, oder an ihnen Reparaturen oder \u00c4nderungen ohne unsere Einwilligung versucht oder vorgenommen hat, oder von Dritten hat ausf\u00fchren lassen. F\u00fcr die Verletzung gewerblicher Schutzrechte wird keine Haftung \u00fcbernommen. F\u00fcr die Lieferung von Ersatzst\u00fccken gelten die gleichen Bedingungen wie f\u00fcr die urspr\u00fcngliche Leistung.<\/p>\n<p><strong> 11. H\u00f6here Gewalt<\/strong><\/p>\n<p>Die HIKITEC GmbH kann nicht wegen vers\u00e4umter Erf\u00fcllung einer Verpflichtung aus dem Vertrag haftbar gemacht werden, wenn das Vers\u00e4umnis die direkte oder indirekte Folge eines Ereignisses au\u00dferhalb des Einflussbereiches des Verk\u00e4ufers ist. Dazu geh\u00f6rt insbesondere jegliche Art von h\u00f6herer Gewalt; die Verweigerung, Einschr\u00e4nkung, Aussetzung oder R\u00fccknahme einer Lizenz einer Genehmigung oder anderer Ma\u00dfnahmen seitens der zust\u00e4ndigen Beh\u00f6rden, Feuer, Explosion, \u00dcberschwemmung, Maschinenausfall, Streik, Aussperrung, Materialknappheit, Krieg, Aufstand, Energie oder Transportm\u00f6glichkeiten oder sonstige Tarifauseinandersetzungen.<\/p>\n<p><strong>12. Export<\/strong><\/p>\n<p>Dem K\u00e4ufer ist bekannt, dass im Hinblick auf den Export der Liefergegenst\u00e4nde, Beschr\u00e4nkungen bestehen k\u00f6nnen, insbesondere eine beh\u00f6rdliche Genehmigung erforderlich sein k\u00f6nnte. Falls der K\u00e4ufer beabsichtigt, die Liefergegenst\u00e4nde aus dem Land, in dem er seinen Wohnsitz oder Sitz hat, oder aus einem anderen Land, in das sie auf Wunsch des K\u00e4ufers von HIKITEC GmbH geliefert werden sollen, wieder zu exportieren, so wird der K\u00e4ufer dies der HIKITEC GmbH mitteilen. Nach Eingang der Mitteilung wird die HIKITEC GmbH den K\u00e4ufer \u00fcber etwaige Exportbeschr\u00e4nkungen sowie das Verfahren zur Erlangung einer Exportgenehmigung informieren. Weitergehende Anspr\u00fcche gegen\u00fcber der HIKITEC GmbH bestehen nicht<\/p>\n<p><strong>13. Werbung<\/strong><\/p>\n<p>Die HIKITEC GmbH beh\u00e4lt sich das Recht vor, im Kundenauftrag gefertigte Artikel als Muster oder zu Werbe- bzw. Referenzzwecke weiterzuverwenden. Der K\u00e4ufer muss die Verwendung vor Auftragserteilung ausdr\u00fccklich untersagen; ansonsten gilt die Verwendung als genehmigt.<\/p>\n<p><strong>14. Zahlung<\/strong><\/p>\n<p>Die HIKITEC GmbH beh\u00e4lt sich vor die vereinbarte Leistung auf elektronischem Weg per E-Mail in Rechnung zu stellen. Die Lieferung der Ware erfolgt gegen Vorauskasse, es sei denn eine andere Zahlungsmodalit\u00e4t ist zwischen den Vertragsparteien ausdr\u00fccklich vereinbart worden. Soweit nicht anders vereinbart, sind unsere Rechnungen auszugleichen.<\/p>\n<p><strong>15. Gefahren\u00fcberang<\/strong><\/p>\n<p>Die Gefahr geht auf den K\u00e4ufer \u00fcber, sobald die Sendung an die den Transport ausf\u00fchrende Person \u00fcbergeben worden ist. Wird der Versand auf Wunsch des Kunden verz\u00f6gert, geht die Gefahr mit der Meldung der Versandbereitschaft auf ihn \u00fcber.<\/p>\n<p><strong> 16. Gew\u00e4hrleistung<\/strong><\/p>\n<p>Die Firma HIKITEC GmbH gew\u00e4hrleistet f\u00fcr eine Dauer von 24 Monaten ab Lieferdatum, dass die Liefergegenst\u00e4nde nach dem jeweiligen Stand der Technik frei von Fehlern sind. Die Gew\u00e4hrleistung ist f\u00fcr folgende F\u00e4lle ausgeschlossen: Normale Abnutzung, Verschlei\u00dfteile, unsachgem\u00e4\u00dfe Verwendung, Nichtbeachtung von\u00a0\u00a0 Anwendungshinweisen, Brand, Blitzschlag, \u00dcberspannung, Feuchtigkeit aller Art, Betrieb mit falscher Strom-Art, oder Stromspannung, Eingriffe oder Reparaturen durch nicht autorisierte Personen, Inkompatibilit\u00e4t bei nicht unterst\u00fctzenden Betriebssystemen oder anderer inkompatiblen Software.<\/p>\n<p>Sollte HIKITEC GmbH Reparatureinsendungen nach Ablauf der Gew\u00e4hrleistung akzeptieren, besteht f\u00fcr den K\u00e4ufer gegen\u00fcber der HIKITEC GmbH kein Recht auf Minderung, Wandlung oder Neulieferung. In diesem Fall leitet die HIKITEC GmbH den Reparaturgegenstand lediglich f\u00fcr den K\u00e4ufer an ihren Vorlieferanten weiter, um die Inanspruchnahme einer eventuell bestehenden l\u00e4ngeren Herstellergarantie zu erm\u00f6glichen. Offensichtliche M\u00e4ngel sind unverz\u00fcglich jedoch 10 Werktage nach Erhalt der Lieferung schriftlich anzuzeigen. Andernfalls sind hierf\u00fcr M\u00e4ngelanspr\u00fcche ausgeschlossen. Im kaufm\u00e4nnischen Verkehr gelten erg\u00e4nzend \u00a7\u00a7377, 387 HGB. R\u00fccksendungen sind nur unter Verwendung einer der durch die Serviceabteilung der HIKITEC GmbH erteilten RMA Nummer m\u00f6glich. Bei dieser stets freien R\u00fccksendung ist eine Rechnungskopie und eine detaillierte Fehlerbeschreibung bei zuf\u00fchren. Besteht f\u00fcr ein Produkt oder eine Produktgruppe ein gesonderter Service des Herstellers, so sind die R\u00fccksendungen nach Vorgabe des Herstellers, direkt an ihn zu richten.\u00a0 Die HIKITEC GmbH beh\u00e4lt sich vor unautorisierte, unfreie, sowie R\u00fccksendungen ohne Kaufnachweis oder sonstiger fehlender Unterlagen zu Lasten des K\u00e4ufers zuz\u00fcglich einer Abwicklungspauschale gem\u00e4\u00df der Servicepreisliste an den K\u00e4ufer zur\u00fcck zu retournieren. Soweit ein von uns zu vertretender Mangel an dem Liefergegenstand vorliegt, ist die HIKITEC GmbH nach ihrer Wahl zur M\u00e4ngelbeseitigung oder zur Neulieferung im Sinne des \u00a7439 BGB berechtigt. Weitergehende Rechte, insbesondere das Recht zur Wandlung des Kaufvertrages, k\u00f6nnen wir nur nach Ablauf einer gewissen Frist zur Nacherf\u00fcllung, bzw. Nachbesserung oder nach zweimaligem Fehlschlagen dieser geltend gemacht werden.\u00a0 Nach Ablauf von 12 Monaten ab Lieferdatum beschr\u00e4nken sich die Gew\u00e4hrleitungsanspr\u00fcche auf M\u00e4ngelbeseitigung oder Zeitwertgutschrift nach Wahl der HIKITEC GmbH. Der K\u00e4ufer ist verpflichtet vor R\u00fcckgabe des Liefergegenstandes eigenst\u00e4ndig eine Datensicherung der von ihm ben\u00f6tigten Daten vorzunehmen. Die HIKITEC GmbH \u00fcbernimmt keine Haftung auf eventuell verloren gegangene Daten, die sich zum Zeitpunkt der R\u00fcckgabe auf dem Speichermedium befinden. Durch den Austausch von Teilen, Baugruppen oder ganzen Ger\u00e4ten treten keine neuen Gew\u00e4hrleistungsfristen in Kraft. Die ausgebauten bzw. ersetzten Teile gehen in das Eigentum von HIKITEC GmbH \u00fcber. In F\u00e4llen, in denen \u2013 auch f\u00fcr unseren K\u00e4ufer \u2013 kein Verbrauchsg\u00fcterkauf innerhalb der Lieferkette vorliegt, finden die Vorschriften \u00a7\u00a7474-479 BGB keine Anwendung. Sollte der K\u00e4ufer die Ware im Rahmen eines Verbrauchsg\u00fcterkaufs weiterverkaufen, so kann der Ersatz entstandener Aufwendungen i. S. d. \u00a7478 BGB nur verlangt werden, wenn f\u00fcr die Entstehung der Aufwendungen ein Nachweis erbracht wird. Ersatz f\u00fcr solche Aufwendungen wird nur bis maximal 2 % des Netto-Warenwertes gew\u00e4hrt. Weitergehende Anspr\u00fcche, die auf \u00a7478 BGB zur\u00fcckgreifen, sind durch die vereinbarte 24-monatige Gew\u00e4hrleistung als gleichwertiger Ausgleich i. S. d. \u00a7 478 IV S. 1 BGB abgerungen. Soweit nicht anders ausdr\u00fccklich vereinbart, sind weitere Anspr\u00fcche des K\u00e4ufers \u2013 gleich aus welchem Rechtsgrund \u2013 ausgeschlossen. Die HIKITEC GmbH haftet deshalb nicht f\u00fcr Sch\u00e4den, die nicht im Liefergegenstand unmittelbar entstanden sind, insbesondere nicht f\u00fcr den entgangenen Gewinn oder sonstige Verm\u00f6genssch\u00e4den des K\u00e4ufers. Vorstehende Haftungsbefreiung gilt nicht, sofern der Schaden auf Vorsatz, grober Fahrl\u00e4ssigkeit, das Fehlen einer zugesicherten Eigenschaft, Verletzung vertragswesentlicher Pflichten, Leistungsverzug, Unm\u00f6glichkeit oder Anspr\u00fcche die auf \u00a7\u00a71.4 des Produkthaftungsgesetz beruhen entstanden sind.\u00a0 F\u00fcr die Wiederherstellung von Daten haftet die HIKITEC GmbH nicht, sofern sie den Verlust vors\u00e4tzlich oder grobfahrl\u00e4ssig verursacht hat und der K\u00e4ufer sichergestellt hat, dass eine Datensicherung erfolgt ist, so dass die Daten mit vertretbarem Aufwand rekonstruiert werden k\u00f6nnen. Schadensanspr\u00fcche k\u00f6nnen in allen F\u00e4llen, auch bei fehlgeschlagener Nachbesserung oder Nachlieferung nur dann gegen HIKITEC GmbH geltend gemacht werden, wenn ihr Vorsatz oder grobe Fahrl\u00e4ssigkeit nachgewiesen werden, oder wenn zugesicherte Eigenschaften fehlen. Soweit die Haftung f\u00fcr die HIKITEC GmbH ausgeschlossen ist, gilt dies insbesondere auch f\u00fcr die pers\u00f6nliche Haftung ihrer Arbeitnehmer, Mitarbeiter, Vertreter und Erf\u00fcllungsgehilfen. Erg\u00e4nzend zu den hier genannten Punkten gelten in allen F\u00e4llen die aktuellen, jeder Lieferung beiliegenden R\u00fccksende- und Servicebedingungen der HIKITEC GmbH.<\/p>\n<p><strong> 17. Vertragsbruch<\/strong><strong> und Zahlungsunf\u00e4higkeit des K\u00e4ufers<\/strong><\/p>\n<p>Unbeschadet anderer Anspr\u00fcche oder Rechte kann die HIKITEC GmbH das Vertragsverh\u00e4ltnis fristlos k\u00fcndigen, wenn der K\u00e4ufer seinen Zahlungsverpflichtungen nicht fristgerecht nachkommt oder eine andere wesentliche Vertragspflicht verletzt, seinen Gesch\u00e4ftsbetrieb einstellt oder die Er\u00f6ffnung eines Konkurs- oder Vergleichsverfahrens beantragt, ferner, wenn das Konkurs- oder Vergleichsverfahren \u00fcber das Verm\u00f6gen des K\u00e4ufers auf Antrag eines Dritten er\u00f6ffnet wird.<\/p>\n<p><strong> 18. Produktsicherheit<\/strong><\/p>\n<p>Zur Einhaltung des Produktsicherheitsgesetztes (ProdSG \u00a76) werden Produkte, sofern der Kunde keine anderen Angaben hierzu macht, standardm\u00e4\u00dfig mit den Kontakt- und Adressdaten der HIKITEC GmbH gekennzeichnet. Eine Abweichung kann nur gegen Berechnung der Selbstkosten durchgef\u00fchrt werden.<\/p>\n<p><strong> 19. Zentralstelle f\u00fcr private \u00dcberspielungsrechte (ZP\u00dc)<\/strong><\/p>\n<p>In unseren Preisen sind die abzuf\u00fchrenden GEMA-Geb\u00fchren enthalten. Die Verg\u00fctungspflicht der H\u00e4ndler von verg\u00fctungspflichtigen Produkten ergibt sich aus \u00a7 54b Abs. 1 und 3 UrhG. Der H\u00e4ndler haftet neben dem Hersteller und dem Importeur als Gesamtschuldner. Gem\u00e4\u00df \u00a7 54 Abs. 3 UrhG entf\u00e4llt die Verg\u00fctungspflicht des H\u00e4ndlers, soweit er die Art und St\u00fcckzahl der bezogenen Ger\u00e4te und Speichermedien und ihre Bezugsquelle der ZP\u00dc jeweils bis zum 10. Januar und 10. Juli f\u00fcr das vorangegangene Kalenderhalbjahr unaufgefordert schriftlich mitteilt (\u00a7 54b Abs. 3 Nr. 2 UrhG).<\/p>\n<p><strong> 20. Anzuwendendes Recht, Gerichtsstand<\/strong><\/p>\n<p>Die Vertr\u00e4ge der Parteien unterliegen dem deutschen Recht. Gerichtsstand ist D\u00fcsseldorf. F\u00fcr Personen, die im Inland keinen allgemeinen Gerichtsstand haben oder zum Zeitpunkt der Klageerhebung nicht mehr haben, ist D\u00fcsseldorf ebenfalls \u00f6rtlicher Gerichtsstand. Vorstehende Gerichtsstandvereinbarungen gelten f\u00fcr alle Streitigkeiten aus dem Vertrag und im Zusammenhang mit diesem. Vorstehende Gerichtsstandvereinbarung gilt auch bei Streitigkeiten aus abgetretenem Recht eines unserer Leistungstr\u00e4ger, Vertragsh\u00e4user oder als Prozess-standschafter dieser Personen.<\/p>\n<p><strong>21. <a href=\"http:\/\/hikitec.de\/datenschutz\/\" target=\"_blank\" rel=\"noopener noreferrer\">Datenschutz<\/a><\/strong><\/p>\n<p>Die f\u00fcr die Abwicklung der Bestellung erforderlichen Daten werden unter Einhaltung des Datenschutzgesetzes gespeichert und vertraulich behandelt. Wir behalten uns vor, die im Kontext eines Auftrags erhobenen Daten f\u00fcr die Bewerbung eigener \u00e4hnlicher Waren zu verwenden. Sie k\u00f6nnen dieser Verwendung jederzeit widersprechen<\/p>\n<p><strong>22. Handel<\/strong><\/p>\n<p>Die HIKITEC GmbH beliefert ausschlie\u00dflich Gewerbetreibende, Privatpersonen werden nicht beliefert.<\/p>\n<p><strong>\u00a023. <\/strong><strong>Salvatorische Klausel<\/strong><\/p>\n<p>Sollten einzelne Bestimmungen dieser Gesch\u00e4ftsbedingungen ganz oder teilweise rechtsunwirksam bzw. l\u00fcckenhaft sein oder werden, so wird hierdurch die G\u00fcltigkeit der \u00fcbrigen Bestimmungen nicht ber\u00fchrt. Die mangelhafte oder l\u00fcckenhafte Bestimmung ist in eine solche umzudeuten, deren wirtschaftlicher und juristischer Sinn der mangelhafter Bestimmung m\u00f6glichst nahe kommt, aber wirksam und\/oder vollst\u00e4ndig ist.<\/p>\n<\/div><\/section>\n<section class=\"av_textblock_section \"  itemscope=\"itemscope\" itemtype=\"https:\/\/schema.org\/CreativeWork\" ><div class='avia_textblock  '   itemprop=\"text\" ><input type=\"button\" value=\"Zur\u00fcck\" class=\"alg_back_button_input \" style=\"\" onclick=\"window.history.back()\" \/>\n<\/div><\/section>\n","protected":false},"excerpt":{"rendered":"","protected":false},"author":2,"featured_media":0,"parent":0,"menu_order":0,"comment_status":"closed","ping_status":"closed","template":"","meta":{"footnotes":""},"class_list":["post-59","page","type-page","status-publish","hentry"],"_links":{"self":[{"href":"https:\/\/hikitec.de\/de\/wp-json\/wp\/v2\/pages\/59","targetHints":{"allow":["GET"]}}],"collection":[{"href":"https:\/\/hikitec.de\/de\/wp-json\/wp\/v2\/pages"}],"about":[{"href":"https:\/\/hikitec.de\/de\/wp-json\/wp\/v2\/types\/page"}],"author":[{"embeddable":true,"href":"https:\/\/hikitec.de\/de\/wp-json\/wp\/v2\/users\/2"}],"replies":[{"embeddable":true,"href":"https:\/\/hikitec.de\/de\/wp-json\/wp\/v2\/comments?post=59"}],"version-history":[{"count":19,"href":"https:\/\/hikitec.de\/de\/wp-json\/wp\/v2\/pages\/59\/revisions"}],"predecessor-version":[{"id":717445,"href":"https:\/\/hikitec.de\/de\/wp-json\/wp\/v2\/pages\/59\/revisions\/717445"}],"wp:attachment":[{"href":"https:\/\/hikitec.de\/de\/wp-json\/wp\/v2\/media?parent=59"}],"curies":[{"name":"wp","href":"https:\/\/api.w.org\/{rel}","templated":true}]}}