{"id":6065,"date":"2018-05-28T15:36:19","date_gmt":"2018-05-28T13:36:19","guid":{"rendered":"http:\/\/hikitec.de\/?page_id=6065"},"modified":"2023-10-11T21:23:03","modified_gmt":"2023-10-11T19:23:03","slug":"newsletter","status":"publish","type":"page","link":"https:\/\/hikitec.de\/de\/newsletter\/","title":{"rendered":"Newsletter"},"content":{"rendered":"<form style=\"display: inline;\" action=\"https:\/\/002.frnl.de\/box.php\" enctype=\"multipart\/form-data\" method=\"post\" name=\"v1244dc274f0c124v\">\n<table width=\"00\" cellspacing=\"0\" cellpadding=\"0\" border=\"0\">\n<tbody>\n<tr>\n<td style=\"font-family: Arial; font-size: 15px; color: #000000;\">&nbsp;Firma<\/td>\n<td><input style=\"font-family: Arial; font-size: 14px; color: #000000;\" name=\"field[2667,0]\" size=\"24\" type=\"text\"><\/td>\n<\/tr>\n<tr>\n<td style=\"font-family: Arial; font-size: 15px; color: #000000;\">&nbsp;Anrede<\/td>\n<td><select style=\"font-family: Arial; font-size: 14px; color: #000000;\" name=\"field[2668,0]\" size=\"1\"><option value=\"no\">Bitte ausw\u00e4hlen<\/option><option value=\"Herr\">Herr<\/option><option value=\"Frau\">Frau<\/option><\/select><\/td>\n<\/tr>\n<tr>\n<td style=\"font-family: Arial; font-size: 15px; color: #000000;\">&nbsp;Vorname<\/td>\n<td><input style=\"font-family: Arial; font-size: 14px; color: #000000;\" name=\"field[2669,0]\" size=\"24\" type=\"text\"><\/td>\n<\/tr>\n<tr>\n<td style=\"font-family: Arial; font-size: 15px; color: #000000;\">&nbsp;Nachname<\/td>\n<td><input style=\"font-family: Arial; font-size: 14px; color: #000000;\" name=\"name\" size=\"24\" type=\"text\"><\/td>\n<\/tr>\n<tr>\n<td style=\"font-family: Arial; font-size: 15px; color: #000000;\">&nbsp;E-Mail*<\/td>\n<td><input style=\"font-family: Arial; font-size: 14px; color: #000000;\" name=\"email\" size=\"24\" type=\"email\"><\/td>\n<\/tr>\n<tr>\n<td style=\"font-family: Arial; font-size: 15px; color: #000000;\">&nbsp;Strasse<\/td>\n<td><input style=\"font-family: Arial; font-size: 14px; color: #000000;\" name=\"field[2670,0]\" size=\"24\" type=\"text\"><\/td>\n<\/tr>\n<tr>\n<td style=\"font-family: Arial; font-size: 15px; color: #000000;\">&nbsp;Hausnummer<\/td>\n<td><input style=\"font-family: Arial; font-size: 14px; color: #000000;\" name=\"field[2671,0]\" size=\"24\" type=\"text\"><\/td>\n<\/tr>\n<tr>\n<td style=\"font-family: Arial; font-size: 15px; color: #000000;\">&nbsp;Postleitzahl<\/td>\n<td><input style=\"font-family: Arial; font-size: 14px; color: #000000;\" name=\"field[2672,0]\" size=\"24\" type=\"text\"><\/td>\n<\/tr>\n<tr>\n<td style=\"font-family: Arial; font-size: 15px; color: #000000;\">&nbsp;Ort<\/td>\n<td><input style=\"font-family: Arial; font-size: 14px; color: #000000;\" name=\"field[2673,0]\" size=\"24\" type=\"text\"><\/td>\n<\/tr>\n<tr>\n<td style=\"font-family: Arial; font-size: 15px; color: #000000;\">&nbsp;Land<\/td>\n<td><select style=\"font-family: Arial; font-size: 14px; color: #000000;\" name=\"field[2674,0]\" size=\"1\"><option value=\"\">Bitte ausw\u00e4hlen<\/option><option value=\"Afghanistan\">Afghanistan<\/option><option value=\"\u00c5land Islands\">\u00c5land Islands<\/option><option value=\"Albania\">Albania<\/option><option value=\"Algeria\">Algeria<\/option><option value=\"American Samoa\">American Samoa<\/option><option value=\"Andorra\">Andorra<\/option><option value=\"Angola\">Angola<\/option><option value=\"Anguilla\">Anguilla<\/option><option value=\"Antarctica\">Antarctica<\/option><option value=\"Antigua and Barbuda\">Antigua and Barbuda<\/option><option value=\"Argentina\">Argentina<\/option><option value=\"Armenia\">Armenia<\/option><option value=\"Aruba\">Aruba<\/option><option value=\"Australia\">Australia<\/option><option value=\"Austria\">Austria<\/option><option value=\"Azerbaijan\">Azerbaijan<\/option><option value=\"Bahamas\">Bahamas<\/option><option value=\"Bahrain\">Bahrain<\/option><option value=\"Bangladesh\">Bangladesh<\/option><option value=\"Barbados\">Barbados<\/option><option value=\"Belarus\">Belarus<\/option><option value=\"Belgium\">Belgium<\/option><option value=\"Belize\">Belize<\/option><option value=\"Benin\">Benin<\/option><option value=\"Bermuda\">Bermuda<\/option><option value=\"Bhutan\">Bhutan<\/option><option value=\"Bolivia\">Bolivia<\/option><option value=\"Bosnia and Herzegovina\">Bosnia and Herzegovina<\/option><option value=\"Botswana\">Botswana<\/option><option value=\"Bouvet Island\">Bouvet Island<\/option><option value=\"Brazil\">Brazil<\/option><option value=\"British Indian Ocean Territory\">British Indian Ocean Territory<\/option><option value=\"Brunei Darussalam\">Brunei Darussalam<\/option><option value=\"Bulgaria\">Bulgaria<\/option><option value=\"Burkina Faso\">Burkina Faso<\/option><option value=\"Burundi\">Burundi<\/option><option value=\"Cambodia\">Cambodia<\/option><option value=\"Cameroon\">Cameroon<\/option><option value=\"Canada\">Canada<\/option><option value=\"Cape Verde\">Cape Verde<\/option><option value=\"Cayman Islands\">Cayman Islands<\/option><option value=\"Central African Republic\">Central African Republic<\/option><option value=\"Chad\">Chad<\/option><option value=\"Chile\">Chile<\/option><option value=\"China\">China<\/option><option value=\"Christmas Island\">Christmas Island<\/option><option value=\"Cocos (Keeling) Islands\">Cocos (Keeling) Islands<\/option><option value=\"Colombia\">Colombia<\/option><option value=\"Comoros\">Comoros<\/option><option value=\"Congo\">Congo<\/option><option value=\"Congo the Democratic Republic of the\">Congo the Democratic Republic of the<\/option><option value=\"Cook Islands\">Cook Islands<\/option><option value=\"Costa Rica\">Costa Rica<\/option><option value=\"C\u00f4te dIvoire\">C\u00f4te dIvoire<\/option><option value=\"Croatia\">Croatia<\/option><option value=\"Cuba\">Cuba<\/option><option value=\"Cyprus\">Cyprus<\/option><option value=\"Czech Republic\">Czech Republic<\/option><option value=\"Denmark\">Denmark<\/option><option value=\"Djibouti\">Djibouti<\/option><option value=\"Dominica\">Dominica<\/option><option value=\"Dominican Republic\">Dominican Republic<\/option><option value=\"Ecuador\">Ecuador<\/option><option value=\"Egypt\">Egypt<\/option><option value=\"El Salvador\">El Salvador<\/option><option value=\"Equatorial Guinea\">Equatorial Guinea<\/option><option value=\"Eritrea\">Eritrea<\/option><option value=\"Estonia\">Estonia<\/option><option value=\"Ethiopia\">Ethiopia<\/option><option value=\"Falkland Islands (Malvinas)\">Falkland Islands (Malvinas)<\/option><option value=\"Faroe Islands\">Faroe Islands<\/option><option value=\"Fiji\">Fiji<\/option><option value=\"Finland\">Finland<\/option><option value=\"France\">France<\/option><option value=\"French Guiana\">French Guiana<\/option><option value=\"French Polynesia\">French Polynesia<\/option><option value=\"French Southern Territories\">French Southern Territories<\/option><option value=\"Gabon\">Gabon<\/option><option value=\"Gambia\">Gambia<\/option><option value=\"Georgia\">Georgia<\/option><option value=\"Germany\">Germany<\/option><option value=\"Ghana\">Ghana<\/option><option value=\"Gibraltar\">Gibraltar<\/option><option value=\"Greece\">Greece<\/option><option value=\"Greenland\">Greenland<\/option><option value=\"Grenada\">Grenada<\/option><option value=\"Guadeloupe\">Guadeloupe<\/option><option value=\"Guam\">Guam<\/option><option value=\"Guatemala\">Guatemala<\/option><option value=\"Guernsey\">Guernsey<\/option><option value=\"Guinea\">Guinea<\/option><option value=\"Guinea-Bissau\">Guinea-Bissau<\/option><option value=\"Guyana\">Guyana<\/option><option value=\"Haiti\">Haiti<\/option><option value=\"Heard Island and McDonald Islands\">Heard Island and McDonald Islands<\/option><option value=\"Holy See (Vatican City State)\">Holy See (Vatican City State)<\/option><option value=\"Honduras\">Honduras<\/option><option value=\"Hong Kong\">Hong Kong<\/option><option value=\"Hungary\">Hungary<\/option><option value=\"Iceland\">Iceland<\/option><option value=\"India\">India<\/option><option value=\"Indonesia\">Indonesia<\/option><option value=\"Iran, Islamic Republic of\">Iran, Islamic Republic of<\/option><option value=\"Iraq\">Iraq<\/option><option value=\"Ireland\">Ireland<\/option><option value=\"Isle of Man\">Isle of Man<\/option><option value=\"Israel\">Israel<\/option><option value=\"Italy\">Italy<\/option><option value=\"Jamaica\">Jamaica<\/option><option value=\"Japan\">Japan<\/option><option value=\"Jersey\">Jersey<\/option><option value=\"Jordan\">Jordan<\/option><option value=\"Kazakhstan\">Kazakhstan<\/option><option value=\"Kenya\">Kenya<\/option><option value=\"Kiribati\">Kiribati<\/option><option value=\"Korea, Democratic People\u00b4s Republic of\">Korea, Democratic People\u00b4s Republic of<\/option><option value=\"Korea, Republic of\">Korea, Republic of<\/option><option value=\"Kuwait\">Kuwait<\/option><option value=\"Kyrgyzstan\">Kyrgyzstan<\/option><option value=\"Lao People\u00b4s Democratic Republic\">Lao People\u00b4s Democratic Republic<\/option><option value=\"Latvia\">Latvia<\/option><option value=\"Lebanon\">Lebanon<\/option><option value=\"Lesotho\">Lesotho<\/option><option value=\"Liberia\">Liberia<\/option><option value=\"Libyan Arab Jamahiriya\">Libyan Arab Jamahiriya<\/option><option value=\"Liechtenstein\">Liechtenstein<\/option><option value=\"Lithuania\">Lithuania<\/option><option value=\"Luxembourg\">Luxembourg<\/option><option value=\"Macao\">Macao<\/option><option value=\"Macedonia, the Former Yugoslav Republic of\">Macedonia, the Former Yugoslav Republic of<\/option><option value=\"Madagascar\">Madagascar<\/option><option value=\"Malawi\">Malawi<\/option><option value=\"Malaysia\">Malaysia<\/option><option value=\"Maldives\">Maldives<\/option><option value=\"Mali\">Mali<\/option><option value=\"Malta\">Malta<\/option><option value=\"Marshall Islands\">Marshall Islands<\/option><option value=\"Martinique\">Martinique<\/option><option value=\"Mauritania\">Mauritania<\/option><option value=\"Mauritius\">Mauritius<\/option><option value=\"Mayotte\">Mayotte<\/option><option value=\"Mexico\">Mexico<\/option><option value=\"Micronesia, Federated States of\">Micronesia, Federated States of<\/option><option value=\"Moldova, Republic of\">Moldova, Republic of<\/option><option value=\"Monaco\">Monaco<\/option><option value=\"Mongolia\">Mongolia<\/option><option value=\"Montenegro\">Montenegro<\/option><option value=\"Montserrat\">Montserrat<\/option><option value=\"Morocco\">Morocco<\/option><option value=\"Mozambique\">Mozambique<\/option><option value=\"Myanmar\">Myanmar<\/option><option value=\"Namibia\">Namibia<\/option><option value=\"Nauru\">Nauru<\/option><option value=\"Nepal\">Nepal<\/option><option value=\"Netherlands\">Netherlands<\/option><option value=\"Netherlands Antilles\">Netherlands Antilles<\/option><option value=\"New Caledonia\">New Caledonia<\/option><option value=\"New Zealand\">New Zealand<\/option><option value=\"Nicaragua\">Nicaragua<\/option><option value=\"Niger\">Niger<\/option><option value=\"Nigeria\">Nigeria<\/option><option value=\"Niue\">Niue<\/option><option value=\"Norfolk Island\">Norfolk Island<\/option><option value=\"Northern Mariana Islands\">Northern Mariana Islands<\/option><option value=\"Norway\">Norway<\/option><option value=\"Oman\">Oman<\/option><option value=\"Pakistan\">Pakistan<\/option><option value=\"Palau\">Palau<\/option><option value=\"Palestinian Territory, Occupied\">Palestinian Territory, Occupied<\/option><option value=\"Panama\">Panama<\/option><option value=\"Papua New Guinea\">Papua New Guinea<\/option><option value=\"Paraguay\">Paraguay<\/option><option value=\"Peru\">Peru<\/option><option value=\"Philippines\">Philippines<\/option><option value=\"Pitcairn\">Pitcairn<\/option><option value=\"Poland\">Poland<\/option><option value=\"Portugal\">Portugal<\/option><option value=\"Puerto Rico\">Puerto Rico<\/option><option value=\"Qatar\">Qatar<\/option><option value=\"R\u00e9union\">R\u00e9union<\/option><option value=\"Romania\">Romania<\/option><option value=\"Russian Federation\">Russian Federation<\/option><option value=\"Rwanda\">Rwanda<\/option><option value=\"Saint Helena\">Saint Helena<\/option><option value=\"Saint Kitts and Nevis\">Saint Kitts and Nevis<\/option><option value=\"Saint Lucia\">Saint Lucia<\/option><option value=\"Saint Pierre and Miquelon\">Saint Pierre and Miquelon<\/option><option value=\"Saint Vincent and the Grenadines\">Saint Vincent and the Grenadines<\/option><option value=\"Samoa\">Samoa<\/option><option value=\"San Marino\">San Marino<\/option><option value=\"Sao Tome and Principe\">Sao Tome and Principe<\/option><option value=\"Saudi Arabia\">Saudi Arabia<\/option><option value=\"Senegal\">Senegal<\/option><option value=\"Serbia\">Serbia<\/option><option value=\"Seychelles\">Seychelles<\/option><option value=\"Sierra Leone\">Sierra Leone<\/option><option value=\"Singapore\">Singapore<\/option><option value=\"Slovakia\">Slovakia<\/option><option value=\"Slovenia\">Slovenia<\/option><option value=\"Solomon Islands\">Solomon Islands<\/option><option value=\"Somalia\">Somalia<\/option><option value=\"South Africa\">South Africa<\/option><option value=\"South Georgia and the South Sandwich Islands\">South Georgia and the South Sandwich Islands<\/option><option value=\"Spain\">Spain<\/option><option value=\"Sri Lanka\">Sri Lanka<\/option><option value=\"Sudan\">Sudan<\/option><option value=\"Suriname\">Suriname<\/option><option value=\"Svalbard and Jan Mayen\">Svalbard and Jan Mayen<\/option><option value=\"Swaziland\">Swaziland<\/option><option value=\"Sweden\">Sweden<\/option><option value=\"Switzerland\">Switzerland<\/option><option value=\"Syrian Arab Republic\">Syrian Arab Republic<\/option><option value=\"Taiwan, Province of China\">Taiwan, Province of China<\/option><option value=\"Tajikistan\">Tajikistan<\/option><option value=\"Tanzania, United Republic of\">Tanzania, United Republic of<\/option><option value=\"Thailand\">Thailand<\/option><option value=\"Togo\">Togo<\/option><option value=\"Tokelau\">Tokelau<\/option><option value=\"Tonga\">Tonga<\/option><option value=\"Trinidad and Tobago\">Trinidad and Tobago<\/option><option value=\"Tunisia\">Tunisia<\/option><option value=\"Turkey\">Turkey<\/option><option value=\"Turkmenistan\">Turkmenistan<\/option><option value=\"Turks and Caicos Islands\">Turks and Caicos Islands<\/option><option value=\"Tuvalu\">Tuvalu<\/option><option value=\"Uganda\">Uganda<\/option><option value=\"Ukraine\">Ukraine<\/option><option value=\"United Arab Emirates\">United Arab Emirates<\/option><option value=\"United Kingdom\">United Kingdom<\/option><option value=\"United States\">United States<\/option><option value=\"United States Minor Outlying Islands\">United States Minor Outlying Islands<\/option><option value=\"Uruguay\">Uruguay<\/option><option value=\"Uzbekistan\">Uzbekistan<\/option><option value=\"Vanuatu\">Vanuatu<\/option><option value=\"Venezuela\">Venezuela<\/option><option value=\"Viet Nam\">Viet Nam<\/option><option value=\"Virgin Islands, British\">Virgin Islands, British<\/option><option value=\"Virgin Islands, U.S.\">Virgin Islands, U.S.<\/option><option value=\"Wallis and Futuna\">Wallis and Futuna<\/option><option value=\"Western Sahara\">Western Sahara<\/option><option value=\"Yemen\">Yemen<\/option><option value=\"Zambia\">Zambia<\/option><option value=\"Zimbabwe\">Zimbabwe<\/option><\/select><\/td>\n<\/tr>\n<tr>\n<td style=\"font-family: Arial; font-size: 15px; color: #000000;\">&nbsp;Telefon<\/td>\n<td><input style=\"font-family: Arial; font-size: 14px; color: #000000;\" name=\"field[2675,0]\" size=\"24\" type=\"text\"><\/td>\n<\/tr>\n<tr>\n<td style=\"font-family: Arial; font-size: 15px; color: #000000;\">&nbsp;Fax<\/td>\n<td><input style=\"font-family: Arial; font-size: 14px; color: #000000;\" name=\"field[2676,0]\" size=\"24\" type=\"text\"><\/td>\n<\/tr>\n<tr>\n<td style=\"font-family: Arial; font-size: 15px; color: #000000;\">&nbsp;Datenschutzhinweis*<\/td>\n<td>\n                    <input style=\"font-family: Arial; font-size: 14px; color: #000000;\" name=\"field[2677,0]\" type=\"checkbox\" value=\"checked\" required> Ich habe die Datenschutzhinweis gelesen und zur Kenntnis genommen.**\n                <\/td>\n<\/tr>\n<tr>\n<td><\/td>\n<td><input style=\"font-family: Arial; font-size: 14px;\" name=\"v124124fdb97c124v\" type=\"submit\" value=\"Absenden\"><\/td>\n<\/tr>\n<\/tbody>\n<\/table>\n<div id=\"avia_12_1\" class=\"av-form-text\">\n<p>* Pflichtpfelder, al<span class=\"st\">le anderen Angaben sind freiwillig.<\/span><\/p>\n<p>** Die <a href=\"https:\/\/hikitec.de\/datenschutz\/\" target=\"_blank\" rel=\"noopener\">Datenschutzhinweise<\/a> sowie Hinweise zum Widerruf habe ich zur Kenntnis genommen und stimme diesen zu.Kompakt: Hinweise zum Datenschutz Ihre E-Mail-Adresse wird nur f\u00fcr den Zweck der Erbringung Ihrer Anfrage der Firma HIKITEC verwendet. Dieser enth\u00e4lt Informationen zu Produkten, saisonalen Aktionen oder Neuerscheinungen. Ihre E-Mail-Adresse wird niemals f\u00fcr Werbezwecke an Dritte weitergegeben und nur im Rahmen des Newsletter-Versands genutzt.<\/p>\n<p>Hinweise zur Widerrufbarkeit Sie k\u00f6nnen diese Einwilligung jederzeit widerrufen, indem Sie sich aus der Liste austragen. Hinweise zur Abmeldung sind in jedem Newsletter enthalten.<\/p>\n<\/p><\/div>\n<div class=\"flex_column av_one_full flex_column_div av-zero-column-padding first avia-builder-el-4 el_after_av_one_half avia-builder-el-last column-top-margin\">\n<section class=\"av_textblock_section\">\n<div class=\"avia_textblock \">\n<div><\/div>\n<div><\/div>\n<div><strong>GUTSCHEIN SO GEHT\u00b4S<\/strong><\/div>\n<p>Im Anschluss an Ihre Anmeldung erhalten Sie eine E-Mail mit einem Best\u00e4tigungslink. Hier werden Sie aufgefordert Ihr Newsletter zu best\u00e4tigen. So verhindern wir, dass Dritte Sie ohne Ihr Wissen anmelden. Den Gutschein erhalten umgehend seperat per Mail. Diesen k\u00f6nnen Sie dann, innerhalb der n\u00e4chsten 12 Monaten bei Ihrem n\u00e4chsten Einkauf (Mindestbestellwert netto 500,00\u20ac) bei uns zur Verrechnung einl\u00f6sen.<\/p>\n<\/p><\/div>\n<\/section><\/div>\n<p>\n        <input name=\"p\" type=\"hidden\" id=\"p\" value=\"797\" \/><br \/>\n        <input name=\"funcml\" type=\"hidden\" value=\"add\" \/><br \/>\n        <input type=\"hidden\" name=\"nlbox[1]\" value=\"2595\" \/>\n    <\/p>\n<\/form>\n","protected":false},"excerpt":{"rendered":"<p>&nbsp;Firma &nbsp;Anrede Bitte ausw\u00e4hlenHerrFrau &nbsp;Vorname &nbsp;Nachname &nbsp;E-Mail* &nbsp;Strasse &nbsp;Hausnummer &nbsp;Postleitzahl &nbsp;Ort &nbsp;Land Bitte ausw\u00e4hlenAfghanistan\u00c5land IslandsAlbaniaAlgeriaAmerican SamoaAndorraAngolaAnguillaAntarcticaAntigua and BarbudaArgentinaArmeniaArubaAustraliaAustriaAzerbaijanBahamasBahrainBangladeshBarbadosBelarusBelgiumBelizeBeninBermudaBhutanBoliviaBosnia and HerzegovinaBotswanaBouvet IslandBrazilBritish Indian Ocean TerritoryBrunei DarussalamBulgariaBurkina FasoBurundiCambodiaCameroonCanadaCape VerdeCayman IslandsCentral African RepublicChadChileChinaChristmas IslandCocos (Keeling) IslandsColombiaComorosCongoCongo the Democratic Republic of theCook IslandsCosta RicaC\u00f4te dIvoireCroatiaCubaCyprusCzech RepublicDenmarkDjiboutiDominicaDominican RepublicEcuadorEgyptEl SalvadorEquatorial GuineaEritreaEstoniaEthiopiaFalkland Islands (Malvinas)Faroe IslandsFijiFinlandFranceFrench GuianaFrench PolynesiaFrench Southern TerritoriesGabonGambiaGeorgiaGermanyGhanaGibraltarGreeceGreenlandGrenadaGuadeloupeGuamGuatemalaGuernseyGuineaGuinea-BissauGuyanaHaitiHeard Island and McDonald [&hellip;]<\/p>\n","protected":false},"author":2,"featured_media":0,"parent":0,"menu_order":0,"comment_status":"closed","ping_status":"closed","template":"","meta":{"footnotes":""},"class_list":["post-6065","page","type-page","status-publish","hentry"],"_links":{"self":[{"href":"https:\/\/hikitec.de\/de\/wp-json\/wp\/v2\/pages\/6065","targetHints":{"allow":["GET"]}}],"collection":[{"href":"https:\/\/hikitec.de\/de\/wp-json\/wp\/v2\/pages"}],"about":[{"href":"https:\/\/hikitec.de\/de\/wp-json\/wp\/v2\/types\/page"}],"author":[{"embeddable":true,"href":"https:\/\/hikitec.de\/de\/wp-json\/wp\/v2\/users\/2"}],"replies":[{"embeddable":true,"href":"https:\/\/hikitec.de\/de\/wp-json\/wp\/v2\/comments?post=6065"}],"version-history":[{"count":9,"href":"https:\/\/hikitec.de\/de\/wp-json\/wp\/v2\/pages\/6065\/revisions"}],"predecessor-version":[{"id":750318,"href":"https:\/\/hikitec.de\/de\/wp-json\/wp\/v2\/pages\/6065\/revisions\/750318"}],"wp:attachment":[{"href":"https:\/\/hikitec.de\/de\/wp-json\/wp\/v2\/media?parent=6065"}],"curies":[{"name":"wp","href":"https:\/\/api.w.org\/{rel}","templated":true}]}}