{"id":64,"date":"2017-01-16T09:21:20","date_gmt":"2017-01-16T08:21:20","guid":{"rendered":"http:\/\/hikitec.de\/?page_id=64"},"modified":"2017-01-18T17:16:47","modified_gmt":"2017-01-18T16:16:47","slug":"os-plattform","status":"publish","type":"page","link":"https:\/\/hikitec.de\/de\/os-plattform\/","title":{"rendered":"OS-Plattform"},"content":{"rendered":"<p>Durch die EU-Kommission wird gem\u00e4\u00df EU-Verordnung Nr. 524\/2013 eine Website (OS-Plattform) zur Verf\u00fcgung gestellt, die der Beilegung au\u00dfergerichtlicher Streitigkeiten aus Online-Rechtsgesch\u00e4ften dient. Die OS-Plattform der EU-Kommission finden Sie unter diesem Link: <a title=\"OS-Plattform\" href=\"http:\/\/ec.europa.eu\/consumers\/odr\/\" target=\"_blank\">http:\/\/ec.europa.eu\/consumers\/odr\/<\/a><\/p>\n<p>Unsere E-Mailadresse lautet: info@hikitec.de<\/p>\n","protected":false},"excerpt":{"rendered":"<p>Durch die EU-Kommission wird gem\u00e4\u00df EU-Verordnung Nr. 524\/2013 eine Website (OS-Plattform) zur Verf\u00fcgung gestellt, die der Beilegung au\u00dfergerichtlicher Streitigkeiten aus Online-Rechtsgesch\u00e4ften dient. Die OS-Plattform der EU-Kommission finden Sie unter diesem Link: http:\/\/ec.europa.eu\/consumers\/odr\/ Unsere E-Mailadresse lautet: info@hikitec.de<\/p>\n","protected":false},"author":2,"featured_media":0,"parent":0,"menu_order":0,"comment_status":"closed","ping_status":"closed","template":"","meta":{"footnotes":""},"class_list":["post-64","page","type-page","status-publish","hentry"],"_links":{"self":[{"href":"https:\/\/hikitec.de\/de\/wp-json\/wp\/v2\/pages\/64","targetHints":{"allow":["GET"]}}],"collection":[{"href":"https:\/\/hikitec.de\/de\/wp-json\/wp\/v2\/pages"}],"about":[{"href":"https:\/\/hikitec.de\/de\/wp-json\/wp\/v2\/types\/page"}],"author":[{"embeddable":true,"href":"https:\/\/hikitec.de\/de\/wp-json\/wp\/v2\/users\/2"}],"replies":[{"embeddable":true,"href":"https:\/\/hikitec.de\/de\/wp-json\/wp\/v2\/comments?post=64"}],"version-history":[{"count":2,"href":"https:\/\/hikitec.de\/de\/wp-json\/wp\/v2\/pages\/64\/revisions"}],"predecessor-version":[{"id":111,"href":"https:\/\/hikitec.de\/de\/wp-json\/wp\/v2\/pages\/64\/revisions\/111"}],"wp:attachment":[{"href":"https:\/\/hikitec.de\/de\/wp-json\/wp\/v2\/media?parent=64"}],"curies":[{"name":"wp","href":"https:\/\/api.w.org\/{rel}","templated":true}]}}