{"id":717455,"date":"2022-09-12T08:22:53","date_gmt":"2022-09-12T06:22:53","guid":{"rendered":"https:\/\/hikitec.de\/?page_id=717455"},"modified":"2022-09-12T08:22:53","modified_gmt":"2022-09-12T06:22:53","slug":"differenzen","status":"publish","type":"page","link":"https:\/\/hikitec.de\/de\/differenzen\/","title":{"rendered":"Differenzen"},"content":{"rendered":"<p>Da in einer Produktion Differenzen nicht verhindert werden k\u00f6nnen, werden f\u00fcr die zu erwartende Qualit\u00e4t maximale Abweichungen in Toleranzwerten festgelegt.<\/p>\n<p>Unter einer Toleranz von \u00b10.1 mm wird eine Schwankungsbreite von 0.2 mm verstanden. In der Regel werden Materialien zu Endprodukten verarbeitet, welche in sich und durch den Druck schon vor der Druckweiterverarbeitung Differenzen aufweisen. Es wird deshalb unterschieden zwischen:<\/p>\n<p>\u2022 Importierten Differenzen<br \/>\n\u2022 Toleranzen in der Druckweiterverarbeitung<\/p>\n","protected":false},"excerpt":{"rendered":"<p>Da in einer Produktion Differenzen nicht verhindert werden k\u00f6nnen, werden f\u00fcr die zu erwartende Qualit\u00e4t maximale Abweichungen in Toleranzwerten festgelegt. Unter einer Toleranz von \u00b10.1 mm wird eine Schwankungsbreite von 0.2 mm verstanden. In der Regel werden Materialien zu Endprodukten verarbeitet, welche in sich und durch den Druck schon vor der Druckweiterverarbeitung Differenzen aufweisen. Es [&hellip;]<\/p>\n","protected":false},"author":5,"featured_media":0,"parent":0,"menu_order":0,"comment_status":"closed","ping_status":"closed","template":"","meta":{"footnotes":""},"class_list":["post-717455","page","type-page","status-publish","hentry"],"_links":{"self":[{"href":"https:\/\/hikitec.de\/de\/wp-json\/wp\/v2\/pages\/717455","targetHints":{"allow":["GET"]}}],"collection":[{"href":"https:\/\/hikitec.de\/de\/wp-json\/wp\/v2\/pages"}],"about":[{"href":"https:\/\/hikitec.de\/de\/wp-json\/wp\/v2\/types\/page"}],"author":[{"embeddable":true,"href":"https:\/\/hikitec.de\/de\/wp-json\/wp\/v2\/users\/5"}],"replies":[{"embeddable":true,"href":"https:\/\/hikitec.de\/de\/wp-json\/wp\/v2\/comments?post=717455"}],"version-history":[{"count":2,"href":"https:\/\/hikitec.de\/de\/wp-json\/wp\/v2\/pages\/717455\/revisions"}],"predecessor-version":[{"id":717457,"href":"https:\/\/hikitec.de\/de\/wp-json\/wp\/v2\/pages\/717455\/revisions\/717457"}],"wp:attachment":[{"href":"https:\/\/hikitec.de\/de\/wp-json\/wp\/v2\/media?parent=717455"}],"curies":[{"name":"wp","href":"https:\/\/api.w.org\/{rel}","templated":true}]}}