{"id":80509,"date":"2021-04-12T11:43:34","date_gmt":"2021-04-12T09:43:34","guid":{"rendered":"https:\/\/hikitec.de\/?page_id=80509"},"modified":"2021-04-15T14:27:57","modified_gmt":"2021-04-15T12:27:57","slug":"ausfuhrbegleitdokument","status":"publish","type":"page","link":"https:\/\/hikitec.de\/de\/ausfuhrbegleitdokument\/","title":{"rendered":"Ausfuhrbegleitdokument"},"content":{"rendered":"\n<style type=\"text\/css\" id=\"style-css-av-vf2w0t-cfd772192d56b6743f43491fbb9cd5a3\">\n#top .flex_column.av-vf2w0t-cfd772192d56b6743f43491fbb9cd5a3{\nborder-radius:0px;\n-webkit-border-radius:0px;\n-moz-border-radius:0px;\npadding:0px;\n}\n<\/style>\n<div class='flex_column av-vf2w0t-cfd772192d56b6743f43491fbb9cd5a3 av_one_full  avia-builder-el-0  el_before_av_one_full  avia-builder-el-first  first flex_column_div av-zero-column-padding '   ><section class=\"av_textblock_section \"  itemscope=\"itemscope\" itemtype=\"https:\/\/schema.org\/CreativeWork\" ><div class='avia_textblock  '   itemprop=\"text\" ><p><strong><span id=\"Wer_kann_ein_Ausfuhrbegleitdokument_erstellen\">Wer kann ein Ausfuhrbegleitdokument erstellen?<\/span><\/strong><\/p>\n<p><strong>Unser Service &#8211; <\/strong>Die Firma HIKITEC GmbH arbeitet f\u00fcr die Erstellung der Ausfuhrbegleitdokument mit einer Zollagentur zusammen. Die beauftragte Zollagentur tritt dann gegen\u00fcber dem Zoll als Vertreter des Exporteurs auf. Diese besitzt f\u00fcr die elektronische Anmeldung eine spezielle Software mit direkter Anbindung an die zust\u00e4ndigen Zoll\u00e4mter.<\/p>\n<\/div><\/section><\/div>\n<style type=\"text\/css\" id=\"style-css-av-1aiasd9-81516af84eb611c7c65b6a54b936dcb9\">\n#top .flex_column.av-1aiasd9-81516af84eb611c7c65b6a54b936dcb9{\nborder-radius:0px;\n-webkit-border-radius:0px;\n-moz-border-radius:0px;\npadding:0px;\n}\n<\/style>\n<div class='flex_column av-1aiasd9-81516af84eb611c7c65b6a54b936dcb9 av_one_full  avia-builder-el-2  el_after_av_one_full  el_before_av_one_full  first flex_column_div av-zero-column-padding column-top-margin'   ><section class=\"av_textblock_section \"  itemscope=\"itemscope\" itemtype=\"https:\/\/schema.org\/CreativeWork\" ><div class='avia_textblock  '   itemprop=\"text\" ><p><strong>Wann wird ein Ausfuhrbegleitdokument ben\u00f6tigt?<\/strong><\/p>\n<p>Um Waren aus der EU in ein EFTA-\/Drittland auszuf\u00fchren, m\u00fcssen Sie ab einem Waren- bzw. Zollwert von 1.000 EUR und\/oder einem Gewicht von \u00fcber 1.000 kg grunds\u00e4tzlich immer ein Ausfuhrbegleitdokument erstellen (lassen).<\/p>\n<p>Sie brauchen also ein Ausfuhrbegleitdokument, wenn<\/p>\n<ul>\n<li>Die Ware die EU* verl\u00e4sst und<\/li>\n<li>der Waren- bzw. Zollwert bei \u00fcber 1000 EUR liegt oder<\/li>\n<li>das Gewicht der Sendung bei \u00fcber 1000 kg liegt<\/li>\n<\/ul>\n<p>*= sollte die Ware beispielsweise kurzzeitig die Zollunion verlassen, wie bei einer Sendung von Spanien auf die Kanarischen Inseln, so brauchen Sie ebenfalls ein Ausfuhrbegleitdokument (kostenpflichtig).<\/p>\n<\/div><\/section><\/div>\n<style type=\"text\/css\" id=\"style-css-av-umk859-7f67e317ebadbd9ae4854043acfdcfe6\">\n#top .flex_column.av-umk859-7f67e317ebadbd9ae4854043acfdcfe6{\nborder-radius:0px;\n-webkit-border-radius:0px;\n-moz-border-radius:0px;\npadding:0px;\n}\n<\/style>\n<div class='flex_column av-umk859-7f67e317ebadbd9ae4854043acfdcfe6 av_one_full  avia-builder-el-4  el_after_av_one_full  el_before_av_one_full  first flex_column_div av-zero-column-padding column-top-margin'   ><section class=\"av_textblock_section \"  itemscope=\"itemscope\" itemtype=\"https:\/\/schema.org\/CreativeWork\" ><div class='avia_textblock  '   itemprop=\"text\" ><p><img loading=\"lazy\" decoding=\"async\" class=\"aligncenter size-medium wp-image-80530\" src=\"..\/wp-content\/uploads\/2021\/04\/EU-Mitgliedstaaten-268x300.jpg\" alt=\"\" width=\"268\" height=\"300\" srcset=\"https:\/\/hikitec.de\/wp-content\/uploads\/2021\/04\/EU-Mitgliedstaaten-268x300.jpg 268w, https:\/\/hikitec.de\/wp-content\/uploads\/2021\/04\/EU-Mitgliedstaaten.jpg 578w\" sizes=\"auto, (max-width: 268px) 100vw, 268px\" \/><\/p>\n<p style=\"text-align: center;\">Bei gewerblichen Versendern, die Waren ab einem Export-Zollwert von 1.000 EUR in ein Drittland \/ Nicht-EU-Land, das nicht zur Europ\u00e4ischen Union geh\u00f6rt, ausf\u00fchren m\u00f6chten, muss eine Ausfuhrerkl\u00e4rung \/ ein Ausfuhrbegleitdokument (ABD) erstellt werden.<\/p>\n<p style=\"text-align: center;\">(EU-L\u00e4nder hier blau auf der Karte)<\/p>\n<\/div><\/section><\/div>\n<style type=\"text\/css\" id=\"style-css-av-1wa1t3x-f429bb98d9350f1ad735368514963481\">\n#top .flex_column.av-1wa1t3x-f429bb98d9350f1ad735368514963481{\nborder-radius:0px;\n-webkit-border-radius:0px;\n-moz-border-radius:0px;\npadding:0px;\n}\n<\/style>\n<div class='flex_column av-1wa1t3x-f429bb98d9350f1ad735368514963481 av_one_full  avia-builder-el-6  el_after_av_one_full  el_before_av_one_full  first flex_column_div av-zero-column-padding column-top-margin'   ><section class=\"av_textblock_section \"  itemscope=\"itemscope\" itemtype=\"https:\/\/schema.org\/CreativeWork\" ><div class='avia_textblock  '   itemprop=\"text\" ><p><strong><span id=\"Was_ist_das_Ausfuhrbegleitdokument\">Was ist das Ausfuhrbegleitdokument?<\/span><\/strong><\/p>\n<p>Das Ausfuhrbegleitdokument (ABD) ist der schriftliche Nachweis, dass die Ausfuhr bestimmter Waren zul\u00e4ssig ist. Die im Dokument aufgef\u00fchrten Waren d\u00fcrfen Sie somit aus der Europ\u00e4ischen Union ausf\u00fchren. Anschlie\u00dfend k\u00f6nnen Sie die G\u00fcter in ein EFTA-Land (z.B. die Schweiz) oder ein Drittland bef\u00f6rdern. Manchmal spricht man beim Ausfuhrbegleitdokument auch von den Begriffen Ausfuhranmeldung oder Ausfuhrerkl\u00e4rung.<\/p>\n<p>Seit dem 01.07.2009 ist diese Anmeldung nur noch elektronisch \u00fcber <a href=\"https:\/\/de.wikipedia.org\/wiki\/ATLAS_(Zollsoftware)\"><strong>ATLAS<\/strong><\/a> (Automatisiertes Tarif- und Lokales Zoll-Abwicklungs-System) m\u00f6glich. Die Anmeldung in Papierform wurde dadurch abgel\u00f6st. Je nach Konstellation der Beteiligten im Rechtsgesch\u00e4ft, dem Gewicht und dem Wert der Waren ist eine elektronische Ausfuhranmeldung in einigen F\u00e4llen zwingend erforderlich und in anderen F\u00e4llen wiederum nicht notwendig.<\/p>\n<p>Das Ausfuhrbegleitdokument besteht aus den Angaben zu den Beteiligten, zum Verfahren und zur Ware. Anhand einer einzigartigen 18-stelligen Nachverfolgungsnummer (MRN = Movement Reference Number) in Form eines Barcodes kann man jederzeit nachvollziehen, bei welchem Zollamt der EU die Ware abgefertigt wurde. Sobald die Zollstelle an der EU-Au\u00dfengrenze das Ausfuhrbegleitdokument scannt, erzeugt diese einen sogenannten Ausgangsvermerk (AgV). Dies ist der Nachweis, dass die Ware ordnungsgem\u00e4\u00df aus der EU ausgef\u00fchrt wurde.<\/p>\n<p>Die Angaben im ABD dienen zur Erfassung der Warenstr\u00f6me und flie\u00dfen in die <a href=\"https:\/\/www.destatis.de\/DE\/Themen\/Wirtschaft\/Aussenhandel\/Methoden\/Erlaeuterungen\/erlaeuterungen-aussenhandelsstatistik.html?nn=213416\"><strong>Au\u00dfenhandelsstatistik<\/strong><\/a> mit ein, welche das statistische Bundesamt herausgibt. Mithilfe des ABD gelingt die Kontrolle, ob der Ausf\u00fchrer sich an die Einhaltung der Ausfuhrbestimmungen und des Au\u00dfenwirtschaftsrechts h\u00e4lt.<\/p>\n<\/div><\/section><\/div>\n<style type=\"text\/css\" id=\"style-css-av-1svrdgd-d582f447ecad1a0a5be7822c4a151c83\">\n#top .flex_column.av-1svrdgd-d582f447ecad1a0a5be7822c4a151c83{\nborder-radius:0px;\n-webkit-border-radius:0px;\n-moz-border-radius:0px;\npadding:0px;\n}\n<\/style>\n<div class='flex_column av-1svrdgd-d582f447ecad1a0a5be7822c4a151c83 av_one_full  avia-builder-el-8  el_after_av_one_full  el_before_av_one_full  first flex_column_div av-zero-column-padding column-top-margin'   ><p><section class=\"av_textblock_section \"  itemscope=\"itemscope\" itemtype=\"https:\/\/schema.org\/CreativeWork\" ><div class='avia_textblock  '   itemprop=\"text\" ><\/div><\/section><br \/>\n\n<style type=\"text\/css\" id=\"style-css-av-kneitcoy-68af9bdbef329cd3c72d5903da695d0b\">\n.togglecontainer.av-kneitcoy-68af9bdbef329cd3c72d5903da695d0b p.toggler{\ncolor:#ffffff;\nbackground-color:#0039a6;\nborder-color:#745f7e;\n}\n.togglecontainer.av-kneitcoy-68af9bdbef329cd3c72d5903da695d0b p.toggler .toggle_icon{\nborder-color:#ffffff;\n}\n.togglecontainer.av-kneitcoy-68af9bdbef329cd3c72d5903da695d0b .toggle_wrap .toggle_content{\ncolor:#ffffff;\nbackground-color:#0039a6;\nborder-color:#745f7e;\n}\n<\/style>\n<div  class='togglecontainer av-kneitcoy-68af9bdbef329cd3c72d5903da695d0b  avia-builder-el-10  el_after_av_textblock  avia-builder-el-last  toggle_close_all ' >\n<section class='av_toggle_section av-kneita3q-5ba1c0a7b2fd627c1362fcf6c10dc0c9'  itemscope=\"itemscope\" itemtype=\"https:\/\/schema.org\/CreativeWork\" ><div role=\"tablist\" class=\"single_toggle\" data-tags=\"{Alle} \"  ><p data-fake-id='#toggle-id-1' class='toggler hasCustomColor  av-inherit-font-color av-inherit-border-color'  itemprop=\"headline\"  role='tab' tabindex='0' aria-controls='toggle-id-1'>Zum Zollgebiet der Union geh\u00f6ren die folgenden Gebiete, einschlie\u00dflich ihrer K\u00fcstenmeere, ihrer inneren Gew\u00e4sser und ihrer Luftr\u00e4ume (Art. 4 UZK):<span class=\"toggle_icon\"><span class=\"vert_icon\"><\/span><span class=\"hor_icon\"><\/span><\/span><\/p><div id='toggle-id-1' class='toggle_wrap  '  ><div class='toggle_content invers-color av-inherit-font-color av-inherit-border-color'  itemprop=\"text\" ><ul>\n<li>das Gebiet des K\u00f6nigreichs Belgien<\/li>\n<li>das Gebiet der Republik Bulgarien<\/li>\n<li>das Gebiet der Tschechischen Republik<\/li>\n<li>das Gebiet des K\u00f6nigreichs D\u00e4nemark mit Ausnahme der F\u00e4r\u00f6er und Gr\u00f6nlands<\/li>\n<li>das Gebiet der Bundesrepublik Deutschland mit Ausnahme der Insel\u00a0Helgoland sowie des Gebiets von B\u00fcsingen (Vertrag vom 23.\u00a0November\u00a01964 zwischen der Bundesrepublik\u00a0Deutschland und der Schweizerischen Eidgenossenschaft)<\/li>\n<li>das Gebiet der Republik Estland<\/li>\n<li>das Gebiet Irlands<\/li>\n<li>das Gebiet der Hellenischen Republik<\/li>\n<li>das Gebiet des K\u00f6nigreichs Spanien mit Ausnahme von Ceuta und Melilla<\/li>\n<li>das Gebiet der Franz\u00f6sischen Republik, mit Ausnahme von Saint-Barth\u00e9lemy, Saint-Pierre und Miquelon, Neukaledonien, Wallis und Futuna, Franz\u00f6sisch-Polynesien und den Franz\u00f6sischen S\u00fcd- und Antarktisgebieten<\/li>\n<li>das Gebiet der Republik Kroatien<\/li>\n<li>das Gebiet der Italienischen Republik mit Ausnahme der Gemeinde Livigno<\/li>\n<li>das Gebiet der Republik Zypern nach Ma\u00dfgabe der Beitrittsakte von\u00a02003<\/li>\n<li>das Gebiet der Republik Lettland<\/li>\n<li>das Gebiet der Republik Litauen<\/li>\n<li>das Gebiet des Gro\u00dfherzogtums Luxemburg<\/li>\n<li>das Gebiet Ungarns<\/li>\n<li>das Gebiet Maltas<\/li>\n<li>das Gebiet des K\u00f6nigreichs der Niederlande in Europa<\/li>\n<li>das Gebiet der Republik \u00d6sterreich<\/li>\n<li>das Gebiet der Republik Polen<\/li>\n<li>das Gebiet der Portugiesischen Republik<\/li>\n<li>das Gebiet Rum\u00e4niens<\/li>\n<li>das Gebiet der Republik Slowenien<\/li>\n<li>das Gebiet der Slowakischen Republik<\/li>\n<li>das Gebiet der Republik Finnland<\/li>\n<li>das Gebiet des K\u00f6nigreichs Schweden<\/li>\n<li>das Gebiet des Vereinigten K\u00f6nigreichs Gro\u00dfbritannien und Nordirland sowie die Kanalinseln und die Insel\u00a0<span lang=\"en-GB\" xml:lang=\"en-GB\">Man<\/span><\/li>\n<\/ul>\n<div class=\"c-hint\">\n<div class=\"c-hint__headline-wrapper\">\n<div class=\"c-hint__headline c-hint__headline--hinweis\"><strong><img loading=\"lazy\" decoding=\"async\" class=\"size-thumbnail wp-image-9063 alignleft\" src=\"https:\/\/hikitec.de\/wp-content\/uploads\/2020\/05\/Achtung-80x80.png\" alt=\"\" width=\"80\" height=\"80\" srcset=\"https:\/\/hikitec.de\/wp-content\/uploads\/2020\/05\/Achtung-80x80.png 80w, https:\/\/hikitec.de\/wp-content\/uploads\/2020\/05\/Achtung-300x300.png 300w, https:\/\/hikitec.de\/wp-content\/uploads\/2020\/05\/Achtung-768x768.png 768w, https:\/\/hikitec.de\/wp-content\/uploads\/2020\/05\/Achtung-36x36.png 36w, https:\/\/hikitec.de\/wp-content\/uploads\/2020\/05\/Achtung-180x180.png 180w, https:\/\/hikitec.de\/wp-content\/uploads\/2020\/05\/Achtung-705x705.png 705w, https:\/\/hikitec.de\/wp-content\/uploads\/2020\/05\/Achtung-120x120.png 120w, https:\/\/hikitec.de\/wp-content\/uploads\/2020\/05\/Achtung-450x450.png 450w, https:\/\/hikitec.de\/wp-content\/uploads\/2020\/05\/Achtung.png 828w\" sizes=\"auto, (max-width: 80px) 100vw, 80px\" \/>Hinweis<\/strong><\/div>\n<\/div>\n<div class=\"c-hint__p\">\n<p>Auch wenn Art.\u00a04\u00a0UZK noch nicht angepasst ist, geh\u00f6ren das Gebiet des Vereinigten K\u00f6nigreichs Gro\u00dfbritannien und Nordirland sowie die Kanalinseln und die Insel Man aufgrund des Austrittsabkommens nicht mehr zum Zollgebiet der Union. Aufgrund des Nordirland-Protokolls wird Nordirland zollrechtlich jedoch weiterhin behandelt, als w\u00fcrde es um Zollgebiet der Union geh\u00f6ren.<\/p>\n<\/div>\n<\/div>\n<\/div><\/div><\/div><\/section>\n<\/div><\/p><\/div><\/p>\n\n<style type=\"text\/css\" id=\"style-css-av-1au5bb1-bbf900135b882a8893abe6e15ef1d2df\">\n#top .flex_column.av-1au5bb1-bbf900135b882a8893abe6e15ef1d2df{\nborder-radius:0px;\n-webkit-border-radius:0px;\n-moz-border-radius:0px;\npadding:0px;\n}\n<\/style>\n<div class='flex_column av-1au5bb1-bbf900135b882a8893abe6e15ef1d2df av_one_full  avia-builder-el-11  el_after_av_one_full  el_before_av_one_full  first flex_column_div av-zero-column-padding column-top-margin'   ><section class=\"av_textblock_section \"  itemscope=\"itemscope\" itemtype=\"https:\/\/schema.org\/CreativeWork\" ><div class='avia_textblock  '   itemprop=\"text\" ><input type=\"button\" value=\"Zur\u00fcck\" class=\"alg_back_button_input \" style=\"\" onclick=\"window.history.back()\" \/>\n<\/div><\/section><\/div>\n\n<style type=\"text\/css\" id=\"style-css-av-vzk78d-9497689af812c950fc6b25e729bf7945\">\n#top .flex_column.av-vzk78d-9497689af812c950fc6b25e729bf7945{\nborder-radius:0px;\n-webkit-border-radius:0px;\n-moz-border-radius:0px;\npadding:0px;\n}\n<\/style>\n<div class='flex_column av-vzk78d-9497689af812c950fc6b25e729bf7945 av_one_full  avia-builder-el-13  el_after_av_one_full  avia-builder-el-last  first flex_column_div av-zero-column-padding column-top-margin'   ><section class=\"av_textblock_section \"  itemscope=\"itemscope\" itemtype=\"https:\/\/schema.org\/CreativeWork\" ><div class='avia_textblock  '   itemprop=\"text\" ><p style=\"text-align: right;\">&#8222;Alle Rechte vorbehalten&#8220; und &#8222;ohne Gew\u00e4hr&#8220;<\/p>\n<\/div><\/section><\/div>\n","protected":false},"excerpt":{"rendered":"","protected":false},"author":2,"featured_media":0,"parent":0,"menu_order":0,"comment_status":"closed","ping_status":"closed","template":"","meta":{"footnotes":""},"class_list":["post-80509","page","type-page","status-publish","hentry"],"_links":{"self":[{"href":"https:\/\/hikitec.de\/de\/wp-json\/wp\/v2\/pages\/80509","targetHints":{"allow":["GET"]}}],"collection":[{"href":"https:\/\/hikitec.de\/de\/wp-json\/wp\/v2\/pages"}],"about":[{"href":"https:\/\/hikitec.de\/de\/wp-json\/wp\/v2\/types\/page"}],"author":[{"embeddable":true,"href":"https:\/\/hikitec.de\/de\/wp-json\/wp\/v2\/users\/2"}],"replies":[{"embeddable":true,"href":"https:\/\/hikitec.de\/de\/wp-json\/wp\/v2\/comments?post=80509"}],"version-history":[{"count":19,"href":"https:\/\/hikitec.de\/de\/wp-json\/wp\/v2\/pages\/80509\/revisions"}],"predecessor-version":[{"id":97970,"href":"https:\/\/hikitec.de\/de\/wp-json\/wp\/v2\/pages\/80509\/revisions\/97970"}],"wp:attachment":[{"href":"https:\/\/hikitec.de\/de\/wp-json\/wp\/v2\/media?parent=80509"}],"curies":[{"name":"wp","href":"https:\/\/api.w.org\/{rel}","templated":true}]}}