{"id":84,"date":"2017-01-16T10:34:15","date_gmt":"2017-01-16T09:34:15","guid":{"rendered":"http:\/\/hikitec.de\/?page_id=84"},"modified":"2020-05-18T12:26:47","modified_gmt":"2020-05-18T10:26:47","slug":"weee-elektrog-erklaerung","status":"publish","type":"page","link":"https:\/\/hikitec.de\/de\/weee-elektrog-erklaerung\/","title":{"rendered":"WEEE ElektroG Erkl\u00e4rung"},"content":{"rendered":"<section class=\"av_textblock_section \"  itemscope=\"itemscope\" itemtype=\"https:\/\/schema.org\/CreativeWork\" ><div class='avia_textblock  '   itemprop=\"text\" ><p>Sicher haben Sie mit gro\u00dfer Aufmerksamkeit das Gesetz \u00fcber die R\u00fccknahme und die umweltvertr\u00e4gliche Entsorgung von Elektro- und Elektronikger\u00e4ten nach den EU-Richtlinien &#8222;RoHS&#8220; und &#8222;WEEE&#8220; verfolgt. Die von der HIKITEC GmbH hergestellten und\/oder vertriebenen Produkte, unterliegen den WEEE-Richtlinien und sind im Sinne der Verordnung gekennzeichnet. Eine insolvenzsichere Garantie f\u00fcr die Finanzierung unserer R\u00fccknahmepflicht, haben wir hinterlegt.\u00a0 Die HIKITEC GmbH ist bei der Stiftung EAR, die als gemeinsame Stelle berufen wurde, mit der Registrierungsnummer DE 88269453 registriert.<\/p>\n<\/div><\/section>\n<section class=\"av_textblock_section \"  itemscope=\"itemscope\" itemtype=\"https:\/\/schema.org\/CreativeWork\" ><div class='avia_textblock  '   itemprop=\"text\" ><input type=\"button\" value=\"Zur\u00fcck\" class=\"alg_back_button_input \" style=\"\" onclick=\"window.history.back()\" \/>\n<\/div><\/section>\n","protected":false},"excerpt":{"rendered":"","protected":false},"author":2,"featured_media":0,"parent":0,"menu_order":0,"comment_status":"closed","ping_status":"closed","template":"","meta":{"footnotes":""},"class_list":["post-84","page","type-page","status-publish","hentry"],"_links":{"self":[{"href":"https:\/\/hikitec.de\/de\/wp-json\/wp\/v2\/pages\/84","targetHints":{"allow":["GET"]}}],"collection":[{"href":"https:\/\/hikitec.de\/de\/wp-json\/wp\/v2\/pages"}],"about":[{"href":"https:\/\/hikitec.de\/de\/wp-json\/wp\/v2\/types\/page"}],"author":[{"embeddable":true,"href":"https:\/\/hikitec.de\/de\/wp-json\/wp\/v2\/users\/2"}],"replies":[{"embeddable":true,"href":"https:\/\/hikitec.de\/de\/wp-json\/wp\/v2\/comments?post=84"}],"version-history":[{"count":8,"href":"https:\/\/hikitec.de\/de\/wp-json\/wp\/v2\/pages\/84\/revisions"}],"predecessor-version":[{"id":9548,"href":"https:\/\/hikitec.de\/de\/wp-json\/wp\/v2\/pages\/84\/revisions\/9548"}],"wp:attachment":[{"href":"https:\/\/hikitec.de\/de\/wp-json\/wp\/v2\/media?parent=84"}],"curies":[{"name":"wp","href":"https:\/\/api.w.org\/{rel}","templated":true}]}}