{"id":9144,"date":"2020-05-14T13:01:15","date_gmt":"2020-05-14T11:01:15","guid":{"rendered":"https:\/\/hikitec.de\/?page_id=9144"},"modified":"2024-08-16T12:51:45","modified_gmt":"2024-08-16T10:51:45","slug":"garantie","status":"publish","type":"page","link":"https:\/\/hikitec.de\/de\/garantie\/","title":{"rendered":"Garantie"},"content":{"rendered":"<section class=\"av_textblock_section \"  itemscope=\"itemscope\" itemtype=\"https:\/\/schema.org\/CreativeWork\" ><div class='avia_textblock  '   itemprop=\"text\" ><p><strong>Wie ist die Garantie?<\/strong><\/p>\n<\/div><\/section>\n<section class=\"av_textblock_section \"  itemscope=\"itemscope\" itemtype=\"https:\/\/schema.org\/CreativeWork\" ><div class='avia_textblock  '   itemprop=\"text\" ><p><strong>Wie lange ist die Garantie g\u00fcltig?<\/strong><\/p>\n<p>Die Garantie betr\u00e4gt 2 Jahre und gilt ab Ausstellung der Rechnung.<\/p>\n<p><strong>Was ist durch die Garantie abgedeckt?<\/strong><\/p>\n<p>Die Garantie deckt keine Sch\u00e4den, welche durch die Reparatur oder den Austausch von Komponenten, durch unsachgem\u00e4\u00dfe Verwendung, Unf\u00e4lle, Ver\u00e4nderungen am Produkt, ungeeignete Betriebsumgebung oder fehlerhafte Wartung verursacht wurden. Ausf\u00e4lle oder nicht ordnungsgem\u00e4\u00dfe Funktion sind von der Garantie ausgeschlossen, wenn die Produkte in Verbindung mit professioneller oder benutzerspezifischer Hardware verwendet oder in einer anderen Anwendung als der allgemeinen Speicherung nicht-kritischer Daten benutzt werden.<\/p>\n<p><strong>Gibt Garantie auf alle angebotenen Produkte?<\/strong><\/p>\n<p>Alle Produkte die angeboten werden, sind garantiert frei von Sch\u00e4den und Funktionsfehlern.<\/p>\n<p><strong>Unter welchen Umst\u00e4nden verf\u00e4llt die Garantie?<\/strong><\/p>\n<p>Der Nachweis des Kaufs oder des Versandtermins ist erforderlich, um die Gew\u00e4hrleistungsfrist der Garantie zu \u00fcberpr\u00fcfen. Die Garantie erlischt, wenn das Produkt ge\u00e4ndert wird, nicht korrekt verwendet, durch fehlerhafte Umformatierung unbrauchbar gemacht, durch Unfall oder Fahrl\u00e4ssigkeit besch\u00e4digt wird oder wenn Teile nicht ordnungsgem\u00e4\u00df installiert oder durch den Benutzer ersetzt werden.<\/p>\n<\/div><\/section>\n<section class=\"av_textblock_section \"  itemscope=\"itemscope\" itemtype=\"https:\/\/schema.org\/CreativeWork\" ><div class='avia_textblock  '   itemprop=\"text\" ><input type=\"button\" value=\"Zur\u00fcck\" class=\"alg_back_button_input \" style=\"\" onclick=\"window.history.back()\" \/>\n<\/div><\/section>\n","protected":false},"excerpt":{"rendered":"","protected":false},"author":2,"featured_media":0,"parent":0,"menu_order":0,"comment_status":"closed","ping_status":"closed","template":"","meta":{"footnotes":""},"class_list":["post-9144","page","type-page","status-publish","hentry"],"_links":{"self":[{"href":"https:\/\/hikitec.de\/de\/wp-json\/wp\/v2\/pages\/9144","targetHints":{"allow":["GET"]}}],"collection":[{"href":"https:\/\/hikitec.de\/de\/wp-json\/wp\/v2\/pages"}],"about":[{"href":"https:\/\/hikitec.de\/de\/wp-json\/wp\/v2\/types\/page"}],"author":[{"embeddable":true,"href":"https:\/\/hikitec.de\/de\/wp-json\/wp\/v2\/users\/2"}],"replies":[{"embeddable":true,"href":"https:\/\/hikitec.de\/de\/wp-json\/wp\/v2\/comments?post=9144"}],"version-history":[{"count":6,"href":"https:\/\/hikitec.de\/de\/wp-json\/wp\/v2\/pages\/9144\/revisions"}],"predecessor-version":[{"id":750355,"href":"https:\/\/hikitec.de\/de\/wp-json\/wp\/v2\/pages\/9144\/revisions\/750355"}],"wp:attachment":[{"href":"https:\/\/hikitec.de\/de\/wp-json\/wp\/v2\/media?parent=9144"}],"curies":[{"name":"wp","href":"https:\/\/api.w.org\/{rel}","templated":true}]}}