{"id":9151,"date":"2020-05-14T13:06:27","date_gmt":"2020-05-14T11:06:27","guid":{"rendered":"https:\/\/hikitec.de\/?page_id=9151"},"modified":"2021-03-23T15:50:46","modified_gmt":"2021-03-23T14:50:46","slug":"umtausch","status":"publish","type":"page","link":"https:\/\/hikitec.de\/de\/umtausch\/","title":{"rendered":"Umtausch"},"content":{"rendered":"<section class=\"av_textblock_section \"  itemscope=\"itemscope\" itemtype=\"https:\/\/schema.org\/CreativeWork\" ><div class='avia_textblock  '   itemprop=\"text\" ><p><strong>Kann ich Ware Umtauschen?<\/strong><\/p>\n<\/div><\/section>\n<section class=\"av_textblock_section \"  itemscope=\"itemscope\" itemtype=\"https:\/\/schema.org\/CreativeWork\" ><div class='avia_textblock  '   itemprop=\"text\" ><p>Grunds\u00e4tzlich k\u00f6nnen veredelte Produkte sowie alle Bestellungen von Unternehmen nicht umgetauscht werden. Bei einer Bestellung inklusive Veredelung erhalten Sie von uns eine digitale Voransicht, bevor wir Ihre Artikel in den Druck schicken. Erst, wenn Sie diese freigeben, starten wir die tats\u00e4chliche Produktion \u2013 so bekommen Sie am Ende genau den Werbeartikel, den Sie sich vorgestellt haben. Nat\u00fcrlich haben Sie auch die M\u00f6glichkeit, vorab ein Muster zu bestellen. Detaillierte Ausf\u00fchrungen zum Widerrufsrecht finden Sie in unseren<a href=\"https:\/\/hikitec.de\/agb\/\"> AGB<\/a>.<\/p>\n<\/div><\/section>\n<section class=\"av_textblock_section \"  itemscope=\"itemscope\" itemtype=\"https:\/\/schema.org\/CreativeWork\" ><div class='avia_textblock  '   itemprop=\"text\" ><input type=\"button\" value=\"Zur\u00fcck\" class=\"alg_back_button_input \" style=\"\" onclick=\"window.history.back()\" \/>\n<\/div><\/section>\n","protected":false},"excerpt":{"rendered":"","protected":false},"author":2,"featured_media":0,"parent":0,"menu_order":0,"comment_status":"closed","ping_status":"closed","template":"","meta":{"footnotes":""},"class_list":["post-9151","page","type-page","status-publish","hentry"],"_links":{"self":[{"href":"https:\/\/hikitec.de\/de\/wp-json\/wp\/v2\/pages\/9151","targetHints":{"allow":["GET"]}}],"collection":[{"href":"https:\/\/hikitec.de\/de\/wp-json\/wp\/v2\/pages"}],"about":[{"href":"https:\/\/hikitec.de\/de\/wp-json\/wp\/v2\/types\/page"}],"author":[{"embeddable":true,"href":"https:\/\/hikitec.de\/de\/wp-json\/wp\/v2\/users\/2"}],"replies":[{"embeddable":true,"href":"https:\/\/hikitec.de\/de\/wp-json\/wp\/v2\/comments?post=9151"}],"version-history":[{"count":4,"href":"https:\/\/hikitec.de\/de\/wp-json\/wp\/v2\/pages\/9151\/revisions"}],"predecessor-version":[{"id":27754,"href":"https:\/\/hikitec.de\/de\/wp-json\/wp\/v2\/pages\/9151\/revisions\/27754"}],"wp:attachment":[{"href":"https:\/\/hikitec.de\/de\/wp-json\/wp\/v2\/media?parent=9151"}],"curies":[{"name":"wp","href":"https:\/\/api.w.org\/{rel}","templated":true}]}}