{"id":9156,"date":"2020-05-14T13:23:27","date_gmt":"2020-05-14T11:23:27","guid":{"rendered":"https:\/\/hikitec.de\/?page_id=9156"},"modified":"2021-03-23T15:38:28","modified_gmt":"2021-03-23T14:38:28","slug":"lieferung","status":"publish","type":"page","link":"https:\/\/hikitec.de\/de\/lieferung\/","title":{"rendered":"Lieferung"},"content":{"rendered":"<section class=\"av_textblock_section \"  itemscope=\"itemscope\" itemtype=\"https:\/\/schema.org\/CreativeWork\" ><div class='avia_textblock  '   itemprop=\"text\" ><p><strong>Wohin kann HIKITEC liefern?<\/strong><\/p>\n<\/div><\/section>\n<section class=\"av_textblock_section \"  itemscope=\"itemscope\" itemtype=\"https:\/\/schema.org\/CreativeWork\" ><div class='avia_textblock  '   itemprop=\"text\" ><p><span data-mandanttxtkey=\"TXT_STATIC_FAQ_A_15\" data-contenteditable=\"true\">Wohin auf der Welt die Lieferung gehen soll, bestimmen Sie \u2013 von unserer Seite gibt es hier keine Einschr\u00e4nkungen.<\/span><\/p>\n<p>Folgenden Service bieten wir Ihnen:<\/p>\n<ul>\n<li>schnelle und zuverl\u00e4ssige Lieferung<\/li>\n<li>Neutraler Direktversand<\/li>\n<li>weltweiter Versand*<\/li>\n<li>Verzollungen<\/li>\n<li>Express Versandarten<\/li>\n<li>automatisches \u00fcbermitteln der Trackingnummer<\/li>\n<\/ul>\n<p>* Neben den l\u00e4nderspezifischen Embargoregelungen sind auch die nicht l\u00e4nderspezifischen restriktiven Embargoma\u00dfnahmen (z.B. Terrorismus-Verordnungen, Anti-Folter-<abbr class=\"has-tip tip-bottom\" title=\"\" data-tooltip=\"\" aria-haspopup=\"true\" data-selector=\"tooltip-kd4f53y60\" aria-describedby=\"tooltip-kd4f53y60\">VO<\/abbr>) sowie die au\u00dfenwirtschaftsrechtlichen Verbote und Beschr\u00e4nkungen nach der EG-Dual-Use-Verordnung, dem Au\u00dfenwirtschaftsgesetz und der Au\u00dfenwirtschaftsverordnung zu beachten.<\/p>\n<p><span data-mandanttxtkey=\"TXT_STATIC_FAQ_A_15\" data-contenteditable=\"true\">\u00a0<\/span><\/p>\n<\/div><\/section>\n<section class=\"av_textblock_section \"  itemscope=\"itemscope\" itemtype=\"https:\/\/schema.org\/CreativeWork\" ><div class='avia_textblock  '   itemprop=\"text\" ><input type=\"button\" value=\"Zur\u00fcck\" class=\"alg_back_button_input \" style=\"\" onclick=\"window.history.back()\" \/>\n<\/div><\/section>\n","protected":false},"excerpt":{"rendered":"","protected":false},"author":2,"featured_media":0,"parent":0,"menu_order":0,"comment_status":"closed","ping_status":"closed","template":"","meta":{"footnotes":""},"class_list":["post-9156","page","type-page","status-publish","hentry"],"_links":{"self":[{"href":"https:\/\/hikitec.de\/de\/wp-json\/wp\/v2\/pages\/9156","targetHints":{"allow":["GET"]}}],"collection":[{"href":"https:\/\/hikitec.de\/de\/wp-json\/wp\/v2\/pages"}],"about":[{"href":"https:\/\/hikitec.de\/de\/wp-json\/wp\/v2\/types\/page"}],"author":[{"embeddable":true,"href":"https:\/\/hikitec.de\/de\/wp-json\/wp\/v2\/users\/2"}],"replies":[{"embeddable":true,"href":"https:\/\/hikitec.de\/de\/wp-json\/wp\/v2\/comments?post=9156"}],"version-history":[{"count":7,"href":"https:\/\/hikitec.de\/de\/wp-json\/wp\/v2\/pages\/9156\/revisions"}],"predecessor-version":[{"id":27717,"href":"https:\/\/hikitec.de\/de\/wp-json\/wp\/v2\/pages\/9156\/revisions\/27717"}],"wp:attachment":[{"href":"https:\/\/hikitec.de\/de\/wp-json\/wp\/v2\/media?parent=9156"}],"curies":[{"name":"wp","href":"https:\/\/api.w.org\/{rel}","templated":true}]}}