{"id":9159,"date":"2020-05-14T13:27:22","date_gmt":"2020-05-14T11:27:22","guid":{"rendered":"https:\/\/hikitec.de\/?page_id=9159"},"modified":"2021-03-23T15:45:44","modified_gmt":"2021-03-23T14:45:44","slug":"standskizze","status":"publish","type":"page","link":"https:\/\/hikitec.de\/de\/standskizze\/","title":{"rendered":"Standskizze"},"content":{"rendered":"<section class=\"av_textblock_section \"  itemscope=\"itemscope\" itemtype=\"https:\/\/schema.org\/CreativeWork\" ><div class='avia_textblock  '   itemprop=\"text\" ><p><strong>Was ist eine Standskizze \u2013 virtuelle Druckvorschau?<\/strong><\/p>\n<\/div><\/section>\n\n<style type=\"text\/css\" id=\"style-css-av-bawoqv-d6b62303bb25afa3e85bde3d6e144e8a\">\n#top .flex_column.av-bawoqv-d6b62303bb25afa3e85bde3d6e144e8a{\nborder-radius:0px;\n-webkit-border-radius:0px;\n-moz-border-radius:0px;\npadding:0px;\n}\n<\/style>\n<div class='flex_column av-bawoqv-d6b62303bb25afa3e85bde3d6e144e8a av_one_full  avia-builder-el-1  el_after_av_textblock  el_before_av_one_half  first flex_column_div av-zero-column-padding column-top-margin'   ><section class=\"av_textblock_section \"  itemscope=\"itemscope\" itemtype=\"https:\/\/schema.org\/CreativeWork\" ><div class='avia_textblock  '   itemprop=\"text\" ><p><strong>Eine virtuelle Druckvorschau<\/strong> ist ein elektronisches Dokument (meist eine Pdf-Datei), das Ihnen veranschaulicht, wie Ihr Logo auf dem entsprechenden Produkt zur Geltung kommt.<\/p>\n<p><strong>Beispiel:<\/strong><\/p>\n<\/div><\/section><\/div>\n\n<style type=\"text\/css\" id=\"style-css-av-8qlutz-4ae6f8d6cbc44eb205bc8c3077b60056\">\n#top .flex_column.av-8qlutz-4ae6f8d6cbc44eb205bc8c3077b60056{\nborder-radius:0px;\n-webkit-border-radius:0px;\n-moz-border-radius:0px;\npadding:0px;\n}\n<\/style>\n<div class='flex_column av-8qlutz-4ae6f8d6cbc44eb205bc8c3077b60056 av_one_half  avia-builder-el-3  el_after_av_one_full  el_before_av_one_half  first flex_column_div av-zero-column-padding column-top-margin'   ><section class=\"av_textblock_section \"  itemscope=\"itemscope\" itemtype=\"https:\/\/schema.org\/CreativeWork\" ><div class='avia_textblock  '   itemprop=\"text\" ><p><img loading=\"lazy\" decoding=\"async\" class=\"size-large wp-image-10149 alignleft\" src=\"https:\/\/hikitec.de\/wp-content\/uploads\/2020\/05\/Standskizze_Beispiel-776x1030.png\" alt=\"\" width=\"776\" height=\"1030\" srcset=\"https:\/\/hikitec.de\/wp-content\/uploads\/2020\/05\/Standskizze_Beispiel-776x1030.png 776w, https:\/\/hikitec.de\/wp-content\/uploads\/2020\/05\/Standskizze_Beispiel-226x300.png 226w, https:\/\/hikitec.de\/wp-content\/uploads\/2020\/05\/Standskizze_Beispiel-768x1019.png 768w, https:\/\/hikitec.de\/wp-content\/uploads\/2020\/05\/Standskizze_Beispiel-1157x1536.png 1157w, https:\/\/hikitec.de\/wp-content\/uploads\/2020\/05\/Standskizze_Beispiel-1543x2048.png 1543w, https:\/\/hikitec.de\/wp-content\/uploads\/2020\/05\/Standskizze_Beispiel-1130x1500.png 1130w, https:\/\/hikitec.de\/wp-content\/uploads\/2020\/05\/Standskizze_Beispiel-531x705.png 531w, https:\/\/hikitec.de\/wp-content\/uploads\/2020\/05\/Standskizze_Beispiel-450x597.png 450w\" sizes=\"auto, (max-width: 776px) 100vw, 776px\" \/><\/p>\n<\/div><\/section><\/div>\n\n<style type=\"text\/css\" id=\"style-css-av-7kq0fb-0de1b6ba01e8141760f0334c41be0457\">\n#top .flex_column.av-7kq0fb-0de1b6ba01e8141760f0334c41be0457{\nborder-radius:0px;\n-webkit-border-radius:0px;\n-moz-border-radius:0px;\npadding:0px;\n}\n<\/style>\n<div class='flex_column av-7kq0fb-0de1b6ba01e8141760f0334c41be0457 av_one_half  avia-builder-el-5  el_after_av_one_half  el_before_av_one_full  flex_column_div av-zero-column-padding column-top-margin'   ><section class=\"av_textblock_section \"  itemscope=\"itemscope\" itemtype=\"https:\/\/schema.org\/CreativeWork\" ><div class='avia_textblock  '   itemprop=\"text\" ><p>*1: Modellinformationen<\/p>\n<p>*2: Ansicht Vorderseite, i.d.R. die Oberseite beim Einstecken in den USB-Port<\/p>\n<p>*3: Grafik mit Veredelungsbereich der Vorderseite<\/p>\n<p>*4: Veredelungsinformationen f\u00fcr der Vorderseite<\/p>\n<p>*5: Ansicht R\u00fcckseite, i.d.R. Unterseite beim Einstecken in den USB Port<\/p>\n<p>*6: Grafik mit Veredelungsbereich der R\u00fcckseite<\/p>\n<p>*7: Veredelungsinformationen f\u00fcr die R\u00fcckseite<\/p>\n<p>*8: Detaillierter Hinweistext<\/p>\n<\/div><\/section><\/div>\n\n<style type=\"text\/css\" id=\"style-css-av-5co2fb-af36fa8946b6477495d70a3e5908634c\">\n#top .flex_column.av-5co2fb-af36fa8946b6477495d70a3e5908634c{\nborder-radius:0px;\n-webkit-border-radius:0px;\n-moz-border-radius:0px;\npadding:0px;\n}\n<\/style>\n<div class='flex_column av-5co2fb-af36fa8946b6477495d70a3e5908634c av_one_full  avia-builder-el-7  el_after_av_one_half  el_before_av_one_full  first flex_column_div av-zero-column-padding column-top-margin'   ><section class=\"av_textblock_section \"  itemscope=\"itemscope\" itemtype=\"https:\/\/schema.org\/CreativeWork\" ><div class='avia_textblock  '   itemprop=\"text\" ><p>Ansicht der Vorderseite:<\/p>\n<p><img loading=\"lazy\" decoding=\"async\" class=\"aligncenter size-medium wp-image-9848\" src=\"https:\/\/hikitec.de\/wp-content\/uploads\/2020\/05\/1-300x300.jpg\" alt=\"\" width=\"300\" height=\"300\" srcset=\"https:\/\/hikitec.de\/wp-content\/uploads\/2020\/05\/1-300x300.jpg 300w, https:\/\/hikitec.de\/wp-content\/uploads\/2020\/05\/1-1030x1030.jpg 1030w, https:\/\/hikitec.de\/wp-content\/uploads\/2020\/05\/1-80x80.jpg 80w, https:\/\/hikitec.de\/wp-content\/uploads\/2020\/05\/1-768x768.jpg 768w, https:\/\/hikitec.de\/wp-content\/uploads\/2020\/05\/1-1536x1536.jpg 1536w, https:\/\/hikitec.de\/wp-content\/uploads\/2020\/05\/1-36x36.jpg 36w, https:\/\/hikitec.de\/wp-content\/uploads\/2020\/05\/1-180x180.jpg 180w, https:\/\/hikitec.de\/wp-content\/uploads\/2020\/05\/1-1500x1500.jpg 1500w, https:\/\/hikitec.de\/wp-content\/uploads\/2020\/05\/1-705x705.jpg 705w, https:\/\/hikitec.de\/wp-content\/uploads\/2020\/05\/1-120x120.jpg 120w, https:\/\/hikitec.de\/wp-content\/uploads\/2020\/05\/1-450x450.jpg 450w, https:\/\/hikitec.de\/wp-content\/uploads\/2020\/05\/1.jpg 1728w\" sizes=\"auto, (max-width: 300px) 100vw, 300px\" \/><\/p>\n<\/div><\/section><\/div>\n\n<style type=\"text\/css\" id=\"style-css-av-3t6w9z-15162e444cc9422c676491d51ac5dc1b\">\n#top .flex_column.av-3t6w9z-15162e444cc9422c676491d51ac5dc1b{\nborder-radius:0px;\n-webkit-border-radius:0px;\n-moz-border-radius:0px;\npadding:0px;\n}\n<\/style>\n<div class='flex_column av-3t6w9z-15162e444cc9422c676491d51ac5dc1b av_one_full  avia-builder-el-9  el_after_av_one_full  el_before_av_one_full  first flex_column_div av-zero-column-padding column-top-margin'   ><section class=\"av_textblock_section \"  itemscope=\"itemscope\" itemtype=\"https:\/\/schema.org\/CreativeWork\" ><div class='avia_textblock  '   itemprop=\"text\" ><p>Nachdem Sie uns Ihr Logo zur Verf\u00fcgung gestellt haben, erstellen wir Ihnen kostenlos eine Druckvorschau innerhalb von wenigen Stunden! Wenn Sie jedoch mit einer Bestellung fortfahren m\u00f6chten, dient die Vorschau als Vorlage f\u00fcr die Produktion. Daher ist es wichtig, dass die Vorschau exakt Ihren W\u00fcnschen entspricht und Sie uns \u00c4nderungsw\u00fcnsche mitteilen.<\/p>\n<p><strong>Checkliste:<\/strong><\/p>\n<ul>\n<li>Rechtschreibung<\/li>\n<li>Ausrichtung des Logos\/Textes<\/li>\n<li>Gr\u00f6\u00dfe und Position des Logos\/Textes<\/li>\n<li><a href=\"https:\/\/hikitec.de\/pantone\/\">Pantone\u00ae Farbnummern<\/a><\/li>\n<li>Besonderheiten des Logodesigns<\/li>\n<li>Pr\u00fcfen Sie die Firmenrichtlinien<\/li>\n<\/ul>\n<p><strong>Empfehlung:<\/strong><\/p>\n<ul>\n<li>Die Buchstabenh\u00f6he sollte sich nicht unter 1,3 mm belaufen<\/li>\n<li>Die Linienst\u00e4rke (auch bei Buchstaben) sollte 0,4 mm nicht unterschreiten<\/li>\n<\/ul>\n<p>Um ein optimales Veredelungsergebnis zu erzielen, empfehlen wir eine Stichst\u00e4rke von mindestens 1 mm.<\/p>\n<p>Bitte beachten Sie, dass die Liste nur der Orientierung dient und m\u00f6glicherweise nicht vollst\u00e4ndig ist. Diese Druckvorschau dient als Vorlage die Produkton Ihres Auftrags. Bitte pr\u00fcfen Sie den Korrekturabzug sorgf\u00e4ltig und informieren uns, falls Sie \u00c4nderungs- oder Verbesserungsw\u00fcnsche haben. Bitte beachten Sie, dass es bei den Farben der Produkte zu geringf\u00fcgigen Abweichungen kommen kann. Insbesondere k\u00f6nnen die Druckfarben je nach Farbe des Tr\u00e4germaterials vom vorliegenden Ausdruck abweichen. F\u00fcr Produktionsfehler, die eindeutig auf einer fehlerhaften Druckvorschau beruhen, k\u00f6nnen wir nicht haften.<\/p>\n<\/div><\/section><\/div>\n\n<style type=\"text\/css\" id=\"style-css-av-2swydz-62639d8fc42eca2946df4c8225a0aa00\">\n#top .flex_column.av-2swydz-62639d8fc42eca2946df4c8225a0aa00{\nborder-radius:0px;\n-webkit-border-radius:0px;\n-moz-border-radius:0px;\npadding:0px;\n}\n<\/style>\n<div class='flex_column av-2swydz-62639d8fc42eca2946df4c8225a0aa00 av_one_full  avia-builder-el-11  el_after_av_one_full  avia-builder-el-last  first flex_column_div av-zero-column-padding column-top-margin'   ><section class=\"av_textblock_section \"  itemscope=\"itemscope\" itemtype=\"https:\/\/schema.org\/CreativeWork\" ><div class='avia_textblock  '   itemprop=\"text\" ><input type=\"button\" value=\"Zur\u00fcck\" class=\"alg_back_button_input \" style=\"\" onclick=\"window.history.back()\" \/>\n<\/div><\/section><\/div>\n","protected":false},"excerpt":{"rendered":"","protected":false},"author":2,"featured_media":0,"parent":0,"menu_order":0,"comment_status":"closed","ping_status":"closed","template":"","meta":{"footnotes":""},"class_list":["post-9159","page","type-page","status-publish","hentry"],"_links":{"self":[{"href":"https:\/\/hikitec.de\/de\/wp-json\/wp\/v2\/pages\/9159","targetHints":{"allow":["GET"]}}],"collection":[{"href":"https:\/\/hikitec.de\/de\/wp-json\/wp\/v2\/pages"}],"about":[{"href":"https:\/\/hikitec.de\/de\/wp-json\/wp\/v2\/types\/page"}],"author":[{"embeddable":true,"href":"https:\/\/hikitec.de\/de\/wp-json\/wp\/v2\/users\/2"}],"replies":[{"embeddable":true,"href":"https:\/\/hikitec.de\/de\/wp-json\/wp\/v2\/comments?post=9159"}],"version-history":[{"count":24,"href":"https:\/\/hikitec.de\/de\/wp-json\/wp\/v2\/pages\/9159\/revisions"}],"predecessor-version":[{"id":346939,"href":"https:\/\/hikitec.de\/de\/wp-json\/wp\/v2\/pages\/9159\/revisions\/346939"}],"wp:attachment":[{"href":"https:\/\/hikitec.de\/de\/wp-json\/wp\/v2\/media?parent=9159"}],"curies":[{"name":"wp","href":"https:\/\/api.w.org\/{rel}","templated":true}]}}