{"id":9168,"date":"2020-05-14T13:33:49","date_gmt":"2020-05-14T11:33:49","guid":{"rendered":"https:\/\/hikitec.de\/?page_id=9168"},"modified":"2021-03-23T15:22:25","modified_gmt":"2021-03-23T14:22:25","slug":"auftrag","status":"publish","type":"page","link":"https:\/\/hikitec.de\/de\/auftrag\/","title":{"rendered":"Auftrag"},"content":{"rendered":"<section class=\"av_textblock_section \"  itemscope=\"itemscope\" itemtype=\"https:\/\/schema.org\/CreativeWork\" ><div class='avia_textblock  '   itemprop=\"text\" ><p><strong>Wie kann ich bei HIKITEC einen Auftrag erteilen?<\/strong><\/p>\n<\/div><\/section>\n<section class=\"av_textblock_section \"  itemscope=\"itemscope\" itemtype=\"https:\/\/schema.org\/CreativeWork\" ><div class='avia_textblock  '   itemprop=\"text\" ><p>Wie Sie m\u00f6chten!<\/p>\n<p>Am einfachsten geht es via E-Mail: Sie suchen sich einfach Ihre Artikel aus, geben die Menge sowie die gew\u00fcnschten Druckoptionen an und bestellen.<\/p>\n<p>Bitte achten Sie dabei auf die angegebenen Mindestbestellmengen (au\u00dfer bei Musterbestellungen).<\/p>\n<p>Nat\u00fcrlich k\u00f6nnen Sie auch per E-Mail, Fax oder \u00fcber den Postweg bestellen.<\/p>\n<\/div><\/section>\n<section class=\"av_textblock_section \"  itemscope=\"itemscope\" itemtype=\"https:\/\/schema.org\/CreativeWork\" ><div class='avia_textblock  '   itemprop=\"text\" ><input type=\"button\" value=\"Zur\u00fcck\" class=\"alg_back_button_input \" style=\"\" onclick=\"window.history.back()\" \/>\n<\/div><\/section>\n","protected":false},"excerpt":{"rendered":"","protected":false},"author":2,"featured_media":0,"parent":0,"menu_order":0,"comment_status":"closed","ping_status":"closed","template":"","meta":{"footnotes":""},"class_list":["post-9168","page","type-page","status-publish","hentry"],"_links":{"self":[{"href":"https:\/\/hikitec.de\/de\/wp-json\/wp\/v2\/pages\/9168","targetHints":{"allow":["GET"]}}],"collection":[{"href":"https:\/\/hikitec.de\/de\/wp-json\/wp\/v2\/pages"}],"about":[{"href":"https:\/\/hikitec.de\/de\/wp-json\/wp\/v2\/types\/page"}],"author":[{"embeddable":true,"href":"https:\/\/hikitec.de\/de\/wp-json\/wp\/v2\/users\/2"}],"replies":[{"embeddable":true,"href":"https:\/\/hikitec.de\/de\/wp-json\/wp\/v2\/comments?post=9168"}],"version-history":[{"count":7,"href":"https:\/\/hikitec.de\/de\/wp-json\/wp\/v2\/pages\/9168\/revisions"}],"predecessor-version":[{"id":27665,"href":"https:\/\/hikitec.de\/de\/wp-json\/wp\/v2\/pages\/9168\/revisions\/27665"}],"wp:attachment":[{"href":"https:\/\/hikitec.de\/de\/wp-json\/wp\/v2\/media?parent=9168"}],"curies":[{"name":"wp","href":"https:\/\/api.w.org\/{rel}","templated":true}]}}