{"id":9171,"date":"2020-05-14T13:35:07","date_gmt":"2020-05-14T11:35:07","guid":{"rendered":"https:\/\/hikitec.de\/?page_id=9171"},"modified":"2021-03-23T15:45:00","modified_gmt":"2021-03-23T14:45:00","slug":"reklamation","status":"publish","type":"page","link":"https:\/\/hikitec.de\/de\/reklamation\/","title":{"rendered":"Reklamation"},"content":{"rendered":"<section class=\"av_textblock_section \"  itemscope=\"itemscope\" itemtype=\"https:\/\/schema.org\/CreativeWork\" ><div class='avia_textblock  '   itemprop=\"text\" ><p><strong>Wie verfahre ich mit Reklamationen?<\/strong><\/p>\n<\/div><\/section>\n<section class=\"av_textblock_section \"  itemscope=\"itemscope\" itemtype=\"https:\/\/schema.org\/CreativeWork\" ><div class='avia_textblock  '   itemprop=\"text\" ><p>Wir legen gro\u00dfen Wert darauf, Ihre Bestellung genau nach Ihren Vorstellungen auszuf\u00fchren und zu produzieren. Sollte doch mal etwas schief laufen, steht Ihre Zufriedenheit an erster Stelle. Z\u00f6gern Sie nicht Ihren pers\u00f6nlichen Ansprechpartner zu kontaktieren und wir versuchen den Fehler schnellstm\u00f6glich zu korrigieren.<br \/>\nDa alle Produkte auf Wunsch und nach Ihren individuellen Vorstellungen angefertigt werden, gelten keine allgemeinen K\u00fcndigungsbestimmungen oder Widerrufsrechte.<\/p>\n<\/div><\/section>\n<section class=\"av_textblock_section \"  itemscope=\"itemscope\" itemtype=\"https:\/\/schema.org\/CreativeWork\" ><div class='avia_textblock  '   itemprop=\"text\" ><input type=\"button\" value=\"Zur\u00fcck\" class=\"alg_back_button_input \" style=\"\" onclick=\"window.history.back()\" \/>\n<\/div><\/section>\n","protected":false},"excerpt":{"rendered":"","protected":false},"author":2,"featured_media":0,"parent":0,"menu_order":0,"comment_status":"closed","ping_status":"closed","template":"","meta":{"footnotes":""},"class_list":["post-9171","page","type-page","status-publish","hentry"],"_links":{"self":[{"href":"https:\/\/hikitec.de\/de\/wp-json\/wp\/v2\/pages\/9171","targetHints":{"allow":["GET"]}}],"collection":[{"href":"https:\/\/hikitec.de\/de\/wp-json\/wp\/v2\/pages"}],"about":[{"href":"https:\/\/hikitec.de\/de\/wp-json\/wp\/v2\/types\/page"}],"author":[{"embeddable":true,"href":"https:\/\/hikitec.de\/de\/wp-json\/wp\/v2\/users\/2"}],"replies":[{"embeddable":true,"href":"https:\/\/hikitec.de\/de\/wp-json\/wp\/v2\/comments?post=9171"}],"version-history":[{"count":4,"href":"https:\/\/hikitec.de\/de\/wp-json\/wp\/v2\/pages\/9171\/revisions"}],"predecessor-version":[{"id":27747,"href":"https:\/\/hikitec.de\/de\/wp-json\/wp\/v2\/pages\/9171\/revisions\/27747"}],"wp:attachment":[{"href":"https:\/\/hikitec.de\/de\/wp-json\/wp\/v2\/media?parent=9171"}],"curies":[{"name":"wp","href":"https:\/\/api.w.org\/{rel}","templated":true}]}}