{"id":26586,"date":"2021-03-16T12:32:53","date_gmt":"2021-03-16T11:32:53","guid":{"rendered":"https:\/\/hikitec.de\/data-recording\/"},"modified":"2021-03-16T12:32:56","modified_gmt":"2021-03-16T11:32:56","slug":"data-recording","status":"publish","type":"page","link":"https:\/\/hikitec.de\/en\/data-recording\/","title":{"rendered":"Data recording"},"content":{"rendered":"\n<style type=\"text\/css\" id=\"style-css-av-1duggy-4f1643736bc77dd1debbdad9c9106241\">\n#top .flex_column.av-1duggy-4f1643736bc77dd1debbdad9c9106241{\nborder-radius:0px;\n-webkit-border-radius:0px;\n-moz-border-radius:0px;\npadding:0px;\n}\n<\/style>\n<div class='flex_column av-1duggy-4f1643736bc77dd1debbdad9c9106241 av_one_full  avia-builder-el-0  el_before_av_one_full  avia-builder-el-first  first flex_column_div av-zero-column-padding '   ><section class=\"av_textblock_section \"  itemscope=\"itemscope\" itemtype=\"https:\/\/schema.org\/CreativeWork\" ><div class='avia_textblock  '   itemprop=\"text\" ><p><strong>Recording data to USB sticks<br \/>\n<\/strong><\/p>\n<p>USB sticks can be recorded by us with individual data (catalog, pictures, etc.) without any problems. Your stick with individual data is a cost-effective alternative to a paper advertising brochure. A USB stick with data recording is more sustainable than a paper message, because when the customer removes the data, he will continue to use your USB stick with your advertising message. Paper, on the other hand, will end up in the trash after a short time. We also offer our customers to record each USB stick individually and treat your data strictly confidential. Feel free to contact the HIKITEC GmbH team.<\/p>\n<p>We load your data onto the USB memory stick we produce or <u>you<\/u> provide us with your USB stick and we record it afterwards. Send us the data with your order (or even a few days later) via email\/FTP\/download link or <a href=\"https:\/\/wetransfer.com\/\" target=\"_blank\" rel=\"noopener\"><img loading=\"lazy\" decoding=\"async\" class=\"alignnone size-full wp-image-9014\" src=\"https:\/\/hikitec.de\/wp-content\/uploads\/2020\/05\/wetransfer.gif\" alt=\"\" width=\"102\" height=\"18\"><\/a> and we will refuel your USB stick. Simple, safe and fast.<\/p>\n<\/div><\/section><\/div>\n\n<style type=\"text\/css\" id=\"style-css-av-13m7iy-22fa7a734fd720b59842470314828c86\">\n#top .flex_column.av-13m7iy-22fa7a734fd720b59842470314828c86{\nborder-radius:0px;\n-webkit-border-radius:0px;\n-moz-border-radius:0px;\npadding:0px;\n}\n<\/style>\n<div class='flex_column av-13m7iy-22fa7a734fd720b59842470314828c86 av_one_full  avia-builder-el-2  el_after_av_one_full  el_before_av_one_full  first flex_column_div av-zero-column-padding column-top-margin'   ><section class=\"av_textblock_section \"  itemscope=\"itemscope\" itemtype=\"https:\/\/schema.org\/CreativeWork\" ><div class='avia_textblock  '   itemprop=\"text\" ><p><strong>Table of contents<\/strong><\/p>\n<ul>\n<li><a href=\"#DPC\"><strong>Have data recorded in production<\/strong><\/a><\/li>\n<li><a href=\"#DIDBL\"><strong>Record data in Germany<\/strong><\/a><\/li>\n<li><a href=\"#VDD\"><strong>Have confidential data recorded in Germany<\/strong><\/a><\/li>\n<li><a href=\"#DLA\"><strong>Erasable data upload<\/strong><\/a><\/li>\n<li><a href=\"#DUA\"><strong>Data indelible upload<\/strong><\/a><\/li>\n<li><a href=\"#LWN\"><strong>Drive name labeling<\/strong><\/a><\/li>\n<\/ul>\n<\/div><\/section><\/div>\n\n<style type=\"text\/css\" id=\"style-css-av-13m7iy-22fa7a734fd720b59842470314828c86\">\n#top .flex_column.av-13m7iy-22fa7a734fd720b59842470314828c86{\nborder-radius:0px;\n-webkit-border-radius:0px;\n-moz-border-radius:0px;\npadding:0px;\n}\n<\/style>\n<div class='flex_column av-13m7iy-22fa7a734fd720b59842470314828c86 av_one_full  avia-builder-el-4  el_after_av_one_full  el_before_av_one_full  first flex_column_div av-zero-column-padding column-top-margin'   ><section class=\"av_textblock_section \"  itemscope=\"itemscope\" itemtype=\"https:\/\/schema.org\/CreativeWork\" ><div class='avia_textblock  '   itemprop=\"text\" ><p id=\"DPC\" class=\"pt-20\"><strong>Recording data in production<\/strong><\/p>\n<p>Send us with your data (or even a few days later) the data via email\/FTP\/download link or <a class=\"alignnone\" href=\"https:\/\/wetransfer.com\/\" target=\"_blank\" rel=\"noopener\"><img loading=\"lazy\" decoding=\"async\" class=\"alignnone size-full wp-image-9014\" src=\"https:\/\/hikitec.de\/wp-content\/uploads\/2020\/05\/wetransfer.gif\" alt=\"\" width=\"102\" height=\"18\"><\/a> and we will refuel your USB stick. Simple, safe and fast.<\/p>\n<p><strong>Duration<\/strong><\/p>\n<p>Loading the data does <u>not<\/u> extend the production time!<\/p>\n<\/div><\/section><\/div>\n\n<style type=\"text\/css\" id=\"style-css-av-13m7iy-22fa7a734fd720b59842470314828c86\">\n#top .flex_column.av-13m7iy-22fa7a734fd720b59842470314828c86{\nborder-radius:0px;\n-webkit-border-radius:0px;\n-moz-border-radius:0px;\npadding:0px;\n}\n<\/style>\n<div class='flex_column av-13m7iy-22fa7a734fd720b59842470314828c86 av_one_full  avia-builder-el-6  el_after_av_one_full  el_before_av_one_full  first flex_column_div av-zero-column-padding column-top-margin'   ><section class=\"av_textblock_section \"  itemscope=\"itemscope\" itemtype=\"https:\/\/schema.org\/CreativeWork\" ><div class='avia_textblock  '   itemprop=\"text\" ><p id=\"DIDBL\" class=\"pt-20\"><strong>Record data in Germany<\/strong><\/p>\n<p>You send us your USB sticks,<u>1 of which<\/u> should already be recorded with the desired data, the so-called <strong>master USB stick<\/strong>. We duplicate this to all other USB sticks, checking the USB stick again for correctness and readability. We sort out defective USB sticks accordingly.<\/p>\n<p><strong>Duration<\/strong><\/p>\n<p>The regular play time is from 3 working days per 5000 pieces (depending on data size and packing). Please be sure to notify us of upcoming play-by-play orders in a timely manner. Express productions (same day) by arrangement. Regular and smaller sample batches usually require one, max. two working days.<\/p>\n<p>You send us your own USB sticks and we transfer your data to your storage media.<br \/>\nThe data is then compared (verified) with the original. Defective media are detected, sorted out and packed separately.<\/p>\n<p>Production flow<strong><br \/>\n<\/strong><\/p>\n<p>1. you announce your order in advance.<br \/>\n2. you send us your data carriers as early as possible.<br \/>\n3. we unpack each and every USB stick.<br \/>\n4. we subject 2 to 3 USB sticks to a short function test.<br \/>\n5. you send us your copy data online or by mail.<br \/>\n6. we create a master USB stick if necessary.<br \/>\n7. you give us the approval on the basis of a test file or data sample.<br \/>\n8. we copy and check the sticks.<br \/>\n9. we assemble and pack the sticks.<br \/>\n10. shipping to you or directly to your customer.<\/p>\n<\/div><\/section><\/div>\n\n<style type=\"text\/css\" id=\"style-css-av-zdim2-2cfa4d4eb3959b3e9ca4fc8611307c8d\">\n#top .flex_column.av-zdim2-2cfa4d4eb3959b3e9ca4fc8611307c8d{\nborder-radius:0px;\n-webkit-border-radius:0px;\n-moz-border-radius:0px;\npadding:0px;\n}\n<\/style>\n<div class='flex_column av-zdim2-2cfa4d4eb3959b3e9ca4fc8611307c8d av_one_full  avia-builder-el-8  el_after_av_one_full  el_before_av_one_full  first flex_column_div av-zero-column-padding column-top-margin'   ><section class=\"av_textblock_section \"  itemscope=\"itemscope\" itemtype=\"https:\/\/schema.org\/CreativeWork\" ><div class='avia_textblock  '   itemprop=\"text\" ><p><a id=\"VDD\"><\/a><strong>Have confidential data recorded in Germany<\/strong><\/p>\n<p>Do you have confidential and very important data that needs to be written to a USB stick? We are happy to offer you this special service. You send us your USB sticks,<u>1 of which<\/u> should already be recorded with the desired data, the so-called <strong>master USB stick<\/strong>. (not via Dropbox, wetransfer or any other public service). We duplicate this to all other USB sticks, checking the USB stick again for correctness and readability. We sort out defective USB sticks accordingly. We do not copy your data locally to a computer, nor do we create a master USB stick. Your data has no contact with our network and\/or is stored by us locally on computers. On the day of the recording, a responsible person is appointed who is responsible for the recording and the master USB stick. This person tracks the recording all the way to shipping. This allows us to guarantee a seamless process on our part. We will also be happy to sign a non-disclosure agreement on your part.<\/p>\n<p><strong>Duration<\/strong><\/p>\n<p>The regular play time is from 3 working days per 5000 pieces (depending on data size and packing). Please be sure to notify us of upcoming play-by-play orders in a timely manner. Express productions (same day) by arrangement. Regular and smaller sample batches usually require one, max. two working days.<\/p>\n<p>You send us your own USB sticks and we transfer your data to your storage media.<br \/>\nThe data is then compared (verified) with the original. Defective media are detected, sorted out and packed separately.<\/p>\n<p><strong>Production flow<br \/>\n<\/strong><\/p>\n<p>1. you announce your order in advance.<br \/>\n2. you send us your data carriers as early as possible.<br \/>\n3. we unpack each and every USB stick.<br \/>\n4. we subject 2 to 3 USB sticks to a short function test.<br \/>\n5. you send us your master USB stick.<br \/>\n6. we copy and check the sticks.<br \/>\n7. we will assemble and pack the sticks.<br \/>\n8. shipping to you or directly to your customer.<\/p>\n<\/div><\/section><\/div>\n\n<style type=\"text\/css\" id=\"style-css-av-qoyaq-c6ce64bab3e42d2b29105200dbaebcf9\">\n#top .flex_column.av-qoyaq-c6ce64bab3e42d2b29105200dbaebcf9{\nborder-radius:0px;\n-webkit-border-radius:0px;\n-moz-border-radius:0px;\npadding:0px;\n}\n<\/style>\n<div class='flex_column av-qoyaq-c6ce64bab3e42d2b29105200dbaebcf9 av_one_full  avia-builder-el-10  el_after_av_one_full  el_before_av_one_full  first flex_column_div av-zero-column-padding column-top-margin'   ><section class=\"av_textblock_section \"  itemscope=\"itemscope\" itemtype=\"https:\/\/schema.org\/CreativeWork\" ><div class='avia_textblock  '   itemprop=\"text\" ><p><a id=\"DLA\"><\/a><strong>Erasable data upload<\/strong><\/p>\n<p>The end user receives a stick, with your individual data, over which the customer can freely dispose\/decide.<\/p>\n<\/div><\/section><\/div>\n\n<style type=\"text\/css\" id=\"style-css-av-nh4jm-bc85565081e976db16930af39a6652e0\">\n#top .flex_column.av-nh4jm-bc85565081e976db16930af39a6652e0{\nborder-radius:0px;\n-webkit-border-radius:0px;\n-moz-border-radius:0px;\npadding:0px;\n}\n<\/style>\n<div class='flex_column av-nh4jm-bc85565081e976db16930af39a6652e0 av_one_full  avia-builder-el-12  el_after_av_one_full  el_before_av_one_full  first flex_column_div av-zero-column-padding column-top-margin'   ><section class=\"av_textblock_section \"  itemscope=\"itemscope\" itemtype=\"https:\/\/schema.org\/CreativeWork\" ><div class='avia_textblock  '   itemprop=\"text\" ><p><a id=\"DUA\"><\/a><strong>Data indelible upload<\/strong><\/p>\n<p>Two partitions are created in the USB stick. A partition is created as a READ-only drive. This drive has the same function as a CD or DVD, which is also protected under a formation. The remaining free memory is formatted as a Write &amp; Read drive. The user can freely dispose of this second partition and save, delete and, if necessary, format his personal data.<\/p>\n<p>Please note that we record USB sticks with data ex works and partition them directly. Subsequent partitioning in Germany is <u>not possible<\/u>.<\/p>\n<\/div><\/section><\/div>\n\n<style type=\"text\/css\" id=\"style-css-av-eb78a-94656ec42f31d4e0eb53b968cbf58313\">\n#top .flex_column.av-eb78a-94656ec42f31d4e0eb53b968cbf58313{\nborder-radius:0px;\n-webkit-border-radius:0px;\n-moz-border-radius:0px;\npadding:0px;\n}\n<\/style>\n<div class='flex_column av-eb78a-94656ec42f31d4e0eb53b968cbf58313 av_one_full  avia-builder-el-14  el_after_av_one_full  el_before_av_one_full  first flex_column_div av-zero-column-padding column-top-margin'   ><section class=\"av_textblock_section \"  itemscope=\"itemscope\" itemtype=\"https:\/\/schema.org\/CreativeWork\" ><div class='avia_textblock  '   itemprop=\"text\" ><p><a id=\"LWN\"><\/a><strong>Drive labeling<\/strong><\/p>\n<p>With the drive labeling you can set in advance how the USB sticks should be displayed on the PC as a name. This way, even when using multiple sticks, the customer knows exactly which one is yours. Please note that you only have <strong>11 characters<\/strong> at your disposal. The length results from old naming convention in DOS times: 8+3=11 characters. The only special character allowed is an underscore &#8220;_&#8221;.<\/p>\n<\/div><\/section><\/div>\n\n<style type=\"text\/css\" id=\"style-css-av-7me8y-939388d2d40753a90d0a46e0acca8803\">\n#top .flex_column.av-7me8y-939388d2d40753a90d0a46e0acca8803{\nborder-radius:0px;\n-webkit-border-radius:0px;\n-moz-border-radius:0px;\npadding:0px;\n}\n<\/style>\n<div class='flex_column av-7me8y-939388d2d40753a90d0a46e0acca8803 av_one_full  avia-builder-el-16  el_after_av_one_full  el_before_av_textblock  first flex_column_div av-zero-column-padding column-top-margin'   ><section class=\"av_textblock_section \"  itemscope=\"itemscope\" itemtype=\"https:\/\/schema.org\/CreativeWork\" ><div class='avia_textblock  '   itemprop=\"text\" ><p><strong>Recommendation<\/strong><\/p>\n<p>The file names \/ naming must not contain special characters, special characters are all letters and characters beyond the 26 basic letters of the Latin alphabet. This refers to symbols (\u00a7 \/ # $ % [ } + @ \u20ac &#8230;) as well as to additional letters (\u00f0 ? ? \u00fe &#8230;), ligatures of two letters (&amp; \u00df \u00e6 \u0153 &#8230;) and especially to letters with so-called diacritical marks (\u00fc \u00e1 \u00f4 \u00e8 \u00f1 \u00e5 \u00e7 \u00f8 \u0161 ? ? ? ? &#8230;). Please note that the data must be multilingual!<\/p>\n<\/div><\/section><\/div>\n<section class=\"av_textblock_section \"  itemscope=\"itemscope\" itemtype=\"https:\/\/schema.org\/CreativeWork\" ><div class='avia_textblock  '   itemprop=\"text\" ><input type=\"button\" value=\"Back\" class=\"alg_back_button_input \" style=\"\" onclick=\"window.history.back()\" \/>\n<\/div><\/section>\n","protected":false},"excerpt":{"rendered":"","protected":false},"author":2,"featured_media":0,"parent":0,"menu_order":0,"comment_status":"closed","ping_status":"closed","template":"","meta":{"footnotes":""},"class_list":["post-26586","page","type-page","status-publish","hentry"],"_links":{"self":[{"href":"https:\/\/hikitec.de\/en\/wp-json\/wp\/v2\/pages\/26586","targetHints":{"allow":["GET"]}}],"collection":[{"href":"https:\/\/hikitec.de\/en\/wp-json\/wp\/v2\/pages"}],"about":[{"href":"https:\/\/hikitec.de\/en\/wp-json\/wp\/v2\/types\/page"}],"author":[{"embeddable":true,"href":"https:\/\/hikitec.de\/en\/wp-json\/wp\/v2\/users\/2"}],"replies":[{"embeddable":true,"href":"https:\/\/hikitec.de\/en\/wp-json\/wp\/v2\/comments?post=26586"}],"version-history":[{"count":5,"href":"https:\/\/hikitec.de\/en\/wp-json\/wp\/v2\/pages\/26586\/revisions"}],"predecessor-version":[{"id":26591,"href":"https:\/\/hikitec.de\/en\/wp-json\/wp\/v2\/pages\/26586\/revisions\/26591"}],"wp:attachment":[{"href":"https:\/\/hikitec.de\/en\/wp-json\/wp\/v2\/media?parent=26586"}],"curies":[{"name":"wp","href":"https:\/\/api.w.org\/{rel}","templated":true}]}}