{"id":122232,"date":"2021-04-22T16:19:29","date_gmt":"2021-04-22T14:19:29","guid":{"rendered":"https:\/\/hikitec.de\/exportar-documento-de-acompanamiento\/"},"modified":"2021-04-22T16:19:34","modified_gmt":"2021-04-22T14:19:34","slug":"exportar-documento-de-acompanamiento","status":"publish","type":"page","link":"https:\/\/hikitec.de\/es\/exportar-documento-de-acompanamiento\/","title":{"rendered":"Exportar documento de acompa\u00f1amiento"},"content":{"rendered":"\n<style type=\"text\/css\" id=\"style-css-av-vf2w0t-cfd772192d56b6743f43491fbb9cd5a3\">\n#top .flex_column.av-vf2w0t-cfd772192d56b6743f43491fbb9cd5a3{\nborder-radius:0px;\n-webkit-border-radius:0px;\n-moz-border-radius:0px;\npadding:0px;\n}\n<\/style>\n<div class='flex_column av-vf2w0t-cfd772192d56b6743f43491fbb9cd5a3 av_one_full  avia-builder-el-0  el_before_av_one_full  avia-builder-el-first  first flex_column_div av-zero-column-padding '   ><section class=\"av_textblock_section \"  itemscope=\"itemscope\" itemtype=\"https:\/\/schema.org\/CreativeWork\" ><div class='avia_textblock  '   itemprop=\"text\" ><p><strong><span id=\"Wer_kann_ein_Ausfuhrbegleitdokument_erstellen\">\u00bfQui\u00e9n puede redactar un documento de acompa\u00f1amiento de exportaci\u00f3n?<\/span><\/strong><\/p>\n<p><strong>Nuestro servicio &#8211;<\/strong> La empresa HIKITEC GmbH colabora con una agencia de aduanas para la preparaci\u00f3n del documento de acompa\u00f1amiento a la exportaci\u00f3n. La agencia de aduanas designada act\u00faa entonces como representante del exportador ante la aduana. Dispone de un programa inform\u00e1tico especial para las declaraciones electr\u00f3nicas con un enlace directo con las aduanas responsables.<\/p>\n<\/div><\/section><\/div>\n<style type=\"text\/css\" id=\"style-css-av-1aiasd9-81516af84eb611c7c65b6a54b936dcb9\">\n#top .flex_column.av-1aiasd9-81516af84eb611c7c65b6a54b936dcb9{\nborder-radius:0px;\n-webkit-border-radius:0px;\n-moz-border-radius:0px;\npadding:0px;\n}\n<\/style>\n<div class='flex_column av-1aiasd9-81516af84eb611c7c65b6a54b936dcb9 av_one_full  avia-builder-el-2  el_after_av_one_full  el_before_av_one_full  first flex_column_div av-zero-column-padding column-top-margin'   ><section class=\"av_textblock_section \"  itemscope=\"itemscope\" itemtype=\"https:\/\/schema.org\/CreativeWork\" ><div class='avia_textblock  '   itemprop=\"text\" ><p><strong>\u00bfCu\u00e1ndo se requiere un documento de acompa\u00f1amiento de exportaci\u00f3n?<\/strong><\/p>\n<p>Para exportar mercanc\u00edas desde la UE a un pa\u00eds de la AELC o a un tercer pa\u00eds, debe preparar siempre un documento de acompa\u00f1amiento de exportaci\u00f3n si las mercanc\u00edas o el valor en aduana superan los 1.000 euros y\/o el peso es superior a 1.000 kg.<\/p>\n<p>Por lo tanto, necesita un documento de acompa\u00f1amiento de exportaci\u00f3n si<\/p>\n<ul>\n<li>Las mercanc\u00edas salen de la UE* y<\/li>\n<li>el valor de las mercanc\u00edas o el valor en aduana es superior a 1000 euros, o<\/li>\n<li>el peso del env\u00edo es superior a 1000 kg<\/li>\n<\/ul>\n<p>*= si, por ejemplo, las mercanc\u00edas van a salir de la uni\u00f3n aduanera durante un corto periodo de tiempo, como en el caso de un env\u00edo de Espa\u00f1a a las Islas Canarias, tambi\u00e9n necesitar\u00e1 un documento de acompa\u00f1amiento de exportaci\u00f3n (sujeto a un cargo).<\/p>\n<\/div><\/section><\/div>\n<style type=\"text\/css\" id=\"style-css-av-umk859-7f67e317ebadbd9ae4854043acfdcfe6\">\n#top .flex_column.av-umk859-7f67e317ebadbd9ae4854043acfdcfe6{\nborder-radius:0px;\n-webkit-border-radius:0px;\n-moz-border-radius:0px;\npadding:0px;\n}\n<\/style>\n<div class='flex_column av-umk859-7f67e317ebadbd9ae4854043acfdcfe6 av_one_full  avia-builder-el-4  el_after_av_one_full  el_before_av_one_full  first flex_column_div av-zero-column-padding column-top-margin'   ><section class=\"av_textblock_section \"  itemscope=\"itemscope\" itemtype=\"https:\/\/schema.org\/CreativeWork\" ><div class='avia_textblock  '   itemprop=\"text\" ><p><img loading=\"lazy\" decoding=\"async\" class=\"aligncenter size-medium wp-image-80530\" src=\"..\/wp-content\/uploads\/2021\/04\/EU-Mitgliedstaaten-268x300.jpg\" alt=\"\" width=\"268\" height=\"300\" srcset=\"https:\/\/hikitec.de\/wp-content\/uploads\/2021\/04\/EU-Mitgliedstaaten-268x300.jpg 268w, https:\/\/hikitec.de\/wp-content\/uploads\/2021\/04\/EU-Mitgliedstaaten.jpg 578w\" sizes=\"auto, (max-width: 268px) 100vw, 268px\" \/><\/p>\n<p style=\"text-align: center;\">Para los expedidores comerciales que deseen exportar mercanc\u00edas con un valor aduanero de exportaci\u00f3n igual o superior a 1.000 euros a un tercer pa\u00eds\/pa\u00eds no comunitario que no pertenezca a la Uni\u00f3n Europea, debe prepararse una declaraci\u00f3n de exportaci\u00f3n\/documento de acompa\u00f1amiento de exportaci\u00f3n (ABD).<\/p>\n<p style=\"text-align: center;\">(Los pa\u00edses de la UE aparecen en azul en el mapa)<\/p>\n<\/div><\/section><\/div>\n<style type=\"text\/css\" id=\"style-css-av-1wa1t3x-f429bb98d9350f1ad735368514963481\">\n#top .flex_column.av-1wa1t3x-f429bb98d9350f1ad735368514963481{\nborder-radius:0px;\n-webkit-border-radius:0px;\n-moz-border-radius:0px;\npadding:0px;\n}\n<\/style>\n<div class='flex_column av-1wa1t3x-f429bb98d9350f1ad735368514963481 av_one_full  avia-builder-el-6  el_after_av_one_full  el_before_av_one_full  first flex_column_div av-zero-column-padding column-top-margin'   ><section class=\"av_textblock_section \"  itemscope=\"itemscope\" itemtype=\"https:\/\/schema.org\/CreativeWork\" ><div class='avia_textblock  '   itemprop=\"text\" ><p><strong><span id=\"Was_ist_das_Ausfuhrbegleitdokument\">\u00bfQu\u00e9 es el documento de acompa\u00f1amiento de exportaci\u00f3n?<\/span><\/strong><\/p>\n<p>El Documento de Acompa\u00f1amiento a la Exportaci\u00f3n (DAC) es la prueba escrita de que se permite la exportaci\u00f3n de determinadas mercanc\u00edas. Por lo tanto, puede exportar desde la Uni\u00f3n Europea las mercanc\u00edas que figuran en el documento. A continuaci\u00f3n, puede transportar la mercanc\u00eda a un pa\u00eds de la AELC (por ejemplo, Suiza) o a un tercer pa\u00eds. A veces, el documento de acompa\u00f1amiento a la exportaci\u00f3n tambi\u00e9n se denomina declaraci\u00f3n de exportaci\u00f3n o declaraci\u00f3n de exportaci\u00f3n.<\/p>\n<p>Desde el 01.07.2009 esta declaraci\u00f3n s\u00f3lo es posible por v\u00eda electr\u00f3nica a trav\u00e9s de <a href=\"https:\/\/de.wikipedia.org\/wiki\/ATLAS_(Zollsoftware)\"><strong>ATLAS<\/strong><\/a> (Sistema Automatizado de Aranceles y Despachos de Aduanas Locales). As\u00ed, la solicitud en papel ha sido sustituida. Dependiendo de la constelaci\u00f3n de las partes en el negocio jur\u00eddico, el peso y el valor de las mercanc\u00edas, una declaraci\u00f3n de exportaci\u00f3n electr\u00f3nica es obligatoria en algunos casos e innecesaria en otros.<\/p>\n<p>El documento de acompa\u00f1amiento de exportaci\u00f3n constar\u00e1 de los datos de las partes, del procedimiento y de las mercanc\u00edas. Mediante un n\u00famero de seguimiento \u00fanico de 18 d\u00edgitos (MRN = Movement Reference Number) en forma de c\u00f3digo de barras, es posible rastrear en cualquier momento en qu\u00e9 aduana de la UE se despacharon las mercanc\u00edas. En cuanto la aduana de la frontera exterior de la UE escanea el documento de acompa\u00f1amiento de la exportaci\u00f3n, genera la llamada nota de salida (AgV). Es la prueba de que las mercanc\u00edas se han exportado correctamente desde la UE.<\/p>\n<p>Los datos del ABD se utilizan para registrar el flujo de mercanc\u00edas y se incluyen en las <a href=\"https:\/\/www.destatis.de\/DE\/Themen\/Wirtschaft\/Aussenhandel\/Methoden\/Erlaeuterungen\/erlaeuterungen-aussenhandelsstatistik.html?nn=213416\"><strong>estad\u00edsticas de comercio exterior<\/strong><\/a> publicadas por la Oficina Federal de Estad\u00edstica. Con la ayuda del ABD, es posible comprobar si el exportador cumple la normativa de exportaci\u00f3n y la ley de comercio exterior.<\/p>\n<\/div><\/section><\/div>\n<style type=\"text\/css\" id=\"style-css-av-1svrdgd-d582f447ecad1a0a5be7822c4a151c83\">\n#top .flex_column.av-1svrdgd-d582f447ecad1a0a5be7822c4a151c83{\nborder-radius:0px;\n-webkit-border-radius:0px;\n-moz-border-radius:0px;\npadding:0px;\n}\n<\/style>\n<div class='flex_column av-1svrdgd-d582f447ecad1a0a5be7822c4a151c83 av_one_full  avia-builder-el-8  el_after_av_one_full  el_before_av_one_full  first flex_column_div av-zero-column-padding column-top-margin'   ><p><section class=\"av_textblock_section \"  itemscope=\"itemscope\" itemtype=\"https:\/\/schema.org\/CreativeWork\" ><div class='avia_textblock  '   itemprop=\"text\" ><\/div><\/section><br \/>\n\n<style type=\"text\/css\" id=\"style-css-av-kneitcoy-68af9bdbef329cd3c72d5903da695d0b\">\n.togglecontainer.av-kneitcoy-68af9bdbef329cd3c72d5903da695d0b p.toggler{\ncolor:#ffffff;\nbackground-color:#0039a6;\nborder-color:#745f7e;\n}\n.togglecontainer.av-kneitcoy-68af9bdbef329cd3c72d5903da695d0b p.toggler .toggle_icon{\nborder-color:#ffffff;\n}\n.togglecontainer.av-kneitcoy-68af9bdbef329cd3c72d5903da695d0b .toggle_wrap .toggle_content{\ncolor:#ffffff;\nbackground-color:#0039a6;\nborder-color:#745f7e;\n}\n<\/style>\n<div  class='togglecontainer av-kneitcoy-68af9bdbef329cd3c72d5903da695d0b  avia-builder-el-10  el_after_av_textblock  avia-builder-el-last  toggle_close_all ' >\n<section class='av_toggle_section av-kneita3q-ccd90eb5387fb1969738d60209fdff27'  itemscope=\"itemscope\" itemtype=\"https:\/\/schema.org\/CreativeWork\" ><div role=\"tablist\" class=\"single_toggle\" data-tags=\"{Todo} \"  ><p data-fake-id='#toggle-id-1' class='toggler hasCustomColor  av-inherit-font-color av-inherit-border-color'  itemprop=\"headline\"  role='tab' tabindex='0' aria-controls='toggle-id-1'>El territorio aduanero de la Uni\u00f3n comprende los siguientes territorios, incluidos sus mares territoriales, aguas interiores y espacio a\u00e9reo (art\u00edculo 4 del CIP):<span class=\"toggle_icon\"><span class=\"vert_icon\"><\/span><span class=\"hor_icon\"><\/span><\/span><\/p><div id='toggle-id-1' class='toggle_wrap  '  ><div class='toggle_content invers-color av-inherit-font-color av-inherit-border-color'  itemprop=\"text\" ><ul>\n<li>el territorio del Reino de B\u00e9lgica<\/li>\n<li>el territorio de la Rep\u00fablica de Bulgaria<\/li>\n<li>el territorio de la Rep\u00fablica Checa<\/li>\n<li>el territorio del Reino de Dinamarca, a excepci\u00f3n de las Islas Feroe y Groenlandia<\/li>\n<li>el territorio de la Rep\u00fablica Federal de Alemania, excepto la isla de Helgoland y el territorio de B\u00fcsingen (Tratado de 23 de noviembre de 1964 entre la Rep\u00fablica Federal de Alemania y la Confederaci\u00f3n Suiza)<\/li>\n<li>el territorio de la Rep\u00fablica de Estonia<\/li>\n<li>el territorio de Irlanda<\/li>\n<li>el territorio de la Rep\u00fablica Hel\u00e9nica<\/li>\n<li>el territorio del Reino de Espa\u00f1a, a excepci\u00f3n de Ceuta y Melilla<\/li>\n<li>el territorio de la Rep\u00fablica Francesa, a excepci\u00f3n de San Bartolom\u00e9, San Pedro y Miquel\u00f3n, Nueva Caledonia, Wallis y Futuna, la Polinesia Francesa y los Territorios Australes y Ant\u00e1rticos Franceses<\/li>\n<li>el territorio de la Rep\u00fablica de Croacia<\/li>\n<li>el territorio de la Rep\u00fablica Italiana, a excepci\u00f3n del municipio de Livigno<\/li>\n<li>el territorio de la Rep\u00fablica de Chipre tal como se define en el Acta de Adhesi\u00f3n de 2003<\/li>\n<li>el territorio de la Rep\u00fablica de Letonia<\/li>\n<li>el territorio de la Rep\u00fablica de Lituania<\/li>\n<li>el territorio del Gran Ducado de Luxemburgo<\/li>\n<li>el territorio de Hungr\u00eda<\/li>\n<li>el territorio de Malta<\/li>\n<li>el territorio del Reino de los Pa\u00edses Bajos en Europa<\/li>\n<li>el territorio de la Rep\u00fablica de Austria<\/li>\n<li>el territorio de la Rep\u00fablica de Polonia<\/li>\n<li>el territorio de la Rep\u00fablica Portuguesa<\/li>\n<li>el territorio de Ruman\u00eda<\/li>\n<li>el territorio de la Rep\u00fablica de Eslovenia<\/li>\n<li>el territorio de la Rep\u00fablica Eslovaca<\/li>\n<li>el territorio de la Rep\u00fablica de Finlandia<\/li>\n<li>el territorio del Reino de Suecia<\/li>\n<li>el territorio del Reino Unido de Gran Breta\u00f1a e Irlanda del Norte y las Islas del Canal y la Isla de <span lang=\"en-GB\" xml:lang=\"en-GB\">Man<\/span><\/li>\n<\/ul>\n<div class=\"c-hint\">\n<div class=\"c-hint__headline-wrapper\">\n<div class=\"c-hint__headline c-hint__headline--hinweis\"><strong><img loading=\"lazy\" decoding=\"async\" class=\"size-thumbnail wp-image-9063 alignleft\" src=\"https:\/\/hikitec.de\/wp-content\/uploads\/2020\/05\/Achtung-80x80.png\" alt=\"\" width=\"80\" height=\"80\" srcset=\"https:\/\/hikitec.de\/wp-content\/uploads\/2020\/05\/Achtung-80x80.png 80w, https:\/\/hikitec.de\/wp-content\/uploads\/2020\/05\/Achtung-300x300.png 300w, https:\/\/hikitec.de\/wp-content\/uploads\/2020\/05\/Achtung-768x768.png 768w, https:\/\/hikitec.de\/wp-content\/uploads\/2020\/05\/Achtung-36x36.png 36w, https:\/\/hikitec.de\/wp-content\/uploads\/2020\/05\/Achtung-180x180.png 180w, https:\/\/hikitec.de\/wp-content\/uploads\/2020\/05\/Achtung-705x705.png 705w, https:\/\/hikitec.de\/wp-content\/uploads\/2020\/05\/Achtung-120x120.png 120w, https:\/\/hikitec.de\/wp-content\/uploads\/2020\/05\/Achtung-450x450.png 450w, https:\/\/hikitec.de\/wp-content\/uploads\/2020\/05\/Achtung.png 828w\" sizes=\"auto, (max-width: 80px) 100vw, 80px\" \/>Nota<\/strong><\/div>\n<\/div>\n<div class=\"c-hint__p\">\n<p>Aunque el art\u00edculo 4 de la CIP a\u00fan no se ha adaptado, el territorio del Reino Unido de Gran Breta\u00f1a e Irlanda del Norte y las Islas del Canal y la Isla de Man ya no forman parte del territorio aduanero de la Uni\u00f3n como consecuencia del Acuerdo de Retirada. Sin embargo, en virtud del Protocolo sobre Irlanda del Norte, este pa\u00eds sigue siendo tratado a efectos aduaneros como si formara parte del territorio aduanero de la Uni\u00f3n.<\/p>\n<\/div>\n<\/div>\n<\/div><\/div><\/div><\/section>\n<\/div><\/p><\/div><\/p>\n\n<style type=\"text\/css\" id=\"style-css-av-1au5bb1-bbf900135b882a8893abe6e15ef1d2df\">\n#top .flex_column.av-1au5bb1-bbf900135b882a8893abe6e15ef1d2df{\nborder-radius:0px;\n-webkit-border-radius:0px;\n-moz-border-radius:0px;\npadding:0px;\n}\n<\/style>\n<div class='flex_column av-1au5bb1-bbf900135b882a8893abe6e15ef1d2df av_one_full  avia-builder-el-11  el_after_av_one_full  el_before_av_one_full  first flex_column_div av-zero-column-padding column-top-margin'   ><section class=\"av_textblock_section \"  itemscope=\"itemscope\" itemtype=\"https:\/\/schema.org\/CreativeWork\" ><div class='avia_textblock  '   itemprop=\"text\" ><input type=\"button\" value=\"Volver\" class=\"alg_back_button_input \" style=\"\" onclick=\"window.history.back()\" \/>\n<\/div><\/section><\/div>\n\n<style type=\"text\/css\" id=\"style-css-av-vzk78d-9497689af812c950fc6b25e729bf7945\">\n#top .flex_column.av-vzk78d-9497689af812c950fc6b25e729bf7945{\nborder-radius:0px;\n-webkit-border-radius:0px;\n-moz-border-radius:0px;\npadding:0px;\n}\n<\/style>\n<div class='flex_column av-vzk78d-9497689af812c950fc6b25e729bf7945 av_one_full  avia-builder-el-13  el_after_av_one_full  avia-builder-el-last  first flex_column_div av-zero-column-padding column-top-margin'   ><section class=\"av_textblock_section \"  itemscope=\"itemscope\" itemtype=\"https:\/\/schema.org\/CreativeWork\" ><div class='avia_textblock  '   itemprop=\"text\" ><p style=\"text-align: right;\">\u00abTodos los derechos reservados\u00bb y \u00absin garant\u00eda\u00bb.<\/p>\n<\/div><\/section><\/div>\n","protected":false},"excerpt":{"rendered":"","protected":false},"author":2,"featured_media":0,"parent":0,"menu_order":0,"comment_status":"closed","ping_status":"closed","template":"","meta":{"footnotes":""},"class_list":["post-122232","page","type-page","status-publish","hentry"],"_links":{"self":[{"href":"https:\/\/hikitec.de\/es\/wp-json\/wp\/v2\/pages\/122232","targetHints":{"allow":["GET"]}}],"collection":[{"href":"https:\/\/hikitec.de\/es\/wp-json\/wp\/v2\/pages"}],"about":[{"href":"https:\/\/hikitec.de\/es\/wp-json\/wp\/v2\/types\/page"}],"author":[{"embeddable":true,"href":"https:\/\/hikitec.de\/es\/wp-json\/wp\/v2\/users\/2"}],"replies":[{"embeddable":true,"href":"https:\/\/hikitec.de\/es\/wp-json\/wp\/v2\/comments?post=122232"}],"version-history":[{"count":6,"href":"https:\/\/hikitec.de\/es\/wp-json\/wp\/v2\/pages\/122232\/revisions"}],"predecessor-version":[{"id":122238,"href":"https:\/\/hikitec.de\/es\/wp-json\/wp\/v2\/pages\/122232\/revisions\/122238"}],"wp:attachment":[{"href":"https:\/\/hikitec.de\/es\/wp-json\/wp\/v2\/media?parent=122232"}],"curies":[{"name":"wp","href":"https:\/\/api.w.org\/{rel}","templated":true}]}}