{"id":128045,"date":"2021-04-26T11:12:22","date_gmt":"2021-04-26T09:12:22","guid":{"rendered":"https:\/\/hikitec.de\/entrega\/"},"modified":"2021-04-26T11:12:25","modified_gmt":"2021-04-26T09:12:25","slug":"entrega","status":"publish","type":"page","link":"https:\/\/hikitec.de\/es\/entrega\/","title":{"rendered":"Entrega"},"content":{"rendered":"<section class=\"av_textblock_section \"  itemscope=\"itemscope\" itemtype=\"https:\/\/schema.org\/CreativeWork\" ><div class='avia_textblock  '   itemprop=\"text\" ><p><strong>\u00bfD\u00f3nde puede entregar HIKITEC?<\/strong><\/p>\n<\/div><\/section>\n<section class=\"av_textblock_section \"  itemscope=\"itemscope\" itemtype=\"https:\/\/schema.org\/CreativeWork\" ><div class='avia_textblock  '   itemprop=\"text\" ><p><span data-mandanttxtkey=\"TXT_STATIC_FAQ_A_15\" data-contenteditable=\"true\">El lugar del mundo al que debe ir la entrega lo decides t\u00fa, por nuestra parte no hay restricciones.<\/span><\/p>\n<p>Ofrecemos el siguiente servicio:<\/p>\n<ul>\n<li>entrega r\u00e1pida y fiable<\/li>\n<li>Env\u00edo directo neutral<\/li>\n<li>env\u00edo a todo el mundo*.<\/li>\n<li>Despacho de aduanas<\/li>\n<li>M\u00e9todos de env\u00edo expr\u00e9s<\/li>\n<li>transmisi\u00f3n autom\u00e1tica del n\u00famero de seguimiento<\/li>\n<\/ul>\n<p>* Adem\u00e1s de las normas de embargo espec\u00edficas de cada pa\u00eds, tambi\u00e9n deben respetarse las medidas de embargo restrictivas no espec\u00edficas de cada pa\u00eds (por ejemplo, las ordenanzas sobre terrorismo, la ordenanza <abbr class=\"has-tip tip-bottom\" title=\"\" data-tooltip=\"\" aria-haspopup=\"true\" data-selector=\"tooltip-kd4f53y60\" aria-describedby=\"tooltip-kd4f53y60\">contra la tortura<\/abbr>), as\u00ed como las prohibiciones y restricciones de la legislaci\u00f3n sobre comercio exterior de acuerdo con el Reglamento de doble uso de la CE, la Ley de Comercio Exterior y Pagos y la Ordenanza de Comercio Exterior y Pagos.<\/p>\n<p><span data-mandanttxtkey=\"TXT_STATIC_FAQ_A_15\" data-contenteditable=\"true\"> <\/span><\/p>\n<\/div><\/section>\n<section class=\"av_textblock_section \"  itemscope=\"itemscope\" itemtype=\"https:\/\/schema.org\/CreativeWork\" ><div class='avia_textblock  '   itemprop=\"text\" ><input type=\"button\" value=\"Volver\" class=\"alg_back_button_input \" style=\"\" onclick=\"window.history.back()\" \/>\n<\/div><\/section>\n","protected":false},"excerpt":{"rendered":"","protected":false},"author":2,"featured_media":0,"parent":0,"menu_order":0,"comment_status":"closed","ping_status":"closed","template":"","meta":{"footnotes":""},"class_list":["post-128045","page","type-page","status-publish","hentry"],"_links":{"self":[{"href":"https:\/\/hikitec.de\/es\/wp-json\/wp\/v2\/pages\/128045","targetHints":{"allow":["GET"]}}],"collection":[{"href":"https:\/\/hikitec.de\/es\/wp-json\/wp\/v2\/pages"}],"about":[{"href":"https:\/\/hikitec.de\/es\/wp-json\/wp\/v2\/types\/page"}],"author":[{"embeddable":true,"href":"https:\/\/hikitec.de\/es\/wp-json\/wp\/v2\/users\/2"}],"replies":[{"embeddable":true,"href":"https:\/\/hikitec.de\/es\/wp-json\/wp\/v2\/comments?post=128045"}],"version-history":[{"count":5,"href":"https:\/\/hikitec.de\/es\/wp-json\/wp\/v2\/pages\/128045\/revisions"}],"predecessor-version":[{"id":128050,"href":"https:\/\/hikitec.de\/es\/wp-json\/wp\/v2\/pages\/128045\/revisions\/128050"}],"wp:attachment":[{"href":"https:\/\/hikitec.de\/es\/wp-json\/wp\/v2\/media?parent=128045"}],"curies":[{"name":"wp","href":"https:\/\/api.w.org\/{rel}","templated":true}]}}