{"id":128095,"date":"2021-04-26T11:51:04","date_gmt":"2021-04-26T09:51:04","guid":{"rendered":"https:\/\/hikitec.de\/lucid\/"},"modified":"2021-04-26T11:51:17","modified_gmt":"2021-04-26T09:51:17","slug":"lucid","status":"publish","type":"page","link":"https:\/\/hikitec.de\/es\/lucid\/","title":{"rendered":"LUCID"},"content":{"rendered":"<section class=\"av_textblock_section \"  itemscope=\"itemscope\" itemtype=\"https:\/\/schema.org\/CreativeWork\" ><div class='avia_textblock  '   itemprop=\"text\" ><p>Desde principios de 2019 est\u00e1 en vigor una nueva ley de envases. Sustituye a la Ordenanza de Envases anteriormente vigente y tiene efectos de gran alcance sobre la obligaci\u00f3n de informar y la liquidaci\u00f3n de las cotizaciones al sistema dual. Tanto los comerciantes como los importadores que trabajan con envases se ven afectados.<\/p>\n<p>Res\u00famenes:<\/p>\n<ul>\n<li>El 1 de enero de 2019 entr\u00f3 en vigor una nueva ley de envases. Sustituye a la anterior ordenanza de envases.<\/li>\n<li>Desde esa fecha, los fabricantes, importadores y distribuidores est\u00e1n obligados a registrar su consumo de material de envasado en otro punto central.<\/li>\n<li>El nuevo centro de notificaci\u00f3n LUCID funcionar\u00e1 en paralelo con los sistemas de notificaci\u00f3n existentes y las empresas afectadas tendr\u00e1n que seguir notificando all\u00ed sus materiales de envasado.<\/li>\n<li>A partir de ese momento, hay que pagar una tasa al sistema dual por el consumo de material de envasado.<\/li>\n<li>De este modo, se evitan los envases innecesarios y, en particular, el reenvasado, y se alivia el medio ambiente.<\/li>\n<\/ul>\n<p>HIKITEC GmbH est\u00e1 registrada como fabricante de envases sujetos a participaci\u00f3n en el sistema con los datos de registro especificados en el anexo con el n\u00famero de registro D E2736270202214 a partir del 01.01.2019.<\/p>\n<\/div><\/section>\n<section class=\"av_textblock_section \"  itemscope=\"itemscope\" itemtype=\"https:\/\/schema.org\/CreativeWork\" ><div class='avia_textblock  '   itemprop=\"text\" ><input type=\"button\" value=\"Volver\" class=\"alg_back_button_input \" style=\"\" onclick=\"window.history.back()\" \/>\n<\/div><\/section>\n","protected":false},"excerpt":{"rendered":"","protected":false},"author":2,"featured_media":0,"parent":0,"menu_order":0,"comment_status":"closed","ping_status":"closed","template":"","meta":{"footnotes":""},"class_list":["post-128095","page","type-page","status-publish","hentry"],"_links":{"self":[{"href":"https:\/\/hikitec.de\/es\/wp-json\/wp\/v2\/pages\/128095","targetHints":{"allow":["GET"]}}],"collection":[{"href":"https:\/\/hikitec.de\/es\/wp-json\/wp\/v2\/pages"}],"about":[{"href":"https:\/\/hikitec.de\/es\/wp-json\/wp\/v2\/types\/page"}],"author":[{"embeddable":true,"href":"https:\/\/hikitec.de\/es\/wp-json\/wp\/v2\/users\/2"}],"replies":[{"embeddable":true,"href":"https:\/\/hikitec.de\/es\/wp-json\/wp\/v2\/comments?post=128095"}],"version-history":[{"count":5,"href":"https:\/\/hikitec.de\/es\/wp-json\/wp\/v2\/pages\/128095\/revisions"}],"predecessor-version":[{"id":128100,"href":"https:\/\/hikitec.de\/es\/wp-json\/wp\/v2\/pages\/128095\/revisions\/128100"}],"wp:attachment":[{"href":"https:\/\/hikitec.de\/es\/wp-json\/wp\/v2\/media?parent=128095"}],"curies":[{"name":"wp","href":"https:\/\/api.w.org\/{rel}","templated":true}]}}