{"id":128112,"date":"2021-04-26T14:44:03","date_gmt":"2021-04-26T12:44:03","guid":{"rendered":"https:\/\/hikitec.de\/repetir-los-pedidos\/"},"modified":"2021-04-26T14:44:06","modified_gmt":"2021-04-26T12:44:06","slug":"repetir-los-pedidos","status":"publish","type":"page","link":"https:\/\/hikitec.de\/es\/repetir-los-pedidos\/","title":{"rendered":"Repetir los pedidos"},"content":{"rendered":"<p><strong>\u00bfHay fidelidad de color? <\/strong><strong>Imprimir &#8211; a mis datos suministrados<\/strong><\/p>\n<p>Cuando usted manda a imprimir sus productos, naturalmente espera que los colores sean exactamente los mismos en la impresi\u00f3n que en sus datos.<br \/>\nPero la fidelidad del color al 100% no es posible en absoluto, como le mostraremos a continuaci\u00f3n.<\/p>\n<p class=\"h3\"><strong>\u00bfPor qu\u00e9 es imposible una fidelidad de color del 100%?<\/strong><\/p>\n<p>No es posible conseguir una fidelidad del color del 100% porque la impresi\u00f3n es un proceso mec\u00e1nico que est\u00e1 sujeto a muchas influencias externas, como las condiciones clim\u00e1ticas. El soporte de impresi\u00f3n (material) y las tintas utilizadas tambi\u00e9n se fabrican ya con ciertas tolerancias y, por tanto, influyen en el resultado final. Adem\u00e1s, en el proceso de impresi\u00f3n intervienen muchos dispositivos y sistemas de software diferentes, que suelen estar configurados de forma distinta y, por tanto, utilizan modelos y espacios de color diferentes. Esto comienza con su fuente de luz in situ, contin\u00faa con CMYK y RGB, el monitor utilizado y el software empleado para crear los datos, y termina con nuestros sistemas internos de color e impresi\u00f3n.<\/p>\n<p><strong>\u00bfHay diferencias de color en los pedidos?<\/strong><\/p>\n<p>En el caso de pedidos repetidos id\u00e9nticos, las desviaciones de color con respecto a la serie anterior son posibles por razones de impresi\u00f3n y material y no son motivo de reclamaci\u00f3n. Tambi\u00e9n son posibles ligeras desviaciones de color dentro de una serie y deben ser toleradas.<\/p>\n","protected":false},"excerpt":{"rendered":"<p>\u00bfHay fidelidad de color? Imprimir &#8211; a mis datos suministrados Cuando usted manda a imprimir sus productos, naturalmente espera que los colores sean exactamente los mismos en la impresi\u00f3n que en sus datos. Pero la fidelidad del color al 100% no es posible en absoluto, como le mostraremos a continuaci\u00f3n. \u00bfPor qu\u00e9 es imposible una [&hellip;]<\/p>\n","protected":false},"author":2,"featured_media":0,"parent":0,"menu_order":0,"comment_status":"closed","ping_status":"closed","template":"","meta":{"footnotes":""},"class_list":["post-128112","page","type-page","status-publish","hentry"],"_links":{"self":[{"href":"https:\/\/hikitec.de\/es\/wp-json\/wp\/v2\/pages\/128112","targetHints":{"allow":["GET"]}}],"collection":[{"href":"https:\/\/hikitec.de\/es\/wp-json\/wp\/v2\/pages"}],"about":[{"href":"https:\/\/hikitec.de\/es\/wp-json\/wp\/v2\/types\/page"}],"author":[{"embeddable":true,"href":"https:\/\/hikitec.de\/es\/wp-json\/wp\/v2\/users\/2"}],"replies":[{"embeddable":true,"href":"https:\/\/hikitec.de\/es\/wp-json\/wp\/v2\/comments?post=128112"}],"version-history":[{"count":1,"href":"https:\/\/hikitec.de\/es\/wp-json\/wp\/v2\/pages\/128112\/revisions"}],"predecessor-version":[{"id":128113,"href":"https:\/\/hikitec.de\/es\/wp-json\/wp\/v2\/pages\/128112\/revisions\/128113"}],"wp:attachment":[{"href":"https:\/\/hikitec.de\/es\/wp-json\/wp\/v2\/media?parent=128112"}],"curies":[{"name":"wp","href":"https:\/\/api.w.org\/{rel}","templated":true}]}}