{"id":128161,"date":"2021-04-26T16:04:11","date_gmt":"2021-04-26T14:04:11","guid":{"rendered":"https:\/\/hikitec.de\/prodsg\/"},"modified":"2021-04-26T16:04:11","modified_gmt":"2021-04-26T14:04:11","slug":"prodsg","status":"publish","type":"page","link":"https:\/\/hikitec.de\/es\/prodsg\/","title":{"rendered":"ProdSG"},"content":{"rendered":"<section class=\"av_textblock_section \"  itemscope=\"itemscope\" itemtype=\"https:\/\/schema.org\/CreativeWork\" ><div class='avia_textblock  '   itemprop=\"text\" ><p><strong>Obligaci\u00f3n de etiquetado seg\u00fan la Ley de Seguridad de los Productos (ProdSG) \u00a7 6:<\/strong><\/p>\n<p>Debido a la obligaci\u00f3n de etiquetado vigente en Alemania, es imprescindible que todos los productos lleven una direcci\u00f3n completa.<\/p>\n<p>Para cumplir con la ley de seguridad de productos, los productos est\u00e1n marcados con los datos de contacto y direcci\u00f3n de HIKITEC GmbH como est\u00e1ndar, a menos que el cliente proporcione otra informaci\u00f3n al respecto. Una desviaci\u00f3n s\u00f3lo puede llevarse a cabo contra el c\u00e1lculo del precio de coste.<\/p>\n<p><strong>Ley de seguridad de los productos<\/strong><\/p>\n<p>\u00bfFabricante, importador o distribuidor? \u00bfY c\u00f3mo se llevar\u00e1 a cabo el etiquetado?<\/p>\n<p>A continuaci\u00f3n, presentamos en primer lugar la nueva ley y resumimos los puntos clave que deben observarse de forma comprensible. Tambi\u00e9n aprender\u00e1 a aplicar las directrices.<\/p>\n<p><strong>1. la nueva ley de seguridad de los productos<\/strong><\/p>\n<p>La nueva Ley de Seguridad de los Productos (ProdSG) entr\u00f3 en vigor el 01.12.2011. Contiene varias innovaciones respecto a la antigua Ley de Seguridad de Equipos y Productos.<\/p>\n<p>En particular, en el art\u00edculo 2 n\u00ba 2 de la ProdSG, no s\u00f3lo la exposici\u00f3n de mercanc\u00edas, sino tambi\u00e9n la demostraci\u00f3n y la oferta de productos con fines publicitarios o de puesta a disposici\u00f3n en el mercado est\u00e1n cubiertas por la protecci\u00f3n de la ley.<\/p>\n<p>Esto significa que el comercio en l\u00ednea, en particular, tambi\u00e9n estar\u00e1 cubierto por la ProdSG en el futuro. Por lo tanto, las plataformas en l\u00ednea tambi\u00e9n deben tratar con el ProdSG. Esto se aplica en particular a los proveedores de productos de consumo.<\/p>\n<p>La novedad en este contexto es la disposici\u00f3n del \u00a7 6 p\u00e1rr. 1 N\u00ba 3 ProdSG, que en el futuro exige que se coloquen marcas claras en los productos de consumo para su identificaci\u00f3n. Seg\u00fan la literatura sobre la nueva ley, se aconseja a los operadores econ\u00f3micos que introduzcan un sistema claro de identificaci\u00f3n y trazabilidad de los productos de consumo.<\/p>\n<p>Tambi\u00e9n se aconseja considerar el etiquetado incluso para los productos que no son de consumo, ya que en caso de una acci\u00f3n de retirada, s\u00f3lo un etiquetado claro puede identificar exactamente qu\u00e9 productos deben ser retirados. De lo contrario, es posible que haya que retirar grupos enteros de productos.<\/p>\n<p>En el caso del etiquetado, hay que procurar que se realice de forma que los clientes finales, en particular, entiendan las marcas sin m\u00e1s pasos intermedios. Por lo tanto, deben evitarse los s\u00edmbolos o c\u00f3digos gr\u00e1ficos, especialmente los c\u00f3digos de barras o los llamados c\u00f3digos QR. Por otro lado, un n\u00famero de producci\u00f3n consecutivo y, por tanto, individual en cada producto parece adecuado. Adem\u00e1s del marcado que identifica el producto de consumo, tambi\u00e9n debe colocarse el nombre y la direcci\u00f3n de contacto del fabricante o, si el fabricante no est\u00e1 establecido en el Espacio Econ\u00f3mico Europeo, el nombre y la direcci\u00f3n de contacto del representante autorizado o del importador.<\/p>\n<p>Esto significa que el nombre y la direcci\u00f3n de contacto del fabricante deben aparecer en el producto de consumo si el fabricante est\u00e1 establecido en el Espacio Econ\u00f3mico Europeo. En caso contrario, el nombre y la direcci\u00f3n de contacto del representante autorizado del fabricante (se requiere un domicilio social en el Espacio Econ\u00f3mico Europeo). Como importador o, seg\u00fan la redacci\u00f3n de la ley, como importador, debe indicar su nombre y direcci\u00f3n de contacto si importa mercanc\u00edas de fuera del Espacio Econ\u00f3mico Europeo y el fabricante no tiene al menos un representante autorizado en el Espacio Econ\u00f3mico Europeo cuya direcci\u00f3n est\u00e9 impresa en el producto.<\/p>\n<p><strong>Segundo resumen:<\/strong><\/p>\n<p>Como distribuidor de productos promocionales, est\u00e1 obligado, en virtud del art\u00edculo 6 de la ProdSG, a colocar marcas en los productos de consumo para identificar el producto de consumo y su nombre y direcci\u00f3n de contacto si el fabricante tiene su sede fuera de la UE y tampoco ha colocado en el producto la direcci\u00f3n de contacto de un representante autorizado dentro de la UE.<\/p>\n<p>De lo contrario, deber\u00eda animar a los fabricantes europeos a poner el nombre y la direcci\u00f3n de contacto y la marca que identifica el producto de consumo.<\/p>\n<p>El producto de consumo debe identificarse, por ejemplo, mediante un n\u00famero de producci\u00f3n consecutivo y, por tanto, individual (n\u00famero de serie), pero no mediante c\u00f3digos gr\u00e1ficos incomprensibles u otras marcas.<\/p>\n<p>En casos excepcionales, se puede prescindir del requisito de etiquetado si supone un esfuerzo desproporcionado. Sin embargo, todav\u00eda no hay jurisprudencia sobre este punto. Sin embargo, en nuestra opini\u00f3n, esto s\u00f3lo puede referirse a los casos en los que la colocaci\u00f3n del n\u00famero de identificaci\u00f3n, etc., b\u00e1sicamente no es posible debido a la naturaleza del producto (por ejemplo, especialmente peque\u00f1o).<\/p>\n<p>En caso de infracci\u00f3n, existen disposiciones sobre multas y sanciones. En este caso existe el riesgo de una multa de hasta 100.000,00 euros. Adem\u00e1s, hay otra disposici\u00f3n sobre las multas que permite imponer adicionalmente un despojo de beneficios.<\/p>\n<p>Adem\u00e1s, seg\u00fan los mismos principios anteriores, usted o el fabricante est\u00e1n obligados a poner instrucciones en el producto de consumo si, sin las instrucciones, el uso del producto entra\u00f1a riesgos.<\/p>\n<p><strong>3. \u00bfqu\u00e9 productos est\u00e1n afectados?<\/strong><\/p>\n<p>Esta pregunta puede responderse muy brevemente: TODA, siempre que se d\u00e9 el espacio publicitario y la proporcionalidad del esfuerzo para la aplicaci\u00f3n. Si no est\u00e1 seguro de su modelo preferido, nuestro equipo de servicio estar\u00e1 encantado de ayudarle. Estaremos encantados de asesorarle.<\/p>\n<p><strong>4. \u00bfcu\u00e1l es la mejor manera de aplicar los nuevos requisitos?<\/strong><\/p>\n<p>Dado que muchos motivos de impresi\u00f3n no tienen la informaci\u00f3n necesaria, debe incluirla. Sin embargo, esto tambi\u00e9n se puede hacer de una manera peque\u00f1a y discreta. Hemos elaborado algunas opciones de aplicaci\u00f3n utilizando el ejemplo de una bolsa y esperamos que puedan ser \u00fatiles en el proceso de toma de decisiones.<\/p>\n<p>Para cumplir con la Ley de Seguridad de los Productos (ProdSG \u00a76), los productos est\u00e1n marcados con los datos de contacto y direcci\u00f3n de HIKITEC GmbH como est\u00e1ndar, a menos que el cliente proporcione otra informaci\u00f3n al respecto.<\/p>\n<p>En caso de ser necesario, una desviaci\u00f3n s\u00f3lo puede llevarse a cabo contra el c\u00e1lculo del precio de coste.<\/p>\n<\/div><\/section>\n<section class=\"av_textblock_section \"  itemscope=\"itemscope\" itemtype=\"https:\/\/schema.org\/CreativeWork\" ><div class='avia_textblock  '   itemprop=\"text\" ><input type=\"button\" value=\"Volver\" class=\"alg_back_button_input \" style=\"\" onclick=\"window.history.back()\" \/>\n<\/div><\/section>\n","protected":false},"excerpt":{"rendered":"","protected":false},"author":2,"featured_media":0,"parent":0,"menu_order":0,"comment_status":"closed","ping_status":"closed","template":"","meta":{"footnotes":""},"class_list":["post-128161","page","type-page","status-publish","hentry"],"_links":{"self":[{"href":"https:\/\/hikitec.de\/es\/wp-json\/wp\/v2\/pages\/128161","targetHints":{"allow":["GET"]}}],"collection":[{"href":"https:\/\/hikitec.de\/es\/wp-json\/wp\/v2\/pages"}],"about":[{"href":"https:\/\/hikitec.de\/es\/wp-json\/wp\/v2\/types\/page"}],"author":[{"embeddable":true,"href":"https:\/\/hikitec.de\/es\/wp-json\/wp\/v2\/users\/2"}],"replies":[{"embeddable":true,"href":"https:\/\/hikitec.de\/es\/wp-json\/wp\/v2\/comments?post=128161"}],"version-history":[{"count":2,"href":"https:\/\/hikitec.de\/es\/wp-json\/wp\/v2\/pages\/128161\/revisions"}],"predecessor-version":[{"id":128163,"href":"https:\/\/hikitec.de\/es\/wp-json\/wp\/v2\/pages\/128161\/revisions\/128163"}],"wp:attachment":[{"href":"https:\/\/hikitec.de\/es\/wp-json\/wp\/v2\/media?parent=128161"}],"curies":[{"name":"wp","href":"https:\/\/api.w.org\/{rel}","templated":true}]}}