{"id":128200,"date":"2021-04-26T16:23:29","date_gmt":"2021-04-26T14:23:29","guid":{"rendered":"https:\/\/hikitec.de\/tiempo-de-produccion-2\/"},"modified":"2021-04-26T16:23:32","modified_gmt":"2021-04-26T14:23:32","slug":"tiempo-de-produccion-2","status":"publish","type":"page","link":"https:\/\/hikitec.de\/es\/tiempo-de-produccion-2\/","title":{"rendered":"Tiempo de producci\u00f3n"},"content":{"rendered":"<section class=\"av_textblock_section \"  itemscope=\"itemscope\" itemtype=\"https:\/\/schema.org\/CreativeWork\" ><div class='avia_textblock  '   itemprop=\"text\" ><p><strong>\u00bfCu\u00e1les son los plazos de entrega?<\/strong><\/p>\n<\/div><\/section>\n<section class=\"av_textblock_section \"  itemscope=\"itemscope\" itemtype=\"https:\/\/schema.org\/CreativeWork\" ><div class='avia_textblock  '   itemprop=\"text\" ><p>Si no hay m\u00e1s preguntas sobre el pedido tanto por su parte como por la nuestra, suelen pasar entre 10 y 15 d\u00edas laborables hasta que los art\u00edculos llegan a su casa. Encontrar\u00e1 informaci\u00f3n preliminar m\u00e1s detallada en su confirmaci\u00f3n de pedido. All\u00ed recibir\u00e1 de nuevo una fecha de entrega prevista despu\u00e9s de la claridad del pedido.<\/p>\n<\/div><\/section>\n<section class=\"av_textblock_section \"  itemscope=\"itemscope\" itemtype=\"https:\/\/schema.org\/CreativeWork\" ><div class='avia_textblock  '   itemprop=\"text\" ><input type=\"button\" value=\"Volver\" class=\"alg_back_button_input \" style=\"\" onclick=\"window.history.back()\" \/>\n<\/div><\/section>\n","protected":false},"excerpt":{"rendered":"","protected":false},"author":2,"featured_media":0,"parent":0,"menu_order":0,"comment_status":"closed","ping_status":"closed","template":"","meta":{"footnotes":""},"class_list":["post-128200","page","type-page","status-publish","hentry"],"_links":{"self":[{"href":"https:\/\/hikitec.de\/es\/wp-json\/wp\/v2\/pages\/128200","targetHints":{"allow":["GET"]}}],"collection":[{"href":"https:\/\/hikitec.de\/es\/wp-json\/wp\/v2\/pages"}],"about":[{"href":"https:\/\/hikitec.de\/es\/wp-json\/wp\/v2\/types\/page"}],"author":[{"embeddable":true,"href":"https:\/\/hikitec.de\/es\/wp-json\/wp\/v2\/users\/2"}],"replies":[{"embeddable":true,"href":"https:\/\/hikitec.de\/es\/wp-json\/wp\/v2\/comments?post=128200"}],"version-history":[{"count":5,"href":"https:\/\/hikitec.de\/es\/wp-json\/wp\/v2\/pages\/128200\/revisions"}],"predecessor-version":[{"id":128205,"href":"https:\/\/hikitec.de\/es\/wp-json\/wp\/v2\/pages\/128200\/revisions\/128205"}],"wp:attachment":[{"href":"https:\/\/hikitec.de\/es\/wp-json\/wp\/v2\/media?parent=128200"}],"curies":[{"name":"wp","href":"https:\/\/api.w.org\/{rel}","templated":true}]}}