{"id":128747,"date":"2021-04-28T16:32:52","date_gmt":"2021-04-28T14:32:52","guid":{"rendered":"https:\/\/hikitec.de\/articulo-especial\/"},"modified":"2021-04-28T16:32:52","modified_gmt":"2021-04-28T14:32:52","slug":"articulo-especial","status":"publish","type":"page","link":"https:\/\/hikitec.de\/es\/articulo-especial\/","title":{"rendered":"Art\u00edculo especial"},"content":{"rendered":"<section class=\"av_textblock_section \"  itemscope=\"itemscope\" itemtype=\"https:\/\/schema.org\/CreativeWork\" ><div class='avia_textblock  '   itemprop=\"text\" ><p><b>\u00bfOfrece HIKITEC tambi\u00e9n art\u00edculos que no est\u00e1n disponibles en la tienda?<\/b><\/p>\n<\/div><\/section>\n<section class=\"av_textblock_section \"  itemscope=\"itemscope\" itemtype=\"https:\/\/schema.org\/CreativeWork\" ><div class='avia_textblock  '   itemprop=\"text\" ><p>S\u00ed, podemos ofrecerle una amplia gama de art\u00edculos adicionales a petici\u00f3n. Esto incluye tambi\u00e9n peticiones especiales poco habituales y productos \u00fanicos hechos a medida. Adem\u00e1s, estaremos encantados de reunir conjuntos de productos promocionales individuales para usted o de buscar el producto promocional adecuado para usted. P\u00f3ngase en contacto con nosotros, estaremos encantados de ayudarle.<\/p>\n<\/div><\/section>\n<section class=\"av_textblock_section \"  itemscope=\"itemscope\" itemtype=\"https:\/\/schema.org\/CreativeWork\" ><div class='avia_textblock  '   itemprop=\"text\" ><input type=\"button\" value=\"Volver\" class=\"alg_back_button_input \" style=\"\" onclick=\"window.history.back()\" \/>\n<\/div><\/section>\n","protected":false},"excerpt":{"rendered":"","protected":false},"author":2,"featured_media":0,"parent":0,"menu_order":0,"comment_status":"closed","ping_status":"closed","template":"","meta":{"footnotes":""},"class_list":["post-128747","page","type-page","status-publish","hentry"],"_links":{"self":[{"href":"https:\/\/hikitec.de\/es\/wp-json\/wp\/v2\/pages\/128747","targetHints":{"allow":["GET"]}}],"collection":[{"href":"https:\/\/hikitec.de\/es\/wp-json\/wp\/v2\/pages"}],"about":[{"href":"https:\/\/hikitec.de\/es\/wp-json\/wp\/v2\/types\/page"}],"author":[{"embeddable":true,"href":"https:\/\/hikitec.de\/es\/wp-json\/wp\/v2\/users\/2"}],"replies":[{"embeddable":true,"href":"https:\/\/hikitec.de\/es\/wp-json\/wp\/v2\/comments?post=128747"}],"version-history":[{"count":2,"href":"https:\/\/hikitec.de\/es\/wp-json\/wp\/v2\/pages\/128747\/revisions"}],"predecessor-version":[{"id":128749,"href":"https:\/\/hikitec.de\/es\/wp-json\/wp\/v2\/pages\/128747\/revisions\/128749"}],"wp:attachment":[{"href":"https:\/\/hikitec.de\/es\/wp-json\/wp\/v2\/media?parent=128747"}],"curies":[{"name":"wp","href":"https:\/\/api.w.org\/{rel}","templated":true}]}}