{"id":128942,"date":"2021-04-29T10:29:44","date_gmt":"2021-04-29T08:29:44","guid":{"rendered":"https:\/\/hikitec.de\/plano-de-la-planta\/"},"modified":"2021-04-29T10:29:48","modified_gmt":"2021-04-29T08:29:48","slug":"plano-de-la-planta","status":"publish","type":"page","link":"https:\/\/hikitec.de\/es\/plano-de-la-planta\/","title":{"rendered":"Plano de la planta"},"content":{"rendered":"<section class=\"av_textblock_section \"  itemscope=\"itemscope\" itemtype=\"https:\/\/schema.org\/CreativeWork\" ><div class='avia_textblock  '   itemprop=\"text\" ><p><strong>\u00bfQu\u00e9 es un boceto de stand &#8211; vista previa de impresi\u00f3n virtual?<\/strong><\/p>\n<\/div><\/section>\n\n<style type=\"text\/css\" id=\"style-css-av-bawoqv-d6b62303bb25afa3e85bde3d6e144e8a\">\n#top .flex_column.av-bawoqv-d6b62303bb25afa3e85bde3d6e144e8a{\nborder-radius:0px;\n-webkit-border-radius:0px;\n-moz-border-radius:0px;\npadding:0px;\n}\n<\/style>\n<div class='flex_column av-bawoqv-d6b62303bb25afa3e85bde3d6e144e8a av_one_full  avia-builder-el-1  el_after_av_textblock  el_before_av_one_half  first flex_column_div av-zero-column-padding column-top-margin'   ><section class=\"av_textblock_section \"  itemscope=\"itemscope\" itemtype=\"https:\/\/schema.org\/CreativeWork\" ><div class='avia_textblock  '   itemprop=\"text\" ><p><strong>Una vista previa de impresi\u00f3n virtual<\/strong> es un documento electr\u00f3nico (normalmente un archivo pdf) que muestra c\u00f3mo se ver\u00e1 su logotipo en el producto correspondiente.<\/p>\n<p><strong>Ejemplo:<\/strong><\/p>\n<\/div><\/section><\/div>\n\n<style type=\"text\/css\" id=\"style-css-av-8qlutz-4ae6f8d6cbc44eb205bc8c3077b60056\">\n#top .flex_column.av-8qlutz-4ae6f8d6cbc44eb205bc8c3077b60056{\nborder-radius:0px;\n-webkit-border-radius:0px;\n-moz-border-radius:0px;\npadding:0px;\n}\n<\/style>\n<div class='flex_column av-8qlutz-4ae6f8d6cbc44eb205bc8c3077b60056 av_one_half  avia-builder-el-3  el_after_av_one_full  el_before_av_one_half  first flex_column_div av-zero-column-padding column-top-margin'   ><section class=\"av_textblock_section \"  itemscope=\"itemscope\" itemtype=\"https:\/\/schema.org\/CreativeWork\" ><div class='avia_textblock  '   itemprop=\"text\" ><p><img loading=\"lazy\" decoding=\"async\" class=\"size-large wp-image-10149 alignleft\" src=\"https:\/\/hikitec.de\/wp-content\/uploads\/2020\/05\/Standskizze_Beispiel-776x1030.png\" alt=\"\" width=\"776\" height=\"1030\" srcset=\"https:\/\/hikitec.de\/wp-content\/uploads\/2020\/05\/Standskizze_Beispiel-776x1030.png 776w, https:\/\/hikitec.de\/wp-content\/uploads\/2020\/05\/Standskizze_Beispiel-226x300.png 226w, https:\/\/hikitec.de\/wp-content\/uploads\/2020\/05\/Standskizze_Beispiel-768x1019.png 768w, https:\/\/hikitec.de\/wp-content\/uploads\/2020\/05\/Standskizze_Beispiel-1157x1536.png 1157w, https:\/\/hikitec.de\/wp-content\/uploads\/2020\/05\/Standskizze_Beispiel-1543x2048.png 1543w, https:\/\/hikitec.de\/wp-content\/uploads\/2020\/05\/Standskizze_Beispiel-1130x1500.png 1130w, https:\/\/hikitec.de\/wp-content\/uploads\/2020\/05\/Standskizze_Beispiel-531x705.png 531w, https:\/\/hikitec.de\/wp-content\/uploads\/2020\/05\/Standskizze_Beispiel-450x597.png 450w\" sizes=\"auto, (max-width: 776px) 100vw, 776px\" \/><\/p>\n<\/div><\/section><\/div>\n\n<style type=\"text\/css\" id=\"style-css-av-7kq0fb-0de1b6ba01e8141760f0334c41be0457\">\n#top .flex_column.av-7kq0fb-0de1b6ba01e8141760f0334c41be0457{\nborder-radius:0px;\n-webkit-border-radius:0px;\n-moz-border-radius:0px;\npadding:0px;\n}\n<\/style>\n<div class='flex_column av-7kq0fb-0de1b6ba01e8141760f0334c41be0457 av_one_half  avia-builder-el-5  el_after_av_one_half  el_before_av_one_full  flex_column_div av-zero-column-padding column-top-margin'   ><section class=\"av_textblock_section \"  itemscope=\"itemscope\" itemtype=\"https:\/\/schema.org\/CreativeWork\" ><div class='avia_textblock  '   itemprop=\"text\" ><p>*1: Informaci\u00f3n sobre el modelo<\/p>\n<p>*2: Vista frontal, normalmente la parte superior cuando se conecta al puerto USB<\/p>\n<p>*3: Gr\u00e1fico con el \u00e1rea de refinamiento de la parte delantera<\/p>\n<p>*4: Informaci\u00f3n sobre el acabado de la parte delantera<\/p>\n<p>*5: Vista trasera, normalmente la parte inferior cuando se conecta al puerto USB<\/p>\n<p>*6: Gr\u00e1fico con \u00e1rea de refinamiento posterior<\/p>\n<p>*7: Informaci\u00f3n sobre el acabado del reverso<\/p>\n<p>*8: Texto de la nota detallada<\/p>\n<\/div><\/section><\/div>\n\n<style type=\"text\/css\" id=\"style-css-av-5co2fb-af36fa8946b6477495d70a3e5908634c\">\n#top .flex_column.av-5co2fb-af36fa8946b6477495d70a3e5908634c{\nborder-radius:0px;\n-webkit-border-radius:0px;\n-moz-border-radius:0px;\npadding:0px;\n}\n<\/style>\n<div class='flex_column av-5co2fb-af36fa8946b6477495d70a3e5908634c av_one_full  avia-builder-el-7  el_after_av_one_half  el_before_av_one_full  first flex_column_div av-zero-column-padding column-top-margin'   ><section class=\"av_textblock_section \"  itemscope=\"itemscope\" itemtype=\"https:\/\/schema.org\/CreativeWork\" ><div class='avia_textblock  '   itemprop=\"text\" ><p>Vista frontal:<\/p>\n<p><img loading=\"lazy\" decoding=\"async\" class=\"aligncenter size-medium wp-image-9848\" src=\"https:\/\/hikitec.de\/wp-content\/uploads\/2020\/05\/1-300x300.jpg\" alt=\"\" width=\"300\" height=\"300\" srcset=\"https:\/\/hikitec.de\/wp-content\/uploads\/2020\/05\/1-300x300.jpg 300w, https:\/\/hikitec.de\/wp-content\/uploads\/2020\/05\/1-1030x1030.jpg 1030w, https:\/\/hikitec.de\/wp-content\/uploads\/2020\/05\/1-80x80.jpg 80w, https:\/\/hikitec.de\/wp-content\/uploads\/2020\/05\/1-768x768.jpg 768w, https:\/\/hikitec.de\/wp-content\/uploads\/2020\/05\/1-1536x1536.jpg 1536w, https:\/\/hikitec.de\/wp-content\/uploads\/2020\/05\/1-36x36.jpg 36w, https:\/\/hikitec.de\/wp-content\/uploads\/2020\/05\/1-180x180.jpg 180w, https:\/\/hikitec.de\/wp-content\/uploads\/2020\/05\/1-1500x1500.jpg 1500w, https:\/\/hikitec.de\/wp-content\/uploads\/2020\/05\/1-705x705.jpg 705w, https:\/\/hikitec.de\/wp-content\/uploads\/2020\/05\/1-120x120.jpg 120w, https:\/\/hikitec.de\/wp-content\/uploads\/2020\/05\/1-450x450.jpg 450w, https:\/\/hikitec.de\/wp-content\/uploads\/2020\/05\/1.jpg 1728w\" sizes=\"auto, (max-width: 300px) 100vw, 300px\" \/><\/p>\n<\/div><\/section><\/div>\n\n<style type=\"text\/css\" id=\"style-css-av-3t6w9z-15162e444cc9422c676491d51ac5dc1b\">\n#top .flex_column.av-3t6w9z-15162e444cc9422c676491d51ac5dc1b{\nborder-radius:0px;\n-webkit-border-radius:0px;\n-moz-border-radius:0px;\npadding:0px;\n}\n<\/style>\n<div class='flex_column av-3t6w9z-15162e444cc9422c676491d51ac5dc1b av_one_full  avia-builder-el-9  el_after_av_one_full  el_before_av_one_full  first flex_column_div av-zero-column-padding column-top-margin'   ><section class=\"av_textblock_section \"  itemscope=\"itemscope\" itemtype=\"https:\/\/schema.org\/CreativeWork\" ><div class='avia_textblock  '   itemprop=\"text\" ><p>Una vez que nos haya proporcionado su logotipo, crearemos una vista previa de impresi\u00f3n para usted de forma gratuita en unas pocas horas. Sin embargo, si quiere seguir adelante con un pedido, la vista previa sirve como plantilla para la producci\u00f3n. Por lo tanto, es importante que la vista previa se corresponda exactamente con sus deseos y que nos informe de cualquier solicitud de cambio.<\/p>\n<p><strong>Lista de control:<\/strong><\/p>\n<ul>\n<li>Ortograf\u00eda<\/li>\n<li>Alineaci\u00f3n del logotipo\/texto<\/li>\n<li>Tama\u00f1o y posici\u00f3n del logotipo\/texto<\/li>\n<li><a href=\"https:\/\/hikitec.de\/pantone\/\">N\u00fameros de color Pantone<\/a><\/li>\n<li>Caracter\u00edsticas especiales del dise\u00f1o del logotipo<\/li>\n<li>Compruebe la pol\u00edtica de la empresa<\/li>\n<\/ul>\n<p><strong>Recomendaci\u00f3n:<\/strong><\/p>\n<ul>\n<li>La altura de las letras no debe ser inferior a 1,3 mm.<\/li>\n<li>La anchura del trazo (tambi\u00e9n para las letras) no debe ser inferior a 0,4 mm.<\/li>\n<\/ul>\n<p>Para conseguir un resultado de acabado \u00f3ptimo, recomendamos un grosor de puntada de al menos 1 mm.<\/p>\n<p>Tenga en cuenta que la lista es orientativa y puede no ser exhaustiva. Esta vista previa sirve como plantilla para la producci\u00f3n de su pedido. Por favor, compruebe la prueba cuidadosamente y comun\u00edquenos si tiene alguna petici\u00f3n de cambios o mejoras. Tenga en cuenta que puede haber ligeras variaciones en los colores de los productos. En particular, los colores de impresi\u00f3n pueden diferir de la impresi\u00f3n en cuesti\u00f3n, dependiendo del color del sustrato. No podemos hacernos responsables de los errores de producci\u00f3n que se basan claramente en una vista previa de impresi\u00f3n incorrecta.<\/p>\n<\/div><\/section><\/div>\n\n<style type=\"text\/css\" id=\"style-css-av-2swydz-62639d8fc42eca2946df4c8225a0aa00\">\n#top .flex_column.av-2swydz-62639d8fc42eca2946df4c8225a0aa00{\nborder-radius:0px;\n-webkit-border-radius:0px;\n-moz-border-radius:0px;\npadding:0px;\n}\n<\/style>\n<div class='flex_column av-2swydz-62639d8fc42eca2946df4c8225a0aa00 av_one_full  avia-builder-el-11  el_after_av_one_full  avia-builder-el-last  first flex_column_div av-zero-column-padding column-top-margin'   ><section class=\"av_textblock_section \"  itemscope=\"itemscope\" itemtype=\"https:\/\/schema.org\/CreativeWork\" ><div class='avia_textblock  '   itemprop=\"text\" ><input type=\"button\" value=\"Volver\" class=\"alg_back_button_input \" style=\"\" onclick=\"window.history.back()\" \/>\n<\/div><\/section><\/div>\n","protected":false},"excerpt":{"rendered":"","protected":false},"author":2,"featured_media":0,"parent":0,"menu_order":0,"comment_status":"closed","ping_status":"closed","template":"","meta":{"footnotes":""},"class_list":["post-128942","page","type-page","status-publish","hentry"],"_links":{"self":[{"href":"https:\/\/hikitec.de\/es\/wp-json\/wp\/v2\/pages\/128942","targetHints":{"allow":["GET"]}}],"collection":[{"href":"https:\/\/hikitec.de\/es\/wp-json\/wp\/v2\/pages"}],"about":[{"href":"https:\/\/hikitec.de\/es\/wp-json\/wp\/v2\/types\/page"}],"author":[{"embeddable":true,"href":"https:\/\/hikitec.de\/es\/wp-json\/wp\/v2\/users\/2"}],"replies":[{"embeddable":true,"href":"https:\/\/hikitec.de\/es\/wp-json\/wp\/v2\/comments?post=128942"}],"version-history":[{"count":5,"href":"https:\/\/hikitec.de\/es\/wp-json\/wp\/v2\/pages\/128942\/revisions"}],"predecessor-version":[{"id":128952,"href":"https:\/\/hikitec.de\/es\/wp-json\/wp\/v2\/pages\/128942\/revisions\/128952"}],"wp:attachment":[{"href":"https:\/\/hikitec.de\/es\/wp-json\/wp\/v2\/media?parent=128942"}],"curies":[{"name":"wp","href":"https:\/\/api.w.org\/{rel}","templated":true}]}}