{"id":129138,"date":"2021-04-30T08:59:00","date_gmt":"2021-04-30T06:59:00","guid":{"rendered":"https:\/\/hikitec.de\/conexion-a-la-tienda\/"},"modified":"2021-04-30T08:59:02","modified_gmt":"2021-04-30T06:59:02","slug":"conexion-a-la-tienda","status":"publish","type":"page","link":"https:\/\/hikitec.de\/es\/conexion-a-la-tienda\/","title":{"rendered":"Conexi\u00f3n a la tienda"},"content":{"rendered":"\n<style type=\"text\/css\" id=\"style-css-av-4tsi39n-6bcf9f9e7c8997be6d1e91cbda745bc3\">\n#top .flex_column.av-4tsi39n-6bcf9f9e7c8997be6d1e91cbda745bc3{\nborder-radius:0px;\n-webkit-border-radius:0px;\n-moz-border-radius:0px;\npadding:0px;\n}\n<\/style>\n<div class='flex_column av-4tsi39n-6bcf9f9e7c8997be6d1e91cbda745bc3 av_one_full  avia-builder-el-0  el_before_av_one_half  avia-builder-el-first  first flex_column_div av-zero-column-padding '   ><section class=\"av_textblock_section \"  itemscope=\"itemscope\" itemtype=\"https:\/\/schema.org\/CreativeWork\" ><div class='avia_textblock  '   itemprop=\"text\" ><p><strong>Implementaci\u00f3n de nuestros productos en su tienda web<\/strong><\/p>\n<p>\u00bfTienes una tienda online y quieres complementarla con nuestros art\u00edculos? \u00bfConsidera que los frecuentes cambios de precios son un reto que le resultar\u00eda dif\u00edcil gestionar por s\u00ed solo en t\u00e9rminos de personal?<br \/>\n<strong><strong>Nuestros t\u00e9cnicos profesionales estar\u00e1n encantados de ayudarle a poner en pr\u00e1ctica sus ideas o a implementar nuestros productos en su tienda web.<\/strong> &#8211; para que ambas partes puedan actuar de forma \u00f3ptima y aprovechar sus ventajas.<\/strong> Elija entre varios CSV listos para la importaci\u00f3n de la tienda web o d\u00e9jenos programar su propia interfaz.<\/p>\n<\/div><\/section><\/div>\n<style type=\"text\/css\" id=\"style-css-av-4jx4ga3-18a013b116f794b3b4b6f991bed71822\">\n#top .flex_column.av-4jx4ga3-18a013b116f794b3b4b6f991bed71822{\nborder-radius:0px;\n-webkit-border-radius:0px;\n-moz-border-radius:0px;\npadding:0px;\n}\n<\/style>\n<div class='flex_column av-4jx4ga3-18a013b116f794b3b4b6f991bed71822 av_one_half  avia-builder-el-2  el_after_av_one_full  el_before_av_one_half  first flex_column_div av-zero-column-padding column-top-margin'   ><section class=\"av_textblock_section \"  itemscope=\"itemscope\" itemtype=\"https:\/\/schema.org\/CreativeWork\" ><div class='avia_textblock  '   itemprop=\"text\" ><p><img decoding=\"async\" id=\"imi\" class=\"n3VNCb\" src=\"https:\/\/www.dsconsult.de\/wp-content\/uploads\/2020\/09\/photocase_3378584.jpg\" alt=\"Resultado de imagen para shopanbindung\" data-deferred=\"1\" data-w=\"2450\" data-h=\"1633\" data-atf=\"true\" data-iml=\"1028\"><\/p>\n<\/div><\/section><\/div><\/p>\n\n<style type=\"text\/css\" id=\"style-css-av-3u6d417-a6d3f434f213fd7d2b63c985a9ba8cfa\">\n#top .flex_column.av-3u6d417-a6d3f434f213fd7d2b63c985a9ba8cfa{\nborder-radius:0px;\n-webkit-border-radius:0px;\n-moz-border-radius:0px;\npadding:0px;\n}\n<\/style>\n<div class='flex_column av-3u6d417-a6d3f434f213fd7d2b63c985a9ba8cfa av_one_half  avia-builder-el-4  el_after_av_one_half  el_before_av_one_half  flex_column_div av-zero-column-padding column-top-margin'   ><section class=\"av_textblock_section \"  itemscope=\"itemscope\" itemtype=\"https:\/\/schema.org\/CreativeWork\" ><div class='avia_textblock  '   itemprop=\"text\" ><p class=\"hl-wawi\"><strong>Aproveche todas las ventajas.<\/strong><\/p>\n<p>Nuestra conexi\u00f3n le da acceso a toda nuestra cartera de productos. La interfaz le permite optimizar otros pasos en su trabajo diario, ya sea en las ventas, en la preparaci\u00f3n de ofertas o en la presentaci\u00f3n de la tienda. Una amplia gama de opciones de automatizaci\u00f3n le ayudan a resolver las tareas recurrentes de manera eficiente. Esto le da la libertad que necesita para realizar actividades exigentes y estrat\u00e9gicas.<\/p>\n<p>El intercambio de datos entre su sistema y nuestra cartera de productos puede ser completamente automatizado. Entregamos los datos de los productos en formato CSV o XML a trav\u00e9s de FTP o como URL.<\/p>\n<p>Esto permite la conexi\u00f3n directa con varios sistemas, como las tiendas online, la gesti\u00f3n de mercanc\u00edas o los mercados, para implementar las conexiones con los proveedores.<\/p>\n<p>plentymarkets<br \/>\nMagento<br \/>\nShopware<br \/>\nVeloconnect<br \/>\nPriceminister<br \/>\nServicios de reajuste de precios para la optimizaci\u00f3n autom\u00e1tica de los mismos<br \/>\nConexi\u00f3n de cualquier sistema a trav\u00e9s de las herramientas del conector API (por ejemplo, para todas las conexiones API, CSV o XML)<\/p>\n<\/div><\/section><\/div>\n<style type=\"text\/css\" id=\"style-css-av-1azttd7-8d290d0f63a478e7fef4c53484856741\">\n#top .flex_column.av-1azttd7-8d290d0f63a478e7fef4c53484856741{\nborder-radius:0px;\n-webkit-border-radius:0px;\n-moz-border-radius:0px;\npadding:0px;\n}\n<\/style>\n<div class='flex_column av-1azttd7-8d290d0f63a478e7fef4c53484856741 av_one_half  avia-builder-el-6  el_after_av_one_half  el_before_av_one_half  first flex_column_div av-zero-column-padding column-top-margin'   ><section class=\"av_textblock_section \"  itemscope=\"itemscope\" itemtype=\"https:\/\/schema.org\/CreativeWork\" ><div class='avia_textblock  '   itemprop=\"text\" ><p class=\"display-4\"><strong>\u00bfHemos despertado su inter\u00e9s?<\/strong><\/p>\n<p>Reg\u00edstrese ahora de forma gratuita. Utilice todas las interfaces y funciones disponibles de forma gratuita.<\/p>\n<\/div><\/section><\/div>\n<style type=\"text\/css\" id=\"style-css-av-mp81pn-c09501cdc96b2638634489734cab2388\">\n#top .flex_column.av-mp81pn-c09501cdc96b2638634489734cab2388{\nborder-radius:0px;\n-webkit-border-radius:0px;\n-moz-border-radius:0px;\npadding:0px;\n}\n<\/style>\n<div class='flex_column av-mp81pn-c09501cdc96b2638634489734cab2388 av_one_half  avia-builder-el-8  el_after_av_one_half  el_before_av_one_full  flex_column_div av-zero-column-padding column-top-margin'   ><\/div><\/p>\n\n<style type=\"text\/css\" id=\"style-css-av-2w92mtn-d0ad08941405190dd19c32dc9e2c65ec\">\n#top .flex_column.av-2w92mtn-d0ad08941405190dd19c32dc9e2c65ec{\nborder-radius:0px;\n-webkit-border-radius:0px;\n-moz-border-radius:0px;\npadding:0px;\n}\n<\/style>\n<div class='flex_column av-2w92mtn-d0ad08941405190dd19c32dc9e2c65ec av_one_full  avia-builder-el-9  el_after_av_one_half  el_before_av_one_full  first flex_column_div av-zero-column-padding column-top-margin'   ><form action=\"https:\/\/hikitec.de\/es\/conexion-a-la-tienda\/\" method=\"post\"  class=\"avia_ajax_form av-form-labels-visible   avia-builder-el-10  avia-builder-el-no-sibling   \" data-avia-form-id=\"1\" data-avia-redirect='' ><fieldset><p class='  first_form  form_element form_fullwidth' id='element_avia_1_1'><label for=\"avia_1_1\">Nombre <abbr class=\"required\" title=\"requerido\">*<\/abbr><\/label> <input name=\"avia_1_1\" class=\"text_input is_empty\" type=\"text\" id=\"avia_1_1\" value=\"\" \/><\/p><p class='  first_form  form_element form_fullwidth' id='element_avia_2_1'><label for=\"avia_2_1\">Env\u00ede un correo electr\u00f3nico a <abbr class=\"required\" title=\"requerido\">*<\/abbr><\/label> <input name=\"avia_2_1\" class=\"text_input is_email\" type=\"text\" id=\"avia_2_1\" value=\"\" \/><\/p><div id='avia_3_1' class='av-form-text'><p>\nConexi\u00f3n de la tienda<\/p>\n<\/div><p class='  first_form  form_element form_fullwidth' id='element_avia_4_1'><label for=\"avia_4_1\" class=\"textare_label hidden textare_label_avia_4_1\">Mensaje <abbr class=\"required\" title=\"requerido\">*<\/abbr><\/label><textarea  name=\"avia_4_1\" class=\"text_area is_empty\" cols=\"40\" rows=\"7\" id=\"avia_4_1\" ><\/textarea><\/p><p class=\"hidden\"><input type=\"text\" name=\"avia_5_1\" class=\"hidden \" id=\"avia_5_1\" value=\"\" \/><\/p><p class='   form_element form_fullwidth' id='element_avia_6_1'><span class='value_verifier_label'>1 + 1 = ?<\/span><input name=\"avia_6_1_verifier\" type=\"hidden\" id=\"avia_6_1_verifier\" value=\"374723764\"\/><label for=\"avia_6_1\">Para mayor seguridad, responde la siguiente pregunta <abbr class=\"required\" title=\"requerido\">*<\/abbr><\/label><input name=\"avia_6_1\" class=\"text_input captcha\" type=\"text\" id=\"avia_6_1\" value=\"\"\/><\/p><p class=\"form_element \"><input type=\"hidden\" value=\"1\" name=\"avia_generated_form1\" \/><input type=\"submit\" value=\"Senden\" class=\"button\"  data-sending-label=\"Enviando\"\/><\/p><\/fieldset><\/form><div id=\"ajaxresponse_1\" class=\"ajaxresponse ajaxresponse_1 hidden\"><\/div><\/div>\n\n<style type=\"text\/css\" id=\"style-css-av-p411pn-f626285fd8ce9d12826db4fe914e8ba8\">\n#top .flex_column.av-p411pn-f626285fd8ce9d12826db4fe914e8ba8{\nborder-radius:0px;\n-webkit-border-radius:0px;\n-moz-border-radius:0px;\npadding:0px;\n}\n<\/style>\n<div class='flex_column av-p411pn-f626285fd8ce9d12826db4fe914e8ba8 av_one_full  avia-builder-el-11  el_after_av_one_full  avia-builder-el-last  first flex_column_div av-zero-column-padding column-top-margin'   ><section class=\"av_textblock_section \"  itemscope=\"itemscope\" itemtype=\"https:\/\/schema.org\/CreativeWork\" ><div class='avia_textblock  '   itemprop=\"text\" ><input type=\"button\" value=\"Volver\" class=\"alg_back_button_input \" style=\"\" onclick=\"window.history.back()\" \/>\n<\/div><\/section><\/div>\n","protected":false},"excerpt":{"rendered":"","protected":false},"author":2,"featured_media":0,"parent":0,"menu_order":0,"comment_status":"closed","ping_status":"closed","template":"","meta":{"footnotes":""},"class_list":["post-129138","page","type-page","status-publish","hentry"],"_links":{"self":[{"href":"https:\/\/hikitec.de\/es\/wp-json\/wp\/v2\/pages\/129138","targetHints":{"allow":["GET"]}}],"collection":[{"href":"https:\/\/hikitec.de\/es\/wp-json\/wp\/v2\/pages"}],"about":[{"href":"https:\/\/hikitec.de\/es\/wp-json\/wp\/v2\/types\/page"}],"author":[{"embeddable":true,"href":"https:\/\/hikitec.de\/es\/wp-json\/wp\/v2\/users\/2"}],"replies":[{"embeddable":true,"href":"https:\/\/hikitec.de\/es\/wp-json\/wp\/v2\/comments?post=129138"}],"version-history":[{"count":4,"href":"https:\/\/hikitec.de\/es\/wp-json\/wp\/v2\/pages\/129138\/revisions"}],"predecessor-version":[{"id":129142,"href":"https:\/\/hikitec.de\/es\/wp-json\/wp\/v2\/pages\/129138\/revisions\/129142"}],"wp:attachment":[{"href":"https:\/\/hikitec.de\/es\/wp-json\/wp\/v2\/media?parent=129138"}],"curies":[{"name":"wp","href":"https:\/\/api.w.org\/{rel}","templated":true}]}}