{"id":159592,"date":"2021-05-07T09:26:27","date_gmt":"2021-05-07T07:26:27","guid":{"rendered":"https:\/\/hikitec.de\/intercambio\/"},"modified":"2021-05-07T09:26:31","modified_gmt":"2021-05-07T07:26:31","slug":"intercambio","status":"publish","type":"page","link":"https:\/\/hikitec.de\/es\/intercambio\/","title":{"rendered":"Intercambio"},"content":{"rendered":"<section class=\"av_textblock_section \"  itemscope=\"itemscope\" itemtype=\"https:\/\/schema.org\/CreativeWork\" ><div class='avia_textblock  '   itemprop=\"text\" ><p><strong>\u00bfPuedo intercambiar productos?<\/strong><\/p>\n<\/div><\/section>\n<section class=\"av_textblock_section \"  itemscope=\"itemscope\" itemtype=\"https:\/\/schema.org\/CreativeWork\" ><div class='avia_textblock  '   itemprop=\"text\" ><p>En principio, los productos refinados, as\u00ed como todos los pedidos de las empresas, no pueden cambiarse. Cuando realice un pedido que incluya el acabado, recibir\u00e1 una vista previa digital antes de que enviemos sus art\u00edculos a imprimir. S\u00f3lo cuando usted los aprueba, comenzamos la producci\u00f3n real, por lo que al final obtendr\u00e1 exactamente el art\u00edculo promocional que imagin\u00f3. Por supuesto, tambi\u00e9n tiene la posibilidad de pedir una muestra por adelantado. Encontrar\u00e1 informaci\u00f3n detallada sobre el derecho de desistimiento en nuestras <a href=\"https:\/\/hikitec.de\/agb\/?lang=es\">Condiciones Generales.<\/a><\/p>\n<\/div><\/section>\n<section class=\"av_textblock_section \"  itemscope=\"itemscope\" itemtype=\"https:\/\/schema.org\/CreativeWork\" ><div class='avia_textblock  '   itemprop=\"text\" ><input type=\"button\" value=\"Volver\" class=\"alg_back_button_input \" style=\"\" onclick=\"window.history.back()\" \/>\n<\/div><\/section>\n","protected":false},"excerpt":{"rendered":"","protected":false},"author":2,"featured_media":0,"parent":0,"menu_order":0,"comment_status":"closed","ping_status":"closed","template":"","meta":{"footnotes":""},"class_list":["post-159592","page","type-page","status-publish","hentry"],"_links":{"self":[{"href":"https:\/\/hikitec.de\/es\/wp-json\/wp\/v2\/pages\/159592","targetHints":{"allow":["GET"]}}],"collection":[{"href":"https:\/\/hikitec.de\/es\/wp-json\/wp\/v2\/pages"}],"about":[{"href":"https:\/\/hikitec.de\/es\/wp-json\/wp\/v2\/types\/page"}],"author":[{"embeddable":true,"href":"https:\/\/hikitec.de\/es\/wp-json\/wp\/v2\/users\/2"}],"replies":[{"embeddable":true,"href":"https:\/\/hikitec.de\/es\/wp-json\/wp\/v2\/comments?post=159592"}],"version-history":[{"count":5,"href":"https:\/\/hikitec.de\/es\/wp-json\/wp\/v2\/pages\/159592\/revisions"}],"predecessor-version":[{"id":159597,"href":"https:\/\/hikitec.de\/es\/wp-json\/wp\/v2\/pages\/159592\/revisions\/159597"}],"wp:attachment":[{"href":"https:\/\/hikitec.de\/es\/wp-json\/wp\/v2\/media?parent=159592"}],"curies":[{"name":"wp","href":"https:\/\/api.w.org\/{rel}","templated":true}]}}