{"id":159629,"date":"2021-05-07T11:19:18","date_gmt":"2021-05-07T09:19:18","guid":{"rendered":"https:\/\/hikitec.de\/usb-2-0-vs-3-0\/"},"modified":"2021-05-07T11:19:24","modified_gmt":"2021-05-07T09:19:24","slug":"usb-2-0-vs-3-0","status":"publish","type":"page","link":"https:\/\/hikitec.de\/es\/usb-2-0-vs-3-0\/","title":{"rendered":"USB 2.0 vs 3.0"},"content":{"rendered":"<section class=\"av_textblock_section \"  itemscope=\"itemscope\" itemtype=\"https:\/\/schema.org\/CreativeWork\" ><div class='avia_textblock  '   itemprop=\"text\" ><p><strong>USB 2.0 vs. 3.0: \u00bfcu\u00e1l es la diferencia?<\/strong><\/p>\n<p>Una diferencia entre el USB 2.0 y el 3.x0 es que el primero utiliza el m\u00e9todo half-duplex. Esto significa que los datos s\u00f3lo pueden transmitirse en una direcci\u00f3n a la vez.<br \/>\nSin embargo, el est\u00e1ndar USB 3.x conoce la transferencia de datos en ambas direcciones. 3.x tambi\u00e9n ofrece una ventaja significativa en t\u00e9rminos de velocidad. Si se observa con detenimiento el USB 2.0 frente al 3.x,<br \/>\nnotar\u00e1 que la velocidad de transferencia del t\u00e9cnicamente m\u00e1s moderno USB 3.x es diez veces mayor que la del USB 2.0.<\/p>\n<p><strong>USB 2.0:<\/strong><\/p>\n<p>Los dispositivos con 2.0 pueden conectarse a un puerto USB 3.x y aumentar la velocidad de transferencia al menos ligeramente.<\/p>\n<p>La especificaci\u00f3n USB 2.0 se introdujo en el a\u00f1o 2000 y ahora es la m\u00e1s utilizada en los sistemas inform\u00e1ticos modernos.<br \/>\nLa velocidad de transferencia est\u00e1 en el rango de 3~10 MB\/s para la velocidad de escritura y 10~25 MB\/s para la velocidad de lectura.<\/p>\n<p><strong>USB 3.x:<\/strong><\/p>\n<p>Los dispositivos con USB 3.x tambi\u00e9n funcionan en un puerto USB 2.0, pero las ventajas de USB 3.x no se pueden aprovechar aqu\u00ed.<\/p>\n<p>Si el puerto USB del interior es azul, se trata de un puerto USB 3.x. hay dos cables para la se\u00f1al y la l\u00ednea de alimentaci\u00f3n, as\u00ed como otros dos pares de cables de se\u00f1al y un<br \/>\nConexi\u00f3n a tierra adicional. Longitud de cable m\u00e1x. Tres metros.<br \/>\nA menudo hay una peque\u00f1a marca junto a las conexiones. La designaci\u00f3n \u00abSS\u00bb (Superspeed) o \u00ab3.x\u00bb indica un puerto USB 3.x.<br \/>\nAbra el Administrador de dispositivos, encontrar\u00e1 todos los puertos USB en la categor\u00eda \u00abcontroladores USB\u00bb. Si ve el t\u00e9rmino \u00abUSB 3.x\u00bb aqu\u00ed, este puerto est\u00e1 definitivamente presente.<\/p>\n<p>La tasa de transferencia est\u00e1 en el rango de 10~45 MB\/s para la velocidad de escritura y 60~150 MB\/s para la velocidad de lectura.<\/p>\n<p><strong>USB 2.0:<\/strong><br \/>\nVelocidad de escritura secuencial en el rango de 3~10 MB\/s<br \/>\nVelocidad de lectura secuencial en el rango de 10~25 MB\/s<\/p>\n<p><strong>USB 3.x:<\/strong><br \/>\nVelocidad de escritura secuencial en el rango de 10~45 MB\/s<br \/>\nVelocidad de lectura secuencial en el rango de 60~150 MB\/s<\/p>\n<p>Estas velocidades de lectura y escritura son orientativas.<\/p>\n<\/div><\/section>\n<section class=\"av_textblock_section \"  itemscope=\"itemscope\" itemtype=\"https:\/\/schema.org\/CreativeWork\" ><div class='avia_textblock  '   itemprop=\"text\" ><input type=\"button\" value=\"Volver\" class=\"alg_back_button_input \" style=\"\" onclick=\"window.history.back()\" \/>\n<\/div><\/section>\n","protected":false},"excerpt":{"rendered":"","protected":false},"author":2,"featured_media":0,"parent":0,"menu_order":0,"comment_status":"closed","ping_status":"closed","template":"","meta":{"footnotes":""},"class_list":["post-159629","page","type-page","status-publish","hentry"],"_links":{"self":[{"href":"https:\/\/hikitec.de\/es\/wp-json\/wp\/v2\/pages\/159629","targetHints":{"allow":["GET"]}}],"collection":[{"href":"https:\/\/hikitec.de\/es\/wp-json\/wp\/v2\/pages"}],"about":[{"href":"https:\/\/hikitec.de\/es\/wp-json\/wp\/v2\/types\/page"}],"author":[{"embeddable":true,"href":"https:\/\/hikitec.de\/es\/wp-json\/wp\/v2\/users\/2"}],"replies":[{"embeddable":true,"href":"https:\/\/hikitec.de\/es\/wp-json\/wp\/v2\/comments?post=159629"}],"version-history":[{"count":11,"href":"https:\/\/hikitec.de\/es\/wp-json\/wp\/v2\/pages\/159629\/revisions"}],"predecessor-version":[{"id":159640,"href":"https:\/\/hikitec.de\/es\/wp-json\/wp\/v2\/pages\/159629\/revisions\/159640"}],"wp:attachment":[{"href":"https:\/\/hikitec.de\/es\/wp-json\/wp\/v2\/media?parent=159629"}],"curies":[{"name":"wp","href":"https:\/\/api.w.org\/{rel}","templated":true}]}}