{"id":159691,"date":"2021-05-07T11:40:16","date_gmt":"2021-05-07T09:40:16","guid":{"rendered":"https:\/\/hikitec.de\/memorias-usb-fabricadas-con-pla\/"},"modified":"2021-05-07T11:40:21","modified_gmt":"2021-05-07T09:40:21","slug":"memorias-usb-fabricadas-con-pla","status":"publish","type":"page","link":"https:\/\/hikitec.de\/es\/memorias-usb-fabricadas-con-pla\/","title":{"rendered":"Memorias USB fabricadas con PLA"},"content":{"rendered":"\n<style type=\"text\/css\" id=\"style-css-av-av_one_full-1df1b63c6c045939f2dc1aefbdd8e7ad\">\n#top .flex_column.av-av_one_full-1df1b63c6c045939f2dc1aefbdd8e7ad{\nborder-radius:0px;\n-webkit-border-radius:0px;\n-moz-border-radius:0px;\npadding:0px;\n}\n<\/style>\n<div class='flex_column av-av_one_full-1df1b63c6c045939f2dc1aefbdd8e7ad av_one_full  avia-builder-el-0  el_before_av_one_full  avia-builder-el-first  first flex_column_div av-zero-column-padding '   ><p><section class=\"av_textblock_section \"  itemscope=\"itemscope\" itemtype=\"https:\/\/schema.org\/CreativeWork\" ><div class='avia_textblock  '   itemprop=\"text\" ><p>Aqu\u00ed tiene una visi\u00f3n general de las <strong>memorias USB fabricadas con PLA<\/strong><\/p>\n<\/div><\/section><br \/>\n<section class=\"av_textblock_section \"  itemscope=\"itemscope\" itemtype=\"https:\/\/schema.org\/CreativeWork\" ><div class='avia_textblock  '   itemprop=\"text\" ><p><strong>Sostenible en efecto: memorias USB hechas de PLA<\/strong><\/p>\n<p>La ecolog\u00eda y los art\u00edculos promocionales se unen aqu\u00ed en forma de aut\u00e9nticos cl\u00e1sicos de las memorias USB. Las populares memorias USB con un nuevo aspecto fabricado en pl\u00e1stico PLA respetuoso con el medio ambiente. El material se basa en la polilactida, o PLA para abreviar (de la palabra inglesa \u00abpolylactic acid\u00bb). Se trata de un biopol\u00edmero biodegradable obtenido a partir de materias primas renovables (como el almid\u00f3n de ma\u00edz). Este pl\u00e1stico es compostable. Equipado con una memoria de alta calidad, que hace que el producto USB sea a\u00fan m\u00e1s duradero, es un regalo promocional sostenible y ecol\u00f3gico que puede utilizarse en todos los sectores. Bei ihren Gesch\u00e4ftspartnern und Kunden wird ihr Bewusstsein f\u00fcr Mensch und Umwelt sicher gut ankommen.<\/p>\n<p><strong>\u00bfQu\u00e9 es exactamente el PLA?<\/strong><\/p>\n<p>El material se basa en la polilactida o simplemente PLA (del ingl\u00e9s \u00abpolylactic acid\u00bb). Dabei handelt es sich um ein biologisch abbaubares Biopolymer, welches aus nachwachsenden Rohstoffen (wie z. B. Maisst\u00e4rke) gewonnen wird.<\/p>\n<p>El material tiene un color avellana, con un efecto especial de m\u00e9lange. Aparte de la est\u00e9tica, la fuerza de esta memoria USB radica en que da nueva vida al pl\u00e1stico reciclado y tiene sentido ecol\u00f3gico en el proceso.<\/p>\n<p><strong>\u00bfC\u00f3mo puedo eliminar el PLA?<\/strong><\/p>\n<p>Lo que en un determinado periodo de tiempo y bajo ciertas condiciones ambientales (temperatura, humedad, etc.), mediante la acci\u00f3n de microorganismos u hongos puede sumar hasta un 90% en agua, CO2 y biomasa. Esto significa que los productos biodegradables, como los fabricados con PLA, salen ganando en comparaci\u00f3n con los pl\u00e1sticos derivados del petr\u00f3leo.<\/p>\n<p><strong>\u00bfEl PLA tambi\u00e9n est\u00e1 disponible en otros colores?<\/strong><\/p>\n<p>La memoria USB de biopl\u00e1stico s\u00f3lo est\u00e1 disponible en el color mostrado.<\/p>\n<p><strong>\u00bfLa memoria es diferente de la memoria USB est\u00e1ndar?<\/strong><\/p>\n<p>Esta unidad flash USB viene de serie con una memoria de marca de alta calidad. Como alternativa, tambi\u00e9n se puede instalar una memoria de alta velocidad, que garantiza una transferencia de datos m\u00e1s r\u00e1pida y est\u00e1 dise\u00f1ada para mayores exigencias.<\/p>\n<p><strong>\u00bfEs sostenible el PLA?<\/strong><\/p>\n<p>Los beneficios de los productos promocionales sostenibles no pueden subestimarse en tiempos de cambio clim\u00e1tico y alta contaminaci\u00f3n ambiental. Los art\u00edculos promocionales ecol\u00f3gicos ayudan a conservar recursos valiosos, evitan residuos innecesarios y apelan a la conciencia medioambiental de la gente. Los regalos promocionales sostenibles son sin\u00f3nimo de altos niveles de calidad y protecci\u00f3n del medio ambiente.<\/p>\n<p><strong>\u00bfHay alguna desventaja en el PLA?<\/strong><\/p>\n<p>Como en muchas otras cosas de la vida, el adagio se aplica al APA: no es oro todo lo que reluce. Aunque el PLA es biodegradable, s\u00f3lo puede descomponerse en instalaciones industriales de compostaje. El compost casero est\u00e1 descartado aqu\u00ed, ya que las condiciones clim\u00e1ticas no son las adecuadas para que los productos de PLA se descompongan.<\/p>\n<\/div><\/section><\/p><\/div>\n<style type=\"text\/css\" id=\"style-css-av-1bqdomn-117d9e12c77649c6392962780ea5ce3b\">\n#top .flex_column.av-1bqdomn-117d9e12c77649c6392962780ea5ce3b{\nborder-radius:0px;\n-webkit-border-radius:0px;\n-moz-border-radius:0px;\npadding:0px;\n}\n<\/style>\n<div class='flex_column av-1bqdomn-117d9e12c77649c6392962780ea5ce3b av_one_full  avia-builder-el-3  el_after_av_one_full  el_before_av_one_full  first flex_column_div av-zero-column-padding column-top-margin'   ><div  id=\"av-sc-portfolio-1\"  class=\"av-portfolio-grid-sorting-container\"><div class='sort_width_container  av-sort-yes' data-portfolio-id='1' ><div id='js_sort_items' ><div class='sort_by_cat hidden '><a href=\"#\" data-filter=\"all_sort\" class=\"all_sort_button active_sort\"><span class=\"inner_sort_button\"><span>Todo<\/span><small class=\"av-cat-count\"> 7 <\/small><\/span><\/a><span class='text-sep serie-rec-es_sort_sep'>\/<\/span><a href=\"#\" data-filter=\"serie-rec-es_sort\" class=\"serie-rec-es_sort_button\" ><span class=\"inner_sort_button\"><span>Serie REC<\/span><small class='av-cat-count'> 7 <\/small><\/span><\/a><\/div><\/div><\/div><div  class=' grid-sort-container isotope   no_margin-container with-excerpt-container grid-total-odd grid-col-4 grid-links-' data-portfolio-id='1'><div data-ajax-id='519903' class=' grid-entry flex_column isotope-item all_sort no_margin post-entry post-entry-519903 grid-entry-overview grid-loop-1 grid-parity-odd  memorias-usb_sort serie-cc-es_sort serie-rec-es_sort  av_one_fourth first default_av_fullwidth '><article class='main_color inner-entry'  itemscope=\"itemscope\" itemtype=\"https:\/\/schema.org\/CreativeWork\" ><a href=\"https:\/\/hikitec.de\/es\/cartera\/20020\/\" title='CC15R USB-Sticks'  data-rel='grid-1' class='grid-image avia-hover-fx'> <img decoding=\"async\" width=\"260\" height=\"185\" src=\"https:\/\/hikitec.de\/wp-content\/uploads\/20020-00-00000_01-35-260x185.jpg\" class=\"wp-image-727570 avia-img-lazy-loading-not-727570 attachment-portfolio_small size-portfolio_small wp-post-image\" alt=\"\" \/><\/a><div class='grid-content'><div class='avia-arrow'><\/div><header class=\"entry-content-header\"><h3 class='grid-entry-title entry-title '  itemprop=\"headline\" ><a href='https:\/\/hikitec.de\/es\/cartera\/20020\/' title='CC15R USB-Sticks'>CC15R USB-Sticks<\/a><\/h3><\/header><\/div><footer class=\"entry-footer\"><\/footer><\/article><\/div><div data-ajax-id='519885' class=' grid-entry flex_column isotope-item all_sort no_margin post-entry post-entry-519885 grid-entry-overview grid-loop-2 grid-parity-even  memorias-usb_sort serie-cc-es_sort serie-rec-es_sort  av_one_fourth  default_av_fullwidth '><article class='main_color inner-entry'  itemscope=\"itemscope\" itemtype=\"https:\/\/schema.org\/CreativeWork\" ><a href=\"https:\/\/hikitec.de\/es\/cartera\/20018\/\" title='CC11R USB-Sticks'  data-rel='grid-1' class='grid-image avia-hover-fx'> <img decoding=\"async\" width=\"260\" height=\"185\" src=\"https:\/\/hikitec.de\/wp-content\/uploads\/20018-00-00000_01-3-260x185.jpg\" class=\"wp-image-727449 avia-img-lazy-loading-not-727449 attachment-portfolio_small size-portfolio_small wp-post-image\" alt=\"\" \/><\/a><div class='grid-content'><div class='avia-arrow'><\/div><header class=\"entry-content-header\"><h3 class='grid-entry-title entry-title '  itemprop=\"headline\" ><a href='https:\/\/hikitec.de\/es\/cartera\/20018\/' title='CC11R USB-Sticks'>CC11R USB-Sticks<\/a><\/h3><\/header><\/div><footer class=\"entry-footer\"><\/footer><\/article><\/div><div data-ajax-id='519835' class=' grid-entry flex_column isotope-item all_sort no_margin post-entry post-entry-519835 grid-entry-overview grid-loop-3 grid-parity-odd  memorias-usb_sort serie-cc-es_sort serie-rec-es_sort  av_one_fourth  default_av_fullwidth '><article class='main_color inner-entry'  itemscope=\"itemscope\" itemtype=\"https:\/\/schema.org\/CreativeWork\" ><a href=\"https:\/\/hikitec.de\/es\/cartera\/20219\/\" title='CC01R USB-Sticks'  data-rel='grid-1' class='grid-image avia-hover-fx'> <img decoding=\"async\" width=\"260\" height=\"185\" src=\"https:\/\/hikitec.de\/wp-content\/uploads\/20219-00-00000_01-7-260x185.jpg\" class=\"wp-image-726995 avia-img-lazy-loading-not-726995 attachment-portfolio_small size-portfolio_small wp-post-image\" alt=\"\" \/><\/a><div class='grid-content'><div class='avia-arrow'><\/div><header class=\"entry-content-header\"><h3 class='grid-entry-title entry-title '  itemprop=\"headline\" ><a href='https:\/\/hikitec.de\/es\/cartera\/20219\/' title='CC01R USB-Sticks'>CC01R USB-Sticks<\/a><\/h3><\/header><\/div><footer class=\"entry-footer\"><\/footer><\/article><\/div><div data-ajax-id='519362' class=' grid-entry flex_column isotope-item all_sort no_margin post-entry post-entry-519362 grid-entry-overview grid-loop-4 grid-parity-even  memorias-usb_sort serie-rec-es_sort serie-st-es_sort  av_one_fourth  default_av_fullwidth '><article class='main_color inner-entry'  itemscope=\"itemscope\" itemtype=\"https:\/\/schema.org\/CreativeWork\" ><a href=\"https:\/\/hikitec.de\/es\/cartera\/20165\/\" title='ST33R USB-Sticks'  data-rel='grid-1' class='grid-image avia-hover-fx'> <img decoding=\"async\" width=\"260\" height=\"185\" src=\"https:\/\/hikitec.de\/wp-content\/uploads\/20165-00-00000_01-36-260x185.jpg\" class=\"wp-image-722721 avia-img-lazy-loading-not-722721 attachment-portfolio_small size-portfolio_small wp-post-image\" alt=\"\" \/><\/a><div class='grid-content'><div class='avia-arrow'><\/div><header class=\"entry-content-header\"><h3 class='grid-entry-title entry-title '  itemprop=\"headline\" ><a href='https:\/\/hikitec.de\/es\/cartera\/20165\/' title='ST33R USB-Sticks'>ST33R USB-Sticks<\/a><\/h3><\/header><\/div><footer class=\"entry-footer\"><\/footer><\/article><\/div><div data-ajax-id='519335' class=' grid-entry flex_column isotope-item all_sort no_margin post-entry post-entry-519335 grid-entry-overview grid-loop-5 grid-parity-odd  memorias-usb_sort serie-rec-es_sort serie-st-es_sort  av_one_fourth first default_av_fullwidth '><article class='main_color inner-entry'  itemscope=\"itemscope\" itemtype=\"https:\/\/schema.org\/CreativeWork\" ><a href=\"https:\/\/hikitec.de\/es\/cartera\/20162\/\" title='ST32R USB-Sticks'  data-rel='grid-1' class='grid-image avia-hover-fx'> <img decoding=\"async\" width=\"260\" height=\"185\" src=\"https:\/\/hikitec.de\/wp-content\/uploads\/20162-00-00000_01-9-260x185.jpg\" class=\"wp-image-722501 avia-img-lazy-loading-not-722501 attachment-portfolio_small size-portfolio_small wp-post-image\" alt=\"\" \/><\/a><div class='grid-content'><div class='avia-arrow'><\/div><header class=\"entry-content-header\"><h3 class='grid-entry-title entry-title '  itemprop=\"headline\" ><a href='https:\/\/hikitec.de\/es\/cartera\/20162\/' title='ST32R USB-Sticks'>ST32R USB-Sticks<\/a><\/h3><\/header><\/div><footer class=\"entry-footer\"><\/footer><\/article><\/div><div data-ajax-id='519185' class=' grid-entry flex_column isotope-item all_sort no_margin post-entry post-entry-519185 grid-entry-overview grid-loop-6 grid-parity-even  memorias-usb_sort serie-rec-es_sort serie-st-es_sort  av_one_fourth  default_av_fullwidth '><article class='main_color inner-entry'  itemscope=\"itemscope\" itemtype=\"https:\/\/schema.org\/CreativeWork\" ><a href=\"https:\/\/hikitec.de\/es\/cartera\/20147\/\" title='ST01R USB-Sticks'  data-rel='grid-1' class='grid-image avia-hover-fx'> <img decoding=\"async\" width=\"260\" height=\"185\" src=\"https:\/\/hikitec.de\/wp-content\/uploads\/20147-00-00000_01-260x185.jpg\" class=\"wp-image-721326 avia-img-lazy-loading-not-721326 attachment-portfolio_small size-portfolio_small wp-post-image\" alt=\"\" \/><\/a><div class='grid-content'><div class='avia-arrow'><\/div><header class=\"entry-content-header\"><h3 class='grid-entry-title entry-title '  itemprop=\"headline\" ><a href='https:\/\/hikitec.de\/es\/cartera\/20147\/' title='ST01R USB-Sticks'>ST01R USB-Sticks<\/a><\/h3><\/header><\/div><footer class=\"entry-footer\"><\/footer><\/article><\/div><div data-ajax-id='519203' class=' grid-entry flex_column isotope-item all_sort no_margin post-entry post-entry-519203 grid-entry-overview grid-loop-7 grid-parity-odd  post-entry-last  memorias-usb_sort serie-rec-es_sort serie-st-es_sort  av_one_fourth  default_av_fullwidth '><article class='main_color inner-entry'  itemscope=\"itemscope\" itemtype=\"https:\/\/schema.org\/CreativeWork\" ><a href=\"https:\/\/hikitec.de\/es\/cartera\/20149\/\" title='ST03R USB-Sticks'  data-rel='grid-1' class='grid-image avia-hover-fx'> <img decoding=\"async\" width=\"260\" height=\"185\" src=\"https:\/\/hikitec.de\/wp-content\/uploads\/20149-00-00000_01-38-260x185.jpg\" class=\"wp-image-721506 avia-img-lazy-loading-not-721506 attachment-portfolio_small size-portfolio_small wp-post-image\" alt=\"\" \/><\/a><div class='grid-content'><div class='avia-arrow'><\/div><header class=\"entry-content-header\"><h3 class='grid-entry-title entry-title '  itemprop=\"headline\" ><a href='https:\/\/hikitec.de\/es\/cartera\/20149\/' title='ST03R USB-Sticks'>ST03R USB-Sticks<\/a><\/h3><\/header><\/div><footer class=\"entry-footer\"><\/footer><\/article><\/div><\/div><\/div>   <!--   class=\"av-portfolio-grid-sorting-container\"  --><\/div><\/p>\n\n<style type=\"text\/css\" id=\"style-css-av-vemk8f-cc19c22eab13737441e41dc5a720b16d\">\n#top .flex_column.av-vemk8f-cc19c22eab13737441e41dc5a720b16d{\nborder-radius:0px;\n-webkit-border-radius:0px;\n-moz-border-radius:0px;\npadding:0px;\n}\n<\/style>\n<div class='flex_column av-vemk8f-cc19c22eab13737441e41dc5a720b16d av_one_full  avia-builder-el-5  el_after_av_one_full  el_before_av_one_full  first flex_column_div av-zero-column-padding column-top-margin'   ><section class=\"av_textblock_section \"  itemscope=\"itemscope\" itemtype=\"https:\/\/schema.org\/CreativeWork\" ><div class='avia_textblock  '   itemprop=\"text\" ><input type=\"button\" value=\"Volver\" class=\"alg_back_button_input \" style=\"\" onclick=\"window.history.back()\" \/>\n<\/div><\/section><\/div>\n\n<style type=\"text\/css\" id=\"style-css-av-av_one_full-1df1b63c6c045939f2dc1aefbdd8e7ad\">\n#top .flex_column.av-av_one_full-1df1b63c6c045939f2dc1aefbdd8e7ad{\nborder-radius:0px;\n-webkit-border-radius:0px;\n-moz-border-radius:0px;\npadding:0px;\n}\n<\/style>\n<div class='flex_column av-av_one_full-1df1b63c6c045939f2dc1aefbdd8e7ad av_one_full  avia-builder-el-7  el_after_av_one_full  avia-builder-el-last  first flex_column_div av-zero-column-padding column-top-margin'   ><\/div>\n","protected":false},"excerpt":{"rendered":"","protected":false},"author":2,"featured_media":0,"parent":0,"menu_order":0,"comment_status":"closed","ping_status":"closed","template":"","meta":{"footnotes":""},"class_list":["post-159691","page","type-page","status-publish","hentry"],"_links":{"self":[{"href":"https:\/\/hikitec.de\/es\/wp-json\/wp\/v2\/pages\/159691","targetHints":{"allow":["GET"]}}],"collection":[{"href":"https:\/\/hikitec.de\/es\/wp-json\/wp\/v2\/pages"}],"about":[{"href":"https:\/\/hikitec.de\/es\/wp-json\/wp\/v2\/types\/page"}],"author":[{"embeddable":true,"href":"https:\/\/hikitec.de\/es\/wp-json\/wp\/v2\/users\/2"}],"replies":[{"embeddable":true,"href":"https:\/\/hikitec.de\/es\/wp-json\/wp\/v2\/comments?post=159691"}],"version-history":[{"count":7,"href":"https:\/\/hikitec.de\/es\/wp-json\/wp\/v2\/pages\/159691\/revisions"}],"predecessor-version":[{"id":159698,"href":"https:\/\/hikitec.de\/es\/wp-json\/wp\/v2\/pages\/159691\/revisions\/159698"}],"wp:attachment":[{"href":"https:\/\/hikitec.de\/es\/wp-json\/wp\/v2\/media?parent=159691"}],"curies":[{"name":"wp","href":"https:\/\/api.w.org\/{rel}","templated":true}]}}