{"id":159853,"date":"2021-05-07T12:16:53","date_gmt":"2021-05-07T10:16:53","guid":{"rendered":"https:\/\/hikitec.de\/calidad-de-la-memoria-usb\/"},"modified":"2021-05-07T12:16:55","modified_gmt":"2021-05-07T10:16:55","slug":"calidad-de-la-memoria-usb","status":"publish","type":"page","link":"https:\/\/hikitec.de\/es\/calidad-de-la-memoria-usb\/","title":{"rendered":"Calidad de la memoria USB"},"content":{"rendered":"\n<style type=\"text\/css\" id=\"style-css-av-3p2w78-24049acaa6a2e0701469b1ca0f45ebc2\">\n#top .flex_column.av-3p2w78-24049acaa6a2e0701469b1ca0f45ebc2{\nborder-radius:0px;\n-webkit-border-radius:0px;\n-moz-border-radius:0px;\npadding:0px;\n}\n<\/style>\n<div class='flex_column av-3p2w78-24049acaa6a2e0701469b1ca0f45ebc2 av_one_full  avia-builder-el-0  el_before_av_one_full  avia-builder-el-first  first flex_column_div av-zero-column-padding '   ><section class=\"av_textblock_section \"  itemscope=\"itemscope\" itemtype=\"https:\/\/schema.org\/CreativeWork\" ><div class='avia_textblock  '   itemprop=\"text\" ><p>HIKITEC GmbH s\u00f3lo utiliza calidad de marca. Se utilizan las llamadas memorias NAND Flash de Micron, Hynix, Samsung, <em><span style=\"font-family: 'Calibri',sans-serif; font-style: normal;\">Toshiba<\/span><\/em>, Sandisk o Intel, por ejemplo. Dado que las unidades flash USB no s\u00f3lo consisten en el dispositivo de memoria flash NAND, sino que el controlador USB es otro componente clave para garantizar el \u00e9xito de una soluci\u00f3n flash NAND basada en USB, naturalmente tambi\u00e9n utilizamos marcas de calidad para el controlador, como SMI, Chipsbank o Alcor. Cuando ejecutamos su pedido, se seleccionan para usted los componentes de marca adecuados, que representan la mejor combinaci\u00f3n para su <span class=\"hgkelc\"><b>relaci\u00f3n<\/b> <b>precio-rendimiento<\/b><\/span> en ese momento.<br \/>\nSi necesita memorias USB para requisitos especiales, es imprescindible que nos lo comunique de antemano con su solicitud. En el caso de desaf\u00edos especiales, puede tener sentido pedir una muestra preliminar para su an\u00e1lisis.<\/p>\n<\/div><\/section><\/div>\n<style type=\"text\/css\" id=\"style-css-av-o7ejhg-a231903f4c15badd27b1592e27b23bc3\">\n#top .flex_column.av-o7ejhg-a231903f4c15badd27b1592e27b23bc3{\nborder-radius:0px;\n-webkit-border-radius:0px;\n-moz-border-radius:0px;\npadding:0px;\n}\n<\/style>\n<div class='flex_column av-o7ejhg-a231903f4c15badd27b1592e27b23bc3 av_one_full  avia-builder-el-2  el_after_av_one_full  avia-builder-el-last  first flex_column_div av-zero-column-padding column-top-margin'   ><section class=\"av_textblock_section \"  itemscope=\"itemscope\" itemtype=\"https:\/\/schema.org\/CreativeWork\" ><div class='avia_textblock  '   itemprop=\"text\" ><input type=\"button\" value=\"Volver\" class=\"alg_back_button_input \" style=\"\" onclick=\"window.history.back()\" \/>\n<\/div><\/section><\/div><\/p>\n","protected":false},"excerpt":{"rendered":"","protected":false},"author":2,"featured_media":0,"parent":0,"menu_order":0,"comment_status":"closed","ping_status":"closed","template":"","meta":{"footnotes":""},"class_list":["post-159853","page","type-page","status-publish","hentry"],"_links":{"self":[{"href":"https:\/\/hikitec.de\/es\/wp-json\/wp\/v2\/pages\/159853","targetHints":{"allow":["GET"]}}],"collection":[{"href":"https:\/\/hikitec.de\/es\/wp-json\/wp\/v2\/pages"}],"about":[{"href":"https:\/\/hikitec.de\/es\/wp-json\/wp\/v2\/types\/page"}],"author":[{"embeddable":true,"href":"https:\/\/hikitec.de\/es\/wp-json\/wp\/v2\/users\/2"}],"replies":[{"embeddable":true,"href":"https:\/\/hikitec.de\/es\/wp-json\/wp\/v2\/comments?post=159853"}],"version-history":[{"count":5,"href":"https:\/\/hikitec.de\/es\/wp-json\/wp\/v2\/pages\/159853\/revisions"}],"predecessor-version":[{"id":159858,"href":"https:\/\/hikitec.de\/es\/wp-json\/wp\/v2\/pages\/159853\/revisions\/159858"}],"wp:attachment":[{"href":"https:\/\/hikitec.de\/es\/wp-json\/wp\/v2\/media?parent=159853"}],"curies":[{"name":"wp","href":"https:\/\/api.w.org\/{rel}","templated":true}]}}