{"id":159908,"date":"2021-05-07T12:38:17","date_gmt":"2021-05-07T10:38:17","guid":{"rendered":"https:\/\/hikitec.de\/datos-vectoriales-frente-a-datos-de-pixeles\/"},"modified":"2021-05-07T12:38:24","modified_gmt":"2021-05-07T10:38:24","slug":"datos-vectoriales-frente-a-datos-de-pixeles","status":"publish","type":"page","link":"https:\/\/hikitec.de\/es\/datos-vectoriales-frente-a-datos-de-pixeles\/","title":{"rendered":"Datos vectoriales frente a datos de p\u00edxeles"},"content":{"rendered":"<section class=\"av_textblock_section \"  itemscope=\"itemscope\" itemtype=\"https:\/\/schema.org\/CreativeWork\" ><div class='avia_textblock  '   itemprop=\"text\" ><p><strong>Datos vectoriales frente a datos de p\u00edxeles<\/strong><\/p>\n<\/div><\/section>\n\n<style type=\"text\/css\" id=\"style-css-av-1qf0c52-c396f8c79b6094e9a3845ad77b1ad49d\">\n#top .flex_column.av-1qf0c52-c396f8c79b6094e9a3845ad77b1ad49d{\nborder-radius:0px;\n-webkit-border-radius:0px;\n-moz-border-radius:0px;\npadding:0px;\n}\n<\/style>\n<div class='flex_column av-1qf0c52-c396f8c79b6094e9a3845ad77b1ad49d av_one_full  avia-builder-el-1  el_after_av_textblock  el_before_av_one_full  first flex_column_div av-zero-column-padding column-top-margin'   ><section class=\"av_textblock_section \"  itemscope=\"itemscope\" itemtype=\"https:\/\/schema.org\/CreativeWork\" ><div class='avia_textblock  '   itemprop=\"text\" ><div><strong>Vektor Daten:<\/strong><\/div>\n<div><\/div>\n<div><img loading=\"lazy\" decoding=\"async\" class=\"aligncenter size-large wp-image-12893\" src=\"https:\/\/hikitec.de\/wp-content\/uploads\/2020\/07\/Vektor-1030x314.jpg\" alt=\"\" width=\"1030\" height=\"314\" srcset=\"https:\/\/hikitec.de\/wp-content\/uploads\/2020\/07\/Vektor-1030x314.jpg 1030w, https:\/\/hikitec.de\/wp-content\/uploads\/2020\/07\/Vektor-300x91.jpg 300w, https:\/\/hikitec.de\/wp-content\/uploads\/2020\/07\/Vektor-768x234.jpg 768w, https:\/\/hikitec.de\/wp-content\/uploads\/2020\/07\/Vektor-705x215.jpg 705w, https:\/\/hikitec.de\/wp-content\/uploads\/2020\/07\/Vektor-450x137.jpg 450w, https:\/\/hikitec.de\/wp-content\/uploads\/2020\/07\/Vektor.jpg 1038w\" sizes=\"auto, (max-width: 1030px) 100vw, 1030px\" \/><\/div>\n<div>Los gr\u00e1ficos vectoriales se basan en una descripci\u00f3n de la imagen que define con precisi\u00f3n su logotipo. Los vectores son gr\u00e1ficos formados por curvas y puntos descritos. Para que puedas escalar estos datos sin p\u00e9rdidas. Los gr\u00e1ficos vectoriales proporcionan una mayor nitidez de la imagen y un menor tama\u00f1o de los datos.<\/div>\n<div>Las extensiones de archivo m\u00e1s comunes para los datos vectoriales son: eps, pdf, ai, cdr.<\/div>\n<\/div><\/section><\/div>\n\n<style type=\"text\/css\" id=\"style-css-av-17u5z5i-09acd9422d4e3f7c40f001041b9e443f\">\n#top .flex_column.av-17u5z5i-09acd9422d4e3f7c40f001041b9e443f{\nborder-radius:0px;\n-webkit-border-radius:0px;\n-moz-border-radius:0px;\npadding:0px;\n}\n<\/style>\n<div class='flex_column av-17u5z5i-09acd9422d4e3f7c40f001041b9e443f av_one_full  avia-builder-el-3  el_after_av_one_full  el_before_av_one_full  first flex_column_div av-zero-column-padding column-top-margin'   ><section class=\"av_textblock_section \"  itemscope=\"itemscope\" itemtype=\"https:\/\/schema.org\/CreativeWork\" ><div class='avia_textblock  '   itemprop=\"text\" ><div>\n<div>\n<div><strong>Pixel Daten:<\/strong><\/div>\n<\/div>\n<\/div>\n<div><img loading=\"lazy\" decoding=\"async\" class=\"aligncenter size-full wp-image-12894\" src=\"https:\/\/hikitec.de\/wp-content\/uploads\/2020\/07\/Pixel.jpg\" alt=\"\" width=\"1018\" height=\"330\" srcset=\"https:\/\/hikitec.de\/wp-content\/uploads\/2020\/07\/Pixel.jpg 1018w, https:\/\/hikitec.de\/wp-content\/uploads\/2020\/07\/Pixel-300x97.jpg 300w, https:\/\/hikitec.de\/wp-content\/uploads\/2020\/07\/Pixel-768x249.jpg 768w, https:\/\/hikitec.de\/wp-content\/uploads\/2020\/07\/Pixel-705x229.jpg 705w, https:\/\/hikitec.de\/wp-content\/uploads\/2020\/07\/Pixel-450x146.jpg 450w\" sizes=\"auto, (max-width: 1018px) 100vw, 1018px\" \/><\/div>\n<div>\n<div><\/div>\n<div>Los gr\u00e1ficos de p\u00edxeles, tambi\u00e9n llamados gr\u00e1ficos de mapa de bits o de trama, son datos formados por p\u00edxeles individuales dispuestos en una cuadr\u00edcula. Este archivo se define por su altura y anchura en p\u00edxeles. Un gr\u00e1fico de p\u00edxeles es adecuado para mostrar fotos en su tama\u00f1o ajustado, si se cambia en puede volverse borroso Las extensiones de archivo comunes para los datos de p\u00edxeles son: jpg, bmp, gif, png.<\/div>\n<\/div>\n<\/div><\/section><\/div>\n\n<style type=\"text\/css\" id=\"style-css-av-shjfg6-191e0b031d3397dd7c9ede05423c60ae\">\n#top .flex_column.av-shjfg6-191e0b031d3397dd7c9ede05423c60ae{\nborder-radius:0px;\n-webkit-border-radius:0px;\n-moz-border-radius:0px;\npadding:0px;\n}\n<\/style>\n<div class='flex_column av-shjfg6-191e0b031d3397dd7c9ede05423c60ae av_one_full  avia-builder-el-5  el_after_av_one_full  avia-builder-el-last  first flex_column_div av-zero-column-padding column-top-margin'   ><section class=\"av_textblock_section \"  itemscope=\"itemscope\" itemtype=\"https:\/\/schema.org\/CreativeWork\" ><div class='avia_textblock  '   itemprop=\"text\" ><input type=\"button\" value=\"Volver\" class=\"alg_back_button_input \" style=\"\" onclick=\"window.history.back()\" \/>\n<\/div><\/section><\/div>\n","protected":false},"excerpt":{"rendered":"","protected":false},"author":2,"featured_media":0,"parent":0,"menu_order":0,"comment_status":"closed","ping_status":"closed","template":"","meta":{"footnotes":""},"class_list":["post-159908","page","type-page","status-publish","hentry"],"_links":{"self":[{"href":"https:\/\/hikitec.de\/es\/wp-json\/wp\/v2\/pages\/159908","targetHints":{"allow":["GET"]}}],"collection":[{"href":"https:\/\/hikitec.de\/es\/wp-json\/wp\/v2\/pages"}],"about":[{"href":"https:\/\/hikitec.de\/es\/wp-json\/wp\/v2\/types\/page"}],"author":[{"embeddable":true,"href":"https:\/\/hikitec.de\/es\/wp-json\/wp\/v2\/users\/2"}],"replies":[{"embeddable":true,"href":"https:\/\/hikitec.de\/es\/wp-json\/wp\/v2\/comments?post=159908"}],"version-history":[{"count":8,"href":"https:\/\/hikitec.de\/es\/wp-json\/wp\/v2\/pages\/159908\/revisions"}],"predecessor-version":[{"id":159918,"href":"https:\/\/hikitec.de\/es\/wp-json\/wp\/v2\/pages\/159908\/revisions\/159918"}],"wp:attachment":[{"href":"https:\/\/hikitec.de\/es\/wp-json\/wp\/v2\/media?parent=159908"}],"curies":[{"name":"wp","href":"https:\/\/api.w.org\/{rel}","templated":true}]}}