{"id":159962,"date":"2021-05-07T14:14:55","date_gmt":"2021-05-07T12:14:55","guid":{"rendered":"https:\/\/hikitec.de\/servicio-de-perfeccionamiento\/"},"modified":"2021-05-07T14:15:00","modified_gmt":"2021-05-07T12:15:00","slug":"servicio-de-perfeccionamiento","status":"publish","type":"page","link":"https:\/\/hikitec.de\/es\/servicio-de-perfeccionamiento\/","title":{"rendered":"Servicio de perfeccionamiento"},"content":{"rendered":"<section class=\"av_textblock_section \"  itemscope=\"itemscope\" itemtype=\"https:\/\/schema.org\/CreativeWork\" ><div class='avia_textblock  '   itemprop=\"text\" ><p><strong>\u00bfQu\u00e9 tipos de acabado hay?<\/strong><\/p>\n<\/div><\/section>\n<section class=\"av_textblock_section \"  itemscope=\"itemscope\" itemtype=\"https:\/\/schema.org\/CreativeWork\" ><div class='avia_textblock  '   itemprop=\"text\" ><p><strong>El refinamiento son diferentes variantes para personalizar nuestros productos de forma individual. Dependiendo de la naturaleza de la superficie, son posibles diferentes tipos:<\/strong><\/p>\n<p><strong>Serigraf\u00eda<\/strong><\/p>\n<p>Se trata de un proceso de impresi\u00f3n directa en el que la tinta se presiona a trav\u00e9s de un tejido directamente sobre el producto a imprimir. Las aberturas del tejido se hacen impermeables a la pintura en los puntos donde \u00e9sta no debe pasar. La forma de impresi\u00f3n se fija en una m\u00e1quina y la tinta de impresi\u00f3n se aplica&#8230;.<\/p>\n<p><strong>Tampograf\u00eda<\/strong><\/p>\n<p>La tampograf\u00eda es un proceso de impresi\u00f3n indirecta en el que primero se crea una forma de impresi\u00f3n y luego se transfiere el motivo de impresi\u00f3n al producto mediante un sello de goma de silicona. Debido a la elasticidad del sello, incluso las superficies ligeramente curvadas pueden imprimirse bien con este m\u00e9todo.<\/p>\n<p><strong>Grabado<\/strong><\/p>\n<p>El grabado o el marcado por l\u00e1ser son acabados que utilizan un intenso rayo l\u00e1ser para aplicar su logotipo a superficies met\u00e1licas. Al eliminar el material, las marcas l\u00e1ser son impermeables, a prueba de manchas y muy duraderas.<\/p>\n<p><strong>Doming<\/strong><\/p>\n<p>Doming es el nombre de una tecnolog\u00eda para la producci\u00f3n de una pegatina 3D con un revestimiento superficial que suele tener un aspecto vidrioso y muy transparente. Este revestimiento puede utilizarse para mejorar eficazmente el efecto est\u00e9tico en muchas superficies.<\/p>\n<p><strong>Impresi\u00f3n digital ( C M Y K )<\/strong><\/p>\n<p>En este proceso de impresi\u00f3n, la imagen impresa se transfiere directamente de un ordenador a una imprenta sin utilizar una forma de impresi\u00f3n est\u00e1tica. El sistema de impresi\u00f3n suele ser un sistema de impresi\u00f3n electrogr\u00e1fica, como una impresora l\u00e1ser, dise\u00f1ado para imprimir grandes vol\u00famenes.<\/p>\n<p><strong>Impresi\u00f3n digital UV ( W + C M Y K )<\/strong><\/p>\n<p>La principal diferencia con la impresi\u00f3n digital convencional es que la tinta no penetra completamente en el material, sino que se sit\u00faa encima del material de impresi\u00f3n. Esto permite imprimir en casi todos los materiales. El color se cura con luz ultravioleta, por lo que el blanco tambi\u00e9n es posible aqu\u00ed como quinto color mixto.<\/p>\n<p><a href=\"https:\/\/hikitec.de\/proceso-de-impresion-cmyk-tamano-de-los-datos-y-sangrado-correcto\/?lang=es\">Puede encontrar m\u00e1s informaci\u00f3n sobre \u00abTama\u00f1o de los datos y recorte correcto\u00bb aqu\u00ed<\/a><\/p>\n<p><strong>Estampado ciego<\/strong><\/p>\n<p>Se trata de una impresi\u00f3n en relieve sin tinta. El estampado ciego es adecuado para materiales de base blanda, como el cuero o la polipiel, y hace que un motivo de impresi\u00f3n parezca noble y discreto.<\/p>\n<p><strong>Estampaci\u00f3n en caliente<\/strong><\/p>\n<p>La estampaci\u00f3n en caliente es una \u00abestampaci\u00f3n en caliente\u00bb sin tinta, la diferencia con la estampaci\u00f3n ciega convencional es que la matriz de estampaci\u00f3n se presiona en caliente sobre el material.<\/p>\n<p><a href=\"https:\/\/hikitec.de\/datos-vectoriales-frente-a-datos-de-pixeles\/?lang=es\">Informaci\u00f3n sobre archivos vectoriales y de p\u00edxeles<\/a><\/p>\n<\/div><\/section>\n<section class=\"av_textblock_section \"  itemscope=\"itemscope\" itemtype=\"https:\/\/schema.org\/CreativeWork\" ><div class='avia_textblock  '   itemprop=\"text\" ><input type=\"button\" value=\"Volver\" class=\"alg_back_button_input \" style=\"\" onclick=\"window.history.back()\" \/>\n<\/div><\/section>\n","protected":false},"excerpt":{"rendered":"","protected":false},"author":2,"featured_media":0,"parent":0,"menu_order":0,"comment_status":"closed","ping_status":"closed","template":"","meta":{"footnotes":""},"class_list":["post-159962","page","type-page","status-publish","hentry"],"_links":{"self":[{"href":"https:\/\/hikitec.de\/es\/wp-json\/wp\/v2\/pages\/159962","targetHints":{"allow":["GET"]}}],"collection":[{"href":"https:\/\/hikitec.de\/es\/wp-json\/wp\/v2\/pages"}],"about":[{"href":"https:\/\/hikitec.de\/es\/wp-json\/wp\/v2\/types\/page"}],"author":[{"embeddable":true,"href":"https:\/\/hikitec.de\/es\/wp-json\/wp\/v2\/users\/2"}],"replies":[{"embeddable":true,"href":"https:\/\/hikitec.de\/es\/wp-json\/wp\/v2\/comments?post=159962"}],"version-history":[{"count":8,"href":"https:\/\/hikitec.de\/es\/wp-json\/wp\/v2\/pages\/159962\/revisions"}],"predecessor-version":[{"id":159970,"href":"https:\/\/hikitec.de\/es\/wp-json\/wp\/v2\/pages\/159962\/revisions\/159970"}],"wp:attachment":[{"href":"https:\/\/hikitec.de\/es\/wp-json\/wp\/v2\/media?parent=159962"}],"curies":[{"name":"wp","href":"https:\/\/api.w.org\/{rel}","templated":true}]}}