{"id":187910,"date":"2021-05-19T16:44:13","date_gmt":"2021-05-19T14:44:13","guid":{"rendered":"https:\/\/hikitec.de\/formatear-la-memoria-usb\/"},"modified":"2021-05-19T16:44:19","modified_gmt":"2021-05-19T14:44:19","slug":"formatear-la-memoria-usb","status":"publish","type":"page","link":"https:\/\/hikitec.de\/es\/formatear-la-memoria-usb\/","title":{"rendered":"Formatear la memoria USB"},"content":{"rendered":"\n<style type=\"text\/css\" id=\"style-css-av-1ktlnfq-04948dae7bde043c5b8726394724d6ab\">\n#top .flex_column.av-1ktlnfq-04948dae7bde043c5b8726394724d6ab{\nborder-radius:0px;\n-webkit-border-radius:0px;\n-moz-border-radius:0px;\npadding:0px;\n}\n<\/style>\n<div class='flex_column av-1ktlnfq-04948dae7bde043c5b8726394724d6ab av_one_full  avia-builder-el-0  el_before_av_one_full  avia-builder-el-first  first flex_column_div av-zero-column-padding '   ><section class=\"av_textblock_section \"  itemscope=\"itemscope\" itemtype=\"https:\/\/schema.org\/CreativeWork\" ><div class='avia_textblock  '   itemprop=\"text\" ><\/div><\/section><\/div>\n\n<style type=\"text\/css\" id=\"style-css-av-1ktlnfq-04948dae7bde043c5b8726394724d6ab\">\n#top .flex_column.av-1ktlnfq-04948dae7bde043c5b8726394724d6ab{\nborder-radius:0px;\n-webkit-border-radius:0px;\n-moz-border-radius:0px;\npadding:0px;\n}\n<\/style>\n<div class='flex_column av-1ktlnfq-04948dae7bde043c5b8726394724d6ab av_one_full  avia-builder-el-2  el_after_av_one_full  el_before_av_one_full  first flex_column_div av-zero-column-padding column-top-margin'   ><section class=\"av_textblock_section \"  itemscope=\"itemscope\" itemtype=\"https:\/\/schema.org\/CreativeWork\" ><div class='avia_textblock  '   itemprop=\"text\" ><p><strong>\u00bfQu\u00e9 es exFat?<\/strong><\/p>\n<p>exFAT se desarroll\u00f3 principalmente para sustituir a FAT32 en las unidades flash con el fin de superar las limitaciones de FAT \/ FAT32 en cuanto al tama\u00f1o de los archivos individuales (m\u00e1x. aprox. 4 GB por archivo) y el tama\u00f1o m\u00e1ximo de las particiones, manteniendo al mismo tiempo la compatibilidad con muchos dispositivos anfitriones diferentes.<\/p>\n<p>Ventajas de exFat:<img loading=\"lazy\" decoding=\"async\" class=\"size-medium wp-image-24892 alignright\" src=\"https:\/\/hikitec.de\/wp-content\/uploads\/2021\/03\/exfat-226x300.jpg\" alt=\"\" width=\"226\" height=\"300\" srcset=\"https:\/\/hikitec.de\/wp-content\/uploads\/2021\/03\/exfat-226x300.jpg 226w, https:\/\/hikitec.de\/wp-content\/uploads\/2021\/03\/exfat.jpg 363w\" sizes=\"auto, (max-width: 226px) 100vw, 226px\" \/><\/p>\n<p><img loading=\"lazy\" decoding=\"async\" class=\"transparent\" src=\"https:\/\/hikitec.de\/wp-content\/uploads\/2016\/12\/zzz_HIKITEC_Favicon_32.png\" alt=\"https:\/\/hikitec.de\/wp-content\/uploads\/2016\/12\/zzz_HIKITEC_Favicon_32.png\" width=\"11\" height=\"12\"> Casi todos los sistemas operativos pueden acceder a \u00e9l<br \/>\n<img loading=\"lazy\" decoding=\"async\" class=\"transparent\" src=\"https:\/\/hikitec.de\/wp-content\/uploads\/2016\/12\/zzz_HIKITEC_Favicon_32.png\" alt=\"https:\/\/hikitec.de\/wp-content\/uploads\/2016\/12\/zzz_HIKITEC_Favicon_32.png\" width=\"11\" height=\"12\"> no hay limitaciones en el tama\u00f1o de los archivos<\/p>\n<p>Desventajas de exFat:<\/p>\n<p><img loading=\"lazy\" decoding=\"async\" class=\"transparent\" src=\"https:\/\/hikitec.de\/wp-content\/uploads\/2016\/12\/zzz_HIKITEC_Favicon_32.png\" alt=\"https:\/\/hikitec.de\/wp-content\/uploads\/2016\/12\/zzz_HIKITEC_Favicon_32.png\" width=\"11\" height=\"12\"> ligeramente m\u00e1s lento que NTFS<\/p>\n<div><\/div>\n<\/div><\/section><\/div>\n\n<style type=\"text\/css\" id=\"style-css-av-1ktlnfq-04948dae7bde043c5b8726394724d6ab\">\n#top .flex_column.av-1ktlnfq-04948dae7bde043c5b8726394724d6ab{\nborder-radius:0px;\n-webkit-border-radius:0px;\n-moz-border-radius:0px;\npadding:0px;\n}\n<\/style>\n<div class='flex_column av-1ktlnfq-04948dae7bde043c5b8726394724d6ab av_one_full  avia-builder-el-4  el_after_av_one_full  el_before_av_one_full  first flex_column_div av-zero-column-padding column-top-margin'   ><section class=\"av_textblock_section \"  itemscope=\"itemscope\" itemtype=\"https:\/\/schema.org\/CreativeWork\" ><div class='avia_textblock  '   itemprop=\"text\" ><p><strong>\u00bfQu\u00e9 es NTFS?<\/strong><\/p>\n<p>En comparaci\u00f3n con el sistema de archivos FAT, NTFS ofrece, entre otras cosas, una protecci\u00f3n de acceso espec\u00edfica a nivel de archivos y una mayor seguridad de los datos mediante el registro en el diario. Sin embargo, la compatibilidad no es tan amplia como con FAT. Otra ventaja de NTFS es que el tama\u00f1o de los archivos no est\u00e1 limitado a unos 4 GB como ocurre con FAT16\/32.<\/p>\n<p>Ventajas de NTFS:<strong><img loading=\"lazy\" decoding=\"async\" class=\"size-medium wp-image-24881 alignright\" src=\"https:\/\/hikitec.de\/wp-content\/uploads\/2021\/03\/NTFS-222x300.jpg\" alt=\"\" width=\"222\" height=\"300\" srcset=\"https:\/\/hikitec.de\/wp-content\/uploads\/2021\/03\/NTFS-222x300.jpg 222w, https:\/\/hikitec.de\/wp-content\/uploads\/2021\/03\/NTFS.jpg 365w\" sizes=\"auto, (max-width: 222px) 100vw, 222px\" \/><\/strong><\/p>\n<p><img loading=\"lazy\" decoding=\"async\" class=\"transparent\" src=\"https:\/\/hikitec.de\/wp-content\/uploads\/2016\/12\/zzz_HIKITEC_Favicon_32.png\" alt=\"https:\/\/hikitec.de\/wp-content\/uploads\/2016\/12\/zzz_HIKITEC_Favicon_32.png\" width=\"11\" height=\"12\"> se pueden instalar nuevos sistemas operativos en \u00e9l<br \/>\n<img loading=\"lazy\" decoding=\"async\" class=\"transparent\" src=\"https:\/\/hikitec.de\/wp-content\/uploads\/2016\/12\/zzz_HIKITEC_Favicon_32.png\" alt=\"https:\/\/hikitec.de\/wp-content\/uploads\/2016\/12\/zzz_HIKITEC_Favicon_32.png\" width=\"11\" height=\"12\"> mayores velocidades de datos<br \/>\n<img loading=\"lazy\" decoding=\"async\" class=\"transparent\" src=\"https:\/\/hikitec.de\/wp-content\/uploads\/2016\/12\/zzz_HIKITEC_Favicon_32.png\" alt=\"https:\/\/hikitec.de\/wp-content\/uploads\/2016\/12\/zzz_HIKITEC_Favicon_32.png\" width=\"11\" height=\"12\"> Posibilidad de archivos de hasta 16 TB<br \/>\n<img loading=\"lazy\" decoding=\"async\" class=\"transparent\" src=\"https:\/\/hikitec.de\/wp-content\/uploads\/2016\/12\/zzz_HIKITEC_Favicon_32.png\" alt=\"https:\/\/hikitec.de\/wp-content\/uploads\/2016\/12\/zzz_HIKITEC_Favicon_32.png\" width=\"11\" height=\"12\"> Tama\u00f1os de partici\u00f3n de hasta 256 TB<br \/>\n<img loading=\"lazy\" decoding=\"async\" class=\"transparent\" src=\"https:\/\/hikitec.de\/wp-content\/uploads\/2016\/12\/zzz_HIKITEC_Favicon_32.png\" alt=\"https:\/\/hikitec.de\/wp-content\/uploads\/2016\/12\/zzz_HIKITEC_Favicon_32.png\" width=\"11\" height=\"12\"> escribe los archivos de forma \u00abinteligente\u00bb para evitar la fragmentaci\u00f3n<br \/>\n<img loading=\"lazy\" decoding=\"async\" class=\"transparent\" src=\"https:\/\/hikitec.de\/wp-content\/uploads\/2016\/12\/zzz_HIKITEC_Favicon_32.png\" alt=\"https:\/\/hikitec.de\/wp-content\/uploads\/2016\/12\/zzz_HIKITEC_Favicon_32.png\" width=\"11\" height=\"12\"> registra los cambios en los archivos en caso de ca\u00edda para evitar la p\u00e9rdida de datos<br \/>\n<img loading=\"lazy\" decoding=\"async\" class=\"transparent\" src=\"https:\/\/hikitec.de\/wp-content\/uploads\/2016\/12\/zzz_HIKITEC_Favicon_32.png\" alt=\"https:\/\/hikitec.de\/wp-content\/uploads\/2016\/12\/zzz_HIKITEC_Favicon_32.png\" width=\"11\" height=\"12\"> Los archivos pueden ser encriptados<br \/>\n<img loading=\"lazy\" decoding=\"async\" class=\"transparent\" src=\"https:\/\/hikitec.de\/wp-content\/uploads\/2016\/12\/zzz_HIKITEC_Favicon_32.png\" alt=\"https:\/\/hikitec.de\/wp-content\/uploads\/2016\/12\/zzz_HIKITEC_Favicon_32.png\" width=\"11\" height=\"12\"> Posibilidad de comprimir archivos y discos<br \/>\n<img loading=\"lazy\" decoding=\"async\" class=\"transparent\" src=\"https:\/\/hikitec.de\/wp-content\/uploads\/2016\/12\/zzz_HIKITEC_Favicon_32.png\" alt=\"https:\/\/hikitec.de\/wp-content\/uploads\/2016\/12\/zzz_HIKITEC_Favicon_32.png\" width=\"11\" height=\"12\"> desfragmentaci\u00f3n m\u00e1s r\u00e1pida<br \/>\n<img loading=\"lazy\" decoding=\"async\" class=\"transparent\" src=\"https:\/\/hikitec.de\/wp-content\/uploads\/2016\/12\/zzz_HIKITEC_Favicon_32.png\" alt=\"https:\/\/hikitec.de\/wp-content\/uploads\/2016\/12\/zzz_HIKITEC_Favicon_32.png\" width=\"11\" height=\"12\"> Se pueden controlar los accesos a los archivos<br \/>\n<img loading=\"lazy\" decoding=\"async\" class=\"transparent\" src=\"https:\/\/hikitec.de\/wp-content\/uploads\/2016\/12\/zzz_HIKITEC_Favicon_32.png\" alt=\"https:\/\/hikitec.de\/wp-content\/uploads\/2016\/12\/zzz_HIKITEC_Favicon_32.png\" width=\"11\" height=\"12\"> Se pueden asignar cuotas de memoria a los usuarios<\/p>\n<p>Desventajas de NTFS:<\/p>\n<p><img loading=\"lazy\" decoding=\"async\" class=\"transparent\" src=\"https:\/\/hikitec.de\/wp-content\/uploads\/2016\/12\/zzz_HIKITEC_Favicon_32.png\" alt=\"https:\/\/hikitec.de\/wp-content\/uploads\/2016\/12\/zzz_HIKITEC_Favicon_32.png\" width=\"11\" height=\"12\"> soporte completo s\u00f3lo en sistemas operativos Windows<br \/>\n<img loading=\"lazy\" decoding=\"async\" class=\"transparent\" src=\"https:\/\/hikitec.de\/wp-content\/uploads\/2016\/12\/zzz_HIKITEC_Favicon_32.png\" alt=\"https:\/\/hikitec.de\/wp-content\/uploads\/2016\/12\/zzz_HIKITEC_Favicon_32.png\" width=\"11\" height=\"12\"> no es legible por muchos dispositivos<\/p>\n<\/div><\/section><\/div>\n\n<style type=\"text\/css\" id=\"style-css-av-ediejra-939f81adbc998a6793d30a432c5f62c2\">\n#top .flex_column.av-ediejra-939f81adbc998a6793d30a432c5f62c2{\nborder-radius:0px;\n-webkit-border-radius:0px;\n-moz-border-radius:0px;\npadding:0px;\n}\n<\/style>\n<div class='flex_column av-ediejra-939f81adbc998a6793d30a432c5f62c2 av_one_full  avia-builder-el-6  el_after_av_one_full  el_before_av_one_full  first flex_column_div av-zero-column-padding column-top-margin'   ><p><section class=\"av_textblock_section \"  itemscope=\"itemscope\" itemtype=\"https:\/\/schema.org\/CreativeWork\" ><div class='avia_textblock  '   itemprop=\"text\" ><p><strong>\u00bfCu\u00e1les son los sistemas de archivos m\u00e1s importantes en Windows?<\/strong><\/p>\n<\/div><\/section><br \/>\n<div  class='avia-table av-1eju2ue-2b5fe5b31460b7aa97f1cf1e99b10fdc main_color avia-pricing-table-container avia_pricing_default  avia-builder-el-8  el_after_av_textblock  avia-builder-el-last  avia-table-1 '  itemscope=\"itemscope\" itemtype=\"https:\/\/schema.org\/Table\" ><div class=\"pricing-table-wrap\"><ul class='pricing-table '><li class=''><div class='first-table-item'>Sistema de archivos<\/div><span class='pricing-extra'><\/span><\/li><li class=''>FAT32<\/li><li class=''>exFAT<\/li><li class=''>NTFS 1.0, 1.1, 2<\/li><li class=''>NTFS 3.0, 3.1, TxF<\/li><\/ul><\/div><div class=\"pricing-table-wrap\"><ul class='pricing-table '><li class=''><div class='first-table-item'>max. Partition<\/div><span class='pricing-extra'><\/span><\/li><li class=''>8 TB<\/li><li class=''>&gt;8 TB<\/li><li class=''>&gt;8 TB<\/li><li class=''>&gt;8 TB<\/li><\/ul><\/div><div class=\"pricing-table-wrap\"><ul class='pricing-table '><li class=''><div class='first-table-item'>Utilice<\/div><span class='pricing-extra'><\/span><\/li><li class=''>Windows 95b, Windows 98, Windows ME<\/li><li class=''>Windows CE, Flash-Speichermedien<\/li><li class=''>Windows NT 3.1 bis Windows NT 4.0<\/li><li class=''>Windows 2000, Windowx XP, Windows Vista, Windows 7<\/li><\/ul><\/div><\/div><\/p><\/div>\n\n<style type=\"text\/css\" id=\"style-css-av-jjkgqu-9ad277fd797eabb3d092612aad3559f3\">\n#top .flex_column.av-jjkgqu-9ad277fd797eabb3d092612aad3559f3{\nborder-radius:0px;\n-webkit-border-radius:0px;\n-moz-border-radius:0px;\npadding:0px;\n}\n<\/style>\n<div class='flex_column av-jjkgqu-9ad277fd797eabb3d092612aad3559f3 av_one_full  avia-builder-el-9  el_after_av_one_full  el_before_av_one_full  first flex_column_div av-zero-column-padding column-top-margin'   ><section class=\"av_textblock_section \"  itemscope=\"itemscope\" itemtype=\"https:\/\/schema.org\/CreativeWork\" ><div class='avia_textblock  '   itemprop=\"text\" ><p><strong>\u00bfC\u00f3mo puedo formatear una memoria USB en Windows?<\/strong><\/p>\n<p><img loading=\"lazy\" decoding=\"async\" class=\"transparent\" src=\"https:\/\/hikitec.de\/wp-content\/uploads\/2016\/12\/zzz_HIKITEC_Favicon_32.png\" alt=\"https:\/\/hikitec.de\/wp-content\/uploads\/2016\/12\/zzz_HIKITEC_Favicon_32.png\" width=\"11\" height=\"12\"> Conecta la memoria USB a tu PC\/port\u00e1til conect\u00e1ndola a un puerto USB libre.<strong><img loading=\"lazy\" decoding=\"async\" class=\"size-medium wp-image-24884 alignright\" src=\"https:\/\/hikitec.de\/wp-content\/uploads\/2021\/03\/Wie-formatieren-ueber-explorer-167x300.jpg\" alt=\"\" width=\"167\" height=\"300\" srcset=\"https:\/\/hikitec.de\/wp-content\/uploads\/2021\/03\/Wie-formatieren-ueber-explorer-167x300.jpg 167w, https:\/\/hikitec.de\/wp-content\/uploads\/2021\/03\/Wie-formatieren-ueber-explorer.jpg 254w\" sizes=\"auto, (max-width: 167px) 100vw, 167px\" \/><\/strong><br \/>\n<img loading=\"lazy\" decoding=\"async\" class=\"transparent\" src=\"https:\/\/hikitec.de\/wp-content\/uploads\/2016\/12\/zzz_HIKITEC_Favicon_32.png\" alt=\"https:\/\/hikitec.de\/wp-content\/uploads\/2016\/12\/zzz_HIKITEC_Favicon_32.png\" width=\"11\" height=\"12\"> Haga clic en el icono de Inicio de Windows situado en la parte inferior izquierda y, a continuaci\u00f3n, en Equipo. Aqu\u00ed puede ver el disco extra\u00edble conectado.<br \/>\n<img loading=\"lazy\" decoding=\"async\" class=\"transparent\" src=\"https:\/\/hikitec.de\/wp-content\/uploads\/2016\/12\/zzz_HIKITEC_Favicon_32.png\" alt=\"https:\/\/hikitec.de\/wp-content\/uploads\/2016\/12\/zzz_HIKITEC_Favicon_32.png\" width=\"11\" height=\"12\"> Haga clic con el bot\u00f3n derecho del rat\u00f3n en la memoria USB y seleccione \u00abFormatear&#8230;\u00bb con un clic izquierdo del rat\u00f3n. Se abre una nueva ventana.<br \/>\n<img loading=\"lazy\" decoding=\"async\" class=\"transparent\" src=\"https:\/\/hikitec.de\/wp-content\/uploads\/2016\/12\/zzz_HIKITEC_Favicon_32.png\" alt=\"https:\/\/hikitec.de\/wp-content\/uploads\/2016\/12\/zzz_HIKITEC_Favicon_32.png\" width=\"11\" height=\"12\"> Aqu\u00ed puede seleccionar el sistema de archivos deseado. Si quieres utilizar tu memoria USB con otros sistemas operativos, te recomendamos la configuraci\u00f3n por defecto \u00abNTFS\u00bb.<br \/>\n<img loading=\"lazy\" decoding=\"async\" class=\"transparent\" src=\"https:\/\/hikitec.de\/wp-content\/uploads\/2016\/12\/zzz_HIKITEC_Favicon_32.png\" alt=\"https:\/\/hikitec.de\/wp-content\/uploads\/2016\/12\/zzz_HIKITEC_Favicon_32.png\" width=\"11\" height=\"12\"> Si de todos modos s\u00f3lo quieres emparejar tu pendrive con sistemas Windows, puedes seleccionar la configuraci\u00f3n \u00abFAT32\u00bb. Sin embargo, este sistema de archivos s\u00f3lo puede utilizarse en memorias USB de hasta 32 GBytes.<br \/>\n<img loading=\"lazy\" decoding=\"async\" class=\"transparent\" src=\"https:\/\/hikitec.de\/wp-content\/uploads\/2016\/12\/zzz_HIKITEC_Favicon_32.png\" alt=\"https:\/\/hikitec.de\/wp-content\/uploads\/2016\/12\/zzz_HIKITEC_Favicon_32.png\" width=\"11\" height=\"12\"> Para formatear un disco de m\u00e1s de 32 GByte con FAT32, necesita un programa adicional, como FAT32Formatter.<br \/>\n<img loading=\"lazy\" decoding=\"async\" class=\"transparent\" src=\"https:\/\/hikitec.de\/wp-content\/uploads\/2016\/12\/zzz_HIKITEC_Favicon_32.png\" alt=\"https:\/\/hikitec.de\/wp-content\/uploads\/2016\/12\/zzz_HIKITEC_Favicon_32.png\" width=\"11\" height=\"12\"> Puede dejar sin cambios la \u00abCapacidad de almacenamiento\u00bb y el \u00abTama\u00f1o de las unidades de asignaci\u00f3n\u00bb.<br \/>\n<img loading=\"lazy\" decoding=\"async\" class=\"transparent\" src=\"https:\/\/hikitec.de\/wp-content\/uploads\/2016\/12\/zzz_HIKITEC_Favicon_32.png\" alt=\"https:\/\/hikitec.de\/wp-content\/uploads\/2016\/12\/zzz_HIKITEC_Favicon_32.png\" width=\"11\" height=\"12\"> Detr\u00e1s de \u00abEtiqueta de volumen\u00bb puedes definir un nombre para la memoria USB. Puedes cambiar esto en cualquier momento despu\u00e9s de formatear.<br \/>\n<img loading=\"lazy\" decoding=\"async\" class=\"transparent\" src=\"https:\/\/hikitec.de\/wp-content\/uploads\/2016\/12\/zzz_HIKITEC_Favicon_32.png\" alt=\"https:\/\/hikitec.de\/wp-content\/uploads\/2016\/12\/zzz_HIKITEC_Favicon_32.png\" width=\"11\" height=\"12\"> Por regla general, puede dejar o poner la marca delante de \u00abFormato r\u00e1pido\u00bb, ya que este tipo de formato es completamente suficiente en la mayor\u00eda de los casos. Sin embargo, si quieres estar seguro al borrar datos, puedes quitar la marca de verificaci\u00f3n.<br \/>\n<img loading=\"lazy\" decoding=\"async\" class=\"transparent\" src=\"https:\/\/hikitec.de\/wp-content\/uploads\/2016\/12\/zzz_HIKITEC_Favicon_32.png\" alt=\"https:\/\/hikitec.de\/wp-content\/uploads\/2016\/12\/zzz_HIKITEC_Favicon_32.png\" width=\"11\" height=\"12\"> Haga clic en \u00abInicio\u00bb y confirme la solicitud de seguridad. A continuaci\u00f3n, se formatear\u00e1 la memoria USB.<\/p>\n<\/div><\/section><\/div>\n\n<style type=\"text\/css\" id=\"style-css-av-jjkgqu-9ad277fd797eabb3d092612aad3559f3\">\n#top .flex_column.av-jjkgqu-9ad277fd797eabb3d092612aad3559f3{\nborder-radius:0px;\n-webkit-border-radius:0px;\n-moz-border-radius:0px;\npadding:0px;\n}\n<\/style>\n<div class='flex_column av-jjkgqu-9ad277fd797eabb3d092612aad3559f3 av_one_full  avia-builder-el-11  el_after_av_one_full  el_before_av_one_full  first flex_column_div av-zero-column-padding column-top-margin'   ><section class=\"av_textblock_section \"  itemscope=\"itemscope\" itemtype=\"https:\/\/schema.org\/CreativeWork\" ><div class='avia_textblock  '   itemprop=\"text\" ><p><strong>\u00bfC\u00f3mo puedo formatear una memoria USB en CDM*?<\/strong><\/p>\n<p><img loading=\"lazy\" decoding=\"async\" class=\"transparent\" src=\"https:\/\/hikitec.de\/wp-content\/uploads\/2016\/12\/zzz_HIKITEC_Favicon_32.png\" alt=\"https:\/\/hikitec.de\/wp-content\/uploads\/2016\/12\/zzz_HIKITEC_Favicon_32.png\" width=\"11\" height=\"12\"> Conecta la memoria USB a tu PC conect\u00e1ndola a un puerto USB libre.<img loading=\"lazy\" decoding=\"async\" class=\"size-medium wp-image-24888 alignright\" src=\"https:\/\/hikitec.de\/wp-content\/uploads\/2021\/03\/Formatierung-unter-CDM-300x156.jpg\" alt=\"\" width=\"300\" height=\"156\" srcset=\"https:\/\/hikitec.de\/wp-content\/uploads\/2021\/03\/Formatierung-unter-CDM-300x156.jpg 300w, https:\/\/hikitec.de\/wp-content\/uploads\/2021\/03\/Formatierung-unter-CDM-768x400.jpg 768w, https:\/\/hikitec.de\/wp-content\/uploads\/2021\/03\/Formatierung-unter-CDM-705x368.jpg 705w, https:\/\/hikitec.de\/wp-content\/uploads\/2021\/03\/Formatierung-unter-CDM-450x235.jpg 450w, https:\/\/hikitec.de\/wp-content\/uploads\/2021\/03\/Formatierung-unter-CDM.jpg 980w\" sizes=\"auto, (max-width: 300px) 100vw, 300px\" \/><br \/>\n<img loading=\"lazy\" decoding=\"async\" class=\"transparent\" src=\"https:\/\/hikitec.de\/wp-content\/uploads\/2016\/12\/zzz_HIKITEC_Favicon_32.png\" alt=\"https:\/\/hikitec.de\/wp-content\/uploads\/2016\/12\/zzz_HIKITEC_Favicon_32.png\" width=\"11\" height=\"12\"> Pulse la tecla WINDOWS + R<br \/>\n<img loading=\"lazy\" decoding=\"async\" class=\"transparent\" src=\"https:\/\/hikitec.de\/wp-content\/uploads\/2016\/12\/zzz_HIKITEC_Favicon_32.png\" alt=\"https:\/\/hikitec.de\/wp-content\/uploads\/2016\/12\/zzz_HIKITEC_Favicon_32.png\" width=\"11\" height=\"12\"> Escriba \u00abCMD\u00bb y pulse Enter. Se abre una nueva ventana negra (consola).<br \/>\n<img loading=\"lazy\" decoding=\"async\" class=\"transparent\" src=\"https:\/\/hikitec.de\/wp-content\/uploads\/2016\/12\/zzz_HIKITEC_Favicon_32.png\" alt=\"https:\/\/hikitec.de\/wp-content\/uploads\/2016\/12\/zzz_HIKITEC_Favicon_32.png\" width=\"11\" height=\"12\"> Aqu\u00ed tienes que introducir \u00abformat\u00bb, luego la letra de la unidad aqu\u00ed en el ejemplo \u00abE:\u00bb luego \u00ab\/FS\u00bb para formatear y luego el formato aqu\u00ed en el ejemplo \u00abFAT32\u00bb. Confirme su entrada con Enter. \u00abformat E: \/FS:FAT32\u00bb ) Obtenga m\u00e1s informaci\u00f3n aqu\u00ed: https:\/\/ss64.com\/nt\/format.html<br \/>\n<img loading=\"lazy\" decoding=\"async\" class=\"transparent\" src=\"https:\/\/hikitec.de\/wp-content\/uploads\/2016\/12\/zzz_HIKITEC_Favicon_32.png\" alt=\"https:\/\/hikitec.de\/wp-content\/uploads\/2016\/12\/zzz_HIKITEC_Favicon_32.png\" width=\"11\" height=\"12\"> Ahora obtendr\u00e1 una visi\u00f3n general de la memoria USB de nuevo aqu\u00ed en el ejemplo \u00bb El TIPO del sistema de archivos\u00bb, el tama\u00f1o de la memoria y que el formato fue seleccionado. Si todo es correcto conf\u00edrmelo pulsando J + Enter.<br \/>\n<img loading=\"lazy\" decoding=\"async\" class=\"transparent\" src=\"https:\/\/hikitec.de\/wp-content\/uploads\/2016\/12\/zzz_HIKITEC_Favicon_32.png\" alt=\"https:\/\/hikitec.de\/wp-content\/uploads\/2016\/12\/zzz_HIKITEC_Favicon_32.png\" width=\"11\" height=\"12\"> A continuaci\u00f3n, puede dar a la memoria USB una designaci\u00f3n de unidad (11 caracteres) y confirmar con Enter.<br \/>\n<img loading=\"lazy\" decoding=\"async\" class=\"transparent\" src=\"https:\/\/hikitec.de\/wp-content\/uploads\/2016\/12\/zzz_HIKITEC_Favicon_32.png\" alt=\"https:\/\/hikitec.de\/wp-content\/uploads\/2016\/12\/zzz_HIKITEC_Favicon_32.png\" width=\"11\" height=\"12\"> A continuaci\u00f3n, se formatear\u00e1 la memoria USB.<\/p>\n<p><strong>*\u00a1Usa bajo tu propio riesgo! Si lo utilizas de forma incorrecta, puedes borrar involuntariamente datos importantes.<\/strong><\/p>\n<\/div><\/section><\/div>\n<style type=\"text\/css\" id=\"style-css-av-quhhhi-f9b08ee2d3bece9668d7bba6309792b5\">\n#top .flex_column.av-quhhhi-f9b08ee2d3bece9668d7bba6309792b5{\nborder-radius:0px;\n-webkit-border-radius:0px;\n-moz-border-radius:0px;\npadding:0px;\n}\n<\/style>\n<div class='flex_column av-quhhhi-f9b08ee2d3bece9668d7bba6309792b5 av_one_full  avia-builder-el-13  el_after_av_one_full  avia-builder-el-last  first flex_column_div av-zero-column-padding column-top-margin'   ><section class=\"av_textblock_section \"  itemscope=\"itemscope\" itemtype=\"https:\/\/schema.org\/CreativeWork\" ><div class='avia_textblock  '   itemprop=\"text\" ><input type=\"button\" value=\"Volver\" class=\"alg_back_button_input \" style=\"\" onclick=\"window.history.back()\" \/>\n<\/div><\/section><\/div><\/p>\n","protected":false},"excerpt":{"rendered":"","protected":false},"author":2,"featured_media":0,"parent":0,"menu_order":0,"comment_status":"closed","ping_status":"closed","template":"","meta":{"footnotes":""},"class_list":["post-187910","page","type-page","status-publish","hentry"],"_links":{"self":[{"href":"https:\/\/hikitec.de\/es\/wp-json\/wp\/v2\/pages\/187910","targetHints":{"allow":["GET"]}}],"collection":[{"href":"https:\/\/hikitec.de\/es\/wp-json\/wp\/v2\/pages"}],"about":[{"href":"https:\/\/hikitec.de\/es\/wp-json\/wp\/v2\/types\/page"}],"author":[{"embeddable":true,"href":"https:\/\/hikitec.de\/es\/wp-json\/wp\/v2\/users\/2"}],"replies":[{"embeddable":true,"href":"https:\/\/hikitec.de\/es\/wp-json\/wp\/v2\/comments?post=187910"}],"version-history":[{"count":5,"href":"https:\/\/hikitec.de\/es\/wp-json\/wp\/v2\/pages\/187910\/revisions"}],"predecessor-version":[{"id":187920,"href":"https:\/\/hikitec.de\/es\/wp-json\/wp\/v2\/pages\/187910\/revisions\/187920"}],"wp:attachment":[{"href":"https:\/\/hikitec.de\/es\/wp-json\/wp\/v2\/media?parent=187910"}],"curies":[{"name":"wp","href":"https:\/\/api.w.org\/{rel}","templated":true}]}}