{"id":27623,"date":"2021-03-23T14:50:44","date_gmt":"2021-03-23T13:50:44","guid":{"rendered":"https:\/\/hikitec.de\/pida\/"},"modified":"2021-03-23T15:37:44","modified_gmt":"2021-03-23T14:37:44","slug":"pida","status":"publish","type":"page","link":"https:\/\/hikitec.de\/es\/pida\/","title":{"rendered":"Pida"},"content":{"rendered":"<section class=\"av_textblock_section \"  itemscope=\"itemscope\" itemtype=\"https:\/\/schema.org\/CreativeWork\" ><div class='avia_textblock  '   itemprop=\"text\" ><p><strong>\u00bfC\u00f3mo puedo hacer un pedido a HIKITEC?<\/strong><\/p>\n<\/div><\/section>\n<section class=\"av_textblock_section \"  itemscope=\"itemscope\" itemtype=\"https:\/\/schema.org\/CreativeWork\" ><div class='avia_textblock  '   itemprop=\"text\" ><p>Como quieras.<\/p>\n<p>La forma m\u00e1s f\u00e1cil es a trav\u00e9s del correo electr\u00f3nico: S\u00f3lo tiene que seleccionar sus art\u00edculos, especificar la cantidad y las opciones de impresi\u00f3n deseadas y hacer el pedido.<\/p>\n<p>Por favor, preste atenci\u00f3n a las cantidades m\u00ednimas de pedido indicadas (excepto para los pedidos de muestras).<\/p>\n<p>Por supuesto, tambi\u00e9n puede hacer su pedido por correo electr\u00f3nico, fax o correo postal.<\/p>\n<\/div><\/section>\n<section class=\"av_textblock_section \"  itemscope=\"itemscope\" itemtype=\"https:\/\/schema.org\/CreativeWork\" ><div class='avia_textblock  '   itemprop=\"text\" ><input type=\"button\" value=\"Volver\" class=\"alg_back_button_input \" style=\"\" onclick=\"window.history.back()\" \/>\n<\/div><\/section>\n","protected":false},"excerpt":{"rendered":"","protected":false},"author":2,"featured_media":0,"parent":0,"menu_order":0,"comment_status":"closed","ping_status":"closed","template":"","meta":{"footnotes":""},"class_list":["post-27623","page","type-page","status-publish","hentry"],"_links":{"self":[{"href":"https:\/\/hikitec.de\/es\/wp-json\/wp\/v2\/pages\/27623","targetHints":{"allow":["GET"]}}],"collection":[{"href":"https:\/\/hikitec.de\/es\/wp-json\/wp\/v2\/pages"}],"about":[{"href":"https:\/\/hikitec.de\/es\/wp-json\/wp\/v2\/types\/page"}],"author":[{"embeddable":true,"href":"https:\/\/hikitec.de\/es\/wp-json\/wp\/v2\/users\/2"}],"replies":[{"embeddable":true,"href":"https:\/\/hikitec.de\/es\/wp-json\/wp\/v2\/comments?post=27623"}],"version-history":[{"count":4,"href":"https:\/\/hikitec.de\/es\/wp-json\/wp\/v2\/pages\/27623\/revisions"}],"predecessor-version":[{"id":27707,"href":"https:\/\/hikitec.de\/es\/wp-json\/wp\/v2\/pages\/27623\/revisions\/27707"}],"wp:attachment":[{"href":"https:\/\/hikitec.de\/es\/wp-json\/wp\/v2\/media?parent=27623"}],"curies":[{"name":"wp","href":"https:\/\/api.w.org\/{rel}","templated":true}]}}