{"id":27787,"date":"2021-03-24T15:57:00","date_gmt":"2021-03-24T14:57:00","guid":{"rendered":"https:\/\/hikitec.de\/proceso-de-impresion-cmyk-tamano-de-los-datos-y-sangrado-correcto\/"},"modified":"2021-03-24T15:57:00","modified_gmt":"2021-03-24T14:57:00","slug":"proceso-de-impresion-cmyk-tamano-de-los-datos-y-sangrado-correcto","status":"publish","type":"page","link":"https:\/\/hikitec.de\/es\/proceso-de-impresion-cmyk-tamano-de-los-datos-y-sangrado-correcto\/","title":{"rendered":"Proceso de impresi\u00f3n CMYK &#8211; tama\u00f1o de los datos y sangrado correcto"},"content":{"rendered":"<section class=\"av_textblock_section \"  itemscope=\"itemscope\" itemtype=\"https:\/\/schema.org\/CreativeWork\" ><div class='avia_textblock  '   itemprop=\"text\" ><p><strong>Tenga en cuenta el proceso de impresi\u00f3n CMYK en cuanto a formatos, colores, tama\u00f1o de los datos, resoluci\u00f3n y sangrado:<\/strong><\/p>\n<p><strong>Tama\u00f1o de los datos \/ resoluci\u00f3n<\/strong><br \/>\nRequerimos los datos de impresi\u00f3n en una resoluci\u00f3n de al menos 300 dpi para datos de p\u00edxeles como JPG, bitmap, tiff incluyendo un sangrado de <strong>3<\/strong> mm por lado sin marcas de sangrado.<br \/>\nTambi\u00e9n puede proporcionar datos vectoriales escalables como EPS, PDF, CDR &#8230;. Si estos archivos contienen fuentes, deben estar incrustadas. Si este archivo contiene datos de p\u00edxeles incrustados, \u00e9stos tambi\u00e9n requieren una resoluci\u00f3n m\u00ednima de 300 ppp.<\/p>\n<p><strong>Impresi\u00f3n digital (C M Y K):<\/strong><br \/>\nLos datos de impresi\u00f3n en CMYK requieren 300 ppp y el tama\u00f1o original del \u00e1rea a imprimir. Podemos escalar el archivo de impresi\u00f3n para usted, pero puede haber alguna p\u00e9rdida de calidad. Tenga en cuenta que el color blanco no se puede imprimir con la impresi\u00f3n digital est\u00e1ndar. Las \u00e1reas blancas no se imprimen en el resultado de la impresi\u00f3n (transparente). Por lo tanto, el material del sustrato es visible all\u00ed. Para imprimir el blanco como quinto color mixto, utilice la impresi\u00f3n digital UV.<\/p>\n<p><strong>Impresi\u00f3n digital HD (C M Y K):<br \/>\n<\/strong> Para datos de impresi\u00f3n muy detallados recomendamos elegir la impresi\u00f3n digital HD. Aqu\u00ed se imprimen m\u00e1s puntos en la misma \u00e1rea de impresi\u00f3n.<\/p>\n<p><strong>Impresi\u00f3n digital UV ( W + C M Y K )<\/strong><br \/>\nLa principal diferencia con la impresi\u00f3n digital convencional es que la tinta no penetra completamente en el material, sino que se sit\u00faa encima del material de impresi\u00f3n. Esto permite imprimir en casi todos los materiales. La pintura se cura con luz ultravioleta. El color blanco tambi\u00e9n es posible como quinto color mixto en este proceso de impresi\u00f3n.<\/p>\n<p><strong>Necesitamos sus datos de impresi\u00f3n en formato PDF, Tiff o JPG.<\/strong><br \/>\nEl modo de color CMYK debe estar configurado &#8211; este modo de color es un requisito b\u00e1sico para la impresi\u00f3n moderna en cuatricrom\u00eda. CMYK significa los colores b\u00e1sicos cian, magenta, amarillo y negro. Una imagen en color se divide en los cuatro colores de impresi\u00f3n con la ayuda de puntos de semitono. El valor tonal est\u00e1 influenciado por el tama\u00f1o de los puntos de semitono: los puntos peque\u00f1os producen un tono claro y los grandes un tono oscuro. Consejo: Para el negro s\u00f3lido, recomendamos el 100% de negro y el 45% de cian.<\/p>\n<p><strong>PDF<\/strong><br \/>\nSe ha convertido en la norma mundial para el intercambio de datos y es independiente de la plataforma. Para garantizar un flujo de trabajo fluido, utilice el est\u00e1ndar PDF\/X 1a 2001.<\/p>\n<p><strong>Tiff<\/strong><br \/>\nPara los tiffs, elija la compresi\u00f3n LZW para obtener la m\u00e1xima calidad de salida.<\/p>\n<p><strong>JPG<\/strong><br \/>\nGuarda los archivos JPG con el m\u00e1ximo nivel de calidad.<\/p>\n<p><strong>Creaci\u00f3n del sangrado correcto para la impresi\u00f3n de \u00e1rea completa :<\/strong><br \/>\nPor favor, utilice un sangrado de 3 mm para todo el material impreso. Necesitamos el sangrado para compensar las tolerancias de impresi\u00f3n en la producci\u00f3n de la imprenta.<\/p>\n<p><strong>La distancia correcta de todos los objetos importantes al borde<\/strong><br \/>\nRecomendamos una distancia media de 3-5 mm del borde para todos los objetos y fuentes importantes.<\/p>\n<p><strong>NOTA:<br \/>\n<\/strong> Tenga en cuenta que los datos de impresi\u00f3n creados de forma incorrecta pueden provocar p\u00e9rdidas de calidad.<\/p>\n<\/div><\/section>\n<section class=\"av_textblock_section \"  itemscope=\"itemscope\" itemtype=\"https:\/\/schema.org\/CreativeWork\" ><div class='avia_textblock  '   itemprop=\"text\" ><input type=\"button\" value=\"Volver\" class=\"alg_back_button_input \" style=\"\" onclick=\"window.history.back()\" \/>\n<\/div><\/section>\n","protected":false},"excerpt":{"rendered":"","protected":false},"author":2,"featured_media":0,"parent":0,"menu_order":0,"comment_status":"closed","ping_status":"closed","template":"","meta":{"footnotes":""},"class_list":["post-27787","page","type-page","status-publish","hentry"],"_links":{"self":[{"href":"https:\/\/hikitec.de\/es\/wp-json\/wp\/v2\/pages\/27787","targetHints":{"allow":["GET"]}}],"collection":[{"href":"https:\/\/hikitec.de\/es\/wp-json\/wp\/v2\/pages"}],"about":[{"href":"https:\/\/hikitec.de\/es\/wp-json\/wp\/v2\/types\/page"}],"author":[{"embeddable":true,"href":"https:\/\/hikitec.de\/es\/wp-json\/wp\/v2\/users\/2"}],"replies":[{"embeddable":true,"href":"https:\/\/hikitec.de\/es\/wp-json\/wp\/v2\/comments?post=27787"}],"version-history":[{"count":2,"href":"https:\/\/hikitec.de\/es\/wp-json\/wp\/v2\/pages\/27787\/revisions"}],"predecessor-version":[{"id":27789,"href":"https:\/\/hikitec.de\/es\/wp-json\/wp\/v2\/pages\/27787\/revisions\/27789"}],"wp:attachment":[{"href":"https:\/\/hikitec.de\/es\/wp-json\/wp\/v2\/media?parent=27787"}],"curies":[{"name":"wp","href":"https:\/\/api.w.org\/{rel}","templated":true}]}}