{"id":286895,"date":"2021-06-10T16:38:09","date_gmt":"2021-06-10T14:38:09","guid":{"rendered":"https:\/\/hikitec.de\/condiciones-de-pago\/"},"modified":"2021-06-10T16:38:11","modified_gmt":"2021-06-10T14:38:11","slug":"condiciones-de-pago","status":"publish","type":"page","link":"https:\/\/hikitec.de\/es\/condiciones-de-pago\/","title":{"rendered":"Condiciones de pago"},"content":{"rendered":"<section class=\"av_textblock_section \"  itemscope=\"itemscope\" itemtype=\"https:\/\/schema.org\/CreativeWork\" ><div class='avia_textblock  '   itemprop=\"text\" ><p><strong>\u00bfQu\u00e9 m\u00e9todos de pago est\u00e1n disponibles?<\/strong><\/p>\n<\/div><\/section>\n<section class=\"av_textblock_section \"  itemscope=\"itemscope\" itemtype=\"https:\/\/schema.org\/CreativeWork\" ><div class='avia_textblock  '   itemprop=\"text\" ><p><strong>efectivo por adelantado<\/strong><\/p>\n<p>Usted elige la forma de pago \u00abPrepago\u00bb dentro del proceso de pedido. Consulte la factura de prepago que se le ha enviado por correo electr\u00f3nico para conocer el importe de la factura de prepago que debe pagar. En la factura de prepago encontrar\u00e1 un plazo de pago. Para nosotros es muy importante que los cumpla para que podamos producir su mercanc\u00eda a tiempo y no se retrase la fecha de entrega. Hasta que no se reciba el importe en una de nuestras cuentas, no se iniciar\u00e1 la producci\u00f3n de su mercanc\u00eda.<\/p>\n<p>Por favor, transfiera el importe de la factura de prepago, indicando el n\u00famero de factura, a<\/p>\n<p>Beneficiario: HIKITEC GmbH<br \/>\nBank: Stadtsparkasse D\u00fcsseldorf<br \/>\nIBAN: DE96 3005 0110 1007 6369 11<br \/>\nBIC: DUSSDEDDXXX<\/p>\n<p><strong>Pago a cuenta* tras la comprobaci\u00f3n del cr\u00e9dito<br \/>\n<\/strong><\/p>\n<p>Pida convenientemente a cuenta y pague el importe de la factura despu\u00e9s de recibir la mercanc\u00eda. Consulte la factura que se le env\u00eda despu\u00e9s de la entrega para conocer el importe de la factura que debe pagar. Le enviaremos la factura por correo electr\u00f3nico.<\/p>\n<p>Por favor, transfiera el importe con el n\u00famero de factura a:<\/p>\n<p>Beneficiario: HIKITEC GmbH<br \/>\nBank: Stadtsparkasse D\u00fcsseldorf<br \/>\nIBAN: DE96 3005 0110 1007 6369 11<br \/>\nBIC: DUSSDEDDXXX<\/p>\n<p>*Toda la mercanc\u00eda entregada es propiedad de la empresa HIKITEC GmbH hasta que se hayan satisfecho todas nuestras reclamaciones.<\/p>\n<p>Si se retrasa en el pago, le cobraremos tasas de recordatorio e intereses.<\/p>\n<\/div><\/section>\n<section class=\"av_textblock_section \"  itemscope=\"itemscope\" itemtype=\"https:\/\/schema.org\/CreativeWork\" ><div class='avia_textblock  '   itemprop=\"text\" ><input type=\"button\" value=\"Volver\" class=\"alg_back_button_input \" style=\"\" onclick=\"window.history.back()\" \/>\n<\/div><\/section>\n","protected":false},"excerpt":{"rendered":"","protected":false},"author":2,"featured_media":0,"parent":0,"menu_order":0,"comment_status":"closed","ping_status":"closed","template":"","meta":{"footnotes":""},"class_list":["post-286895","page","type-page","status-publish","hentry"],"_links":{"self":[{"href":"https:\/\/hikitec.de\/es\/wp-json\/wp\/v2\/pages\/286895","targetHints":{"allow":["GET"]}}],"collection":[{"href":"https:\/\/hikitec.de\/es\/wp-json\/wp\/v2\/pages"}],"about":[{"href":"https:\/\/hikitec.de\/es\/wp-json\/wp\/v2\/types\/page"}],"author":[{"embeddable":true,"href":"https:\/\/hikitec.de\/es\/wp-json\/wp\/v2\/users\/2"}],"replies":[{"embeddable":true,"href":"https:\/\/hikitec.de\/es\/wp-json\/wp\/v2\/comments?post=286895"}],"version-history":[{"count":5,"href":"https:\/\/hikitec.de\/es\/wp-json\/wp\/v2\/pages\/286895\/revisions"}],"predecessor-version":[{"id":286900,"href":"https:\/\/hikitec.de\/es\/wp-json\/wp\/v2\/pages\/286895\/revisions\/286900"}],"wp:attachment":[{"href":"https:\/\/hikitec.de\/es\/wp-json\/wp\/v2\/media?parent=286895"}],"curies":[{"name":"wp","href":"https:\/\/api.w.org\/{rel}","templated":true}]}}