{"id":33735,"date":"2021-03-29T13:20:58","date_gmt":"2021-03-29T11:20:58","guid":{"rendered":"https:\/\/hikitec.de\/garantia\/"},"modified":"2021-03-29T13:20:58","modified_gmt":"2021-03-29T11:20:58","slug":"garantia","status":"publish","type":"page","link":"https:\/\/hikitec.de\/es\/garantia\/","title":{"rendered":"Garant\u00eda"},"content":{"rendered":"<section class=\"av_textblock_section \"  itemscope=\"itemscope\" itemtype=\"https:\/\/schema.org\/CreativeWork\" ><div class='avia_textblock  '   itemprop=\"text\" ><p><strong>\u00bfCu\u00e1l es la garant\u00eda?<\/strong><\/p>\n<\/div><\/section>\n<section class=\"av_textblock_section \"  itemscope=\"itemscope\" itemtype=\"https:\/\/schema.org\/CreativeWork\" ><div class='avia_textblock  '   itemprop=\"text\" ><p><strong>\u00bfQu\u00e9 duraci\u00f3n tiene la garant\u00eda?<\/strong><\/p>\n<p>La garant\u00eda es de 10 a\u00f1os para las memorias USB y de 2 a\u00f1os para todos los dem\u00e1s productos y es v\u00e1lida a partir de la fecha de emisi\u00f3n de la factura.<\/p>\n<p><strong>\u00bfQu\u00e9 cubre la garant\u00eda?<\/strong><\/p>\n<p>La garant\u00eda no cubre los da\u00f1os causados por la reparaci\u00f3n o la sustituci\u00f3n de componentes, el uso indebido, los accidentes, las modificaciones del producto, el entorno de funcionamiento inadecuado o el mantenimiento incorrecto. Los fallos o el funcionamiento incorrecto quedan excluidos de la garant\u00eda cuando los productos se utilizan junto con hardware profesional o personalizado o se emplean en cualquier aplicaci\u00f3n que no sea el almacenamiento general de datos no cr\u00edticos.<\/p>\n<p><strong>\u00bfExiste una garant\u00eda en todos los productos ofrecidos?<\/strong><\/p>\n<p>Todos los productos ofrecidos est\u00e1n garantizados sin da\u00f1os ni defectos de funcionamiento.<\/p>\n<p><strong>\u00bfEn qu\u00e9 circunstancias expira la garant\u00eda?<\/strong><\/p>\n<p>Se requiere una prueba de compra o la fecha de env\u00edo para verificar el per\u00edodo de garant\u00eda. La garant\u00eda queda anulada si el producto se altera, se utiliza de forma inadecuada, se inutiliza por un reformateo incorrecto, se da\u00f1a por accidente o negligencia, o si el usuario instala o sustituye las piezas de forma incorrecta.<\/p>\n<\/div><\/section>\n<section class=\"av_textblock_section \"  itemscope=\"itemscope\" itemtype=\"https:\/\/schema.org\/CreativeWork\" ><div class='avia_textblock  '   itemprop=\"text\" ><input type=\"button\" value=\"Volver\" class=\"alg_back_button_input \" style=\"\" onclick=\"window.history.back()\" \/>\n<\/div><\/section>\n","protected":false},"excerpt":{"rendered":"","protected":false},"author":2,"featured_media":0,"parent":0,"menu_order":0,"comment_status":"closed","ping_status":"closed","template":"","meta":{"footnotes":""},"class_list":["post-33735","page","type-page","status-publish","hentry"],"_links":{"self":[{"href":"https:\/\/hikitec.de\/es\/wp-json\/wp\/v2\/pages\/33735","targetHints":{"allow":["GET"]}}],"collection":[{"href":"https:\/\/hikitec.de\/es\/wp-json\/wp\/v2\/pages"}],"about":[{"href":"https:\/\/hikitec.de\/es\/wp-json\/wp\/v2\/types\/page"}],"author":[{"embeddable":true,"href":"https:\/\/hikitec.de\/es\/wp-json\/wp\/v2\/users\/2"}],"replies":[{"embeddable":true,"href":"https:\/\/hikitec.de\/es\/wp-json\/wp\/v2\/comments?post=33735"}],"version-history":[{"count":2,"href":"https:\/\/hikitec.de\/es\/wp-json\/wp\/v2\/pages\/33735\/revisions"}],"predecessor-version":[{"id":33737,"href":"https:\/\/hikitec.de\/es\/wp-json\/wp\/v2\/pages\/33735\/revisions\/33737"}],"wp:attachment":[{"href":"https:\/\/hikitec.de\/es\/wp-json\/wp\/v2\/media?parent=33735"}],"curies":[{"name":"wp","href":"https:\/\/api.w.org\/{rel}","templated":true}]}}