{"id":383646,"date":"2021-06-25T12:10:08","date_gmt":"2021-06-25T10:10:08","guid":{"rendered":"https:\/\/hikitec.de\/gastos-de-envio-y-plazo-de-entrega\/"},"modified":"2021-06-25T12:10:11","modified_gmt":"2021-06-25T10:10:11","slug":"gastos-de-envio-y-plazo-de-entrega","status":"publish","type":"page","link":"https:\/\/hikitec.de\/es\/gastos-de-envio-y-plazo-de-entrega\/","title":{"rendered":"Gastos de env\u00edo y plazo de entrega"},"content":{"rendered":"<p><strong>Env\u00edo dentro de Alemania<\/strong><\/p>\n<p>El env\u00edo dentro de Alemania se realiza a trav\u00e9s del servicio de paqueter\u00eda encargado por nosotros.<\/p>\n<p>Cobramos los gastos de transporte seg\u00fan el gasto \/ n\u00famero de piezas m\u00e1s el seguro de transporte.<\/p>\n<p>Realizamos la entrega directamente en la direcci\u00f3n de su empresa o de forma neutral en una direcci\u00f3n de entrega de su elecci\u00f3n con un albar\u00e1n proporcionado por usted.<\/p>\n<p>Para la entrega de la mercanc\u00eda necesitamos una direcci\u00f3n postal en la que usted o su cliente puedan encontrarse realmente y en la que puedan recibir personalmente la mercanc\u00eda. Esta es la \u00fanica manera de garantizar la entrega. Lamentablemente, no es posible la entrega en estaciones de embalaje. La entrega directa en la feria debe acordarse de antemano y s\u00f3lo es posible de forma limitada; pueden producirse costes adicionales.<\/p>\n<p>Dado que las entregas m\u00faltiples por parte del proveedor de servicios de env\u00edo pueden suponer costes adicionales, instamos a nuestros clientes a que se aseguren de estar preparados para recibir la entrega. Para su informaci\u00f3n, recibir\u00e1 un n\u00famero de seguimiento de nuestra parte al mismo tiempo que se env\u00eda la mercanc\u00eda, desde el que podr\u00e1 seguir el estado de la entrega respectiva y la fecha de entrega prevista.<\/p>\n<p>&nbsp;<\/p>\n<p><strong>Caracter\u00edsticas especiales para el env\u00edo dentro de la UE<\/strong><\/p>\n<p>Dentro de la UE, nuestros productos tambi\u00e9n se env\u00edan por el servicio de entrega UPS. Los costes de transporte dependen de la zona tarifaria de UPS del pa\u00eds de entrega correspondiente y suelen ser m\u00e1s elevados que los del env\u00edo dentro de Alemania. Aqu\u00ed calculamos los costes en funci\u00f3n del gasto \/ n\u00famero de piezas m\u00e1s un seguro de transporte.<\/p>\n<p>Por lo dem\u00e1s, se aplican las mismas condiciones para la entrega de la mercanc\u00eda que para el env\u00edo dentro de Alemania.<\/p>\n<p><strong> <\/strong><\/p>\n<p><strong>Entrega en Suiza y otros pa\u00edses fuera de la UE<\/strong><\/p>\n<p>Tambi\u00e9n realizamos env\u00edos a Suiza y, si es necesario, a otros pa\u00edses de entrega fuera de la UE. Hay que tener en cuenta algunas caracter\u00edsticas especiales. Los gastos de env\u00edo suelen ser m\u00e1s elevados, debido a las tasas separadas y a un mayor esfuerzo para la gesti\u00f3n del env\u00edo. Para el env\u00edo de mercanc\u00edas a estos pa\u00edses necesitamos una factura proforma de nuestros clientes. Se aplica que el exportador debe preparar siempre una declaraci\u00f3n de exportaci\u00f3n para las mercanc\u00edas con un valor de 1.000 euros o un peso de 1.000 kilogramos o m\u00e1s.<\/p>\n<p>&nbsp;<\/p>\n<p><strong>Entrega como env\u00edo neutral directamente a sus clientes<\/strong><\/p>\n<p>Con mucho gusto nos hacemos cargo del env\u00edo de la mercanc\u00eda directamente y de forma neutral a su cliente con su albar\u00e1n y en su nombre. Lo \u00fanico que necesitamos de usted es la direcci\u00f3n de env\u00edo y su albar\u00e1n en forma de archivo pdf. El env\u00edo directo ahorra tiempo y costes, ya que no se necesitan rutas de transporte adicionales y la mercanc\u00eda llega m\u00e1s r\u00e1pidamente a su cliente. Otro efecto secundario positivo es que se reducen las emisiones de CO<sub>2<\/sub>, con lo que contribuimos a nuestro medio ambiente. Una nota m\u00e1s: no se incluyen folletos promocionales con la mercanc\u00eda cuando se env\u00eda.<\/p>\n<p>&nbsp;<\/p>\n<p><strong>Env\u00edo urgente<\/strong><\/p>\n<p>Si necesita la mercanc\u00eda con un tiempo de env\u00edo acelerado, tambi\u00e9n podemos ofrecerle el env\u00edo expr\u00e9s si lo solicita. Los precios dependen del peso del paquete, del plazo de entrega deseado y del lugar de entrega. Para ello, p\u00f3ngase en contacto con nosotros directamente.<\/p>\n<p>&nbsp;<\/p>\n<p><strong>Plazos de entrega<\/strong><\/p>\n<p>Nuestro plazo de entrega est\u00e1ndar para los productos est\u00e1ndar es de aproximadamente 10 d\u00edas laborables tras la aclaraci\u00f3n del pedido desde el almac\u00e9n de Alemania, es decir, tras la aclaraci\u00f3n de todos los requisitos previos necesarios para la producci\u00f3n, como la aprobaci\u00f3n de la impresi\u00f3n. El plazo de entrega depende del producto, para ciertos productos como memorias USB concretas o powerbanks puede haber plazos de entrega m\u00e1s largos. Por lo tanto, le pedimos que se informe a tiempo sobre el plazo de entrega del producto que desea.<\/p>\n<p>Debido a la actual pandemia de Corona, actualmente puede haber retrasos en la entrega de hasta 10 d\u00edas h\u00e1biles aproximadamente.<\/p>\n<p>Por favor, tenga en cuenta para el env\u00edo que los procesos aduaneros posiblemente conectados, as\u00ed como los d\u00edas festivos, deben ser considerados temporalmente de forma adicional. Esto se aplica en particular a las entregas en el extranjero.<\/p>\n<p>Lamentablemente, no podemos aceptar ninguna responsabilidad por los retrasos en el tiempo de tr\u00e1nsito debidos a la culpa del proveedor de servicios de env\u00edo o a causas de fuerza mayor.<\/p>\n<p>Hacemos todo lo posible para enviar siempre la mercanc\u00eda a tiempo y as\u00ed hacer que el plazo de entrega sea lo m\u00e1s corto posible.<\/p>\n","protected":false},"excerpt":{"rendered":"<p>Env\u00edo dentro de Alemania El env\u00edo dentro de Alemania se realiza a trav\u00e9s del servicio de paqueter\u00eda encargado por nosotros. Cobramos los gastos de transporte seg\u00fan el gasto \/ n\u00famero de piezas m\u00e1s el seguro de transporte. Realizamos la entrega directamente en la direcci\u00f3n de su empresa o de forma neutral en una direcci\u00f3n de [&hellip;]<\/p>\n","protected":false},"author":2,"featured_media":0,"parent":0,"menu_order":0,"comment_status":"closed","ping_status":"closed","template":"","meta":{"footnotes":""},"class_list":["post-383646","page","type-page","status-publish","hentry"],"_links":{"self":[{"href":"https:\/\/hikitec.de\/es\/wp-json\/wp\/v2\/pages\/383646","targetHints":{"allow":["GET"]}}],"collection":[{"href":"https:\/\/hikitec.de\/es\/wp-json\/wp\/v2\/pages"}],"about":[{"href":"https:\/\/hikitec.de\/es\/wp-json\/wp\/v2\/types\/page"}],"author":[{"embeddable":true,"href":"https:\/\/hikitec.de\/es\/wp-json\/wp\/v2\/users\/2"}],"replies":[{"embeddable":true,"href":"https:\/\/hikitec.de\/es\/wp-json\/wp\/v2\/comments?post=383646"}],"version-history":[{"count":1,"href":"https:\/\/hikitec.de\/es\/wp-json\/wp\/v2\/pages\/383646\/revisions"}],"predecessor-version":[{"id":383647,"href":"https:\/\/hikitec.de\/es\/wp-json\/wp\/v2\/pages\/383646\/revisions\/383647"}],"wp:attachment":[{"href":"https:\/\/hikitec.de\/es\/wp-json\/wp\/v2\/media?parent=383646"}],"curies":[{"name":"wp","href":"https:\/\/api.w.org\/{rel}","templated":true}]}}