{"id":383837,"date":"2021-06-30T14:19:59","date_gmt":"2021-06-30T12:19:59","guid":{"rendered":"https:\/\/hikitec.de\/vista-previa\/"},"modified":"2021-06-30T14:20:02","modified_gmt":"2021-06-30T12:20:02","slug":"vista-previa","status":"publish","type":"page","link":"https:\/\/hikitec.de\/es\/vista-previa\/","title":{"rendered":"Vista previa"},"content":{"rendered":"<section class=\"av_textblock_section \"  itemscope=\"itemscope\" itemtype=\"https:\/\/schema.org\/CreativeWork\" ><div class='avia_textblock  '   itemprop=\"text\" ><p><strong>\u00bfQu\u00e9 aspecto tendr\u00e1 mi logotipo en el producto promocional? \u00bfHay una vista previa?<\/strong><\/p>\n<\/div><\/section>\n<section class=\"av_textblock_section \"  itemscope=\"itemscope\" itemtype=\"https:\/\/schema.org\/CreativeWork\" ><div class='avia_textblock  '   itemprop=\"text\" ><p>En el caso de un pedido o a petici\u00f3n como parte de un presupuesto, le enviaremos gratuitamente una vista previa de impresi\u00f3n virtual (boceto del stand) para su art\u00edculo promocional con su logotipo o imagen.<br \/>\nS\u00f3lo tiene que enviarnos el motivo que desea por correo electr\u00f3nico a anfrage@hikitec.de. A continuaci\u00f3n, colocaremos el motivo en su art\u00edculo promocional y le enviaremos un boceto del soporte.<br \/>\ninmediatamente.<\/p>\n<\/div><\/section>\n<section class=\"av_textblock_section \"  itemscope=\"itemscope\" itemtype=\"https:\/\/schema.org\/CreativeWork\" ><div class='avia_textblock  '   itemprop=\"text\" ><input type=\"button\" value=\"Volver\" class=\"alg_back_button_input \" style=\"\" onclick=\"window.history.back()\" \/>\n<\/div><\/section>\n","protected":false},"excerpt":{"rendered":"","protected":false},"author":2,"featured_media":0,"parent":0,"menu_order":0,"comment_status":"closed","ping_status":"closed","template":"","meta":{"footnotes":""},"class_list":["post-383837","page","type-page","status-publish","hentry"],"_links":{"self":[{"href":"https:\/\/hikitec.de\/es\/wp-json\/wp\/v2\/pages\/383837","targetHints":{"allow":["GET"]}}],"collection":[{"href":"https:\/\/hikitec.de\/es\/wp-json\/wp\/v2\/pages"}],"about":[{"href":"https:\/\/hikitec.de\/es\/wp-json\/wp\/v2\/types\/page"}],"author":[{"embeddable":true,"href":"https:\/\/hikitec.de\/es\/wp-json\/wp\/v2\/users\/2"}],"replies":[{"embeddable":true,"href":"https:\/\/hikitec.de\/es\/wp-json\/wp\/v2\/comments?post=383837"}],"version-history":[{"count":5,"href":"https:\/\/hikitec.de\/es\/wp-json\/wp\/v2\/pages\/383837\/revisions"}],"predecessor-version":[{"id":383842,"href":"https:\/\/hikitec.de\/es\/wp-json\/wp\/v2\/pages\/383837\/revisions\/383842"}],"wp:attachment":[{"href":"https:\/\/hikitec.de\/es\/wp-json\/wp\/v2\/media?parent=383837"}],"curies":[{"name":"wp","href":"https:\/\/api.w.org\/{rel}","templated":true}]}}