{"id":43818,"date":"2021-03-29T15:19:46","date_gmt":"2021-03-29T13:19:46","guid":{"rendered":"https:\/\/hikitec.de\/datos-imprimibles\/"},"modified":"2021-03-29T15:19:46","modified_gmt":"2021-03-29T13:19:46","slug":"datos-imprimibles","status":"publish","type":"page","link":"https:\/\/hikitec.de\/es\/datos-imprimibles\/","title":{"rendered":"datos imprimibles"},"content":{"rendered":"<section class=\"av_textblock_section \"  itemscope=\"itemscope\" itemtype=\"https:\/\/schema.org\/CreativeWork\" ><div class='avia_textblock  '   itemprop=\"text\" ><p><strong>\u00bfPodemos ayudarle si no tiene datos imprimibles?<\/strong><\/p>\n<\/div><\/section>\n<section class=\"av_textblock_section \"  itemscope=\"itemscope\" itemtype=\"https:\/\/schema.org\/CreativeWork\" ><div class='avia_textblock  '   itemprop=\"text\" ><p>S\u00ed. Estamos encantados de ofrecer este servicio. Env\u00edenos su logotipo y lo vectorizaremos por una tarifa.<\/p>\n<p>Vectorizaci\u00f3n con la ayuda de una herramienta online &#8211; Esta es la opci\u00f3n m\u00e1s sencilla.<\/p>\n<p><strong>Atenci\u00f3n:<\/strong> las herramientas de vectorizaci\u00f3n en l\u00ednea s\u00f3lo pueden utilizarse para grabados l\u00e1ser y serigraf\u00edas y tamp\u00f3n de un solo color.<\/p>\n<p>Recuerde especificar los n\u00fameros de color en el programa de maquetaci\u00f3n. En nuestras pruebas, el servicio gratuito \u00ab<a href=\"https:\/\/www.vectorization.org\/\">Vectorization.org<\/a>\u00bb ha obtenido resultados relativamente buenos<\/p>\n<p>Rastreo manual con programas fuera de l\u00ednea. Si no est\u00e1 satisfecho con el resultado de la herramienta de vectorizaci\u00f3n en l\u00ednea, tambi\u00e9n puede trazar gr\u00e1ficos de p\u00edxeles con programas vectoriales como Adobe Illustrator o Inkscape.<\/p>\n<p>Puesta en marcha de una agencia especial de vectores. Como alternativa, puede tener sentido contratar a una agencia profesional para que realice la vectorizaci\u00f3n. Esto es especialmente cierto en el caso de los gr\u00e1ficos de dos o varios colores o los que se utilizan con frecuencia, como los logotipos.<\/p>\n<\/div><\/section>\n<section class=\"av_textblock_section \"  itemscope=\"itemscope\" itemtype=\"https:\/\/schema.org\/CreativeWork\" ><div class='avia_textblock  '   itemprop=\"text\" ><input type=\"button\" value=\"Volver\" class=\"alg_back_button_input \" style=\"\" onclick=\"window.history.back()\" \/>\n<\/div><\/section>\n","protected":false},"excerpt":{"rendered":"","protected":false},"author":2,"featured_media":0,"parent":0,"menu_order":0,"comment_status":"closed","ping_status":"closed","template":"","meta":{"footnotes":""},"class_list":["post-43818","page","type-page","status-publish","hentry"],"_links":{"self":[{"href":"https:\/\/hikitec.de\/es\/wp-json\/wp\/v2\/pages\/43818","targetHints":{"allow":["GET"]}}],"collection":[{"href":"https:\/\/hikitec.de\/es\/wp-json\/wp\/v2\/pages"}],"about":[{"href":"https:\/\/hikitec.de\/es\/wp-json\/wp\/v2\/types\/page"}],"author":[{"embeddable":true,"href":"https:\/\/hikitec.de\/es\/wp-json\/wp\/v2\/users\/2"}],"replies":[{"embeddable":true,"href":"https:\/\/hikitec.de\/es\/wp-json\/wp\/v2\/comments?post=43818"}],"version-history":[{"count":2,"href":"https:\/\/hikitec.de\/es\/wp-json\/wp\/v2\/pages\/43818\/revisions"}],"predecessor-version":[{"id":43820,"href":"https:\/\/hikitec.de\/es\/wp-json\/wp\/v2\/pages\/43818\/revisions\/43820"}],"wp:attachment":[{"href":"https:\/\/hikitec.de\/es\/wp-json\/wp\/v2\/media?parent=43818"}],"curies":[{"name":"wp","href":"https:\/\/api.w.org\/{rel}","templated":true}]}}