{"id":56561,"date":"2021-03-30T14:06:28","date_gmt":"2021-03-30T12:06:28","guid":{"rendered":"https:\/\/hikitec.de\/registro-de-datos\/"},"modified":"2021-03-30T14:06:31","modified_gmt":"2021-03-30T12:06:31","slug":"registro-de-datos","status":"publish","type":"page","link":"https:\/\/hikitec.de\/es\/registro-de-datos\/","title":{"rendered":"Registro de datos"},"content":{"rendered":"\n<style type=\"text\/css\" id=\"style-css-av-1duggy-4f1643736bc77dd1debbdad9c9106241\">\n#top .flex_column.av-1duggy-4f1643736bc77dd1debbdad9c9106241{\nborder-radius:0px;\n-webkit-border-radius:0px;\n-moz-border-radius:0px;\npadding:0px;\n}\n<\/style>\n<div class='flex_column av-1duggy-4f1643736bc77dd1debbdad9c9106241 av_one_full  avia-builder-el-0  el_before_av_one_full  avia-builder-el-first  first flex_column_div av-zero-column-padding '   ><section class=\"av_textblock_section \"  itemscope=\"itemscope\" itemtype=\"https:\/\/schema.org\/CreativeWork\" ><div class='avia_textblock  '   itemprop=\"text\" ><p><strong>Grabaci\u00f3n de datos en memorias USB<br \/>\n<\/strong><\/p>\n<p>Las memorias USB pueden ser grabadas por nosotros con datos individuales (cat\u00e1logo; fotos; etc.) sin ning\u00fan problema. Su bast\u00f3n con datos individuales es una alternativa rentable a un folleto publicitario en papel. Una memoria USB con grabaci\u00f3n de datos es m\u00e1s sostenible que un mensaje en papel, porque cuando el cliente retira los datos, sigue utilizando su memoria USB con su mensaje publicitario. El papel, en cambio, acabar\u00e1 en la basura al poco tiempo. Adem\u00e1s, ofrecemos a nuestros clientes la posibilidad de grabar cada memoria USB de forma individual y tratamos sus datos de forma estrictamente confidencial. No dude en ponerse en contacto con el equipo de HIKITEC GmbH.<\/p>\n<p>Cargamos sus datos en la memoria USB producida por nosotros <u>o<\/u> usted nos proporciona su memoria USB y nosotros la grabamos despu\u00e9s. Env\u00edenos con su pedido (o incluso unos d\u00edas despu\u00e9s) los datos por correo electr\u00f3nico\/FTP\/enlace de descarga o <a href=\"https:\/\/wetransfer.com\/\" target=\"_blank\" rel=\"noopener\"><img loading=\"lazy\" decoding=\"async\" class=\"alignnone size-full wp-image-9014\" src=\"https:\/\/hikitec.de\/wp-content\/uploads\/2020\/05\/wetransfer.gif\" alt=\"\" width=\"102\" height=\"18\"><\/a> y le daremos combustible a su unidad flash USB. Sencillo, seguro y r\u00e1pido.<\/p>\n<\/div><\/section><\/div>\n\n<style type=\"text\/css\" id=\"style-css-av-13m7iy-22fa7a734fd720b59842470314828c86\">\n#top .flex_column.av-13m7iy-22fa7a734fd720b59842470314828c86{\nborder-radius:0px;\n-webkit-border-radius:0px;\n-moz-border-radius:0px;\npadding:0px;\n}\n<\/style>\n<div class='flex_column av-13m7iy-22fa7a734fd720b59842470314828c86 av_one_full  avia-builder-el-2  el_after_av_one_full  el_before_av_one_full  first flex_column_div av-zero-column-padding column-top-margin'   ><section class=\"av_textblock_section \"  itemscope=\"itemscope\" itemtype=\"https:\/\/schema.org\/CreativeWork\" ><div class='avia_textblock  '   itemprop=\"text\" ><p><strong>\u00cdndice de contenidos<\/strong><\/p>\n<ul>\n<li><a href=\"#DPC\"><strong>Registro de datos en producci\u00f3n<\/strong><\/a><\/li>\n<li><a href=\"#DIDBL\"><strong>Registro de datos en Alemania<\/strong><\/a><\/li>\n<li><a href=\"#VDD\"><strong>Datos confidenciales registrados en Alemania<\/strong><\/a><\/li>\n<li><a href=\"#DLA\"><strong>Carga de datos borrable<\/strong><\/a><\/li>\n<li><a href=\"#DUA\"><strong>Importaci\u00f3n de datos de forma indeleble<\/strong><\/a><\/li>\n<li><a href=\"#LWN\"><strong>Etiquetado del nombre de la unidad<\/strong><\/a><\/li>\n<\/ul>\n<\/div><\/section><\/div>\n\n<style type=\"text\/css\" id=\"style-css-av-13m7iy-22fa7a734fd720b59842470314828c86\">\n#top .flex_column.av-13m7iy-22fa7a734fd720b59842470314828c86{\nborder-radius:0px;\n-webkit-border-radius:0px;\n-moz-border-radius:0px;\npadding:0px;\n}\n<\/style>\n<div class='flex_column av-13m7iy-22fa7a734fd720b59842470314828c86 av_one_full  avia-builder-el-4  el_after_av_one_full  el_before_av_one_full  first flex_column_div av-zero-column-padding column-top-margin'   ><section class=\"av_textblock_section \"  itemscope=\"itemscope\" itemtype=\"https:\/\/schema.org\/CreativeWork\" ><div class='avia_textblock  '   itemprop=\"text\" ><p id=\"DPC\" class=\"pt-20\"><strong>Registro de datos en la producci\u00f3n<\/strong><\/p>\n<p>Env\u00edenos con sus datos (o incluso unos d\u00edas despu\u00e9s) los datos por correo electr\u00f3nico\/FTP\/enlace de descarga o <a class=\"alignnone\" href=\"https:\/\/wetransfer.com\/\" target=\"_blank\" rel=\"noopener\"><img loading=\"lazy\" decoding=\"async\" class=\"alignnone size-full wp-image-9014\" src=\"https:\/\/hikitec.de\/wp-content\/uploads\/2020\/05\/wetransfer.gif\" alt=\"\" width=\"102\" height=\"18\"><\/a> y le daremos combustible a su unidad flash USB. Sencillo, seguro y r\u00e1pido.<\/p>\n<p><strong>Duraci\u00f3n<\/strong><\/p>\n<p>La carga de los datos <u>no<\/u> prolonga el tiempo de producci\u00f3n.<\/p>\n<\/div><\/section><\/div>\n\n<style type=\"text\/css\" id=\"style-css-av-13m7iy-22fa7a734fd720b59842470314828c86\">\n#top .flex_column.av-13m7iy-22fa7a734fd720b59842470314828c86{\nborder-radius:0px;\n-webkit-border-radius:0px;\n-moz-border-radius:0px;\npadding:0px;\n}\n<\/style>\n<div class='flex_column av-13m7iy-22fa7a734fd720b59842470314828c86 av_one_full  avia-builder-el-6  el_after_av_one_full  el_before_av_one_full  first flex_column_div av-zero-column-padding column-top-margin'   ><section class=\"av_textblock_section \"  itemscope=\"itemscope\" itemtype=\"https:\/\/schema.org\/CreativeWork\" ><div class='avia_textblock  '   itemprop=\"text\" ><p id=\"DIDBL\" class=\"pt-20\"><strong>Registro de datos en Alemania<\/strong><\/p>\n<p>Usted nos env\u00eda sus memorias USB, <u>una de las<\/u> cuales debe estar ya grabada con los datos deseados, la llamada <strong>memoria USB maestra<\/strong>. Repetimos esta operaci\u00f3n con todas las dem\u00e1s memorias USB, comprobando de nuevo que la memoria USB es correcta y legible. Clasificamos las memorias USB defectuosas como corresponde.<\/p>\n<p><strong>Duraci\u00f3n<\/strong><\/p>\n<p>El tiempo de reproducci\u00f3n habitual es de 3 d\u00edas laborables por cada 5000 piezas (dependiendo del tama\u00f1o de los datos y del embalaje). Por favor, aseg\u00farese de notificar las pr\u00f3ximas fechas de juego de manera oportuna. Producciones expr\u00e9s (en el mismo d\u00eda) por encargo. Los lotes de muestras regulares y m\u00e1s peque\u00f1os suelen requerir uno, como m\u00e1ximo. dos d\u00edas laborables.<\/p>\n<p>Usted nos env\u00eda sus propias memorias USB y nosotros transferimos sus datos a su soporte de almacenamiento.<br \/>\nA continuaci\u00f3n, los datos se comparan (se verifican) con el original. Los soportes defectuosos se detectan, se clasifican y se embalan por separado.<\/p>\n<p>Proceso de producci\u00f3n<strong><br \/>\n<\/strong><\/p>\n<p>1. Anuncia su pedido con antelaci\u00f3n.<br \/>\n2. que nos env\u00ede sus soportes de datos lo antes posible.<br \/>\n3. Desempaquetamos todas las memorias USB.<br \/>\n4. Sometemos de 2 a 3 memorias USB a una breve prueba de funcionamiento.<br \/>\n5. nos env\u00eda los datos de su copia en l\u00ednea o por correo.<br \/>\n6. Creamos una memoria USB maestra si es necesario.<br \/>\n7. nos da la autorizaci\u00f3n sobre la base de un archivo de prueba o una muestra de datos.<br \/>\n8. copiamos y probamos los palos.<br \/>\n9. montaremos y empaquetaremos los palos.<br \/>\n10. env\u00edo a usted o directamente a su cliente.<\/p>\n<\/div><\/section><\/div>\n\n<style type=\"text\/css\" id=\"style-css-av-zdim2-2cfa4d4eb3959b3e9ca4fc8611307c8d\">\n#top .flex_column.av-zdim2-2cfa4d4eb3959b3e9ca4fc8611307c8d{\nborder-radius:0px;\n-webkit-border-radius:0px;\n-moz-border-radius:0px;\npadding:0px;\n}\n<\/style>\n<div class='flex_column av-zdim2-2cfa4d4eb3959b3e9ca4fc8611307c8d av_one_full  avia-builder-el-8  el_after_av_one_full  el_before_av_one_full  first flex_column_div av-zero-column-padding column-top-margin'   ><section class=\"av_textblock_section \"  itemscope=\"itemscope\" itemtype=\"https:\/\/schema.org\/CreativeWork\" ><div class='avia_textblock  '   itemprop=\"text\" ><p><a id=\"VDD\"><\/a><strong>Datos confidenciales registrados en Alemania<\/strong><\/p>\n<p>\u00bfTiene datos confidenciales y muy importantes que necesita transferir a una memoria USB? Nos complace ofrecerle este servicio especial. Usted nos env\u00eda sus memorias USB, <u>una de las<\/u> cuales debe estar ya grabada con los datos deseados, la llamada <strong>memoria USB maestra<\/strong>. (no a trav\u00e9s de dropbox, wetransfer o cualquier otro servicio p\u00fablico). Repetimos esta operaci\u00f3n con todas las dem\u00e1s memorias USB, comprobando de nuevo que la memoria USB es correcta y legible. Clasificamos las memorias USB defectuosas como corresponde. No copiamos sus datos localmente en un ordenador ni creamos una memoria USB maestra. Sus datos no tienen contacto con nuestra red y\/o son almacenados por nosotros localmente en ordenadores. El d\u00eda de la grabaci\u00f3n, se nombra a una persona responsable que se encarga de la grabaci\u00f3n y de la memoria USB maestra. Esta persona hace un seguimiento de la grabaci\u00f3n hasta su env\u00edo. Esto nos permite garantizar un proceso fluido por nuestra parte. Tambi\u00e9n estaremos encantados de firmar un acuerdo de confidencialidad por su parte.<\/p>\n<p><strong>Duraci\u00f3n<\/strong><\/p>\n<p>El tiempo de reproducci\u00f3n habitual es de 3 d\u00edas laborables por cada 5000 piezas (dependiendo del tama\u00f1o de los datos y del embalaje). Por favor, aseg\u00farese de notificar las pr\u00f3ximas fechas de juego de manera oportuna. Producciones expr\u00e9s (en el mismo d\u00eda) por encargo. Los lotes de muestras regulares y m\u00e1s peque\u00f1os suelen requerir uno, como m\u00e1ximo. dos d\u00edas laborables.<\/p>\n<p>Usted nos env\u00eda sus propias memorias USB y nosotros transferimos sus datos a su soporte de almacenamiento.<br \/>\nA continuaci\u00f3n, los datos se comparan (se verifican) con el original. Los soportes defectuosos se detectan, se clasifican y se embalan por separado.<\/p>\n<p><strong>Proceso de producci\u00f3n<br \/>\n<\/strong><\/p>\n<p>1. Anuncia su pedido con antelaci\u00f3n.<br \/>\n2. que nos env\u00ede sus soportes de datos lo antes posible.<br \/>\n3. Desempaquetamos todas las memorias USB.<br \/>\n4. Sometemos de 2 a 3 memorias USB a una breve prueba de funcionamiento.<br \/>\n5. nos env\u00eda su memoria USB maestra.<br \/>\n6. copiamos y comprobamos los palos.<br \/>\n7. montaremos y empaquetaremos los palos.<br \/>\n8. env\u00edo a usted o directamente a su cliente.<\/p>\n<\/div><\/section><\/div>\n\n<style type=\"text\/css\" id=\"style-css-av-qoyaq-c6ce64bab3e42d2b29105200dbaebcf9\">\n#top .flex_column.av-qoyaq-c6ce64bab3e42d2b29105200dbaebcf9{\nborder-radius:0px;\n-webkit-border-radius:0px;\n-moz-border-radius:0px;\npadding:0px;\n}\n<\/style>\n<div class='flex_column av-qoyaq-c6ce64bab3e42d2b29105200dbaebcf9 av_one_full  avia-builder-el-10  el_after_av_one_full  el_before_av_one_full  first flex_column_div av-zero-column-padding column-top-margin'   ><section class=\"av_textblock_section \"  itemscope=\"itemscope\" itemtype=\"https:\/\/schema.org\/CreativeWork\" ><div class='avia_textblock  '   itemprop=\"text\" ><p><a id=\"DLA\"><\/a><strong>Carga de datos borrable<\/strong><\/p>\n<p>El usuario final recibe un stick, con sus datos individuales, sobre el que el cliente puede disponer\/decidir libremente.<\/p>\n<\/div><\/section><\/div>\n\n<style type=\"text\/css\" id=\"style-css-av-nh4jm-bc85565081e976db16930af39a6652e0\">\n#top .flex_column.av-nh4jm-bc85565081e976db16930af39a6652e0{\nborder-radius:0px;\n-webkit-border-radius:0px;\n-moz-border-radius:0px;\npadding:0px;\n}\n<\/style>\n<div class='flex_column av-nh4jm-bc85565081e976db16930af39a6652e0 av_one_full  avia-builder-el-12  el_after_av_one_full  el_before_av_one_full  first flex_column_div av-zero-column-padding column-top-margin'   ><section class=\"av_textblock_section \"  itemscope=\"itemscope\" itemtype=\"https:\/\/schema.org\/CreativeWork\" ><div class='avia_textblock  '   itemprop=\"text\" ><p><a id=\"DUA\"><\/a><strong>Importaci\u00f3n de datos de forma indeleble<\/strong><\/p>\n<p>Se crean dos particiones en la memoria USB. Se crea una partici\u00f3n como unidad de s\u00f3lo lectura. Esta unidad tiene la misma funci\u00f3n que un CD o DVD, que tambi\u00e9n est\u00e1 protegido bajo una formaci\u00f3n. La memoria libre restante est\u00e1 formateada como unidad de escritura y lectura, el usuario puede disponer libremente de esta segunda partici\u00f3n y almacenar sus datos personales, borrar y formatear esta partici\u00f3n si es necesario.<\/p>\n<p>Tenga en cuenta que grabamos memorias USB con datos de f\u00e1brica y las particionamos directamente. La partici\u00f3n posterior en Alemania <u>no es posible<\/u>.<\/p>\n<\/div><\/section><\/div>\n\n<style type=\"text\/css\" id=\"style-css-av-eb78a-94656ec42f31d4e0eb53b968cbf58313\">\n#top .flex_column.av-eb78a-94656ec42f31d4e0eb53b968cbf58313{\nborder-radius:0px;\n-webkit-border-radius:0px;\n-moz-border-radius:0px;\npadding:0px;\n}\n<\/style>\n<div class='flex_column av-eb78a-94656ec42f31d4e0eb53b968cbf58313 av_one_full  avia-builder-el-14  el_after_av_one_full  el_before_av_one_full  first flex_column_div av-zero-column-padding column-top-margin'   ><section class=\"av_textblock_section \"  itemscope=\"itemscope\" itemtype=\"https:\/\/schema.org\/CreativeWork\" ><div class='avia_textblock  '   itemprop=\"text\" ><p><a id=\"LWN\"><\/a><strong>Etiqueta de la unidad<\/strong><\/p>\n<p>Con el etiquetado de la unidad se puede establecer de antemano c\u00f3mo deben aparecer las memorias USB en el PC como nombre. De este modo, el cliente sabe exactamente cu\u00e1l es el suyo incluso cuando utiliza varios palos. Tenga en cuenta que s\u00f3lo hay <strong>11 caracteres<\/strong> disponibles. La longitud resulta de las antiguas convenciones de nomenclatura en tiempos del DOS: 8+3=11 caracteres. El \u00fanico car\u00e1cter especial permitido es el gui\u00f3n bajo \u00ab_\u00bb.<\/p>\n<\/div><\/section><\/div>\n\n<style type=\"text\/css\" id=\"style-css-av-7me8y-939388d2d40753a90d0a46e0acca8803\">\n#top .flex_column.av-7me8y-939388d2d40753a90d0a46e0acca8803{\nborder-radius:0px;\n-webkit-border-radius:0px;\n-moz-border-radius:0px;\npadding:0px;\n}\n<\/style>\n<div class='flex_column av-7me8y-939388d2d40753a90d0a46e0acca8803 av_one_full  avia-builder-el-16  el_after_av_one_full  el_before_av_textblock  first flex_column_div av-zero-column-padding column-top-margin'   ><section class=\"av_textblock_section \"  itemscope=\"itemscope\" itemtype=\"https:\/\/schema.org\/CreativeWork\" ><div class='avia_textblock  '   itemprop=\"text\" ><p><strong>Recomendaci\u00f3n<\/strong><\/p>\n<p>Los nombres de los archivos no pueden contener caracteres especiales, ya que los caracteres especiales son todas las letras y caracteres que van m\u00e1s all\u00e1 de las 26 letras b\u00e1sicas del alfabeto latino. Esto se refiere tanto a los s\u00edmbolos (\u00a7 \/ # $ % [ } + @ \u20ac &#8230;) como a las letras adicionales (\u00f0 ? ? \u00fe &#8230;), a las ligaduras de dos letras (&amp; \u00df \u00e6 \u0153 &#8230;) y especialmente a las letras con los llamados signos diacr\u00edticos (\u00fc \u00e1 \u00f4 \u00e8 \u00f1 \u00e5 \u00e7 \u00f8 \u0161 ? ? ? &#8230;). Tenga en cuenta que los datos deben ser multiling\u00fces.<\/p>\n<\/div><\/section><\/div>\n<section class=\"av_textblock_section \"  itemscope=\"itemscope\" itemtype=\"https:\/\/schema.org\/CreativeWork\" ><div class='avia_textblock  '   itemprop=\"text\" ><input type=\"button\" value=\"Volver\" class=\"alg_back_button_input \" style=\"\" onclick=\"window.history.back()\" \/>\n<\/div><\/section>\n","protected":false},"excerpt":{"rendered":"","protected":false},"author":2,"featured_media":0,"parent":0,"menu_order":0,"comment_status":"closed","ping_status":"closed","template":"","meta":{"footnotes":""},"class_list":["post-56561","page","type-page","status-publish","hentry"],"_links":{"self":[{"href":"https:\/\/hikitec.de\/es\/wp-json\/wp\/v2\/pages\/56561","targetHints":{"allow":["GET"]}}],"collection":[{"href":"https:\/\/hikitec.de\/es\/wp-json\/wp\/v2\/pages"}],"about":[{"href":"https:\/\/hikitec.de\/es\/wp-json\/wp\/v2\/types\/page"}],"author":[{"embeddable":true,"href":"https:\/\/hikitec.de\/es\/wp-json\/wp\/v2\/users\/2"}],"replies":[{"embeddable":true,"href":"https:\/\/hikitec.de\/es\/wp-json\/wp\/v2\/comments?post=56561"}],"version-history":[{"count":5,"href":"https:\/\/hikitec.de\/es\/wp-json\/wp\/v2\/pages\/56561\/revisions"}],"predecessor-version":[{"id":56567,"href":"https:\/\/hikitec.de\/es\/wp-json\/wp\/v2\/pages\/56561\/revisions\/56567"}],"wp:attachment":[{"href":"https:\/\/hikitec.de\/es\/wp-json\/wp\/v2\/media?parent=56561"}],"curies":[{"name":"wp","href":"https:\/\/api.w.org\/{rel}","templated":true}]}}