{"id":56628,"date":"2021-03-31T16:00:07","date_gmt":"2021-03-31T14:00:07","guid":{"rendered":"https:\/\/hikitec.de\/proteccion-de-datos\/"},"modified":"2023-03-01T15:49:58","modified_gmt":"2023-03-01T14:49:58","slug":"proteccion-de-datos","status":"publish","type":"page","link":"https:\/\/hikitec.de\/es\/proteccion-de-datos\/","title":{"rendered":"Protecci\u00f3n de datos"},"content":{"rendered":"<section class=\"av_textblock_section \"  itemscope=\"itemscope\" itemtype=\"https:\/\/schema.org\/CreativeWork\" ><div class='avia_textblock  '   itemprop=\"text\" ><p><strong>Pol\u00edtica de privacidad<\/strong><\/p>\n<p>Nosotros, la HIKITEC GmbH, nos alegramos de su visita a nuestra p\u00e1gina web www.hikitec.de y de su inter\u00e9s por nuestra empresa. Para nosotros es importante proteger sus datos personales. Los datos personales son informaci\u00f3n individual sobre circunstancias personales o de hecho de una persona f\u00edsica identificada o identificable. Esto incluye informaci\u00f3n como el nombre civil, la direcci\u00f3n, el n\u00famero de tel\u00e9fono y la fecha de nacimiento.<\/p>\n<p>Estos datos est\u00e1n sujetos a una protecci\u00f3n especial y se nos plantean s\u00f3lo en la medida t\u00e9cnicamente necesaria. le explicaremos de acuerdo con nuestra obligaci\u00f3n, en lo siguiente qu\u00e9 informaci\u00f3n se utiliza durante su asistencia en nuestro lado de Internet.<\/p>\n<p>Nuestra pr\u00e1ctica de protecci\u00f3n de datos se ajusta a la normativa de la Ley Federal de Protecci\u00f3n de Datos (BDSG) y a la Ley de Telemedia (TMG). Recogeremos, procesaremos y almacenaremos sus datos personales exclusivamente para la tramitaci\u00f3n de consultas y, en su caso, para la tramitaci\u00f3n de pedidos\/contratos. Sus datos s\u00f3lo se utilizar\u00e1n si previamente ha dado su consentimiento por separado y, adem\u00e1s, para fines definidos con precisi\u00f3n, por ejemplo, para informar sobre ofertas mediante un bolet\u00edn informativo, etc.<\/p>\n<p><strong>Organismo responsable en el sentido del art. 13 p\u00e1rr. 1 TMG<\/strong><\/p>\n<p>El organismo responsable en el sentido de la ley de protecci\u00f3n de datos es:<\/p>\n<p>HIKITEC GmbH \u2022 Quettinger Stra\u00dfe 171 \u2022 D \u2022 51381 Leverkusen \u2022 E-Mail: anfrage@hikitec.de \u2022 Telefon:+49 (0) 2171 79 26 668<\/p>\n<p><strong>Uso seud\u00f3nimo del sitio web<\/strong><\/p>\n<p>En principio, puede visitar nuestro sitio web sin proporcionarnos datos personales. Los datos de uso seud\u00f3nimos no se fusionan con los datos del portador del seud\u00f3nimo. No hay creaci\u00f3n de perfiles de uso seud\u00f3nimos.<\/p>\n<p><strong>Funciones especiales del sitio web<\/strong><\/p>\n<p>En nuestro sitio web se le ofrecen diversas funciones. Durante el uso, los datos personales son recogidos, procesados y almacenados por nosotros. A continuaci\u00f3n explicamos lo que ocurre con estos datos:<\/p>\n<p><strong>Formulario de contacto<\/strong><\/p>\n<p>Los datos registrados a trav\u00e9s de nuestro formulario de contacto s\u00f3lo se utilizar\u00e1n para la tramitaci\u00f3n de las consultas recibidas a trav\u00e9s del mismo. Los datos recogidos se eliminar\u00e1n, previa solicitud, en los seis meses siguientes a la tramitaci\u00f3n de la solicitud.<\/p>\n<p><strong>Bolet\u00edn de noticias<\/strong><\/p>\n<p>Los datos registrados en la m\u00e1scara de registro de nuestro bolet\u00edn ser\u00e1n utilizados por nosotros exclusivamente para el env\u00edo de nuestro bolet\u00edn. En ella se le informar\u00e1 de nuestros servicios. Para completar el registro, recibir\u00e1 un correo electr\u00f3nico de confirmaci\u00f3n de nuestra parte. Contiene un enlace en el que debe hacer clic para completar la inscripci\u00f3n en nuestro bolet\u00edn (doble opt-in). Puede darse de baja del bolet\u00edn en cualquier momento enviando un correo electr\u00f3nico de cancelaci\u00f3n de la suscripci\u00f3n. Despu\u00e9s de darse de baja, sus datos se eliminar\u00e1n en un plazo de seis meses.<\/p>\n<p>Utilizamos los datos que se nos facilitan con fines publicitarios para productos de HIKITEC y empresas afiliadas si el cliente se ha suscrito a nuestro bolet\u00edn informativo gratuito. El cliente puede oponerse en cualquier momento a que se sigan utilizando sus datos con este fin, simplemente notific\u00e1ndolo por correo electr\u00f3nico (anfrage@hikitec.de).<\/p>\n<p><strong>An\u00e1lisis estad\u00edstico de las visitas a este sitio web<\/strong><\/p>\n<p>Los siguientes datos o archivos individuales se recogen, procesan y almacenan cuando se accede al sitio web: Direcci\u00f3n IP, sitio web desde el que se recuper\u00f3 el archivo, nombre del archivo, fecha y hora de la recuperaci\u00f3n, cantidad de datos transferidos e informe sobre el \u00e9xito de la recuperaci\u00f3n (el llamado registro web). Para la mejora constante de nuestra oferta de Internet y con fines estad\u00edsticos, utilizamos estos datos de acceso exclusivamente de forma no personalizada.<\/p>\n<p><strong>Google Analytics<\/strong><\/p>\n<p>No utilizamos Google Analytics en este sitio web<\/p>\n<p><strong>Contenido externo \/ tratamiento de datos fuera de la UE<\/strong><\/p>\n<p>En nuestro sitio web utilizamos contenidos Java-Script activos de proveedores externos. Cuando usted visita nuestro sitio web, estos proveedores externos pueden recibir informaci\u00f3n personal sobre su visita a nuestro sitio web. Puede evitarlo instalando un bloqueador de JavaScript como el complemento del navegador &#8216;NoScript&#8217; (www.noscript.net) o desactivando JavaScript en su navegador. Esto puede dar lugar a restricciones funcionales en las p\u00e1ginas de Internet que usted visita.<\/p>\n<p><strong>Pol\u00edtica de privacidad para el uso de plugins de Facebook<\/strong><\/p>\n<p>No utilizamos plugins de Facebook en este sitio web.<\/p>\n<p><strong>Pol\u00edtica de privacidad para el uso de plugins de Twitter<\/strong><\/p>\n<p>No utilizamos plugins de Twitter en este sitio web.<\/p>\n<p><strong>Pol\u00edtica de privacidad para el uso de plugins de YouTube<\/strong><\/p>\n<p>No utilizamos plugins de YouTube en este sitio web.<\/p>\n<p><strong>Informaci\u00f3n sobre el uso de cookies<\/strong><\/p>\n<p>No utilizamos cookies en este sitio web (comprobaci\u00f3n de <a href=\"https:\/\/www.cookiebot.com\/de\/\" target=\"_blank\" rel=\"noopener\">Cookiebot<\/a> desde el 22.09.2020).<\/p>\n<p><strong>Seguridad y protecci\u00f3n de datos, comunicaci\u00f3n por correo electr\u00f3nico<\/strong><\/p>\n<p>Aprovechando todas las posibilidades t\u00e9cnicas y organizativas, sus datos personales se almacenan de forma que sean inaccesibles para terceros. No podemos garantizar la completa seguridad de los datos cuando se comunica por correo electr\u00f3nico, por lo que le recomendamos que nos env\u00ede por correo postal la informaci\u00f3n que requiera un alto nivel de confidencialidad.<\/p>\n<p><strong>Persona de contacto para cuestiones de protecci\u00f3n de datos &#8211; Responsable de la protecci\u00f3n de datos<\/strong><br \/>\nEn cuestiones de protecci\u00f3n de datos, nuestra oficina central est\u00e1 a su disposici\u00f3n:<\/p>\n<p>Fon:+49 (0) 2103 \u2013 71 54 \u2013 260 \u2022 E-Mail: anfrage@hikitec.de<\/p>\n<p><strong>Retirada del consentimiento &#8211; Informaci\u00f3n de datos y solicitudes de modificaci\u00f3n<\/strong><\/p>\n<p>De acuerdo con la Ley Federal de Protecci\u00f3n de Datos, usted tiene derecho a recibir informaci\u00f3n gratuita sobre sus datos almacenados y, en caso necesario, a la correcci\u00f3n, el bloqueo o la eliminaci\u00f3n de estos datos.<\/p>\n<p>Si no hay normas legales que indiquen lo contrario, sus datos ser\u00e1n eliminados. Puede revocar su permiso para utilizar sus datos personales en cualquier momento. Puede enviar sus solicitudes de informaci\u00f3n, supresi\u00f3n y autorizaci\u00f3n de sus datos, as\u00ed como sus sugerencias, en cualquier momento, a la siguiente direcci\u00f3n:<\/p>\n<p>HIKITEC GmbH \u2022 Quettinger Stra\u00dfe 171 \u2022 D \u2022 51381 Leverkusen<\/p>\n<p><strong>LEGAL<\/strong><\/p>\n<p><strong>Contenido de la oferta en l\u00ednea<\/strong><\/p>\n<p>El autor se reserva el derecho a no ser responsable de la actualidad, exactitud, integridad o calidad de la informaci\u00f3n proporcionada. Las reclamaciones de responsabilidad contra el autor, que se refieren a los da\u00f1os de tipo material o idealista, que fueron causados por el uso o desuso de la informaci\u00f3n presentada y \/ o por el uso de la informaci\u00f3n incorrecta e incompleta, son, en principio, imposible, si por parte del autor no se puede probar que la culpa es deliberada o aproximadamente negligente.<\/p>\n<p>Todas las ofertas est\u00e1n sujetas a cambios y no son vinculantes. El autor se reserva expresamente el derecho a modificar, complementar o eliminar partes de las p\u00e1ginas o la totalidad de la oferta sin previo aviso o a suspender la publicaci\u00f3n temporal o definitivamente.<\/p>\n<p><strong>Enlaces a otros sitios web<\/strong><\/p>\n<p>Este sitio web contiene enlaces a otros sitios web. HIKITEC GmbH no asume ninguna responsabilidad por las estrategias de protecci\u00f3n de datos o el contenido de estos otros sitios web.<\/p>\n<p><strong>Derecho de autor y de marcas<\/strong><\/p>\n<p>El autor se esfuerza por respetar los derechos de autor de los gr\u00e1ficos, documentos sonoros, secuencias de v\u00eddeo y textos utilizados en todas las publicaciones, por utilizar gr\u00e1ficos, documentos sonoros, secuencias de v\u00eddeo y textos creados por \u00e9l mismo o por recurrir a gr\u00e1ficos, documentos sonoros, secuencias de v\u00eddeo y textos sin licencia.<\/p>\n<p>Todas las marcas y nombres comerciales mencionados en el sitio web y posiblemente protegidos por terceros est\u00e1n sujetos sin restricciones a las disposiciones del derecho de marcas aplicable y a los derechos de propiedad de los respectivos propietarios registrados. La mera menci\u00f3n de una marca no significa que no est\u00e9 protegida por derechos de terceros.<\/p>\n<p>Los derechos de autor de los objetos publicados creados por el propio autor siguen siendo exclusivamente del autor de las p\u00e1ginas. No se permite la duplicaci\u00f3n o el uso de objetos como diagramas, sonidos o textos en otras publicaciones electr\u00f3nicas o impresas sin el consentimiento del autor.<\/p>\n<p><strong>Descarga de datos, archivos y programas<\/strong><\/p>\n<p>El uso de los datos, archivos y programas proporcionados por el autor es bajo su propio riesgo. Esto se refiere en particular a la funcionalidad y a la ausencia de virus de los datos y programas que pueden cargarse desde este sitio web. Desgraciadamente, no se puede ofrecer un 100% de confidencialidad y seguridad cuando se transmite por Internet. No nos hacemos responsables de los da\u00f1os que pueda sufrir como consecuencia de la interrupci\u00f3n, la manipulaci\u00f3n o el uso indebido de la informaci\u00f3n transmitida por Internet.<\/p>\n<p>El autor no se responsabiliza de ning\u00fan da\u00f1o al software o al hardware. Cualquier responsabilidad del software ofrecido en este sitio web recae en el usuario del mismo.<\/p>\n<p><strong>Validez jur\u00eddica de esta cl\u00e1usula de exenci\u00f3n de responsabilidad<\/strong><\/p>\n<p>Si algunas secciones o t\u00e9rminos individuales de esta declaraci\u00f3n no son legales o correctos, el contenido o la validez de las otras partes no se ven afectados por este hecho.<\/p>\n<p><strong>Ni\u00f1os<\/strong><\/p>\n<p>Por favor, aseg\u00farese de que los ni\u00f1os no env\u00eden ning\u00fan dato personal a este sitio web sin el consentimiento de sus padres o tutores. Desde HIKITEC GmbH recomendamos a todos los padres y tutores que instruyan a sus hijos en el manejo seguro y responsable de los datos personales en Internet. En cualquier caso, HIKITEC no almacenar\u00e1 conscientemente ni utilizar\u00e1 de ning\u00fan modo los datos personales de los ni\u00f1os ni los revelar\u00e1 a terceros sin autorizaci\u00f3n.<\/p>\n<\/div><\/section>\n<section class=\"av_textblock_section \"  itemscope=\"itemscope\" itemtype=\"https:\/\/schema.org\/CreativeWork\" ><div class='avia_textblock  '   itemprop=\"text\" ><input type=\"button\" value=\"Volver\" class=\"alg_back_button_input \" style=\"\" onclick=\"window.history.back()\" \/>\n<\/div><\/section>\n","protected":false},"excerpt":{"rendered":"","protected":false},"author":2,"featured_media":0,"parent":0,"menu_order":0,"comment_status":"closed","ping_status":"closed","template":"","meta":{"footnotes":""},"class_list":["post-56628","page","type-page","status-publish","hentry"],"_links":{"self":[{"href":"https:\/\/hikitec.de\/es\/wp-json\/wp\/v2\/pages\/56628","targetHints":{"allow":["GET"]}}],"collection":[{"href":"https:\/\/hikitec.de\/es\/wp-json\/wp\/v2\/pages"}],"about":[{"href":"https:\/\/hikitec.de\/es\/wp-json\/wp\/v2\/types\/page"}],"author":[{"embeddable":true,"href":"https:\/\/hikitec.de\/es\/wp-json\/wp\/v2\/users\/2"}],"replies":[{"embeddable":true,"href":"https:\/\/hikitec.de\/es\/wp-json\/wp\/v2\/comments?post=56628"}],"version-history":[{"count":4,"href":"https:\/\/hikitec.de\/es\/wp-json\/wp\/v2\/pages\/56628\/revisions"}],"predecessor-version":[{"id":717647,"href":"https:\/\/hikitec.de\/es\/wp-json\/wp\/v2\/pages\/56628\/revisions\/717647"}],"wp:attachment":[{"href":"https:\/\/hikitec.de\/es\/wp-json\/wp\/v2\/media?parent=56628"}],"curies":[{"name":"wp","href":"https:\/\/api.w.org\/{rel}","templated":true}]}}