{"id":56678,"date":"2021-04-01T10:37:46","date_gmt":"2021-04-01T08:37:46","guid":{"rendered":"https:\/\/hikitec.de\/faq\/"},"modified":"2023-03-01T16:00:07","modified_gmt":"2023-03-01T15:00:07","slug":"faq","status":"publish","type":"page","link":"https:\/\/hikitec.de\/es\/faq\/","title":{"rendered":"FAQ"},"content":{"rendered":"<div id='av_section_1'  class='avia-section av-fvjo6-0d5254b2c881c5829c60a1dddcb5aa7b main_color avia-section-default avia-no-border-styling  avia-builder-el-0  el_before_av_toggle_container  avia-builder-el-first  avia-bg-style-scroll  container_wrap fullsize'  ><div class='container av-section-cont-open' ><main  role=\"main\" itemprop=\"mainContentOfPage\"  class='template-page content  av-content-full alpha units'><div class='post-entry post-entry-type-page post-entry-56678'><div class='entry-content-wrapper clearfix'>\n\n<style type=\"text\/css\" id=\"style-css-av-35a28m-8bccc125ce8bb830b69f56c4ed5589a3\">\n#top .flex_column.av-35a28m-8bccc125ce8bb830b69f56c4ed5589a3{\nborder-radius:0px;\n-webkit-border-radius:0px;\n-moz-border-radius:0px;\npadding:0px;\n}\n<\/style>\n<div class='flex_column av-35a28m-8bccc125ce8bb830b69f56c4ed5589a3 av_one_full  avia-builder-el-1  avia-builder-el-no-sibling  first flex_column_div av-zero-column-padding '   ><section class=\"av_textblock_section \"  itemscope=\"itemscope\" itemtype=\"https:\/\/schema.org\/CreativeWork\" ><div class='avia_textblock  '   itemprop=\"text\" ><div>\n<h3><strong>F<\/strong><strong>AQ<\/strong><strong><img loading=\"lazy\" decoding=\"async\" class=\"size-thumbnail wp-image-9115 alignright\" src=\"https:\/\/hikitec.de\/wp-content\/uploads\/2020\/05\/Erklaerung-80x80.png\" alt=\"\" width=\"80\" height=\"80\" srcset=\"https:\/\/hikitec.de\/wp-content\/uploads\/2020\/05\/Erklaerung-80x80.png 80w, https:\/\/hikitec.de\/wp-content\/uploads\/2020\/05\/Erklaerung-36x36.png 36w, https:\/\/hikitec.de\/wp-content\/uploads\/2020\/05\/Erklaerung-180x180.png 180w, https:\/\/hikitec.de\/wp-content\/uploads\/2020\/05\/Erklaerung-120x120.png 120w, https:\/\/hikitec.de\/wp-content\/uploads\/2020\/05\/Erklaerung-450x450.png 450w\" sizes=\"auto, (max-width: 80px) 100vw, 80px\" \/><\/strong><\/h3>\n<\/div>\n<div class=\"after\">Encuentre respuestas a sus preguntas sobre temas importantes<\/div>\n<\/div><\/section><\/div>\n<\/div><\/div><\/main><!-- close content main element --><\/div><\/div><div id='after_section_1'  class='main_color av_default_container_wrap container_wrap fullsize'  ><div class='container av-section-cont-open' ><div class='template-page content  av-content-full alpha units'><div class='post-entry post-entry-type-page post-entry-56678'><div class='entry-content-wrapper clearfix'>\n<\/div><\/div><\/div><!-- close content main div --><\/div><\/div><div id='av_section_2'  class='avia-section av-1rf0bq-183fae09a56627684d823c740cce80bd main_color avia-section-default avia-no-border-styling avia-bg-style-scroll  container_wrap fullsize'  ><div class='container av-section-cont-open' ><div class='template-page content  av-content-full alpha units'><div class='post-entry post-entry-type-page post-entry-56678'><div class='entry-content-wrapper clearfix'>\n\n<style type=\"text\/css\" id=\"style-css-av-gfn7nq-e7061757412d00677e9bddd5246a8030\">\n.togglecontainer.av-gfn7nq-e7061757412d00677e9bddd5246a8030 p.toggler{\ncolor:#000000;\nbackground-color:#ffffff;\nborder-color:#745f7e;\n}\n.togglecontainer.av-gfn7nq-e7061757412d00677e9bddd5246a8030 p.toggler .toggle_icon{\nborder-color:#000000;\n}\n.togglecontainer.av-gfn7nq-e7061757412d00677e9bddd5246a8030 .toggle_wrap .toggle_content{\ncolor:#000000;\nbackground-color:#ffffff;\nborder-color:#745f7e;\n}\n<\/style>\n<div  class='togglecontainer av-gfn7nq-e7061757412d00677e9bddd5246a8030 av-minimal-toggle  avia-builder-el-3  el_after_av_section  el_before_av_textblock  avia-builder-el-first  toggle_close_all ' >\n<section class='av_toggle_section av-elggc6-1989a9cf0f445b1e44760e5eaeebd0ae'  itemscope=\"itemscope\" itemtype=\"https:\/\/schema.org\/CreativeWork\" ><div role=\"tablist\" class=\"single_toggle\" data-tags=\"{Todo} \"  ><p data-fake-id='#toggle-id-1' class='toggler hasCustomColor  av-inherit-font-color av-inherit-border-color'  itemprop=\"headline\"  role='tab' tabindex='0' aria-controls='toggle-id-1'>ORDENAR Y PEDIR<span class=\"toggle_icon\"><span class=\"vert_icon\"><\/span><span class=\"hor_icon\"><\/span><\/span><\/p><div id='toggle-id-1' class='toggle_wrap  '  ><div class='toggle_content invers-color av-inherit-font-color av-inherit-border-color'  itemprop=\"text\" ><p><a href=\"https:\/\/hikitec.de\/de\/auftrag\/\">\u00bfC\u00f3mo puedo hacer un pedido a HIKITEC?<\/a><br \/>\n<a href=\"https:\/\/hikitec.de\/de\/standskizze\/\">\u00bfQu\u00e9 es un boceto de stand &#8211; vista previa de impresi\u00f3n virtual?<\/a><br \/>\n<a href=\"https:\/\/hikitec.de\/de\/produktionszeit\/\">\u00bfCu\u00e1les son los plazos de entrega?<\/a><br \/>\n<a href=\"https:\/\/hikitec.de\/de\/preisentwicklung\/\">\u00bfPor qu\u00e9 pueden fluctuar los precios de las memorias USB?<\/a><br \/>\n<a href=\"https:\/\/hikitec.de\/de\/nachbestellungen\/\">\u00bfQu\u00e9 hay que tener en cuenta en los pedidos 1 a 1?<\/a><br \/>\n<a href=\"https:\/\/hikitec.de\/es\/servicio-de-copias\/lieferung-2\/\">\u00bfD\u00f3nde puede entregar HIKITEC?<\/a><br \/>\n<a href=\"https:\/\/hikitec.de\/de\/zahlungsbedingungen\/\">\u00bfQu\u00e9 m\u00e9todos de pago est\u00e1n disponibles?<\/a><br \/>\n<a href=\"https:\/\/hikitec.de\/de\/umtausch\/\">\u00bfPuedo intercambiar productos?<\/a><br \/>\n<a href=\"https:\/\/hikitec.de\/de\/garantie\/\">\u00bfCu\u00e1l es la garant\u00eda?<\/a><br \/>\n<a href=\"https:\/\/hikitec.de\/de\/prodsg\/\">\u00bfQu\u00e9 es la Ley de Seguridad de los Productos?<\/a><br \/>\n<a href=\"https:\/\/hikitec.de\/de\/batteriegesetz\/\">\u00bfQu\u00e9 es la ley de la pila?<\/a><br \/>\n<a href=\"https:\/\/hikitec.de\/de\/agb\/\">\u00bfD\u00f3nde puedo encontrar las condiciones?<\/a><br \/>\n<a href=\"https:\/\/hikitec.de\/de\/weee-elektrog-erklaerung\/\">\u00bfD\u00f3nde puedo encontrar el n\u00famero WEEE?<\/a><br \/>\n<a href=\"https:\/\/hikitec.de\/de\/lucid\/\">\u00bfD\u00f3nde puedo encontrar el n\u00famero LUCID??<\/a><br \/>\n<a href=\"https:\/\/hikitec.de\/de\/ce\/\">\u00bfLos productos tienen que llevar el marcado CE?<\/a><br \/>\n<a href=\"https:\/\/hikitec.de\/de\/bsci\/\">\u00bfSus productos tienen una auditor\u00eda BSCI?<\/a><\/p>\n<\/div><\/div><\/div><\/section>\n<section class='av_toggle_section av-cmfvau-37f0462bb604290b160661ba8eebca06'  itemscope=\"itemscope\" itemtype=\"https:\/\/schema.org\/CreativeWork\" ><div role=\"tablist\" class=\"single_toggle\" data-tags=\"{Todo} \"  ><p data-fake-id='#toggle-id-2' class='toggler hasCustomColor  av-inherit-font-color av-inherit-border-color'  itemprop=\"headline\"  role='tab' tabindex='0' aria-controls='toggle-id-2'>DATOS DE PUBLICIDAD E IMPRESI\u00d3N<span class=\"toggle_icon\"><span class=\"vert_icon\"><\/span><span class=\"hor_icon\"><\/span><\/span><\/p><div id='toggle-id-2' class='toggle_wrap  '  ><div class='toggle_content invers-color av-inherit-font-color av-inherit-border-color'  itemprop=\"text\" ><p><a href=\"https:\/\/hikitec.de\/de\/veredelungsservice\/\">\u00bfQu\u00e9 tipos de acabado hay?<\/a><br \/>\n<a href=\"https:\/\/hikitec.de\/de\/vektordaten\/\">\u00bfQu\u00e9 datos debo proporcionar?<br \/>\n<a href=\"https:\/\/hikitec.de\/de\/\/vektor-vs-pixel-daten\/\">Datos vectoriales frente a datos de p\u00edxeles<\/a><br \/>\n<a href=\"https:\/\/hikitec.de\/de\/pantone\/\">\u00bfPor qu\u00e9 las definiciones de color en PANTONE?<\/a><br \/>\n<a href=\"https:\/\/hikitec.de\/de\/vorabansicht\/\">\u00bfQu\u00e9 aspecto tendr\u00e1 mi logotipo en el producto promocional? \u00bfHay una vista previa?<\/a><br \/>\n<a href=\"https:\/\/hikitec.de\/de\/druckdaten\/\">\u00bfQu\u00e9 formato deben tener mis datos de impresi\u00f3n?<\/a><br \/>\n<a href=\"https:\/\/hikitec.de\/de\/cmyk-druckverfahren-datengroesse-und-richtiger-beschnitt\/\">\u00bfQu\u00e9 tengo que tener en cuenta en el proceso de impresi\u00f3n CMYK en cuanto al tama\u00f1o de los datos y el sangrado correcto?<\/a><br \/>\n<a href=\"https:\/\/hikitec.de\/de\/druckfaehigen_daten\/\">\u00bfPueden ayudarme si no tengo datos imprimibles?<\/a><br \/>\n<a href=\"https:\/\/hikitec.de\/de\/differenzen\/\"> \u00bfExisten diferencias en la producci\u00f3n?<\/a><\/p>\n<\/div><\/div><\/div><\/section>\n<section class='av_toggle_section av-ab496u-791b730fa1aebd252bb28d593426d0da'  itemscope=\"itemscope\" itemtype=\"https:\/\/schema.org\/CreativeWork\" ><div role=\"tablist\" class=\"single_toggle\" data-tags=\"{Todo} \"  ><p data-fake-id='#toggle-id-3' class='toggler hasCustomColor  av-inherit-font-color av-inherit-border-color'  itemprop=\"headline\"  role='tab' tabindex='0' aria-controls='toggle-id-3'>PAGO Y FACTURA<span class=\"toggle_icon\"><span class=\"vert_icon\"><\/span><span class=\"hor_icon\"><\/span><\/span><\/p><div id='toggle-id-3' class='toggle_wrap  '  ><div class='toggle_content invers-color av-inherit-font-color av-inherit-border-color'  itemprop=\"text\" ><p><strong><img loading=\"lazy\" decoding=\"async\" class=\"transparent lazy loaded\" src=\"https:\/\/hikitec.de\/wp-content\/uploads\/2021\/04\/zzz_HIKITEC_Favicon_weiss_32.png\" alt=\"https:\/\/hikitec.de\/wp-content\/uploads\/2021\/04\/zzz_HIKITEC_Favicon_weiss_32.png\" width=\"11\" height=\"12\" data-src=\"https:\/\/hikitec.de\/wp-content\/uploads\/2021\/04\/zzz_HIKITEC_Favicon_weiss_32.png\" data-was-processed=\"true\"> <\/strong><a href=\"https:\/\/hikitec.de\/es\/condiciones-de-pago\/\">\u00bfQu\u00e9 m\u00e9todos de pago est\u00e1n disponibles?<\/a><br \/>\n<strong><img loading=\"lazy\" decoding=\"async\" class=\"transparent lazy loaded\" src=\"https:\/\/hikitec.de\/wp-content\/uploads\/2021\/04\/zzz_HIKITEC_Favicon_weiss_32.png\" alt=\"https:\/\/hikitec.de\/wp-content\/uploads\/2021\/04\/zzz_HIKITEC_Favicon_weiss_32.png\" width=\"11\" height=\"12\" data-src=\"https:\/\/hikitec.de\/wp-content\/uploads\/2021\/04\/zzz_HIKITEC_Favicon_weiss_32.png\" data-was-processed=\"true\"> <\/strong><a href=\"https:\/\/hikitec.de\/es\/envio-de-facturas\/\">\u00bfC\u00f3mo recibo mis facturas?<\/a><\/p>\n<\/div><\/div><\/div><\/section>\n<section class='av_toggle_section av-8shb06-62b3668225626ba16189b2710bf9aa77'  itemscope=\"itemscope\" itemtype=\"https:\/\/schema.org\/CreativeWork\" ><div role=\"tablist\" class=\"single_toggle\" data-tags=\"{Todo} \"  ><p data-fake-id='#toggle-id-4' class='toggler hasCustomColor  av-inherit-font-color av-inherit-border-color'  itemprop=\"headline\"  role='tab' tabindex='0' aria-controls='toggle-id-4'>ENV\u00cdO Y ENTREGA<span class=\"toggle_icon\"><span class=\"vert_icon\"><\/span><span class=\"hor_icon\"><\/span><\/span><\/p><div id='toggle-id-4' class='toggle_wrap  '  ><div class='toggle_content invers-color av-inherit-font-color av-inherit-border-color'  itemprop=\"text\" ><p><strong><img loading=\"lazy\" decoding=\"async\" class=\"transparent lazy loaded\" src=\"..\/wp-content\/uploads\/2021\/04\/zzz_HIKITEC_Favicon_weiss_32.png\" alt=\"https:\/\/hikitec.de\/wp-content\/uploads\/2021\/04\/zzz_HIKITEC_Favicon_weiss_32.png\" width=\"11\" height=\"12\" data-src=\"https:\/\/hikitec.de\/wp-content\/uploads\/2021\/04\/zzz_HIKITEC_Favicon_weiss_32.png\" data-was-processed=\"true\"> <\/strong><a href=\"..\/produktionszeit\/\">\u00bfCu\u00e1les son los plazos de entrega?<\/a><br \/>\n<strong><img loading=\"lazy\" decoding=\"async\" class=\"transparent lazy loaded\" src=\"..\/wp-content\/uploads\/2021\/04\/zzz_HIKITEC_Favicon_weiss_32.png\" alt=\"https:\/\/hikitec.de\/wp-content\/uploads\/2021\/04\/zzz_HIKITEC_Favicon_weiss_32.png\" width=\"11\" height=\"12\" data-src=\"https:\/\/hikitec.de\/wp-content\/uploads\/2021\/04\/zzz_HIKITEC_Favicon_weiss_32.png\" data-was-processed=\"true\"> <\/strong><a href=\"..\/lieferung\/\">\u00bfD\u00f3nde puede entregar HIKITEC?<\/a><br \/>\n<strong><img loading=\"lazy\" decoding=\"async\" class=\"transparent lazy loaded\" src=\"..\/wp-content\/uploads\/2021\/04\/zzz_HIKITEC_Favicon_weiss_32.png\" alt=\"https:\/\/hikitec.de\/wp-content\/uploads\/2021\/04\/zzz_HIKITEC_Favicon_weiss_32.png\" width=\"11\" height=\"12\" data-src=\"https:\/\/hikitec.de\/wp-content\/uploads\/2021\/04\/zzz_HIKITEC_Favicon_weiss_32.png\" data-was-processed=\"true\"> <\/strong><a href=\"..\/versandkosten-und-lieferzeit\/\">\u00bfCu\u00e1les son los gastos de env\u00edo?<\/a><br \/>\n<span id=\"Informationen_zur_Ausfuhrbegleitdokument_Erstellung\"><strong><img loading=\"lazy\" decoding=\"async\" class=\"transparent lazy loaded\" src=\"..\/wp-content\/uploads\/2021\/04\/zzz_HIKITEC_Favicon_weiss_32.png\" alt=\"https:\/\/hikitec.de\/wp-content\/uploads\/2021\/04\/zzz_HIKITEC_Favicon_weiss_32.png\" width=\"11\" height=\"12\" data-src=\"https:\/\/hikitec.de\/wp-content\/uploads\/2021\/04\/zzz_HIKITEC_Favicon_weiss_32.png\" data-was-processed=\"true\"> <\/strong><a href=\"..\/ausfuhrbegleitdokument\/\">\u00bfCu\u00e1ndo debe expedirse un Documento de Acompa\u00f1amiento a la Exportaci\u00f3n (DAC)?<\/a><br \/>\n<\/span><\/p>\n<\/div><\/div><\/div><\/section>\n<section class='av_toggle_section av-7vv6hi-08bb4216c0e6e89daab80ef8dd17446c'  itemscope=\"itemscope\" itemtype=\"https:\/\/schema.org\/CreativeWork\" ><div role=\"tablist\" class=\"single_toggle\" data-tags=\"{Todo} \"  ><p data-fake-id='#toggle-id-5' class='toggler hasCustomColor  av-inherit-font-color av-inherit-border-color'  itemprop=\"headline\"  role='tab' tabindex='0' aria-controls='toggle-id-5'>GAMA DE PRODUCTOS<span class=\"toggle_icon\"><span class=\"vert_icon\"><\/span><span class=\"hor_icon\"><\/span><\/span><\/p><div id='toggle-id-5' class='toggle_wrap  '  ><div class='toggle_content invers-color av-inherit-font-color av-inherit-border-color'  itemprop=\"text\" ><p><strong><img loading=\"lazy\" decoding=\"async\" class=\"transparent lazy loaded\" src=\"https:\/\/hikitec.de\/wp-content\/uploads\/2021\/04\/zzz_HIKITEC_Favicon_weiss_32.png\" alt=\"https:\/\/hikitec.de\/wp-content\/uploads\/2021\/04\/zzz_HIKITEC_Favicon_weiss_32.png\" width=\"11\" height=\"12\" data-src=\"https:\/\/hikitec.de\/wp-content\/uploads\/2021\/04\/zzz_HIKITEC_Favicon_weiss_32.png\" data-was-processed=\"true\"> <\/strong><a href=\"https:\/\/hikitec.de\/es\/articulo-especial\/\">\u00bfOfrece HIKITEC tambi\u00e9n art\u00edculos que no est\u00e1n disponibles en la tienda?<\/a><br \/>\n<strong><img loading=\"lazy\" decoding=\"async\" class=\"transparent lazy loaded\" src=\"https:\/\/hikitec.de\/wp-content\/uploads\/2021\/04\/zzz_HIKITEC_Favicon_weiss_32.png\" alt=\"https:\/\/hikitec.de\/wp-content\/uploads\/2021\/04\/zzz_HIKITEC_Favicon_weiss_32.png\" width=\"11\" height=\"12\" data-src=\"https:\/\/hikitec.de\/wp-content\/uploads\/2021\/04\/zzz_HIKITEC_Favicon_weiss_32.png\" data-was-processed=\"true\"> <\/strong><a href=\"https:\/\/hikitec.de\/es\/conexion-a-la-tienda\/\">\u00bfC\u00f3mo puedo integrar los art\u00edculos de HIKITEC en mi TIENDA?<\/a><br \/>\n<strong><img loading=\"lazy\" decoding=\"async\" class=\"transparent lazy loaded\" src=\"https:\/\/hikitec.de\/wp-content\/uploads\/2021\/04\/zzz_HIKITEC_Favicon_weiss_32.png\" alt=\"https:\/\/hikitec.de\/wp-content\/uploads\/2021\/04\/zzz_HIKITEC_Favicon_weiss_32.png\" width=\"11\" height=\"12\" data-src=\"https:\/\/hikitec.de\/wp-content\/uploads\/2021\/04\/zzz_HIKITEC_Favicon_weiss_32.png\" data-was-processed=\"true\"> <\/strong><a href=\"https:\/\/hikitec.de\/es\/formulario-especial\/\">\u00bfProduce HIKITEC productos individuales a medida?<\/a><br \/>\n<strong><img loading=\"lazy\" decoding=\"async\" class=\"transparent lazy loaded\" src=\"https:\/\/hikitec.de\/wp-content\/uploads\/2021\/04\/zzz_HIKITEC_Favicon_weiss_32.png\" alt=\"https:\/\/hikitec.de\/wp-content\/uploads\/2021\/04\/zzz_HIKITEC_Favicon_weiss_32.png\" width=\"11\" height=\"12\" data-src=\"https:\/\/hikitec.de\/wp-content\/uploads\/2021\/04\/zzz_HIKITEC_Favicon_weiss_32.png\" data-was-processed=\"true\"> <\/strong><a href=\"https:\/\/hikitec.de\/es\/calidad-de-la-memoria-usb\/\">\u00bfCu\u00e1l es la calidad de las memorias USB?<\/a><br \/>\n<strong><img loading=\"lazy\" decoding=\"async\" class=\"transparent lazy loaded\" src=\"https:\/\/hikitec.de\/wp-content\/uploads\/2021\/04\/zzz_HIKITEC_Favicon_weiss_32.png\" alt=\"https:\/\/hikitec.de\/wp-content\/uploads\/2021\/04\/zzz_HIKITEC_Favicon_weiss_32.png\" width=\"11\" height=\"12\" data-src=\"https:\/\/hikitec.de\/wp-content\/uploads\/2021\/04\/zzz_HIKITEC_Favicon_weiss_32.png\" data-was-processed=\"true\"> <\/strong><a href=\"https:\/\/hikitec.de\/es\/usb-2-0-vs-3-0\/\">\u00bfCu\u00e1l es la diferencia entre USB 2.0 y 3.0?<\/a><br \/>\n<strong><img loading=\"lazy\" decoding=\"async\" class=\"transparent lazy loaded\" src=\"https:\/\/hikitec.de\/wp-content\/uploads\/2021\/04\/zzz_HIKITEC_Favicon_weiss_32.png\" alt=\"https:\/\/hikitec.de\/wp-content\/uploads\/2021\/04\/zzz_HIKITEC_Favicon_weiss_32.png\" width=\"11\" height=\"12\" data-src=\"https:\/\/hikitec.de\/wp-content\/uploads\/2021\/04\/zzz_HIKITEC_Favicon_weiss_32.png\" data-was-processed=\"true\"> <\/strong><a href=\"https:\/\/hikitec.de\/es\/formatear-la-memoria-usb\/\">\u00bfC\u00f3mo se formatean las memorias USB?<\/a><br \/>\n<strong><img loading=\"lazy\" decoding=\"async\" class=\"transparent lazy loaded\" src=\"https:\/\/hikitec.de\/wp-content\/uploads\/2021\/04\/zzz_HIKITEC_Favicon_weiss_32.png\" alt=\"https:\/\/hikitec.de\/wp-content\/uploads\/2021\/04\/zzz_HIKITEC_Favicon_weiss_32.png\" width=\"11\" height=\"12\" data-src=\"https:\/\/hikitec.de\/wp-content\/uploads\/2021\/04\/zzz_HIKITEC_Favicon_weiss_32.png\" data-was-processed=\"true\"> <\/strong><a href=\"https:\/\/hikitec.de\/es\/memorias-usb-fabricadas-con-pla\/\">\u00bfExisten memorias USB ecol\u00f3gicas de pl\u00e1stico PLA?<\/a><\/p>\n<\/div><\/div><\/div><\/section>\n<section class='av_toggle_section av-646nme-559e2df99a30824f678a8c033fec27e9'  itemscope=\"itemscope\" itemtype=\"https:\/\/schema.org\/CreativeWork\" ><div role=\"tablist\" class=\"single_toggle\" data-tags=\"{Todo} \"  ><p data-fake-id='#toggle-id-6' class='toggler hasCustomColor  av-inherit-font-color av-inherit-border-color'  itemprop=\"headline\"  role='tab' tabindex='0' aria-controls='toggle-id-6'>ART\u00cdCULOS DE MUESTRA<span class=\"toggle_icon\"><span class=\"vert_icon\"><\/span><span class=\"hor_icon\"><\/span><\/span><\/p><div id='toggle-id-6' class='toggle_wrap  '  ><div class='toggle_content invers-color av-inherit-font-color av-inherit-border-color'  itemprop=\"text\" ><p><strong><img loading=\"lazy\" decoding=\"async\" class=\"transparent lazy loaded\" src=\"https:\/\/hikitec.de\/wp-content\/uploads\/2021\/04\/zzz_HIKITEC_Favicon_weiss_32.png\" alt=\"https:\/\/hikitec.de\/wp-content\/uploads\/2021\/04\/zzz_HIKITEC_Favicon_weiss_32.png\" width=\"11\" height=\"12\" data-src=\"https:\/\/hikitec.de\/wp-content\/uploads\/2021\/04\/zzz_HIKITEC_Favicon_weiss_32.png\" data-was-processed=\"true\"> <\/strong>\u00bfPuedo pedir muestras de art\u00edculos promocionales?<br \/>\n<strong><img loading=\"lazy\" decoding=\"async\" class=\"transparent lazy loaded\" src=\"https:\/\/hikitec.de\/wp-content\/uploads\/2021\/04\/zzz_HIKITEC_Favicon_weiss_32.png\" alt=\"https:\/\/hikitec.de\/wp-content\/uploads\/2021\/04\/zzz_HIKITEC_Favicon_weiss_32.png\" width=\"11\" height=\"12\" data-src=\"https:\/\/hikitec.de\/wp-content\/uploads\/2021\/04\/zzz_HIKITEC_Favicon_weiss_32.png\" data-was-processed=\"true\"> <\/strong>\u00bfSe pueden imprimir muestras?<br \/>\n<strong><img loading=\"lazy\" decoding=\"async\" class=\"transparent lazy loaded\" src=\"https:\/\/hikitec.de\/wp-content\/uploads\/2021\/04\/zzz_HIKITEC_Favicon_weiss_32.png\" alt=\"https:\/\/hikitec.de\/wp-content\/uploads\/2021\/04\/zzz_HIKITEC_Favicon_weiss_32.png\" width=\"11\" height=\"12\" data-src=\"https:\/\/hikitec.de\/wp-content\/uploads\/2021\/04\/zzz_HIKITEC_Favicon_weiss_32.png\" data-was-processed=\"true\"> <\/strong>\u00bfC\u00f3mo se calculan los patrones?<\/p>\n<\/div><\/div><\/div><\/section>\n<section class='av_toggle_section av-4m07km-47733dc27558fce0f8b7de4b98ebeb21'  itemscope=\"itemscope\" itemtype=\"https:\/\/schema.org\/CreativeWork\" ><div role=\"tablist\" class=\"single_toggle\" data-tags=\"{Todo} \"  ><p data-fake-id='#toggle-id-7' class='toggler hasCustomColor  av-inherit-font-color av-inherit-border-color'  itemprop=\"headline\"  role='tab' tabindex='0' aria-controls='toggle-id-7'>RECLAMACI\u00d3N<span class=\"toggle_icon\"><span class=\"vert_icon\"><\/span><span class=\"hor_icon\"><\/span><\/span><\/p><div id='toggle-id-7' class='toggle_wrap  '  ><div class='toggle_content invers-color av-inherit-font-color av-inherit-border-color'  itemprop=\"text\" ><p><strong><img loading=\"lazy\" decoding=\"async\" class=\"transparent lazy loaded\" src=\"https:\/\/hikitec.de\/wp-content\/uploads\/2021\/04\/zzz_HIKITEC_Favicon_weiss_32.png\" alt=\"https:\/\/hikitec.de\/wp-content\/uploads\/2021\/04\/zzz_HIKITEC_Favicon_weiss_32.png\" width=\"11\" height=\"12\" data-src=\"https:\/\/hikitec.de\/wp-content\/uploads\/2021\/04\/zzz_HIKITEC_Favicon_weiss_32.png\" data-was-processed=\"true\"> <\/strong><a href=\"https:\/\/hikitec.de\/es\/denuncia\/\">\u00bfC\u00f3mo se tramitan las quejas?<\/a><\/p>\n<\/div><\/div><\/div><\/section>\n<section class='av_toggle_section av-32t42u-ac3ca26d2e9a3554a623bea2010807b5'  itemscope=\"itemscope\" itemtype=\"https:\/\/schema.org\/CreativeWork\" ><div role=\"tablist\" class=\"single_toggle\" data-tags=\"{Todo} \"  ><p data-fake-id='#toggle-id-8' class='toggler hasCustomColor  av-inherit-font-color av-inherit-border-color'  itemprop=\"headline\"  role='tab' tabindex='0' aria-controls='toggle-id-8'>SERVICIOS<span class=\"toggle_icon\"><span class=\"vert_icon\"><\/span><span class=\"hor_icon\"><\/span><\/span><\/p><div id='toggle-id-8' class='toggle_wrap  '  ><div class='toggle_content invers-color av-inherit-font-color av-inherit-border-color'  itemprop=\"text\" ><p><strong><img loading=\"lazy\" decoding=\"async\" class=\"transparent lazy loaded\" src=\"https:\/\/hikitec.de\/wp-content\/uploads\/2021\/04\/zzz_HIKITEC_Favicon_weiss_32.png\" alt=\"https:\/\/hikitec.de\/wp-content\/uploads\/2021\/04\/zzz_HIKITEC_Favicon_weiss_32.png\" width=\"11\" height=\"12\" data-src=\"https:\/\/hikitec.de\/wp-content\/uploads\/2021\/04\/zzz_HIKITEC_Favicon_weiss_32.png\" data-was-processed=\"true\"> <\/strong><a href=\"https:\/\/hikitec.de\/es\/servicio-de-perfeccionamiento\/\">Servicio de perfeccionamiento<\/a><br \/>\n<strong><img loading=\"lazy\" decoding=\"async\" class=\"transparent lazy loaded\" src=\"https:\/\/hikitec.de\/wp-content\/uploads\/2021\/04\/zzz_HIKITEC_Favicon_weiss_32.png\" alt=\"https:\/\/hikitec.de\/wp-content\/uploads\/2021\/04\/zzz_HIKITEC_Favicon_weiss_32.png\" width=\"11\" height=\"12\" data-src=\"https:\/\/hikitec.de\/wp-content\/uploads\/2021\/04\/zzz_HIKITEC_Favicon_weiss_32.png\" data-was-processed=\"true\"> <\/strong><a href=\"https:\/\/hikitec.de\/es\/registro-de-datos\/\">Servicio de grabaci\u00f3n de datos<\/a><\/p>\n<\/div><\/div><\/div><\/section>\n<\/div>\n<section class=\"av_textblock_section \"  itemscope=\"itemscope\" itemtype=\"https:\/\/schema.org\/CreativeWork\" ><div class='avia_textblock  '   itemprop=\"text\" ><p>\u00bfNo ha encontrado la respuesta correcta? <a href=\"https:\/\/hikitec.de\/es\/contacte-con\/\">Escr\u00edbenos un mensaje.<\/a> Estaremos encantados de incluir su pregunta en nuestras preguntas frecuentes.<\/p>\n<\/div><\/section><\/p>\n<section class=\"av_textblock_section \"  itemscope=\"itemscope\" itemtype=\"https:\/\/schema.org\/CreativeWork\" ><div class='avia_textblock  '   itemprop=\"text\" ><input type=\"button\" value=\"Volver\" class=\"alg_back_button_input \" style=\"\" onclick=\"window.history.back()\" \/>\n<\/div><\/section>\n","protected":false},"excerpt":{"rendered":"","protected":false},"author":2,"featured_media":0,"parent":0,"menu_order":0,"comment_status":"closed","ping_status":"closed","template":"","meta":{"footnotes":""},"class_list":["post-56678","page","type-page","status-publish","hentry"],"_links":{"self":[{"href":"https:\/\/hikitec.de\/es\/wp-json\/wp\/v2\/pages\/56678","targetHints":{"allow":["GET"]}}],"collection":[{"href":"https:\/\/hikitec.de\/es\/wp-json\/wp\/v2\/pages"}],"about":[{"href":"https:\/\/hikitec.de\/es\/wp-json\/wp\/v2\/types\/page"}],"author":[{"embeddable":true,"href":"https:\/\/hikitec.de\/es\/wp-json\/wp\/v2\/users\/2"}],"replies":[{"embeddable":true,"href":"https:\/\/hikitec.de\/es\/wp-json\/wp\/v2\/comments?post=56678"}],"version-history":[{"count":49,"href":"https:\/\/hikitec.de\/es\/wp-json\/wp\/v2\/pages\/56678\/revisions"}],"predecessor-version":[{"id":717670,"href":"https:\/\/hikitec.de\/es\/wp-json\/wp\/v2\/pages\/56678\/revisions\/717670"}],"wp:attachment":[{"href":"https:\/\/hikitec.de\/es\/wp-json\/wp\/v2\/media?parent=56678"}],"curies":[{"name":"wp","href":"https:\/\/api.w.org\/{rel}","templated":true}]}}