{"id":56810,"date":"2021-04-01T11:31:34","date_gmt":"2021-04-01T09:31:34","guid":{"rendered":"https:\/\/hikitec.de\/contacte-con\/"},"modified":"2023-03-02T08:38:35","modified_gmt":"2023-03-02T07:38:35","slug":"contacto","status":"publish","type":"page","link":"https:\/\/hikitec.de\/es\/contacto\/","title":{"rendered":"Contacto"},"content":{"rendered":"\n<style type=\"text\/css\" id=\"style-css-av-7vl9z-e9e216925efd30faa2360b6ff4d2e051\">\n#top .flex_column.av-7vl9z-e9e216925efd30faa2360b6ff4d2e051{\nborder-radius:0px;\n-webkit-border-radius:0px;\n-moz-border-radius:0px;\npadding:0px;\n}\n<\/style>\n<div class='flex_column av-7vl9z-e9e216925efd30faa2360b6ff4d2e051 av_one_half  avia-builder-el-0  el_before_av_one_half  avia-builder-el-first  first flex_column_div av-zero-column-padding '   ><section class=\"av_textblock_section \"  itemscope=\"itemscope\" itemtype=\"https:\/\/schema.org\/CreativeWork\" ><div class='avia_textblock  '   itemprop=\"text\" ><p>HIKITEC GmbH<br \/>\nQuettinger Stra\u00dfe 171<br \/>\n51381 Leverkusen<br \/>\nGermany<\/p>\n<p>Tel\u00e9fono: +49 (0) 2103 71 54 266<br \/>\nFax: +49 (0) 2103 71 54 259<\/p>\n<p>E-Mail: anfrage@hikitec.de<\/p>\n<\/div><\/section><\/div>\n<style type=\"text\/css\" id=\"style-css-av-6owjr-0e1ca956bd6a51e230d5ef25d166d96c\">\n#top .flex_column.av-6owjr-0e1ca956bd6a51e230d5ef25d166d96c{\nborder-radius:0px;\n-webkit-border-radius:0px;\n-moz-border-radius:0px;\npadding:0px;\n}\n<\/style>\n<div class='flex_column av-6owjr-0e1ca956bd6a51e230d5ef25d166d96c av_one_half  avia-builder-el-2  el_after_av_one_half  el_before_av_textblock  flex_column_div av-zero-column-padding '   ><form action=\"https:\/\/hikitec.de\/es\/contacto\/\" method=\"post\"  class=\"avia_ajax_form av-form-labels-visible   avia-builder-el-3  avia-builder-el-no-sibling   \" data-avia-form-id=\"1\" data-avia-redirect='' ><h3 class=''>Env\u00edenos un correo electr\u00f3nico<\/h3><fieldset><p class='  first_form  form_element form_fullwidth' id='element_avia_1_1'><label for=\"avia_1_1\">Empresa<\/label> <input name=\"avia_1_1\" class=\"text_input \" type=\"text\" id=\"avia_1_1\" value=\"\" \/><\/p><p class='  first_form  form_element form_element_third' id='element_avia_2_1'><label for=\"avia_2_1\">Saludo<\/label> <input name=\"avia_2_1\" class=\"text_input \" type=\"text\" id=\"avia_2_1\" value=\"\" \/><\/p><p class='  form_element form_element_third' id='element_avia_3_1'><label for=\"avia_3_1\">Nombre<\/label> <input name=\"avia_3_1\" class=\"text_input \" type=\"text\" id=\"avia_3_1\" value=\"\" \/><\/p><p class='  form_element form_element_third' id='element_avia_4_1'><label for=\"avia_4_1\">Apellido<\/label> <input name=\"avia_4_1\" class=\"text_input \" type=\"text\" id=\"avia_4_1\" value=\"\" \/><\/p><p class='  first_form  form_element form_fullwidth' id='element_avia_5_1'><label for=\"avia_5_1\">Env\u00ede un correo electr\u00f3nico a <abbr class=\"required\" title=\"requerido\">*<\/abbr><\/label> <input name=\"avia_5_1\" class=\"text_input is_email\" type=\"text\" id=\"avia_5_1\" value=\"\" \/><\/p><p class='  first_form  form_element form_fullwidth' id='element_avia_6_1'><label for=\"avia_6_1\">Asunto<\/label> <input name=\"avia_6_1\" class=\"text_input \" type=\"text\" id=\"avia_6_1\" value=\"\" \/><\/p><p class='  first_form  form_element form_fullwidth' id='element_avia_7_1'><label for=\"avia_7_1\" class=\"textare_label hidden textare_label_avia_7_1\">Mensaje<\/label><textarea  name=\"avia_7_1\" class=\"text_area \" cols=\"40\" rows=\"7\" id=\"avia_7_1\" ><\/textarea><\/p><p class=' first_form  form_element form_fullwidth' id='element_avia_8_1'>    <input  name=\"avia_8_1\" class=\"input_checkbox is_empty\" type=\"checkbox\" id=\"avia_8_1\" value=\"true\"\/><label class=\"input_checkbox_label\" for=\"avia_8_1\">He le\u00eddo y tomado nota del aviso de protecci\u00f3n de datos. <abbr class=\"required\" title=\"requerido\">*<\/abbr><\/label><\/p><div id='avia_9_1' class='av-form-text'><\/p>\n<div id=\"avia_14_1\" class=\"av-form-text\">\n<p>* He tomado nota de la <a href=\"http:\/\/hikitec.de\/datenschutz\/\" target=\"_blank\" rel=\"noopener\">informaci\u00f3n<\/a> sobre la protecci\u00f3n de datos, as\u00ed como de la informaci\u00f3n sobre la revocaci\u00f3n y estoy de acuerdo con ella.compacto: Informaci\u00f3n sobre la protecci\u00f3n de datos Su direcci\u00f3n de correo electr\u00f3nico s\u00f3lo se utilizar\u00e1 con el fin de proporcionar su solicitud de la empresa HIKITEC. Contiene informaci\u00f3n sobre productos, promociones de temporada o nuevos lanzamientos. Su direcci\u00f3n de correo electr\u00f3nico nunca se transmitir\u00e1 a terceros con fines publicitarios y s\u00f3lo se utilizar\u00e1 en el marco del env\u00edo del bolet\u00edn.<\/p>\n<p>Aviso de revocabilidad Puede revocar este consentimiento en cualquier momento d\u00e1ndose de baja de la lista. Las instrucciones para darse de baja se incluyen en cada bolet\u00edn.<\/p>\n<\/div>\n<p>\n<\/div><p class=\"hidden\"><input type=\"text\" name=\"avia_10_1\" class=\"hidden \" id=\"avia_10_1\" value=\"\" \/><\/p><p class=\"form_element \"><input type=\"hidden\" value=\"1\" name=\"avia_generated_form1\" \/><input type=\"submit\" value=\"Senden\" class=\"button\"  data-sending-label=\"Enviando\"\/><\/p><\/fieldset><\/form><div id=\"ajaxresponse_1\" class=\"ajaxresponse ajaxresponse_1 hidden\"><\/div><\/div><\/p>\n<section class=\"av_textblock_section \"  itemscope=\"itemscope\" itemtype=\"https:\/\/schema.org\/CreativeWork\" ><div class='avia_textblock  '   itemprop=\"text\" ><input type=\"button\" value=\"Volver\" class=\"alg_back_button_input \" style=\"\" onclick=\"window.history.back()\" \/>\n<\/div><\/section>\n","protected":false},"excerpt":{"rendered":"","protected":false},"author":2,"featured_media":0,"parent":0,"menu_order":0,"comment_status":"closed","ping_status":"closed","template":"","meta":{"footnotes":""},"class_list":["post-56810","page","type-page","status-publish","hentry"],"_links":{"self":[{"href":"https:\/\/hikitec.de\/es\/wp-json\/wp\/v2\/pages\/56810","targetHints":{"allow":["GET"]}}],"collection":[{"href":"https:\/\/hikitec.de\/es\/wp-json\/wp\/v2\/pages"}],"about":[{"href":"https:\/\/hikitec.de\/es\/wp-json\/wp\/v2\/types\/page"}],"author":[{"embeddable":true,"href":"https:\/\/hikitec.de\/es\/wp-json\/wp\/v2\/users\/2"}],"replies":[{"embeddable":true,"href":"https:\/\/hikitec.de\/es\/wp-json\/wp\/v2\/comments?post=56810"}],"version-history":[{"count":9,"href":"https:\/\/hikitec.de\/es\/wp-json\/wp\/v2\/pages\/56810\/revisions"}],"predecessor-version":[{"id":717735,"href":"https:\/\/hikitec.de\/es\/wp-json\/wp\/v2\/pages\/56810\/revisions\/717735"}],"wp:attachment":[{"href":"https:\/\/hikitec.de\/es\/wp-json\/wp\/v2\/media?parent=56810"}],"curies":[{"name":"wp","href":"https:\/\/api.w.org\/{rel}","templated":true}]}}